{"id":10512,"date":"2017-05-17T15:33:00","date_gmt":"2017-05-17T13:33:00","guid":{"rendered":"http:\/\/serveiseducatius.xtec.cat\/baixllobregat6\/?page_id=10512"},"modified":"2017-05-23T10:50:51","modified_gmt":"2017-05-23T08:50:51","slug":"soc-un-gat-molt-magic","status":"publish","type":"page","link":"https:\/\/serveiseducatius.xtec.cat\/baixllobregat6\/xarxa-grup-mestres-de-musica\/alicia\/el-musical\/soc-un-gat-molt-magic\/","title":{"rendered":"S\u00f3c un gat molt m\u00e0gic"},"content":{"rendered":"<p>Despr\u00e9s de caminar sense rumb una bona estona pel bosc, l&#8217;Al\u00edcia es sobresalt\u00e0 en trobar-se el gat de Cheshire ben somrient mig estirat damunt d&#8217;una gruixuda branca. Semblava de bon car\u00e0cter, per\u00f2 tamb\u00e9 tenia les seves bones urpes i un gran nombre de dents, aix\u00ed que pens\u00e0 que l&#8217;havia de tractar amb respecte.<\/p>\n<p>T\u00edmidament comen\u00e7\u00e0 a preguntar:<\/p>\n<p style=\"padding-left: 30px;\">&#8211; Podria dir-me, per favor, quin cam\u00ed he de seguir per poder sortir d&#8217;aquest lloc?<\/p>\n<p style=\"padding-left: 30px;\">&#8211; Dep\u00e8n d&#8217;on vulguis anar \u2013 digu\u00e9 el gat.<\/p>\n<p style=\"padding-left: 30px;\">&#8211; Tant me fa, el lloc. El que vull \u00e9s arribar -contest\u00e0 la nena.<\/p>\n<p>I mentre aix\u00f2 deia, el gat es difumin\u00e0, desapareixent. Despr\u00e9s, lentament, va tornar a apar\u00e8ixer.<\/p>\n<p style=\"padding-left: 30px;\">&#8211; Llavors, no importa el cam\u00ed que segueixis.<\/p>\n<p style=\"padding-left: 30px;\">&#8211; Mentre em dugui a algun indret agradable &#8230; -somic\u00e0 la noia.<\/p>\n<p style=\"padding-left: 30px;\">&#8211; D&#8217;aix\u00f2 en pots estar segura \u2013 afirm\u00e0 el gat- si camines for\u00e7a estona.<br \/>\nI torn\u00e0 a desapar\u00e8ixer.<\/p>\n<p style=\"padding-left: 30px;\">&#8211; Senyor gat, on \u00e9s? Pot parar de desapar\u00e8ixer i apar\u00e8ixer de nou, si us plau!! M&#8217;est\u00e0 tornant boja !<\/p>\n<p>I continu\u00e0: -Quina mena de gent viu per aqu\u00ed?<\/p>\n<p>El gat respongu\u00e9: -En aquesta direcci\u00f3 \u2013 movent la pota dreta- viu un Barreter, i en l&#8217;altra direcci\u00f3- cap a l&#8217;esquerra- hi viu la Llebre de Mar\u00e7. Visita qui vulguis: Tots dos s\u00f3n completament bojos.<\/p>\n<p style=\"padding-left: 30px;\">&#8211; Per\u00f2 a mi no m&#8217;agradar\u00e0 estar entre bojos- digu\u00e9 l&#8217;Al\u00edcia.<\/p>\n<p style=\"padding-left: 30px;\">&#8211; Aqu\u00ed tots som bojos. Tu ets boja i jo s\u00f3c boig: Jo grunyo quan estic content i moc la cua quan em molesten, al contrari dels gossos, perqu\u00e8 estic ben boig.<\/p>\n<p style=\"padding-left: 30px;\">&#8211; No, tu ronques &#8230;<\/p>\n<p>El gat continu\u00e0: -\u201dJugar\u00e0s al croquet amb la Reina, avui?\u201d<\/p>\n<p style=\"padding-left: 30px;\">&#8211; M&#8217;agradaria molt per\u00f2 no m&#8217;hi han convidat!<\/p>\n<p style=\"padding-left: 30px;\">&#8211; Doncs all\u00e0 m&#8217;hi veur\u00e0s \u2013 digu\u00e9 el gat. I desaparegu\u00e9.<\/p>\n<p>L&#8217;Al\u00edcia esper\u00e0 una mica confiant que reaparegu\u00e9s, per\u00f2, veient que res no passava, comen\u00e7\u00e0 a caminar en direcci\u00f3 de la Llebre de Mar\u00e7.<\/p>\n<p style=\"padding-left: 30px;\">&#8211; He vist barreters\u00a0abans. Trobar-me amb una llebre xerraire ser\u00e0 molt m\u00e9s interessant.<\/p>\n<p>Mentre deia aquestes paraules aixec\u00e0 la vista i, all\u00e0 estava el Gat altre cop, sobre la branca d&#8217;un arbre molt corpulent!<\/p>\n<p>I, finalment, desaparegu\u00e9 ben lentament comen\u00e7ant per la cua i acabant pel somriure.<\/p>\n<p style=\"padding-left: 30px;\">&#8211; Vaja! Sovint he vist gats sense somriure, per\u00f2 : Un somriure sense gat!! Aix\u00f2 \u00e9s la cosa m\u00e9s estranya de la meva vida!<\/p>\n<p style=\"padding-left: 30px; text-align: center;\"><iframe loading=\"lazy\" src=\"\/\/www.youtube.com\/embed\/nx0e0GAnybQ\" width=\"560\" height=\"315\" frameborder=\"0\" allowfullscreen=\"allowfullscreen\"><\/iframe><\/p>\n<table border=\"0\" width=\"100%\" cellspacing=\"5\">\n<tbody>\n<tr>\n<td valign=\"top\" width=\"40%\">\n<blockquote><p><span style=\"color: #222222;\"><span style=\"font-size: 16px; line-height: 16px;\">M\u00fasica:\u00a0<strong>Quenn\u00a0<em>(A Kind of Magic)<\/em><\/strong><\/span><\/span><\/p>\n<p><span style=\"color: #222222;\"><span style=\"font-size: 16px; line-height: 16px;\">Canta:\u00a0<strong>Col\u00b7legi La Immaculada (3r)<\/strong><\/span><\/span><\/p>\n<p><span style=\"color: #222222;\"><span style=\"font-size: 16px; line-height: 16px;\">Balla: <strong>Escola Can Coll (3r)<\/strong><\/span><\/span><\/p><\/blockquote>\n<p>S\u00d3C UN GAT MOLT M\u00c0GIC,<br \/>\nS\u00d3C UN GAT MOLT M\u00c0GIC,<br \/>\nS\u00d3C UN GAT MOLT M\u00c0GIC,<\/p>\n<p>QU\u00c8 FAS AQU\u00cd? NO \u00c9S EL TEU M\u00d3N?<br \/>\nBUSQUES A ALG\u00da? A UN CONILL BLANC<\/p>\n<p>S\u00d3C UN GAT MOLT M\u00c0GIC.<\/p>\n<p>NO S\u00c9 QUI ETS, I TANT EM FA,<br \/>\nJO ESTIC BEN BOIG, COM TOTS AQU\u00cd.<\/p>\n<p>S\u00d3C UN GAT MOLT M\u00c0GIC.<\/p>\n<p>JO HO PUC SABER TOT, PER\u00d2 NO S\u00c9 RES<br \/>\nPOTS ANAR CAP AQU\u00cd, NO CAP ALL\u00c0.<\/p>\n<p>S\u00d3C UN GAT MOLT M\u00c0GIC.<\/p>\n<p>TINC UN SECRET MOLT AMAGAT, AMAGAT,<br \/>\nEM PUC ESFUMAR, EST\u00c0 MOLT CLAR,<br \/>\nPER AQUEST CAM\u00cd LA LLEBRE EST\u00c0,<\/p>\n<p>S\u00d3C UN GAT MOLT M\u00c0GIC.<\/p>\n<p>I EL BARRETER TAMB\u00c9,<br \/>\nT\u2019ESTAN ESPERANT AMB TE CALENT,<br \/>\nPEL NO ANIVERSARI.<br \/>\nVIATJAR\u00c0S A UN M\u00d3N ESTRANY,<br \/>\nON TOT EL QUE HI VEUS NO \u00c9S REAL.<\/p>\n<p>S\u00d3C UN GAT MOLT M\u00c0GIC.<\/p>\n<p>CONILLS BLANCS QUE PARLEN I FAN TARD,<br \/>\nI EL MEU SOMRIURE ESPATARRANT.<\/p>\n<p>S\u00d3C UN GAT MOLT M\u00c0GIC.<br \/>\nS\u00d3C UN GAT MOLT M\u00c0GIC.<br \/>\nS\u00d3C UN GAT MOLT M\u00c0GIC.<br \/>\nS\u00d3C UN GAT MOLT M\u00c0GIC.<\/td>\n<td style=\"text-align: left; vertical-align: top;\">\u00a0<img loading=\"lazy\" decoding=\"async\" class=\"aligncenter size-full wp-image-10778\" src=\"http:\/\/serveiseducatius.xtec.cat\/baixllobregat6\/wp-content\/uploads\/usu778\/2017\/05\/DSC_0173.jpg\" alt=\"DSC_0173\" width=\"450\" height=\"301\" srcset=\"https:\/\/serveiseducatius.xtec.cat\/baixllobregat6\/wp-content\/uploads\/usu778\/2017\/05\/DSC_0173.jpg 450w, https:\/\/serveiseducatius.xtec.cat\/baixllobregat6\/wp-content\/uploads\/usu778\/2017\/05\/DSC_0173-300x201.jpg 300w\" sizes=\"auto, (max-width: 450px) 100vw, 450px\" \/><\/p>\n<p><img loading=\"lazy\" decoding=\"async\" class=\"aligncenter size-full wp-image-10779\" src=\"http:\/\/serveiseducatius.xtec.cat\/baixllobregat6\/wp-content\/uploads\/usu778\/2017\/05\/DSC_0177.jpg\" alt=\"DSC_0177\" width=\"450\" height=\"301\" srcset=\"https:\/\/serveiseducatius.xtec.cat\/baixllobregat6\/wp-content\/uploads\/usu778\/2017\/05\/DSC_0177.jpg 450w, https:\/\/serveiseducatius.xtec.cat\/baixllobregat6\/wp-content\/uploads\/usu778\/2017\/05\/DSC_0177-300x201.jpg 300w\" sizes=\"auto, (max-width: 450px) 100vw, 450px\" \/><\/td>\n<\/tr>\n<\/tbody>\n<\/table>\n","protected":false},"excerpt":{"rendered":"<p>Despr\u00e9s de caminar sense rumb una bona estona pel bosc, l&#8217;Al\u00edcia es sobresalt\u00e0 en trobar-se el gat de Cheshire ben somrient mig estirat damunt d&#8217;una gruixuda branca. Semblava de bon car\u00e0cter, per\u00f2 tamb\u00e9 tenia les seves bones urpes i un gran nombre de dents, aix\u00ed que pens\u00e0 que l&#8217;havia de tractar amb respecte. T\u00edmidament comen\u00e7\u00e0 [&hellip;]<\/p>\n","protected":false},"author":1,"featured_media":0,"parent":10494,"menu_order":109,"comment_status":"closed","ping_status":"closed","template":"","meta":{"_bbp_topic_count":0,"_bbp_reply_count":0,"_bbp_total_topic_count":0,"_bbp_total_reply_count":0,"_bbp_voice_count":0,"_bbp_anonymous_reply_count":0,"_bbp_topic_count_hidden":0,"_bbp_reply_count_hidden":0,"_bbp_forum_subforum_count":0,"site-sidebar-layout":"default","site-content-layout":"","ast-site-content-layout":"","site-content-style":"default","site-sidebar-style":"default","ast-global-header-display":"","ast-banner-title-visibility":"","ast-main-header-display":"","ast-hfb-above-header-display":"","ast-hfb-below-header-display":"","ast-hfb-mobile-header-display":"","site-post-title":"","ast-breadcrumbs-content":"","ast-featured-img":"","footer-sml-layout":"","theme-transparent-header-meta":"","adv-header-id-meta":"","stick-header-meta":"","header-above-stick-meta":"","header-main-stick-meta":"","header-below-stick-meta":"","astra-migrate-meta-layouts":"default","ast-page-background-enabled":"default","ast-page-background-meta":{"desktop":{"background-color":"var(--ast-global-color-4)","background-image":"","background-repeat":"repeat","background-position":"center center","background-size":"auto","background-attachment":"scroll","background-type":"","background-media":"","overlay-type":"","overlay-color":"","overlay-opacity":"","overlay-gradient":""},"tablet":{"background-color":"","background-image":"","background-repeat":"repeat","background-position":"center center","background-size":"auto","background-attachment":"scroll","background-type":"","background-media":"","overlay-type":"","overlay-color":"","overlay-opacity":"","overlay-gradient":""},"mobile":{"background-color":"","background-image":"","background-repeat":"repeat","background-position":"center center","background-size":"auto","background-attachment":"scroll","background-type":"","background-media":"","overlay-type":"","overlay-color":"","overlay-opacity":"","overlay-gradient":""}},"ast-content-background-meta":{"desktop":{"background-color":"var(--ast-global-color-5)","background-image":"","background-repeat":"repeat","background-position":"center center","background-size":"auto","background-attachment":"scroll","background-type":"","background-media":"","overlay-type":"","overlay-color":"","overlay-opacity":"","overlay-gradient":""},"tablet":{"background-color":"var(--ast-global-color-5)","background-image":"","background-repeat":"repeat","background-position":"center center","background-size":"auto","background-attachment":"scroll","background-type":"","background-media":"","overlay-type":"","overlay-color":"","overlay-opacity":"","overlay-gradient":""},"mobile":{"background-color":"var(--ast-global-color-5)","background-image":"","background-repeat":"repeat","background-position":"center center","background-size":"auto","background-attachment":"scroll","background-type":"","background-media":"","overlay-type":"","overlay-color":"","overlay-opacity":"","overlay-gradient":""}},"footnotes":""},"class_list":["post-10512","page","type-page","status-publish","hentry"],"post_mailing_queue_ids":[],"_links":{"self":[{"href":"https:\/\/serveiseducatius.xtec.cat\/baixllobregat6\/wp-json\/wp\/v2\/pages\/10512","targetHints":{"allow":["GET"]}}],"collection":[{"href":"https:\/\/serveiseducatius.xtec.cat\/baixllobregat6\/wp-json\/wp\/v2\/pages"}],"about":[{"href":"https:\/\/serveiseducatius.xtec.cat\/baixllobregat6\/wp-json\/wp\/v2\/types\/page"}],"author":[{"embeddable":true,"href":"https:\/\/serveiseducatius.xtec.cat\/baixllobregat6\/wp-json\/wp\/v2\/users\/1"}],"replies":[{"embeddable":true,"href":"https:\/\/serveiseducatius.xtec.cat\/baixllobregat6\/wp-json\/wp\/v2\/comments?post=10512"}],"version-history":[{"count":3,"href":"https:\/\/serveiseducatius.xtec.cat\/baixllobregat6\/wp-json\/wp\/v2\/pages\/10512\/revisions"}],"predecessor-version":[{"id":10798,"href":"https:\/\/serveiseducatius.xtec.cat\/baixllobregat6\/wp-json\/wp\/v2\/pages\/10512\/revisions\/10798"}],"up":[{"embeddable":true,"href":"https:\/\/serveiseducatius.xtec.cat\/baixllobregat6\/wp-json\/wp\/v2\/pages\/10494"}],"wp:attachment":[{"href":"https:\/\/serveiseducatius.xtec.cat\/baixllobregat6\/wp-json\/wp\/v2\/media?parent=10512"}],"curies":[{"name":"wp","href":"https:\/\/api.w.org\/{rel}","templated":true}]}}