{"id":10502,"date":"2017-05-17T15:30:55","date_gmt":"2017-05-17T13:30:55","guid":{"rendered":"http:\/\/serveiseducatius.xtec.cat\/baixllobregat6\/?page_id=10502"},"modified":"2017-05-23T10:28:30","modified_gmt":"2017-05-23T08:28:30","slug":"pocions-magiques","status":"publish","type":"page","link":"https:\/\/serveiseducatius.xtec.cat\/baixllobregat6\/xarxa-grup-mestres-de-musica\/alicia\/el-musical\/pocions-magiques\/","title":{"rendered":"Pocions m\u00e0giques"},"content":{"rendered":"<p>Pobre Al\u00edcia! El seu capet cobert de cabells rinxolats no passava per la porta.<\/p>\n<p style=\"padding-left: 30px;\">&#8211; Com m&#8217;agradaria encongir-me com un telescopi! &#8211; es digu\u00e9.<\/p>\n<p>Ara ja res se li feia impossible. Per\u00f2&#8230;com fer-ho?<\/p>\n<p>Llavors, mirant cap a la tauleta va veure una petita ampolla \u2013 que certament abans no hi era&#8230;- amb un cartell que deia : BEU-ME. I aix\u00ed ho va fer, amb una mica de recan\u00e7a pensant que potser podria ser ver\u00ed.<\/p>\n<p>Per\u00f2, era for\u00e7a valenta! Un glopet a la boca i mmm&#8230; De fet era prou sabor\u00f3s: una barreja de suc de cireres, flam, crema de pinya, caramel&#8230; S&#8217;ho va beure fins al fons en un instant i \u2026 es va comen\u00e7ar a encongir fins a fer-se petita, petita&#8230;<\/p>\n<p>Entusiasmada va pensar: \u201c B\u00e9, ara s\u00ed que podr\u00e9 passar per la porta\u201d Al moment s&#8217;adon\u00e0 que s&#8217;havia deixat la claueta sobre la taula: Una taula ara gegant per a ella!<\/p>\n<p style=\"padding-left: 30px;\">&#8211; Qu\u00e8 far\u00e9 ara ? &#8211; va pensar. I va comen\u00e7ar a plorar i plorar.. Era un recurs que feia servir de tant en tant.<\/p>\n<p>Encara amb les ll\u00e0grimes als ulls es va adonar que, a sota de la taula, hi havia una capseta de vidre. En obrir-la hi trob\u00e0 un pastisset amb un cartell que deia: MENJA&#8217;M<\/p>\n<p>I aix\u00ed ho va fer. Aleshores va comen\u00e7ar a cr\u00e9ixer, i cr\u00e9ixer i cr\u00e9ixer&#8230;<\/p>\n<p style=\"padding-left: 30px;\">&#8211; Quin dia!- va sospirar- ara dec fer m\u00e9s de tres metres. Ja no em puc veure ni els peus! Com em podr\u00e9 posar les sabates?<\/p>\n<p>El seu cap ja tocava al sostre de la sala. I, tota aclaparada, va posar-se a plorar una altra vegada.<\/p>\n<p>Unes ll\u00e0grimes grans, enormes, com corresponien la seva gegantina grand\u00e0ria, s&#8217;esmunyien amb for\u00e7a omplint el terra de la sala.<\/p>\n<p style=\"text-align: center;\"><iframe loading=\"lazy\" src=\"\/\/www.youtube.com\/embed\/hPlrnrIcQEA\" width=\"560\" height=\"315\" frameborder=\"0\" allowfullscreen=\"allowfullscreen\"><\/iframe><\/p>\n<table border=\"0\" width=\"100%\" cellspacing=\"5\">\n<tbody>\n<tr>\n<td style=\"width: 41.7085%;\" valign=\"top\">\n<blockquote><p><span style=\"font-size: 16px; line-height: 16px;\"><span style=\"color: #222222;\">M\u00fasica:\u00a0<strong>Guns N&#8217;Roses\u00a0<em>(Sweet Child O&#8217;Mine)<\/em><\/strong><\/span><\/span><\/p>\n<p><span style=\"font-size: 16px; line-height: 16px;\"><span style=\"color: #222222;\">Canta:\u00a0<strong>Escola Castella (4t)<\/strong><\/span><\/span><\/p>\n<p><span style=\"font-size: 16px; line-height: 16px;\"><span style=\"color: #222222;\">Balla: <strong>Escola Paco Candel\u00a0(4t)<\/strong><\/span><\/span><\/p><\/blockquote>\n<p>Fins aqu\u00ed he arribat veig una porta, vull entrar<br \/>\nNo s\u00e9 que hi haur\u00e0 a l\u2019altre costat<br \/>\nA una taula hi ha la poci\u00f3 que diu beu-me, temptaci\u00f3<br \/>\nPotser \u00e9s ver\u00ed, no s\u00e9 que m\u2019est\u00e0 passant<\/p>\n<p><strong>Ohhh ohhh ohh estic minvant<\/strong><br \/>\n<strong>Ohhh ohhh ohh ohhh tot \u00e9s massa gran<\/strong><\/p>\n<p>Miro a dalt tot \u00e9s gegant, per\u00f2, no tinc la clau i no puc passar<br \/>\nNo s\u00e9 que hi haur\u00e0 a l\u2019altre costat<br \/>\nA la capsa hi ha un pastisset diu menja\u2019m ja,no puc esperar<br \/>\nPotser \u00e9s ver\u00ed, no s\u00e9 que m\u2019est\u00e0 passant<\/p>\n<p><strong>Ohhh ohhh ohh m\u2019estic fent gran<\/strong><br \/>\n<strong>Ohhh ohhh ohh ohh i estic plorant<\/strong><br \/>\n<strong>Ohhh ohhh ohh s\u00f3c massa gran<\/strong><br \/>\n<strong>Ohhh ohhh ohh ohh i estic plorant<\/strong><\/p>\n<p>Tot inundat, Tot inundat, Tot inundat,<br \/>\nTot inundat, ohhh Tot inundat<\/p>\n<p>Ja puc passar, Ja puc passar, Ja puc passar,<\/p>\n<p>Ll\u00e0grimes que em fan nedar<\/p>\n<p>ohh no,qu\u00e8 m\u2019est\u00e0 passaaaaaaaaaaaaaaant?<\/td>\n<td style=\"width: 57.3869%; text-align: left; vertical-align: top;\"><span style=\"font-size: 16px;\"><img loading=\"lazy\" decoding=\"async\" class=\"aligncenter size-full wp-image-10765\" src=\"http:\/\/serveiseducatius.xtec.cat\/baixllobregat6\/wp-content\/uploads\/usu778\/2017\/05\/DSC_0110.jpg\" alt=\"DSC_0110\" width=\"450\" height=\"301\" srcset=\"https:\/\/serveiseducatius.xtec.cat\/baixllobregat6\/wp-content\/uploads\/usu778\/2017\/05\/DSC_0110.jpg 450w, https:\/\/serveiseducatius.xtec.cat\/baixllobregat6\/wp-content\/uploads\/usu778\/2017\/05\/DSC_0110-300x201.jpg 300w\" sizes=\"auto, (max-width: 450px) 100vw, 450px\" \/><\/span><\/p>\n<p>&nbsp;<\/p>\n<p style=\"text-align: center;\"><img loading=\"lazy\" decoding=\"async\" class=\"aligncenter size-full wp-image-10766\" src=\"http:\/\/serveiseducatius.xtec.cat\/baixllobregat6\/wp-content\/uploads\/usu778\/2017\/05\/DSC_0115.jpg\" alt=\"DSC_0115\" width=\"450\" height=\"301\" srcset=\"https:\/\/serveiseducatius.xtec.cat\/baixllobregat6\/wp-content\/uploads\/usu778\/2017\/05\/DSC_0115.jpg 450w, https:\/\/serveiseducatius.xtec.cat\/baixllobregat6\/wp-content\/uploads\/usu778\/2017\/05\/DSC_0115-300x201.jpg 300w\" sizes=\"auto, (max-width: 450px) 100vw, 450px\" \/><\/p>\n<\/td>\n<\/tr>\n<\/tbody>\n<\/table>\n","protected":false},"excerpt":{"rendered":"<p>Pobre Al\u00edcia! El seu capet cobert de cabells rinxolats no passava per la porta. &#8211; Com m&#8217;agradaria encongir-me com un telescopi! &#8211; es digu\u00e9. Ara ja res se li feia impossible. Per\u00f2&#8230;com fer-ho? Llavors, mirant cap a la tauleta va veure una petita ampolla \u2013 que certament abans no hi era&#8230;- amb un cartell que [&hellip;]<\/p>\n","protected":false},"author":1,"featured_media":0,"parent":10494,"menu_order":104,"comment_status":"closed","ping_status":"closed","template":"","meta":{"_bbp_topic_count":0,"_bbp_reply_count":0,"_bbp_total_topic_count":0,"_bbp_total_reply_count":0,"_bbp_voice_count":0,"_bbp_anonymous_reply_count":0,"_bbp_topic_count_hidden":0,"_bbp_reply_count_hidden":0,"_bbp_forum_subforum_count":0,"site-sidebar-layout":"default","site-content-layout":"","ast-site-content-layout":"","site-content-style":"default","site-sidebar-style":"default","ast-global-header-display":"","ast-banner-title-visibility":"","ast-main-header-display":"","ast-hfb-above-header-display":"","ast-hfb-below-header-display":"","ast-hfb-mobile-header-display":"","site-post-title":"","ast-breadcrumbs-content":"","ast-featured-img":"","footer-sml-layout":"","theme-transparent-header-meta":"","adv-header-id-meta":"","stick-header-meta":"","header-above-stick-meta":"","header-main-stick-meta":"","header-below-stick-meta":"","astra-migrate-meta-layouts":"default","ast-page-background-enabled":"default","ast-page-background-meta":{"desktop":{"background-color":"var(--ast-global-color-4)","background-image":"","background-repeat":"repeat","background-position":"center center","background-size":"auto","background-attachment":"scroll","background-type":"","background-media":"","overlay-type":"","overlay-color":"","overlay-opacity":"","overlay-gradient":""},"tablet":{"background-color":"","background-image":"","background-repeat":"repeat","background-position":"center center","background-size":"auto","background-attachment":"scroll","background-type":"","background-media":"","overlay-type":"","overlay-color":"","overlay-opacity":"","overlay-gradient":""},"mobile":{"background-color":"","background-image":"","background-repeat":"repeat","background-position":"center center","background-size":"auto","background-attachment":"scroll","background-type":"","background-media":"","overlay-type":"","overlay-color":"","overlay-opacity":"","overlay-gradient":""}},"ast-content-background-meta":{"desktop":{"background-color":"var(--ast-global-color-5)","background-image":"","background-repeat":"repeat","background-position":"center center","background-size":"auto","background-attachment":"scroll","background-type":"","background-media":"","overlay-type":"","overlay-color":"","overlay-opacity":"","overlay-gradient":""},"tablet":{"background-color":"var(--ast-global-color-5)","background-image":"","background-repeat":"repeat","background-position":"center center","background-size":"auto","background-attachment":"scroll","background-type":"","background-media":"","overlay-type":"","overlay-color":"","overlay-opacity":"","overlay-gradient":""},"mobile":{"background-color":"var(--ast-global-color-5)","background-image":"","background-repeat":"repeat","background-position":"center center","background-size":"auto","background-attachment":"scroll","background-type":"","background-media":"","overlay-type":"","overlay-color":"","overlay-opacity":"","overlay-gradient":""}},"footnotes":""},"class_list":["post-10502","page","type-page","status-publish","hentry"],"post_mailing_queue_ids":[],"_links":{"self":[{"href":"https:\/\/serveiseducatius.xtec.cat\/baixllobregat6\/wp-json\/wp\/v2\/pages\/10502","targetHints":{"allow":["GET"]}}],"collection":[{"href":"https:\/\/serveiseducatius.xtec.cat\/baixllobregat6\/wp-json\/wp\/v2\/pages"}],"about":[{"href":"https:\/\/serveiseducatius.xtec.cat\/baixllobregat6\/wp-json\/wp\/v2\/types\/page"}],"author":[{"embeddable":true,"href":"https:\/\/serveiseducatius.xtec.cat\/baixllobregat6\/wp-json\/wp\/v2\/users\/1"}],"replies":[{"embeddable":true,"href":"https:\/\/serveiseducatius.xtec.cat\/baixllobregat6\/wp-json\/wp\/v2\/comments?post=10502"}],"version-history":[{"count":3,"href":"https:\/\/serveiseducatius.xtec.cat\/baixllobregat6\/wp-json\/wp\/v2\/pages\/10502\/revisions"}],"predecessor-version":[{"id":10767,"href":"https:\/\/serveiseducatius.xtec.cat\/baixllobregat6\/wp-json\/wp\/v2\/pages\/10502\/revisions\/10767"}],"up":[{"embeddable":true,"href":"https:\/\/serveiseducatius.xtec.cat\/baixllobregat6\/wp-json\/wp\/v2\/pages\/10494"}],"wp:attachment":[{"href":"https:\/\/serveiseducatius.xtec.cat\/baixllobregat6\/wp-json\/wp\/v2\/media?parent=10502"}],"curies":[{"name":"wp","href":"https:\/\/api.w.org\/{rel}","templated":true}]}}