{"id":10494,"date":"2017-05-17T15:28:10","date_gmt":"2017-05-17T13:28:10","guid":{"rendered":"http:\/\/serveiseducatius.xtec.cat\/baixllobregat6\/?page_id=10494"},"modified":"2017-05-22T15:16:15","modified_gmt":"2017-05-22T13:16:15","slug":"el-musical","status":"publish","type":"page","link":"https:\/\/serveiseducatius.xtec.cat\/baixllobregat6\/xarxa-grup-mestres-de-musica\/alicia\/el-musical\/","title":{"rendered":"El musical"},"content":{"rendered":"<p style=\"text-align: left;\">El musical\u00a0<em><strong>Al\u00edcia al pa\u00eds del rock<\/strong><\/em> const\u00e0 de 17 can\u00e7ons, unes can\u00e7ons que, conjuntament amb els textos que la veu\u00a0de Lu\u00eds Posada (pels qui no el conegueu \u00e9s el doblador de l&#8217;actor Johnny Deep) anava llegint, explicaven la hist\u00f2ria de l&#8217;Al\u00edcia en el seu viatge al pa\u00eds de les meravelles.<\/p>\n<p style=\"text-align: center;\"><img loading=\"lazy\" decoding=\"async\" class=\"aligncenter size-full wp-image-10693\" src=\"http:\/\/serveiseducatius.xtec.cat\/baixllobregat6\/wp-content\/uploads\/usu778\/2017\/05\/DSC_0068.jpg\" alt=\"DSC_0068\" width=\"520\" height=\"348\" srcset=\"https:\/\/serveiseducatius.xtec.cat\/baixllobregat6\/wp-content\/uploads\/usu778\/2017\/05\/DSC_0068.jpg 520w, https:\/\/serveiseducatius.xtec.cat\/baixllobregat6\/wp-content\/uploads\/usu778\/2017\/05\/DSC_0068-300x201.jpg 300w\" sizes=\"auto, (max-width: 520px) 100vw, 520px\" \/><\/p>\n<p style=\"text-align: left;\">L&#8217;informatiu de la Televisi\u00f3 de Catalunya\u00a0<em>info-k<\/em> va recollir els moments dels assaigs que es van dur a terme el mat\u00ed del mateix dia.<\/p>\n<p style=\"text-align: center;\"><img loading=\"lazy\" decoding=\"async\" class=\"aligncenter size-full wp-image-10692\" src=\"http:\/\/serveiseducatius.xtec.cat\/baixllobregat6\/wp-content\/uploads\/usu778\/2017\/05\/DSC_0024.jpg\" alt=\"DSC_0024\" width=\"520\" height=\"348\" srcset=\"https:\/\/serveiseducatius.xtec.cat\/baixllobregat6\/wp-content\/uploads\/usu778\/2017\/05\/DSC_0024.jpg 520w, https:\/\/serveiseducatius.xtec.cat\/baixllobregat6\/wp-content\/uploads\/usu778\/2017\/05\/DSC_0024-300x201.jpg 300w\" sizes=\"auto, (max-width: 520px) 100vw, 520px\" \/><\/p>\n<p style=\"text-align: left;\">Aqu\u00ed podeu veure el reportatge:<\/p>\n<p style=\"text-align: center;\"><iframe loading=\"lazy\" src=\"http:\/\/www.ccma.cat\/video\/embed\/super3\/5667435\/\" width=\"500px\" height=\"281px\" frameborder=\"0\" scrolling=\"no\" allowfullscreen=\"allowfullscreen\"><\/iframe><\/p>\n<p>L&#8217;espectacle tamb\u00e9 compta amb la participaci\u00f3 la <strong>Companyia de Teatre Mitja i Mitjoneta<\/strong>, les actrius de la qual (Laia Ferr\u00e9 i Lorena Hern\u00e1ndez) representaven all\u00f2 que la veu en off anava llegint entre can\u00e7\u00f3 i can\u00e7\u00f3, mentre els alumnes que havien d&#8217;actuar pujaven a l&#8217;escenari.<\/p>\n<p style=\"text-align: center;\"><img loading=\"lazy\" decoding=\"async\" class=\"aligncenter size-full wp-image-10694\" src=\"http:\/\/serveiseducatius.xtec.cat\/baixllobregat6\/wp-content\/uploads\/usu778\/2017\/05\/DSC_0055.jpg\" alt=\"DSC_0055\" width=\"520\" height=\"348\" srcset=\"https:\/\/serveiseducatius.xtec.cat\/baixllobregat6\/wp-content\/uploads\/usu778\/2017\/05\/DSC_0055.jpg 520w, https:\/\/serveiseducatius.xtec.cat\/baixllobregat6\/wp-content\/uploads\/usu778\/2017\/05\/DSC_0055-300x201.jpg 300w\" sizes=\"auto, (max-width: 520px) 100vw, 520px\" \/><\/p>\n<p>Claudi Mans, professor de la Universitat Polit\u00e8cnica de Catalunya i un aut\u00e8ntic\u00a0<em>alici\u00f2fil<\/em> va assistir a la representaci\u00f3 i en va escriure una <a href=\"https:\/\/alicies.wordpress.com\/2017\/05\/18\/263-alicia-al-pais-del-rock\/\" target=\"_blank\">cr\u00f2nica<\/a> que acaba aix\u00ed:<\/p>\n<blockquote><p>El teatre era absolutament ple i la feina va ser meva per entrar \u00a0[&#8230;] Amb els nens i familiars s\u2019omplien les 1500 entrades, i s\u2019haurien omplert tamb\u00e9 les 2500 que tenia el Gran Teatre anterior, que es va incendiar el 1983.<\/p>\n<p>No s\u00e9 si l\u2019espectacle haur\u00e0 servit per formar grans alici\u00f2fils entre els nens. Per\u00f2 el treball previ i el posterior a les aules, en mans de mestres motivats, segur que hi pot haver ajudat.<\/p><\/blockquote>\n<p style=\"text-align: center;\"><img loading=\"lazy\" decoding=\"async\" class=\"aligncenter size-full wp-image-10696\" src=\"http:\/\/serveiseducatius.xtec.cat\/baixllobregat6\/wp-content\/uploads\/usu778\/2017\/05\/DSC_0305.jpg\" alt=\"DSC_0305\" width=\"520\" height=\"348\" srcset=\"https:\/\/serveiseducatius.xtec.cat\/baixllobregat6\/wp-content\/uploads\/usu778\/2017\/05\/DSC_0305.jpg 520w, https:\/\/serveiseducatius.xtec.cat\/baixllobregat6\/wp-content\/uploads\/usu778\/2017\/05\/DSC_0305-300x201.jpg 300w\" sizes=\"auto, (max-width: 520px) 100vw, 520px\" \/><\/p>\n","protected":false},"excerpt":{"rendered":"<p>El musical\u00a0Al\u00edcia al pa\u00eds del rock const\u00e0 de 17 can\u00e7ons, unes can\u00e7ons que, conjuntament amb els textos que la veu\u00a0de Lu\u00eds Posada (pels qui no el conegueu \u00e9s el doblador de l&#8217;actor Johnny Deep) anava llegint, explicaven la hist\u00f2ria de l&#8217;Al\u00edcia en el seu viatge al pa\u00eds de les meravelles. L&#8217;informatiu de la Televisi\u00f3 de [&hellip;]<\/p>\n","protected":false},"author":1,"featured_media":0,"parent":10478,"menu_order":0,"comment_status":"closed","ping_status":"closed","template":"","meta":{"_bbp_topic_count":0,"_bbp_reply_count":0,"_bbp_total_topic_count":0,"_bbp_total_reply_count":0,"_bbp_voice_count":0,"_bbp_anonymous_reply_count":0,"_bbp_topic_count_hidden":0,"_bbp_reply_count_hidden":0,"_bbp_forum_subforum_count":0,"site-sidebar-layout":"default","site-content-layout":"","ast-site-content-layout":"","site-content-style":"default","site-sidebar-style":"default","ast-global-header-display":"","ast-banner-title-visibility":"","ast-main-header-display":"","ast-hfb-above-header-display":"","ast-hfb-below-header-display":"","ast-hfb-mobile-header-display":"","site-post-title":"","ast-breadcrumbs-content":"","ast-featured-img":"","footer-sml-layout":"","theme-transparent-header-meta":"","adv-header-id-meta":"","stick-header-meta":"","header-above-stick-meta":"","header-main-stick-meta":"","header-below-stick-meta":"","astra-migrate-meta-layouts":"default","ast-page-background-enabled":"default","ast-page-background-meta":{"desktop":{"background-color":"var(--ast-global-color-4)","background-image":"","background-repeat":"repeat","background-position":"center center","background-size":"auto","background-attachment":"scroll","background-type":"","background-media":"","overlay-type":"","overlay-color":"","overlay-opacity":"","overlay-gradient":""},"tablet":{"background-color":"","background-image":"","background-repeat":"repeat","background-position":"center center","background-size":"auto","background-attachment":"scroll","background-type":"","background-media":"","overlay-type":"","overlay-color":"","overlay-opacity":"","overlay-gradient":""},"mobile":{"background-color":"","background-image":"","background-repeat":"repeat","background-position":"center center","background-size":"auto","background-attachment":"scroll","background-type":"","background-media":"","overlay-type":"","overlay-color":"","overlay-opacity":"","overlay-gradient":""}},"ast-content-background-meta":{"desktop":{"background-color":"var(--ast-global-color-5)","background-image":"","background-repeat":"repeat","background-position":"center center","background-size":"auto","background-attachment":"scroll","background-type":"","background-media":"","overlay-type":"","overlay-color":"","overlay-opacity":"","overlay-gradient":""},"tablet":{"background-color":"var(--ast-global-color-5)","background-image":"","background-repeat":"repeat","background-position":"center center","background-size":"auto","background-attachment":"scroll","background-type":"","background-media":"","overlay-type":"","overlay-color":"","overlay-opacity":"","overlay-gradient":""},"mobile":{"background-color":"var(--ast-global-color-5)","background-image":"","background-repeat":"repeat","background-position":"center center","background-size":"auto","background-attachment":"scroll","background-type":"","background-media":"","overlay-type":"","overlay-color":"","overlay-opacity":"","overlay-gradient":""}},"footnotes":""},"class_list":["post-10494","page","type-page","status-publish","hentry"],"post_mailing_queue_ids":[],"_links":{"self":[{"href":"https:\/\/serveiseducatius.xtec.cat\/baixllobregat6\/wp-json\/wp\/v2\/pages\/10494","targetHints":{"allow":["GET"]}}],"collection":[{"href":"https:\/\/serveiseducatius.xtec.cat\/baixllobregat6\/wp-json\/wp\/v2\/pages"}],"about":[{"href":"https:\/\/serveiseducatius.xtec.cat\/baixllobregat6\/wp-json\/wp\/v2\/types\/page"}],"author":[{"embeddable":true,"href":"https:\/\/serveiseducatius.xtec.cat\/baixllobregat6\/wp-json\/wp\/v2\/users\/1"}],"replies":[{"embeddable":true,"href":"https:\/\/serveiseducatius.xtec.cat\/baixllobregat6\/wp-json\/wp\/v2\/comments?post=10494"}],"version-history":[{"count":3,"href":"https:\/\/serveiseducatius.xtec.cat\/baixllobregat6\/wp-json\/wp\/v2\/pages\/10494\/revisions"}],"predecessor-version":[{"id":10720,"href":"https:\/\/serveiseducatius.xtec.cat\/baixllobregat6\/wp-json\/wp\/v2\/pages\/10494\/revisions\/10720"}],"up":[{"embeddable":true,"href":"https:\/\/serveiseducatius.xtec.cat\/baixllobregat6\/wp-json\/wp\/v2\/pages\/10478"}],"wp:attachment":[{"href":"https:\/\/serveiseducatius.xtec.cat\/baixllobregat6\/wp-json\/wp\/v2\/media?parent=10494"}],"curies":[{"name":"wp","href":"https:\/\/api.w.org\/{rel}","templated":true}]}}