{"id":10478,"date":"2017-05-17T15:11:20","date_gmt":"2017-05-17T13:11:20","guid":{"rendered":"http:\/\/serveiseducatius.xtec.cat\/baixllobregat6\/?page_id=10478"},"modified":"2025-04-30T13:30:07","modified_gmt":"2025-04-30T11:30:07","slug":"alicia","status":"publish","type":"page","link":"https:\/\/serveiseducatius.xtec.cat\/baixllobregat6\/xarxa-grup-mestres-de-musica\/alicia\/","title":{"rendered":"Al\u00edcia al pa\u00eds del rock"},"content":{"rendered":"<p><img loading=\"lazy\" decoding=\"async\" class=\"size-medium wp-image-10814 alignleft\" src=\"http:\/\/serveiseducatius.xtec.cat\/baixllobregat6\/wp-content\/uploads\/usu778\/2017\/05\/alicia_galeta-240x300.jpg\" alt=\"alicia_galeta\" width=\"240\" height=\"300\" srcset=\"https:\/\/serveiseducatius.xtec.cat\/baixllobregat6\/wp-content\/uploads\/usu778\/2017\/05\/alicia_galeta-240x300.jpg 240w, https:\/\/serveiseducatius.xtec.cat\/baixllobregat6\/wp-content\/uploads\/usu778\/2017\/05\/alicia_galeta.jpg 450w\" sizes=\"auto, (max-width: 240px) 100vw, 240px\" \/><\/p>\n<p>El\u00a0<a href=\"http:\/\/serveiseducatius.xtec.cat\/baixllobregat6\/categoria\/grup-de-mestres-de-musica\/\"><strong>Grup de Mestres de M\u00fasica<\/strong><\/a>\u00a0(GMM) del\u00a0Servei Educatiu Baix Llobregat-6\u00a0ens presenta la seva particular adaptaci\u00f3 de l\u2019obra\u00a0<em><strong>Al\u00edcia al pa\u00eds de les meravelles<\/strong><\/em>, de Lewis Carroll, i ho fa\u00a0amb un viatge al pa\u00eds del rock.<\/p>\n<p>A l\u2019espectacle, representat el 15 de maig a les 14.30 hores al Teatre de la Passi\u00f3 d\u2019Olesa de Montserrat, hi van participar m\u00e9s de set-cents alumnes de les escoles\u00a0<strong>Santa Maria<\/strong>, de Cervell\u00f3;\u00a0<strong>El Solell<\/strong>, de\u00a0La Palma de Cervell\u00f3;\u00a0<strong>Joan Juncadella, La Gu\u00e0rdia, La Vinyala, Mare de D\u00e9u del Roc\u00edo, Sant Antoni, Sant Jordi,<\/strong><strong>\u00a0Sant Josep<\/strong>, i del <strong>Col\u00b7legi La Immaculada\u00a0<\/strong>de\u00a0Sant Vicen\u00e7 dels Horts; <strong>Can Coll <\/strong>i<strong> Sant Mart\u00ed,<\/strong> de\u00a0Torrelles de Llobregat;\u00a0<strong>Castella<\/strong>, de Barcelona i\u00a0<strong>Paco Candel<\/strong>, de L&#8217;Hospitalet de Llobregat.<\/p>\n<p style=\"text-align: left;\">El musical que combina\u00a0les arts pl\u00e0stiques, el cant coral, la dansa i la literatura va omplir l&#8217;aforament (1500 butaques) del Nou Teatre de la Passi\u00f3 d&#8217;Olesa de Montserrat.<\/p>\n<p>Les can\u00e7ons que cantaven i ballaven els infants de les escoles participants tenien una base musical de grups tan variats com els Rolling Stones, Queen, Metallica, AC\/DC, Ramones o Guns N&#8217;Roses o de solistes com David Bowie, Brian Adams o Joe Cocker.<\/p>\n<p><a href=\"https:\/\/photos.google.com\/share\/AF1QipOVfb5_ao0L4wDFMI9CmO5pi1tKWq8g6ijNRh40Izmbj9cPbpFBY0cP3zDADUxLrQ?key=RzRsZ1BxTFdDcmJnb1F2RjNHd1o0bXUwUjdRTzJn&amp;source=ctrlq.org\"><img loading=\"lazy\" decoding=\"async\" class=\"aligncenter\" src=\"https:\/\/lh3.googleusercontent.com\/AObv6wiWOSKsrTH5ltz_kvWYxB0Ebq2fH26i4epdx-x6gpCRiqZRwPT-_Dvk2CmOYLOlRyTIU8kz7PHAWKHKHK0pzL9I03LP-1KcR25F5i2MAAGyJNID7a_aTlBhrrDkhlZgAQ\" width=\"512\" height=\"343\" \/><\/a><\/p>\n<pre style=\"text-align: center;\"><em>Acc\u00e9s al reportatge fotogr\u00e0fic (cliqueu al damunt)<\/em><\/pre>\n<p>Les p\u00e0gines del men\u00fa lateral, que pengen de l&#8217;apartat <a href=\"http:\/\/serveiseducatius.xtec.cat\/baixllobregat6\/alicia\/el-musical\/\">EL MUSICAL<\/a>, corresponen a les can\u00e7ons de la representaci\u00f3. Cadascuna inclou l&#8217;autoria de la lletra, l&#8217;escola que cantava, l&#8217;escola que ballava, l&#8217;autoria de la m\u00fasica i la can\u00e7\u00f3 en qu\u00e8 es basa, la lletra de la can\u00e7\u00f3, i el v\u00eddeo de l&#8217;actuaci\u00f3. A m\u00e9s, s&#8217;incorpora el text que entre interpretaci\u00f3 i interpretaci\u00f3 es representava a l&#8217;escenari i donava continu\u00eftat a l&#8217;obra.<\/p>\n<p><img loading=\"lazy\" decoding=\"async\" class=\"aligncenter size-full wp-image-10690\" src=\"http:\/\/serveiseducatius.xtec.cat\/baixllobregat6\/wp-content\/uploads\/usu778\/2017\/05\/DSC_0318.jpg\" alt=\"DSC_0318\" width=\"600\" height=\"402\" srcset=\"https:\/\/serveiseducatius.xtec.cat\/baixllobregat6\/wp-content\/uploads\/usu778\/2017\/05\/DSC_0318.jpg 600w, https:\/\/serveiseducatius.xtec.cat\/baixllobregat6\/wp-content\/uploads\/usu778\/2017\/05\/DSC_0318-300x201.jpg 300w\" sizes=\"auto, (max-width: 600px) 100vw, 600px\" \/><\/p>\n<h6>Agra\u00efments<\/h6>\n<p>A totes les tutores i tutors dels grups de:<\/p>\n<ul>\n<li>3r de l&#8217;Escola Santa Maria de Cervell\u00f3 (Cervell\u00f3)<\/li>\n<li>5\u00e8 i 6\u00e8 de l&#8217;Escola el Solell (La Palma de Cervell\u00f3)<\/li>\n<li>3r \u00a0i 4t de l&#8217;Escola Joan Juncadella (Sant Vicen\u00e7 dels Horts)<\/li>\n<li>3r i 4t de l&#8217;Escola La Gu\u00e0rdia (Sant Vicen\u00e7 dels Horts)<\/li>\n<li>5\u00e8 de l&#8217;Escola La Vinyala (Sant Vicen\u00e7 dels Horts)<\/li>\n<li>3r i 4t de l&#8217;Escola Mare de D\u00e9u del Roc\u00edo (Sant Vicen\u00e7 dels Horts)<\/li>\n<li>4t de l&#8217;Escola Sant Antoni (Sant Vicen\u00e7 dels Horts)<\/li>\n<li>3r de l&#8217;Escola Sant Jordi (Sant Vicen\u00e7 dels Horts)<\/li>\n<li>4t de l&#8217;Escola Sant Josep (Sant Vicen\u00e7 dels Horts)<\/li>\n<li>3r del Col\u00b7legi La Immaculada (Sant Vicen\u00e7 dels Horts)<\/li>\n<li>3r i 4t de l&#8217;Escola Can Coll (Torrelles de Llobregat)<\/li>\n<li>2n i 4t de l&#8217;Escola Sant Mart\u00ed (Torrelles de Llobregat)<\/li>\n<li>4t de l&#8217;Escola Castella (Barcelona)<\/li>\n<li>4t de l&#8217;Escola Paco Candel (L&#8217;Hospitalet de Llobregat)<\/li>\n<\/ul>\n<ul>\n<li>A l&#8217;<strong>Anna Aguilar<\/strong> per la seva col\u00b7laboraci\u00f3 en l&#8217;adaptaci\u00f3 dels textos.<\/li>\n<li>Al\u00a0<strong>Lu\u00eds Posada<\/strong> per la lectura dels textos en off.<\/li>\n<li>Al <strong>Rub\u00e9n Blasco<\/strong> per l&#8217;enregistrament en v\u00eddeo de l&#8217;espectacle.<\/li>\n<\/ul>\n<h6><\/h6>\n<h6><\/h6>\n<h6>Amb la col\u00b7laboraci\u00f3 de:<\/h6>\n<p><a href=\"http:\/\/serveiseducatius.xtec.cat\/baixllobregat6\/wp-content\/uploads\/usu778\/2016\/05\/passio.jpg\"><img loading=\"lazy\" decoding=\"async\" class=\"alignnone size-full wp-image-8870\" src=\"http:\/\/serveiseducatius.xtec.cat\/baixllobregat6\/wp-content\/uploads\/usu778\/2016\/05\/passio.jpg\" alt=\"passio\" width=\"150\" height=\"132\" \/><\/a><\/p>\n<p><a href=\"http:\/\/serveiseducatius.xtec.cat\/baixllobregat6\/wp-content\/uploads\/usu778\/2016\/05\/passio.jpg\"><img loading=\"lazy\" decoding=\"async\" class=\"alignnone size-full wp-image-8869\" src=\"http:\/\/serveiseducatius.xtec.cat\/baixllobregat6\/wp-content\/uploads\/usu778\/2016\/05\/escut2012svh.png\" alt=\"escut2012svh\" width=\"246\" height=\"66\" \/><\/a><\/p>\n<p><img loading=\"lazy\" decoding=\"async\" class=\"alignleft wp-image-10721\" src=\"http:\/\/serveiseducatius.xtec.cat\/baixllobregat6\/wp-content\/uploads\/usu778\/2017\/05\/logo-fgc-l.png\" alt=\"logo-fgc-l\" width=\"200\" height=\"108\" \/><\/p>\n","protected":false},"excerpt":{"rendered":"<p>El\u00a0Grup de Mestres de M\u00fasica\u00a0(GMM) del\u00a0Servei Educatiu Baix Llobregat-6\u00a0ens presenta la seva particular adaptaci\u00f3 de l\u2019obra\u00a0Al\u00edcia al pa\u00eds de les meravelles, de Lewis Carroll, i ho fa\u00a0amb un viatge al pa\u00eds del rock. A l\u2019espectacle, representat el 15 de maig a les 14.30 hores al Teatre de la Passi\u00f3 d\u2019Olesa de Montserrat, hi van participar [&hellip;]<\/p>\n","protected":false},"author":1,"featured_media":0,"parent":29851,"menu_order":0,"comment_status":"closed","ping_status":"closed","template":"","meta":{"_bbp_topic_count":0,"_bbp_reply_count":0,"_bbp_total_topic_count":0,"_bbp_total_reply_count":0,"_bbp_voice_count":0,"_bbp_anonymous_reply_count":0,"_bbp_topic_count_hidden":0,"_bbp_reply_count_hidden":0,"_bbp_forum_subforum_count":0,"site-sidebar-layout":"default","site-content-layout":"","ast-site-content-layout":"default","site-content-style":"default","site-sidebar-style":"default","ast-global-header-display":"","ast-banner-title-visibility":"","ast-main-header-display":"","ast-hfb-above-header-display":"","ast-hfb-below-header-display":"","ast-hfb-mobile-header-display":"","site-post-title":"","ast-breadcrumbs-content":"","ast-featured-img":"","footer-sml-layout":"","theme-transparent-header-meta":"","adv-header-id-meta":"","stick-header-meta":"","header-above-stick-meta":"","header-main-stick-meta":"","header-below-stick-meta":"","astra-migrate-meta-layouts":"set","ast-page-background-enabled":"default","ast-page-background-meta":{"desktop":{"background-color":"var(--ast-global-color-4)","background-image":"","background-repeat":"repeat","background-position":"center center","background-size":"auto","background-attachment":"scroll","background-type":"","background-media":"","overlay-type":"","overlay-color":"","overlay-opacity":"","overlay-gradient":""},"tablet":{"background-color":"","background-image":"","background-repeat":"repeat","background-position":"center center","background-size":"auto","background-attachment":"scroll","background-type":"","background-media":"","overlay-type":"","overlay-color":"","overlay-opacity":"","overlay-gradient":""},"mobile":{"background-color":"","background-image":"","background-repeat":"repeat","background-position":"center center","background-size":"auto","background-attachment":"scroll","background-type":"","background-media":"","overlay-type":"","overlay-color":"","overlay-opacity":"","overlay-gradient":""}},"ast-content-background-meta":{"desktop":{"background-color":"var(--ast-global-color-5)","background-image":"","background-repeat":"repeat","background-position":"center center","background-size":"auto","background-attachment":"scroll","background-type":"","background-media":"","overlay-type":"","overlay-color":"","overlay-opacity":"","overlay-gradient":""},"tablet":{"background-color":"var(--ast-global-color-5)","background-image":"","background-repeat":"repeat","background-position":"center center","background-size":"auto","background-attachment":"scroll","background-type":"","background-media":"","overlay-type":"","overlay-color":"","overlay-opacity":"","overlay-gradient":""},"mobile":{"background-color":"var(--ast-global-color-5)","background-image":"","background-repeat":"repeat","background-position":"center center","background-size":"auto","background-attachment":"scroll","background-type":"","background-media":"","overlay-type":"","overlay-color":"","overlay-opacity":"","overlay-gradient":""}},"footnotes":""},"class_list":["post-10478","page","type-page","status-publish","hentry"],"post_mailing_queue_ids":[],"_links":{"self":[{"href":"https:\/\/serveiseducatius.xtec.cat\/baixllobregat6\/wp-json\/wp\/v2\/pages\/10478","targetHints":{"allow":["GET"]}}],"collection":[{"href":"https:\/\/serveiseducatius.xtec.cat\/baixllobregat6\/wp-json\/wp\/v2\/pages"}],"about":[{"href":"https:\/\/serveiseducatius.xtec.cat\/baixllobregat6\/wp-json\/wp\/v2\/types\/page"}],"author":[{"embeddable":true,"href":"https:\/\/serveiseducatius.xtec.cat\/baixllobregat6\/wp-json\/wp\/v2\/users\/1"}],"replies":[{"embeddable":true,"href":"https:\/\/serveiseducatius.xtec.cat\/baixllobregat6\/wp-json\/wp\/v2\/comments?post=10478"}],"version-history":[{"count":4,"href":"https:\/\/serveiseducatius.xtec.cat\/baixllobregat6\/wp-json\/wp\/v2\/pages\/10478\/revisions"}],"predecessor-version":[{"id":29853,"href":"https:\/\/serveiseducatius.xtec.cat\/baixllobregat6\/wp-json\/wp\/v2\/pages\/10478\/revisions\/29853"}],"up":[{"embeddable":true,"href":"https:\/\/serveiseducatius.xtec.cat\/baixllobregat6\/wp-json\/wp\/v2\/pages\/29851"}],"wp:attachment":[{"href":"https:\/\/serveiseducatius.xtec.cat\/baixllobregat6\/wp-json\/wp\/v2\/media?parent=10478"}],"curies":[{"name":"wp","href":"https:\/\/api.w.org\/{rel}","templated":true}]}}