{"id":306,"date":"2015-11-24T18:02:44","date_gmt":"2015-11-24T17:02:44","guid":{"rendered":"http:\/\/serveiseducatius.xtec.cat\/baixllobregat5\/?page_id=306"},"modified":"2025-08-06T12:12:23","modified_gmt":"2025-08-06T10:12:23","slug":"equip","status":"publish","type":"page","link":"https:\/\/serveiseducatius.xtec.cat\/baixllobregat5\/el-servei-educatiu\/equip\/","title":{"rendered":"Equip hum\u00e0 25-26"},"content":{"rendered":"\n<figure class=\"wp-block-table\"><table><tbody><tr><td colspan=\"3\"><strong>Equip de Direcci\u00f3 T\u00e8cnica del SE (EDT)<\/strong><\/td><\/tr><tr><td><\/td><td>Assessora LIC<\/td><td><\/td><\/tr><tr><td>Montserrat Gil<\/td><td>Directora EAP<\/td><td>a8900264@xtec.cat<\/td><\/tr><tr><td>Xavier L\u00f3pez<\/td><td>Director CRP i coordinador SE BLL5<\/td><td>a8903083@xtec.cat<\/td><\/tr><\/tbody><\/table><\/figure>\n\n\n\n<figure class=\"wp-block-table\"><table><tbody><tr><td colspan=\"3\"><strong>Centre de Recursos Pedag\u00f2gics (CRP)<\/strong><\/td><\/tr><tr><td>Angel Macias<\/td><td colspan=\"2\">Mentor digital<\/td><\/tr><tr><td>Elisabet Pizarro<\/td><td colspan=\"2\">T\u00e8cnica docent<\/td><\/tr><tr><td>Israel Gordon<\/td><td colspan=\"2\">Mentor digital<\/td><\/tr><tr><td>Ivan Somoza<\/td><td colspan=\"2\">T\u00e8cnic docent<\/td><\/tr><tr><td>Susanna Bonshoms<\/td><td colspan=\"2\">Educadora social<\/td><\/tr><tr><td>Xavier L\u00f3pez<\/td><td colspan=\"2\">T\u00e8cnic docent i director CRP<\/td><\/tr><\/tbody><\/table><\/figure>\n\n\n\n<figure class=\"wp-block-table\"><table class=\"has-fixed-layout\"><tbody><tr><td colspan=\"3\"><strong>Equip d\u2019Assessorament i Orientaci\u00f3 Psicopedag\u00f2gica (EAP)<\/strong><\/td><\/tr><tr><td>Ana Riopedre&nbsp;&nbsp;&nbsp;<\/td><td>Treballadora social<\/td><td>Sant Joan Desp\u00ed<\/td><\/tr><tr><td>Anna Pi\u00f1ol&nbsp;<\/td><td>Fisioterapeuta<\/td><td>Cornell\u00e0 i Sant Joan Desp\u00ed<\/td><\/tr><tr><td>Antonia D\u00edaz<\/td><td>Orientadora educativa<\/td><td>Zona Sant Ildefons (Cornell\u00e0)<\/td><\/tr><tr><td>Coral Tarazona&nbsp;<\/td><td>Orientadora educativa<\/td><td>Zona Centre (Cornell\u00e0)<\/td><\/tr><tr><td>Edith S\u00e1nchez<\/td><td>Treballadora social<\/td><td>Cornell\u00e0<\/td><\/tr><tr><td>Gemma Carre\u00f1o<\/td><td>Orientadora educativa<\/td><td>Zones Riera &#8211; Almeda i Centre (Cornell\u00e0)<\/td><\/tr><tr><td>Laura Vaquero<\/td><td>Orientadora educativa<\/td><td>Sant Joan Desp\u00ed<\/td><\/tr><tr><td>Magda S\u00e1nchez&nbsp;&nbsp;&nbsp;&nbsp;&nbsp;<\/td><td>Orientadora educativa<\/td><td>Zones Riera &#8211; Almeda i Centre (Cornell\u00e0)<\/td><\/tr><tr><td>Marta Tell<\/td><td>Fisioterapeuta<\/td><td>Cornell\u00e0 i Sant Joan Desp\u00ed<\/td><\/tr><tr><td>Montserrat Gil<\/td><td>Orientadora educativa i directora EAP<\/td><td>Sant Joan Desp\u00ed<\/td><\/tr><tr><td>Neus Ribalta<\/td><td>Orientadora educativa<\/td><td>Zona Centre (Cornell\u00e0)<\/td><\/tr><tr><td>N\u00faria L\u00f3pez<\/td><td>Orientadora educativa<\/td><td>Zona Riera &#8211; Almeda (Cornell\u00e0)<\/td><\/tr><tr><td>N\u00faria Piqu\u00e9&nbsp;<\/td><td>Orientadora educativa<\/td><td>Zona Sant Ildefons (Cornell\u00e0)<\/td><\/tr><tr><td>Pilar Navarro&nbsp;&nbsp;&nbsp;&nbsp;&nbsp;&nbsp;&nbsp;<\/td><td>Orientadora educativa<\/td><td>Sant Joan Desp\u00ed<\/td><\/tr><tr><td>T\u00e0nia Adri\u00e0n<\/td><td>Treballadora social<\/td><td>Cornell\u00e0<\/td><\/tr><\/tbody><\/table><\/figure>\n\n\n\n<figure class=\"wp-block-table\"><table><tbody><tr><td colspan=\"3\"><strong>Equip d&#8217;assessorament i orientaci\u00f3 en llengua, interculturalitat i cohesi\u00f3 social (ELIC)<\/strong><\/td><\/tr><tr><td>Marta Pascual&nbsp;<\/td><td colspan=\"2\">Assessora LIC<\/td><\/tr><tr><td>Montserrat Nicolau<\/td><td colspan=\"2\">Assessora LIC<\/td><\/tr><\/tbody><\/table><\/figure>\n\n\n\n<figure class=\"wp-block-table\"><table><tbody><tr><td colspan=\"3\"><strong>Personal d\u2019Administraci\u00f3 i Serveis (PAS)<\/strong><\/td><\/tr><tr><td>Merc\u00e8 Yerga<\/td><td colspan=\"2\">Auxiliar administrativa<\/td><\/tr><\/tbody><\/table><\/figure>\n\n\n\n<p><span style=\"border-radius: 2px; text-indent: 20px; width: auto; padding: 0px 4px 0px 0px; text-align: center; font: bold 11px\/20px 'Helvetica Neue',Helvetica,sans-serif; color: #ffffff; background: #bd081c no-repeat scroll 3px 50% \/ 14px 14px; position: absolute; opacity: 1; z-index: 8675309; display: none; cursor: pointer;\">Guardar<\/span><\/p>\n\n\n\n<p><span style=\"border-radius: 2px; text-indent: 20px; width: auto; padding: 0px 4px 0px 0px; text-align: center; font: bold 11px\/20px 'Helvetica Neue',Helvetica,sans-serif; color: #ffffff; background: #bd081c no-repeat scroll 3px 50% \/ 14px 14px; position: absolute; opacity: 1; z-index: 8675309; display: none; cursor: pointer;\">Guardar<\/span><\/p>\n","protected":false},"excerpt":{"rendered":"<p>Equip de Direcci\u00f3 T\u00e8cnica del SE (EDT) Assessora LIC Montserrat Gil Directora EAP a8900264@xtec.cat Xavier L\u00f3pez Director CRP i coordinador [&hellip;]<\/p>\n","protected":false},"author":1,"featured_media":0,"parent":806,"menu_order":20,"comment_status":"closed","ping_status":"closed","template":"","meta":{"_bbp_topic_count":0,"_bbp_reply_count":0,"_bbp_total_topic_count":0,"_bbp_total_reply_count":0,"_bbp_voice_count":0,"_bbp_anonymous_reply_count":0,"_bbp_topic_count_hidden":0,"_bbp_reply_count_hidden":0,"_bbp_forum_subforum_count":0,"site-sidebar-layout":"no-sidebar","site-content-layout":"","ast-site-content-layout":"normal-width-container","site-content-style":"boxed","site-sidebar-style":"boxed","ast-global-header-display":"","ast-banner-title-visibility":"","ast-main-header-display":"","ast-hfb-above-header-display":"","ast-hfb-below-header-display":"","ast-hfb-mobile-header-display":"","site-post-title":"","ast-breadcrumbs-content":"","ast-featured-img":"","footer-sml-layout":"disabled","theme-transparent-header-meta":"","adv-header-id-meta":"","stick-header-meta":"","header-above-stick-meta":"","header-main-stick-meta":"","header-below-stick-meta":"","astra-migrate-meta-layouts":"set","ast-page-background-enabled":"default","ast-page-background-meta":{"desktop":{"background-color":"var(--ast-global-color-4)","background-image":"","background-repeat":"repeat","background-position":"center center","background-size":"auto","background-attachment":"scroll","background-type":"","background-media":"","overlay-type":"","overlay-color":"","overlay-opacity":"","overlay-gradient":""},"tablet":{"background-color":"","background-image":"","background-repeat":"repeat","background-position":"center center","background-size":"auto","background-attachment":"scroll","background-type":"","background-media":"","overlay-type":"","overlay-color":"","overlay-opacity":"","overlay-gradient":""},"mobile":{"background-color":"","background-image":"","background-repeat":"repeat","background-position":"center center","background-size":"auto","background-attachment":"scroll","background-type":"","background-media":"","overlay-type":"","overlay-color":"","overlay-opacity":"","overlay-gradient":""}},"ast-content-background-meta":{"desktop":{"background-color":"var(--ast-global-color-5)","background-image":"","background-repeat":"repeat","background-position":"center center","background-size":"auto","background-attachment":"scroll","background-type":"","background-media":"","overlay-type":"","overlay-color":"","overlay-opacity":"","overlay-gradient":""},"tablet":{"background-color":"var(--ast-global-color-5)","background-image":"","background-repeat":"repeat","background-position":"center center","background-size":"auto","background-attachment":"scroll","background-type":"","background-media":"","overlay-type":"","overlay-color":"","overlay-opacity":"","overlay-gradient":""},"mobile":{"background-color":"var(--ast-global-color-5)","background-image":"","background-repeat":"repeat","background-position":"center center","background-size":"auto","background-attachment":"scroll","background-type":"","background-media":"","overlay-type":"","overlay-color":"","overlay-opacity":"","overlay-gradient":""}},"footnotes":""},"class_list":["post-306","page","type-page","status-publish","hentry"],"post_mailing_queue_ids":[],"_links":{"self":[{"href":"https:\/\/serveiseducatius.xtec.cat\/baixllobregat5\/wp-json\/wp\/v2\/pages\/306","targetHints":{"allow":["GET"]}}],"collection":[{"href":"https:\/\/serveiseducatius.xtec.cat\/baixllobregat5\/wp-json\/wp\/v2\/pages"}],"about":[{"href":"https:\/\/serveiseducatius.xtec.cat\/baixllobregat5\/wp-json\/wp\/v2\/types\/page"}],"author":[{"embeddable":true,"href":"https:\/\/serveiseducatius.xtec.cat\/baixllobregat5\/wp-json\/wp\/v2\/users\/1"}],"replies":[{"embeddable":true,"href":"https:\/\/serveiseducatius.xtec.cat\/baixllobregat5\/wp-json\/wp\/v2\/comments?post=306"}],"version-history":[{"count":6,"href":"https:\/\/serveiseducatius.xtec.cat\/baixllobregat5\/wp-json\/wp\/v2\/pages\/306\/revisions"}],"predecessor-version":[{"id":25772,"href":"https:\/\/serveiseducatius.xtec.cat\/baixllobregat5\/wp-json\/wp\/v2\/pages\/306\/revisions\/25772"}],"up":[{"embeddable":true,"href":"https:\/\/serveiseducatius.xtec.cat\/baixllobregat5\/wp-json\/wp\/v2\/pages\/806"}],"wp:attachment":[{"href":"https:\/\/serveiseducatius.xtec.cat\/baixllobregat5\/wp-json\/wp\/v2\/media?parent=306"}],"curies":[{"name":"wp","href":"https:\/\/api.w.org\/{rel}","templated":true}]}}