{"id":25749,"date":"2025-07-05T10:34:57","date_gmt":"2025-07-05T08:34:57","guid":{"rendered":"https:\/\/serveiseducatius.xtec.cat\/baixllobregat5\/?page_id=25749"},"modified":"2025-07-09T14:27:25","modified_gmt":"2025-07-09T12:27:25","slug":"fundacio-joan-miro","status":"publish","type":"page","link":"https:\/\/serveiseducatius.xtec.cat\/baixllobregat5\/fundacio-joan-miro\/","title":{"rendered":"Fundaci\u00f3 Joan Mir\u00f3"},"content":{"rendered":"\n<div class=\"wp-block-getwid-section alignfull alignfull getwid-section-content-custom-width\"><div class=\"wp-block-getwid-section__wrapper getwid-padding-left-medium getwid-padding-right-medium\"><div class=\"wp-block-getwid-section__inner-wrapper\" style=\"max-width:1140px\"><div class=\"wp-block-getwid-section__background-holder\"><div class=\"wp-block-getwid-section__background\"><\/div><div class=\"wp-block-getwid-section__foreground\"><\/div><\/div><div class=\"wp-block-getwid-section__content\"><div class=\"wp-block-getwid-section__inner-content\">\n<div class=\"wp-block-columns has-2-columns are-vertically-aligned-center is-layout-flex wp-container-core-columns-is-layout-1 wp-block-columns-is-layout-flex\">\n<div class=\"wp-block-column is-vertically-aligned-center is-layout-flow wp-block-column-is-layout-flow\">\n<div class=\"wp-block-getwid-advanced-heading\" style=\"margin-bottom:0px;margin-top:0px\"><span class=\"wp-block-getwid-advanced-heading__content\"><strong>Fundaci\u00f3 Joan Mir\u00f3: un espai d&#8217;art i creativitat per a l\u2019educaci\u00f3<\/strong><\/span><\/div>\n\n\n\n<p>El Servei Educatiu del Baix Llobregat 5 col\u00b7laborem estretament amb la Fundaci\u00f3 Joan Mir\u00f3 de Barcelona per impulsar propostes educatives que connecten l&#8217;art, la creativitat i el pensament visual amb els processos d\u2019aprenentatge.<\/p>\n\n\n\n<p>La Fundaci\u00f3 Joan Mir\u00f3, ubicada a la muntanya de Montju\u00efc i referent internacional en el m\u00f3n de l\u2019art contemporani, esdev\u00e9 un aliat clau per al Servei Educatiu en la seva tasca de fomentar una educaci\u00f3 integral que valori la sensibilitat art\u00edstica, la mirada cr\u00edtica i l&#8217;expressi\u00f3 personal dels infants i joves. Aquesta col\u00b7laboraci\u00f3 ens permet aprofitar l\u2019entorn \u00fanic de la Fundaci\u00f3 per generar experi\u00e8ncies educatives transformadores.<\/p>\n\n\n\n<p><strong>Activitats i projectes conjunts:<\/strong><\/p>\n\n\n\n<p>\u00b7 <strong>Acompanyaments personalitzats a centres educatius de Cornell\u00e0 i Sant Joan Desp\u00ed<\/strong> per incorporar l\u2019art i els llenguatges visuals en els projectes educatius.<\/p>\n\n\n\n<p>\u00b7 <strong>Codisseny d\u2019activitats formatives per al professorat<\/strong>, amb una mirada compartida entre el m\u00f3n art\u00edstic i el pedag\u00f2gic.<\/p>\n\n\n\n<p>\u00b7 <strong>Organitzaci\u00f3 d\u2019una jornada anual de pensament cr\u00edtic i llenguatges art\u00edstics<\/strong>, com a espai de trobada, reflexi\u00f3 i inspiraci\u00f3 per a equips docents.<\/p>\n\n\n\n<p><strong>Un espai d\u2019art obert a l\u2019educaci\u00f3<\/strong><\/p>\n\n\n\n<p>La Fundaci\u00f3 Joan Mir\u00f3 \u00e9s un recurs cultural de gran valor per al conjunt del territori. La seva col\u00b7laboraci\u00f3 amb el Servei Educatiu del Baix Llobregat 5 obre oportunitats per acostar l\u2019art a les aules, afavorir una mirada oberta i sensible al m\u00f3n i promoure experi\u00e8ncies educatives on la creativitat i l\u2019expressi\u00f3 tenen un paper central.<\/p>\n\n\n\n<p><\/p>\n<\/div>\n\n\n\n<div class=\"wp-block-column is-vertically-aligned-center is-layout-flow wp-block-column-is-layout-flow\">\n<figure class=\"wp-block-gallery has-nested-images columns-default is-cropped wp-block-gallery-1 is-layout-flex wp-block-gallery-is-layout-flex\">\n<figure class=\"wp-block-image size-full\"><a href=\"https:\/\/serveiseducatius.xtec.cat\/baixllobregat5\/wp-content\/uploads\/usu1180\/2025\/07\/311.jpg\"><img loading=\"lazy\" decoding=\"async\" width=\"900\" height=\"900\" src=\"https:\/\/serveiseducatius.xtec.cat\/baixllobregat5\/wp-content\/uploads\/usu1180\/2025\/07\/311.jpg\" alt=\"\" class=\"wp-image-25759\" srcset=\"https:\/\/serveiseducatius.xtec.cat\/baixllobregat5\/wp-content\/uploads\/usu1180\/2025\/07\/311.jpg 900w, https:\/\/serveiseducatius.xtec.cat\/baixllobregat5\/wp-content\/uploads\/usu1180\/2025\/07\/311-300x300.jpg 300w, https:\/\/serveiseducatius.xtec.cat\/baixllobregat5\/wp-content\/uploads\/usu1180\/2025\/07\/311-150x150.jpg 150w, https:\/\/serveiseducatius.xtec.cat\/baixllobregat5\/wp-content\/uploads\/usu1180\/2025\/07\/311-768x768.jpg 768w\" sizes=\"auto, (max-width: 900px) 100vw, 900px\" \/><\/a><\/figure>\n<\/figure>\n<\/div>\n<\/div>\n<\/div><\/div><\/div><\/div><\/div>\n","protected":false},"excerpt":{"rendered":"","protected":false},"author":1,"featured_media":0,"parent":0,"menu_order":0,"comment_status":"closed","ping_status":"close","template":"","meta":{"_bbp_topic_count":0,"_bbp_reply_count":0,"_bbp_total_topic_count":0,"_bbp_total_reply_count":0,"_bbp_voice_count":0,"_bbp_anonymous_reply_count":0,"_bbp_topic_count_hidden":0,"_bbp_reply_count_hidden":0,"_bbp_forum_subforum_count":0,"site-sidebar-layout":"no-sidebar","site-content-layout":"","ast-site-content-layout":"normal-width-container","site-content-style":"boxed","site-sidebar-style":"boxed","ast-global-header-display":"","ast-banner-title-visibility":"","ast-main-header-display":"","ast-hfb-above-header-display":"","ast-hfb-below-header-display":"","ast-hfb-mobile-header-display":"","site-post-title":"","ast-breadcrumbs-content":"","ast-featured-img":"","footer-sml-layout":"","theme-transparent-header-meta":"","adv-header-id-meta":"","stick-header-meta":"","header-above-stick-meta":"","header-main-stick-meta":"","header-below-stick-meta":"","astra-migrate-meta-layouts":"set","ast-page-background-enabled":"default","ast-page-background-meta":{"desktop":{"background-color":"var(--ast-global-color-4)","background-image":"","background-repeat":"repeat","background-position":"center center","background-size":"auto","background-attachment":"scroll","background-type":"","background-media":"","overlay-type":"","overlay-color":"","overlay-opacity":"","overlay-gradient":""},"tablet":{"background-color":"","background-image":"","background-repeat":"repeat","background-position":"center center","background-size":"auto","background-attachment":"scroll","background-type":"","background-media":"","overlay-type":"","overlay-color":"","overlay-opacity":"","overlay-gradient":""},"mobile":{"background-color":"","background-image":"","background-repeat":"repeat","background-position":"center center","background-size":"auto","background-attachment":"scroll","background-type":"","background-media":"","overlay-type":"","overlay-color":"","overlay-opacity":"","overlay-gradient":""}},"ast-content-background-meta":{"desktop":{"background-color":"var(--ast-global-color-5)","background-image":"","background-repeat":"repeat","background-position":"center center","background-size":"auto","background-attachment":"scroll","background-type":"","background-media":"","overlay-type":"","overlay-color":"","overlay-opacity":"","overlay-gradient":""},"tablet":{"background-color":"var(--ast-global-color-5)","background-image":"","background-repeat":"repeat","background-position":"center center","background-size":"auto","background-attachment":"scroll","background-type":"","background-media":"","overlay-type":"","overlay-color":"","overlay-opacity":"","overlay-gradient":""},"mobile":{"background-color":"var(--ast-global-color-5)","background-image":"","background-repeat":"repeat","background-position":"center center","background-size":"auto","background-attachment":"scroll","background-type":"","background-media":"","overlay-type":"","overlay-color":"","overlay-opacity":"","overlay-gradient":""}},"footnotes":""},"class_list":["post-25749","page","type-page","status-publish","hentry"],"post_mailing_queue_ids":[],"_links":{"self":[{"href":"https:\/\/serveiseducatius.xtec.cat\/baixllobregat5\/wp-json\/wp\/v2\/pages\/25749","targetHints":{"allow":["GET"]}}],"collection":[{"href":"https:\/\/serveiseducatius.xtec.cat\/baixllobregat5\/wp-json\/wp\/v2\/pages"}],"about":[{"href":"https:\/\/serveiseducatius.xtec.cat\/baixllobregat5\/wp-json\/wp\/v2\/types\/page"}],"author":[{"embeddable":true,"href":"https:\/\/serveiseducatius.xtec.cat\/baixllobregat5\/wp-json\/wp\/v2\/users\/1"}],"replies":[{"embeddable":true,"href":"https:\/\/serveiseducatius.xtec.cat\/baixllobregat5\/wp-json\/wp\/v2\/comments?post=25749"}],"version-history":[{"count":5,"href":"https:\/\/serveiseducatius.xtec.cat\/baixllobregat5\/wp-json\/wp\/v2\/pages\/25749\/revisions"}],"predecessor-version":[{"id":25760,"href":"https:\/\/serveiseducatius.xtec.cat\/baixllobregat5\/wp-json\/wp\/v2\/pages\/25749\/revisions\/25760"}],"wp:attachment":[{"href":"https:\/\/serveiseducatius.xtec.cat\/baixllobregat5\/wp-json\/wp\/v2\/media?parent=25749"}],"curies":[{"name":"wp","href":"https:\/\/api.w.org\/{rel}","templated":true}]}}