{"id":25044,"date":"2025-01-21T21:34:01","date_gmt":"2025-01-21T20:34:01","guid":{"rendered":"https:\/\/serveiseducatius.xtec.cat\/baixllobregat5\/?page_id=25044"},"modified":"2025-01-27T12:08:14","modified_gmt":"2025-01-27T11:08:14","slug":"pla-educatiu-dentorn-pee","status":"publish","type":"page","link":"https:\/\/serveiseducatius.xtec.cat\/baixllobregat5\/pla-educatiu-dentorn-pee\/","title":{"rendered":"Pla Educatiu d&#8217;Entorn (PEE)"},"content":{"rendered":"\n<p><\/p>\n\n\n\n<div class=\"wp-block-getwid-section alignfull alignfull getwid-section-content-custom-width\"><div class=\"wp-block-getwid-section__wrapper getwid-padding-left-medium getwid-padding-right-medium\"><div class=\"wp-block-getwid-section__inner-wrapper\" style=\"max-width:1140px\"><div class=\"wp-block-getwid-section__background-holder\"><div class=\"wp-block-getwid-section__background\"><\/div><div class=\"wp-block-getwid-section__foreground\"><\/div><\/div><div class=\"wp-block-getwid-section__content\"><div class=\"wp-block-getwid-section__inner-content\">\n<div class=\"wp-block-columns has-2-columns are-vertically-aligned-center is-layout-flex wp-container-core-columns-is-layout-1 wp-block-columns-is-layout-flex\">\n<div class=\"wp-block-column is-vertically-aligned-center is-layout-flow wp-block-column-is-layout-flow\">\n<div class=\"wp-block-getwid-advanced-heading\" style=\"margin-bottom:0px;margin-top:0px\"><span class=\"wp-block-getwid-advanced-heading__content\"><\/span><\/div>\n\n\n\n<div class=\"wp-block-getwid-advanced-heading\" style=\"margin-bottom:30px;margin-top:10px\"><h2 class=\"wp-block-getwid-advanced-heading__content\"><\/h2><\/div>\n\n\n\n<p>El Pla Educatiu d\u2019Entorn \u00e9s una iniciativa oberta i de cooperaci\u00f3 educativa que vol donar una resposta integrada i comunit\u00e0ria a les necessitats educatives d\u2019infants, joves i fam\u00edlies, amb la coordinaci\u00f3 i la dinamitzaci\u00f3 de l\u2019acci\u00f3 educativa dels diferents espais i temps i treballant en diversos programes de l\u2019\u00e0mbit socioeducatiu per tal d\u2019incrementar l\u2019\u00e8xit escolar.<\/p>\n\n\n\n<p>El Departament d\u2019Educaci\u00f3 i Formaci\u00f3 Professional i els ajuntaments de Cornell\u00e0 de Llobregat i de Sant Joan Desp\u00ed, amb la finalitat de millorar les oportunitats dels infants, joves i fam\u00edlies dels respectius municipis, impulsen els plans educatius d\u2019entorn com un instrument capa\u00e7 de connectar els aprenentatges formals i no formals, i afavorir l\u2019acc\u00e9s de tot l\u2019alumnat, especialment el m\u00e9s vulnerable, a l\u2019educaci\u00f3 no formal com un element estrat\u00e8gic d\u2019equitat i igualtat d\u2019oportunitats.<\/p>\n\n\n\n<p>Els plans educatius d\u2019entorn s\u00f3n una proposta hol\u00edstica de cooperaci\u00f3 educativa, amb el suport i la col\u00b7laboraci\u00f3 de totes les entitats municipals que hi vulguin participar i que tinguin com a objectiu aconseguir l\u2019\u00e8xit educatiu de tot l\u2019alumnat i contribuir a la cohesi\u00f3 social mitjan\u00e7ant l\u2019equitat, l\u2019educaci\u00f3 intercultural, el foment de la conviv\u00e8ncia i l\u2019\u00fas de la llengua catalana. Amb la participaci\u00f3 de les entitats educatives del territori, els plans educatius d\u2019entorn es basen en un model d\u2019intervenci\u00f3 socioeducativa global i comunit\u00e0ria que es posa a l\u2019abast de tot l\u2019alumnat del municipi.<\/p>\n\n\n\n<p>El Departament d\u2019Educaci\u00f3 i Formaci\u00f3 Professional i els ajuntaments de Cornell\u00e0 de Llobregat i de Sant Joan Desp\u00ed han signat un conveni per a cada municipi que concreta aquesta col\u00b7laboraci\u00f3 des de l\u2019inici del curs 2023-2024 fins a l\u2019acabament del curs 2026-2027.<\/p>\n<\/div>\n\n\n\n<div class=\"wp-block-column is-vertically-aligned-center is-layout-flow wp-block-column-is-layout-flow\">\n<figure class=\"wp-block-image aligncenter size-full size-large\"><a href=\"https:\/\/serveiseducatius.xtec.cat\/baixllobregat5\/wp-content\/uploads\/usu1180\/2025\/01\/PEE-1.png\"><img loading=\"lazy\" decoding=\"async\" width=\"300\" height=\"144\" src=\"https:\/\/serveiseducatius.xtec.cat\/baixllobregat5\/wp-content\/uploads\/usu1180\/2025\/01\/PEE-1.png\" alt=\"\" class=\"wp-image-25441\"\/><\/a><\/figure>\n<\/div>\n<\/div>\n<\/div><\/div><\/div><\/div><\/div>\n","protected":false},"excerpt":{"rendered":"","protected":false},"author":1,"featured_media":0,"parent":0,"menu_order":0,"comment_status":"closed","ping_status":"close","template":"","meta":{"_bbp_topic_count":0,"_bbp_reply_count":0,"_bbp_total_topic_count":0,"_bbp_total_reply_count":0,"_bbp_voice_count":0,"_bbp_anonymous_reply_count":0,"_bbp_topic_count_hidden":0,"_bbp_reply_count_hidden":0,"_bbp_forum_subforum_count":0,"site-sidebar-layout":"no-sidebar","site-content-layout":"","ast-site-content-layout":"normal-width-container","site-content-style":"default","site-sidebar-style":"default","ast-global-header-display":"","ast-banner-title-visibility":"","ast-main-header-display":"","ast-hfb-above-header-display":"","ast-hfb-below-header-display":"","ast-hfb-mobile-header-display":"","site-post-title":"","ast-breadcrumbs-content":"","ast-featured-img":"","footer-sml-layout":"","theme-transparent-header-meta":"","adv-header-id-meta":"","stick-header-meta":"","header-above-stick-meta":"","header-main-stick-meta":"","header-below-stick-meta":"","astra-migrate-meta-layouts":"set","ast-page-background-enabled":"default","ast-page-background-meta":{"desktop":{"background-color":"var(--ast-global-color-4)","background-image":"","background-repeat":"repeat","background-position":"center center","background-size":"auto","background-attachment":"scroll","background-type":"","background-media":"","overlay-type":"","overlay-color":"","overlay-opacity":"","overlay-gradient":""},"tablet":{"background-color":"","background-image":"","background-repeat":"repeat","background-position":"center center","background-size":"auto","background-attachment":"scroll","background-type":"","background-media":"","overlay-type":"","overlay-color":"","overlay-opacity":"","overlay-gradient":""},"mobile":{"background-color":"","background-image":"","background-repeat":"repeat","background-position":"center center","background-size":"auto","background-attachment":"scroll","background-type":"","background-media":"","overlay-type":"","overlay-color":"","overlay-opacity":"","overlay-gradient":""}},"ast-content-background-meta":{"desktop":{"background-color":"var(--ast-global-color-5)","background-image":"","background-repeat":"repeat","background-position":"center center","background-size":"auto","background-attachment":"scroll","background-type":"","background-media":"","overlay-type":"","overlay-color":"","overlay-opacity":"","overlay-gradient":""},"tablet":{"background-color":"var(--ast-global-color-5)","background-image":"","background-repeat":"repeat","background-position":"center center","background-size":"auto","background-attachment":"scroll","background-type":"","background-media":"","overlay-type":"","overlay-color":"","overlay-opacity":"","overlay-gradient":""},"mobile":{"background-color":"var(--ast-global-color-5)","background-image":"","background-repeat":"repeat","background-position":"center center","background-size":"auto","background-attachment":"scroll","background-type":"","background-media":"","overlay-type":"","overlay-color":"","overlay-opacity":"","overlay-gradient":""}},"footnotes":""},"class_list":["post-25044","page","type-page","status-publish","hentry"],"post_mailing_queue_ids":[],"_links":{"self":[{"href":"https:\/\/serveiseducatius.xtec.cat\/baixllobregat5\/wp-json\/wp\/v2\/pages\/25044","targetHints":{"allow":["GET"]}}],"collection":[{"href":"https:\/\/serveiseducatius.xtec.cat\/baixllobregat5\/wp-json\/wp\/v2\/pages"}],"about":[{"href":"https:\/\/serveiseducatius.xtec.cat\/baixllobregat5\/wp-json\/wp\/v2\/types\/page"}],"author":[{"embeddable":true,"href":"https:\/\/serveiseducatius.xtec.cat\/baixllobregat5\/wp-json\/wp\/v2\/users\/1"}],"replies":[{"embeddable":true,"href":"https:\/\/serveiseducatius.xtec.cat\/baixllobregat5\/wp-json\/wp\/v2\/comments?post=25044"}],"version-history":[{"count":6,"href":"https:\/\/serveiseducatius.xtec.cat\/baixllobregat5\/wp-json\/wp\/v2\/pages\/25044\/revisions"}],"predecessor-version":[{"id":25443,"href":"https:\/\/serveiseducatius.xtec.cat\/baixllobregat5\/wp-json\/wp\/v2\/pages\/25044\/revisions\/25443"}],"wp:attachment":[{"href":"https:\/\/serveiseducatius.xtec.cat\/baixllobregat5\/wp-json\/wp\/v2\/media?parent=25044"}],"curies":[{"name":"wp","href":"https:\/\/api.w.org\/{rel}","templated":true}]}}