{"id":25032,"date":"2025-01-21T21:30:37","date_gmt":"2025-01-21T20:30:37","guid":{"rendered":"https:\/\/serveiseducatius.xtec.cat\/baixllobregat5\/?page_id=25032"},"modified":"2025-01-28T13:21:51","modified_gmt":"2025-01-28T12:21:51","slug":"museu-de-les-matematiques-mmaca","status":"publish","type":"page","link":"https:\/\/serveiseducatius.xtec.cat\/baixllobregat5\/museu-de-les-matematiques-mmaca\/","title":{"rendered":"Museu de Matem\u00e0tiques de Catalunya (MMACA)"},"content":{"rendered":"\n<div class=\"wp-block-getwid-section alignfull alignfull getwid-section-content-custom-width\"><div class=\"wp-block-getwid-section__wrapper getwid-padding-left-medium getwid-padding-right-medium\"><div class=\"wp-block-getwid-section__inner-wrapper\" style=\"max-width:1140px\"><div class=\"wp-block-getwid-section__background-holder\"><div class=\"wp-block-getwid-section__background\"><\/div><div class=\"wp-block-getwid-section__foreground\"><\/div><\/div><div class=\"wp-block-getwid-section__content\"><div class=\"wp-block-getwid-section__inner-content\">\n<div class=\"wp-block-columns has-2-columns are-vertically-aligned-center is-layout-flex wp-container-core-columns-is-layout-1 wp-block-columns-is-layout-flex\">\n<div class=\"wp-block-column is-vertically-aligned-center is-layout-flow wp-block-column-is-layout-flow\">\n<div class=\"wp-block-getwid-advanced-heading\" style=\"margin-bottom:0px;margin-top:0px\"><span class=\"wp-block-getwid-advanced-heading__content\"><strong>Apassionats per les matem\u00e0tiques: la nostra alian\u00e7a amb el Museu de Matem\u00e0tiques de Catalunya<\/strong><\/span><\/div>\n\n\n\n<p>Al Servei Educatiu del Baix Llobregat V, <strong>creiem que les matem\u00e0tiques poden ser apassionants i engrescadores.<\/strong> Per aix\u00f2, hem establert una s\u00f2lida alian\u00e7a amb el <a href=\"https:\/\/mmaca.cat\/\">Museu de Matem\u00e0tiques de Catalunya (MMACA)<\/a>, un espai \u00fanic que ens permet apropar aquesta disciplina als alumnes i docents de la nostra zona. Tenir el museu a la nostra ciutat \u00e9s una oportunitat excepcional per a la comunitat educativa, ja que ens permet accedir f\u00e0cilment als seus recursos i participar en les seves activitats.<\/p>\n\n\n\n<p><strong>Qu\u00e8 fem junts?<\/strong><\/p>\n\n\n\n<ul class=\"wp-block-list\">\n<li><strong>Col\u00b7laborem amb el Grup de Treball &#8220;<a href=\"https:\/\/sites.google.com\/xtec.cat\/matcompetentsbaixllobregat\/index-principal\">Matem\u00e0tica Competencial del Baix Llobregat<\/a>&#8220;:<\/strong> Treballem conjuntament per impulsar la compet\u00e8ncia matem\u00e0tica a les aules i oferir recursos i suport als docents.<\/li>\n\n\n\n<li><strong>Organitzem activitats formatives:<\/strong> Dissenyem i organitzem activitats formatives per a docents, com ara tallers i seminaris, que els permeten aprofundir en la did\u00e0ctica de les matem\u00e0tiques i descobrir noves metodologies d&#8217;ensenyament.<\/li>\n\n\n\n<li><strong>Prestem recursos educatius:<\/strong> Facilitem l&#8217;acc\u00e9s als recursos educatius del museu, com ara materials manipulatius i jocs matem\u00e0tics, perqu\u00e8 els docents els puguin utilitzar a les seves aules.<\/li>\n\n\n\n<li><strong>Difonem activitats de dinamitzaci\u00f3:<\/strong> Donem a con\u00e8ixer les activitats i propostes que ofereix el MMACA per a la dinamitzaci\u00f3 de l&#8217;aprenentatge de les matem\u00e0tiques, com ara visites guiades, tallers i exposicions.<\/li>\n<\/ul>\n\n\n\n<p><strong>Amb aquesta alian\u00e7a, volem contribuir a fer de les matem\u00e0tiques una experi\u00e8ncia m\u00e9s engrescadora i significativa per a tots.<\/strong><\/p>\n<\/div>\n\n\n\n<div class=\"wp-block-column is-vertically-aligned-center is-layout-flow wp-block-column-is-layout-flow\">\n<figure class=\"wp-block-image size-full size-large\"><a href=\"https:\/\/serveiseducatius.xtec.cat\/baixllobregat5\/wp-content\/uploads\/usu1180\/2025\/01\/baixa-1.png\"><img loading=\"lazy\" decoding=\"async\" width=\"286\" height=\"176\" src=\"https:\/\/serveiseducatius.xtec.cat\/baixllobregat5\/wp-content\/uploads\/usu1180\/2025\/01\/baixa-1.png\" alt=\"\" class=\"wp-image-25554\"\/><\/a><\/figure>\n<\/div>\n<\/div>\n<\/div><\/div><\/div><\/div><\/div>\n","protected":false},"excerpt":{"rendered":"","protected":false},"author":1,"featured_media":0,"parent":0,"menu_order":0,"comment_status":"closed","ping_status":"close","template":"","meta":{"_bbp_topic_count":0,"_bbp_reply_count":0,"_bbp_total_topic_count":0,"_bbp_total_reply_count":0,"_bbp_voice_count":0,"_bbp_anonymous_reply_count":0,"_bbp_topic_count_hidden":0,"_bbp_reply_count_hidden":0,"_bbp_forum_subforum_count":0,"site-sidebar-layout":"no-sidebar","site-content-layout":"","ast-site-content-layout":"normal-width-container","site-content-style":"boxed","site-sidebar-style":"default","ast-global-header-display":"","ast-banner-title-visibility":"","ast-main-header-display":"","ast-hfb-above-header-display":"","ast-hfb-below-header-display":"","ast-hfb-mobile-header-display":"","site-post-title":"","ast-breadcrumbs-content":"","ast-featured-img":"","footer-sml-layout":"disabled","theme-transparent-header-meta":"","adv-header-id-meta":"","stick-header-meta":"","header-above-stick-meta":"","header-main-stick-meta":"","header-below-stick-meta":"","astra-migrate-meta-layouts":"set","ast-page-background-enabled":"default","ast-page-background-meta":{"desktop":{"background-color":"var(--ast-global-color-4)","background-image":"","background-repeat":"repeat","background-position":"center center","background-size":"auto","background-attachment":"scroll","background-type":"","background-media":"","overlay-type":"","overlay-color":"","overlay-opacity":"","overlay-gradient":""},"tablet":{"background-color":"","background-image":"","background-repeat":"repeat","background-position":"center center","background-size":"auto","background-attachment":"scroll","background-type":"","background-media":"","overlay-type":"","overlay-color":"","overlay-opacity":"","overlay-gradient":""},"mobile":{"background-color":"","background-image":"","background-repeat":"repeat","background-position":"center center","background-size":"auto","background-attachment":"scroll","background-type":"","background-media":"","overlay-type":"","overlay-color":"","overlay-opacity":"","overlay-gradient":""}},"ast-content-background-meta":{"desktop":{"background-color":"var(--ast-global-color-5)","background-image":"","background-repeat":"repeat","background-position":"center center","background-size":"auto","background-attachment":"scroll","background-type":"","background-media":"","overlay-type":"","overlay-color":"","overlay-opacity":"","overlay-gradient":""},"tablet":{"background-color":"var(--ast-global-color-5)","background-image":"","background-repeat":"repeat","background-position":"center center","background-size":"auto","background-attachment":"scroll","background-type":"","background-media":"","overlay-type":"","overlay-color":"","overlay-opacity":"","overlay-gradient":""},"mobile":{"background-color":"var(--ast-global-color-5)","background-image":"","background-repeat":"repeat","background-position":"center center","background-size":"auto","background-attachment":"scroll","background-type":"","background-media":"","overlay-type":"","overlay-color":"","overlay-opacity":"","overlay-gradient":""}},"footnotes":""},"class_list":["post-25032","page","type-page","status-publish","hentry"],"post_mailing_queue_ids":[],"_links":{"self":[{"href":"https:\/\/serveiseducatius.xtec.cat\/baixllobregat5\/wp-json\/wp\/v2\/pages\/25032","targetHints":{"allow":["GET"]}}],"collection":[{"href":"https:\/\/serveiseducatius.xtec.cat\/baixllobregat5\/wp-json\/wp\/v2\/pages"}],"about":[{"href":"https:\/\/serveiseducatius.xtec.cat\/baixllobregat5\/wp-json\/wp\/v2\/types\/page"}],"author":[{"embeddable":true,"href":"https:\/\/serveiseducatius.xtec.cat\/baixllobregat5\/wp-json\/wp\/v2\/users\/1"}],"replies":[{"embeddable":true,"href":"https:\/\/serveiseducatius.xtec.cat\/baixllobregat5\/wp-json\/wp\/v2\/comments?post=25032"}],"version-history":[{"count":6,"href":"https:\/\/serveiseducatius.xtec.cat\/baixllobregat5\/wp-json\/wp\/v2\/pages\/25032\/revisions"}],"predecessor-version":[{"id":25556,"href":"https:\/\/serveiseducatius.xtec.cat\/baixllobregat5\/wp-json\/wp\/v2\/pages\/25032\/revisions\/25556"}],"wp:attachment":[{"href":"https:\/\/serveiseducatius.xtec.cat\/baixllobregat5\/wp-json\/wp\/v2\/media?parent=25032"}],"curies":[{"name":"wp","href":"https:\/\/api.w.org\/{rel}","templated":true}]}}