{"id":25010,"date":"2025-01-21T21:16:01","date_gmt":"2025-01-21T20:16:01","guid":{"rendered":"https:\/\/serveiseducatius.xtec.cat\/baixllobregat5\/?page_id=25010"},"modified":"2025-01-28T15:54:30","modified_gmt":"2025-01-28T14:54:30","slug":"treballs-de-recerca","status":"publish","type":"page","link":"https:\/\/serveiseducatius.xtec.cat\/baixllobregat5\/treballs-de-recerca\/","title":{"rendered":"Treballs de recerca"},"content":{"rendered":"\n<div class=\"wp-block-getwid-section alignfull alignfull getwid-section-content-custom-width\"><div class=\"wp-block-getwid-section__wrapper getwid-padding-left-medium getwid-padding-right-medium\"><div class=\"wp-block-getwid-section__inner-wrapper\" style=\"max-width:1140px\"><div class=\"wp-block-getwid-section__background-holder\"><div class=\"wp-block-getwid-section__background\"><\/div><div class=\"wp-block-getwid-section__foreground\"><\/div><\/div><div class=\"wp-block-getwid-section__content\"><div class=\"wp-block-getwid-section__inner-content\">\n<div class=\"wp-block-columns has-2-columns are-vertically-aligned-center is-layout-flex wp-container-core-columns-is-layout-1 wp-block-columns-is-layout-flex\">\n<div class=\"wp-block-column is-vertically-aligned-center is-layout-flow wp-block-column-is-layout-flow\">\n<div class=\"wp-block-getwid-advanced-heading\" style=\"margin-bottom:0px;margin-top:0px\"><span class=\"wp-block-getwid-advanced-heading__content\"><strong>Acompanyem l&#8217;alumnat en el seu Treball de Recerca<\/strong><\/span><\/div>\n\n\n\n<p>Al Servei Educatiu del Baix Llobregat 5, <strong>acompanyem l&#8217;alumnat de batxillerat en el proc\u00e9s d&#8217;elaboraci\u00f3 del seu Treball de Recerca<\/strong>, una tasca crucial en la seva etapa educativa. Ho fem a trav\u00e9s de diferents iniciatives que impulsem i organitzem en col\u00b7laboraci\u00f3 amb els centres educatius, el Citilab i els ajuntaments de Cornell\u00e0 de Llobregat i Sant Joan Desp\u00ed.<\/p>\n\n\n\n<p><strong>&#8220;Jam TR&#8221;: Sessions d&#8217;orientaci\u00f3<\/strong><\/p>\n\n\n\n<p>Organitzem les sessions &#8220;Jam TR&#8221;, jornades de dos dies que <strong>tenen com a objectiu guiar l&#8217;alumnat de 1r de batxillerat en el disseny del seu Treball de Recerca<\/strong>. En aquestes sessions, els estudiants:<\/p>\n\n\n\n<ul class=\"wp-block-list\">\n<li>Exploren temes d&#8217;inter\u00e8s relacionats amb els Objectius de Desenvolupament Sostenible (ODS).<\/li>\n\n\n\n<li>Defineixen preguntes de recerca i objectius.<\/li>\n\n\n\n<li>Aprenen procediments cient\u00edfics per a una recerca \u00f2ptima.<\/li>\n<\/ul>\n\n\n\n<p>A Cornell\u00e0 de Llobregat, les &#8220;Jam TR&#8221; se celebren al Citilab en horari lectiu, mentre que a Sant Joan Desp\u00ed, les sessions es duen a terme als propis instituts.<\/p>\n\n\n\n<p><strong>Mostra de Treballs de Recerca<\/strong><\/p>\n\n\n\n<p><strong>Organitzem Mostres de Treballs de Recerca<\/strong> perqu\u00e8 l&#8217;alumnat de 1r de batxillerat pugui con\u00e8ixer de primera m\u00e0 l&#8217;experi\u00e8ncia dels seus companys i companyes de 2n que ja han finalitzat el proc\u00e9s.<\/p>\n\n\n\n<ul class=\"wp-block-list\">\n<li>A Cornell\u00e0 de Llobregat, la Mostra reuneix 25 treballs seleccionats i es porta a terme al Citilab. L&#8217;alumnat de 1r assisteix a diverses exposicions i pot fer preguntes als ponents. El Citilab tamb\u00e9 comparteix els v\u00eddeos de les presentacions i publica els treballs al &#8220;Mapa del Coneixement&#8221; de la ciutat.<\/li>\n\n\n\n<li>A Sant Joan Desp\u00ed, la Mostra es fa amb la participaci\u00f3 dels alumnes guardonats en els premis de Treballs de Recerca de l&#8217;Ajuntament. L&#8217;alumnat de 1r assisteix a les exposicions, participa en un torn de preguntes i rep consells sobre el disseny i l&#8217;elaboraci\u00f3 dels seus treballs.<\/li>\n<\/ul>\n\n\n\n<p><strong>Amb aquestes iniciatives, volem oferir a l&#8217;alumnat el suport i la guia necessaris per a qu\u00e8 pugui desenvolupar amb \u00e8xit el seu Treball de Recerca.<\/strong><\/p>\n<\/div>\n\n\n\n<div class=\"wp-block-column is-vertically-aligned-center is-layout-flow wp-block-column-is-layout-flow\">\n<figure class=\"wp-block-image size-full size-large\"><a href=\"https:\/\/serveiseducatius.xtec.cat\/baixllobregat5\/wp-content\/uploads\/usu1180\/2025\/01\/2019-01-15.png\"><img loading=\"lazy\" decoding=\"async\" width=\"810\" height=\"450\" src=\"https:\/\/serveiseducatius.xtec.cat\/baixllobregat5\/wp-content\/uploads\/usu1180\/2025\/01\/2019-01-15.png\" alt=\"\" class=\"wp-image-25581\" srcset=\"https:\/\/serveiseducatius.xtec.cat\/baixllobregat5\/wp-content\/uploads\/usu1180\/2025\/01\/2019-01-15.png 810w, https:\/\/serveiseducatius.xtec.cat\/baixllobregat5\/wp-content\/uploads\/usu1180\/2025\/01\/2019-01-15-300x167.png 300w, https:\/\/serveiseducatius.xtec.cat\/baixllobregat5\/wp-content\/uploads\/usu1180\/2025\/01\/2019-01-15-768x427.png 768w\" sizes=\"auto, (max-width: 810px) 100vw, 810px\" \/><\/a><\/figure>\n<\/div>\n<\/div>\n<\/div><\/div><\/div><\/div><\/div>\n","protected":false},"excerpt":{"rendered":"","protected":false},"author":1,"featured_media":0,"parent":0,"menu_order":0,"comment_status":"closed","ping_status":"close","template":"","meta":{"_bbp_topic_count":0,"_bbp_reply_count":0,"_bbp_total_topic_count":0,"_bbp_total_reply_count":0,"_bbp_voice_count":0,"_bbp_anonymous_reply_count":0,"_bbp_topic_count_hidden":0,"_bbp_reply_count_hidden":0,"_bbp_forum_subforum_count":0,"site-sidebar-layout":"no-sidebar","site-content-layout":"","ast-site-content-layout":"normal-width-container","site-content-style":"boxed","site-sidebar-style":"default","ast-global-header-display":"","ast-banner-title-visibility":"","ast-main-header-display":"","ast-hfb-above-header-display":"","ast-hfb-below-header-display":"","ast-hfb-mobile-header-display":"","site-post-title":"","ast-breadcrumbs-content":"","ast-featured-img":"","footer-sml-layout":"disabled","theme-transparent-header-meta":"","adv-header-id-meta":"","stick-header-meta":"","header-above-stick-meta":"","header-main-stick-meta":"","header-below-stick-meta":"","astra-migrate-meta-layouts":"set","ast-page-background-enabled":"default","ast-page-background-meta":{"desktop":{"background-color":"var(--ast-global-color-4)","background-image":"","background-repeat":"repeat","background-position":"center center","background-size":"auto","background-attachment":"scroll","background-type":"","background-media":"","overlay-type":"","overlay-color":"","overlay-opacity":"","overlay-gradient":""},"tablet":{"background-color":"","background-image":"","background-repeat":"repeat","background-position":"center center","background-size":"auto","background-attachment":"scroll","background-type":"","background-media":"","overlay-type":"","overlay-color":"","overlay-opacity":"","overlay-gradient":""},"mobile":{"background-color":"","background-image":"","background-repeat":"repeat","background-position":"center center","background-size":"auto","background-attachment":"scroll","background-type":"","background-media":"","overlay-type":"","overlay-color":"","overlay-opacity":"","overlay-gradient":""}},"ast-content-background-meta":{"desktop":{"background-color":"var(--ast-global-color-5)","background-image":"","background-repeat":"repeat","background-position":"center center","background-size":"auto","background-attachment":"scroll","background-type":"","background-media":"","overlay-type":"","overlay-color":"","overlay-opacity":"","overlay-gradient":""},"tablet":{"background-color":"var(--ast-global-color-5)","background-image":"","background-repeat":"repeat","background-position":"center center","background-size":"auto","background-attachment":"scroll","background-type":"","background-media":"","overlay-type":"","overlay-color":"","overlay-opacity":"","overlay-gradient":""},"mobile":{"background-color":"var(--ast-global-color-5)","background-image":"","background-repeat":"repeat","background-position":"center center","background-size":"auto","background-attachment":"scroll","background-type":"","background-media":"","overlay-type":"","overlay-color":"","overlay-opacity":"","overlay-gradient":""}},"footnotes":""},"class_list":["post-25010","page","type-page","status-publish","hentry"],"post_mailing_queue_ids":[],"_links":{"self":[{"href":"https:\/\/serveiseducatius.xtec.cat\/baixllobregat5\/wp-json\/wp\/v2\/pages\/25010","targetHints":{"allow":["GET"]}}],"collection":[{"href":"https:\/\/serveiseducatius.xtec.cat\/baixllobregat5\/wp-json\/wp\/v2\/pages"}],"about":[{"href":"https:\/\/serveiseducatius.xtec.cat\/baixllobregat5\/wp-json\/wp\/v2\/types\/page"}],"author":[{"embeddable":true,"href":"https:\/\/serveiseducatius.xtec.cat\/baixllobregat5\/wp-json\/wp\/v2\/users\/1"}],"replies":[{"embeddable":true,"href":"https:\/\/serveiseducatius.xtec.cat\/baixllobregat5\/wp-json\/wp\/v2\/comments?post=25010"}],"version-history":[{"count":4,"href":"https:\/\/serveiseducatius.xtec.cat\/baixllobregat5\/wp-json\/wp\/v2\/pages\/25010\/revisions"}],"predecessor-version":[{"id":25582,"href":"https:\/\/serveiseducatius.xtec.cat\/baixllobregat5\/wp-json\/wp\/v2\/pages\/25010\/revisions\/25582"}],"wp:attachment":[{"href":"https:\/\/serveiseducatius.xtec.cat\/baixllobregat5\/wp-json\/wp\/v2\/media?parent=25010"}],"curies":[{"name":"wp","href":"https:\/\/api.w.org\/{rel}","templated":true}]}}