{"id":25004,"date":"2025-01-21T21:15:24","date_gmt":"2025-01-21T20:15:24","guid":{"rendered":"https:\/\/serveiseducatius.xtec.cat\/baixllobregat5\/?page_id=25004"},"modified":"2025-01-28T10:44:54","modified_gmt":"2025-01-28T09:44:54","slug":"playing-learning","status":"publish","type":"page","link":"https:\/\/serveiseducatius.xtec.cat\/baixllobregat5\/playing-learning\/","title":{"rendered":"Playing &amp; Learning"},"content":{"rendered":"\n<div class=\"wp-block-getwid-section alignfull alignfull getwid-section-content-custom-width\"><div class=\"wp-block-getwid-section__wrapper getwid-padding-left-medium getwid-padding-right-medium\"><div class=\"wp-block-getwid-section__inner-wrapper\" style=\"max-width:1140px\"><div class=\"wp-block-getwid-section__background-holder\"><div class=\"wp-block-getwid-section__background\"><\/div><div class=\"wp-block-getwid-section__foreground\"><\/div><\/div><div class=\"wp-block-getwid-section__content\"><div class=\"wp-block-getwid-section__inner-content\">\n<div class=\"wp-block-columns has-2-columns are-vertically-aligned-center is-layout-flex wp-container-core-columns-is-layout-1 wp-block-columns-is-layout-flex\">\n<div class=\"wp-block-column is-vertically-aligned-center is-layout-flow wp-block-column-is-layout-flow\">\n<div class=\"wp-block-getwid-advanced-heading\" style=\"margin-bottom:0px;margin-top:0px\"><span class=\"wp-block-getwid-advanced-heading__content\"><strong> Jugant i aprenent: el projecte &#8220;Playing &amp; Learning&#8221; connecta el Baix Llobregat amb Senegal <\/strong><\/span><\/div>\n\n\n\n<p>El projecte<a href=\"https:\/\/agora.xtec.cat\/cfajujol\/general\/projecte-playlearning\/\"> &#8220;Playing &amp; Learning&#8221;<\/a> uneix centres i serveis educatius del Baix Llobregat amb l&#8217;escola Diannah de Cassamance, Senegal, en una iniciativa solid\u00e0ria que promou l&#8217;educaci\u00f3 a trav\u00e9s del joc.<\/p>\n\n\n\n<p>Impulsat pel<a href=\"https:\/\/sites.google.com\/xtec.cat\/garagelab\/com-es-laula\"> CFA Arquitecte Jujol de Sant Joan Desp\u00ed<\/a>, amb la col\u00b7laboraci\u00f3 del Servei Educatiu del Baix Llobregat 5, altres CFA de la comarca, l&#8217;alumnat del PDC dels instituts de Sant Joan Desp\u00ed, escoles de prim\u00e0ria de la mateixa localitat i l&#8217;EOI de Cornell\u00e0, aquest projecte es centra en el disseny i la fabricaci\u00f3 de jocs de taula per als infants de Senegal.<\/p>\n\n\n\n<p>Aquesta iniciativa no nom\u00e9s fomenta la creativitat i el treball en equip dels participants, sin\u00f3 que tamb\u00e9 contribueix a millorar les oportunitats educatives dels infants de l&#8217;escola Diannah, oferint-los recursos engrescadors per aprendre i jugar.<\/p>\n\n\n\n<p><strong>&#8220;Playing &amp; Learning&#8221; \u00e9s un exemple inspirador de com la col\u00b7laboraci\u00f3 i la solidaritat poden traspassar fronteres per construir un futur m\u00e9s educatiu i divertit per a tots els infants.<\/strong><\/p>\n\n\n\n<p><strong>Aprenentatge a trav\u00e9s del joc<\/strong><\/p>\n\n\n\n<p>&#8220;Playing &amp; Learning&#8221; es basa en la idea que el joc \u00e9s una eina poderosa per a l&#8217;aprenentatge. Els jocs de taula que es creen en el marc d&#8217;aquest projecte estan dissenyats per a qu\u00e8 els infants de l&#8217;escola Diannah puguin practicar i refor\u00e7ar coneixements de diferents \u00e0rees com el coneixement del medi, les matem\u00e0tiques i el franc\u00e8s, de manera divertida i engrescadora.<\/p>\n\n\n\n<p><\/p>\n<\/div>\n\n\n\n<div class=\"wp-block-column is-vertically-aligned-center is-layout-flow wp-block-column-is-layout-flow\">\n<figure class=\"wp-block-image size-large\"><a href=\"https:\/\/serveiseducatius.xtec.cat\/baixllobregat5\/wp-content\/uploads\/usu1180\/2025\/01\/Cartel-Logo.jpg\"><img loading=\"lazy\" decoding=\"async\" width=\"724\" height=\"1024\" src=\"https:\/\/serveiseducatius.xtec.cat\/baixllobregat5\/wp-content\/uploads\/usu1180\/2025\/01\/Cartel-Logo-724x1024.jpg\" alt=\"\" class=\"wp-image-25509\" srcset=\"https:\/\/serveiseducatius.xtec.cat\/baixllobregat5\/wp-content\/uploads\/usu1180\/2025\/01\/Cartel-Logo-724x1024.jpg 724w, https:\/\/serveiseducatius.xtec.cat\/baixllobregat5\/wp-content\/uploads\/usu1180\/2025\/01\/Cartel-Logo-212x300.jpg 212w, https:\/\/serveiseducatius.xtec.cat\/baixllobregat5\/wp-content\/uploads\/usu1180\/2025\/01\/Cartel-Logo-768x1086.jpg 768w, https:\/\/serveiseducatius.xtec.cat\/baixllobregat5\/wp-content\/uploads\/usu1180\/2025\/01\/Cartel-Logo-1086x1536.jpg 1086w, https:\/\/serveiseducatius.xtec.cat\/baixllobregat5\/wp-content\/uploads\/usu1180\/2025\/01\/Cartel-Logo.jpg 1414w\" sizes=\"auto, (max-width: 724px) 100vw, 724px\" \/><\/a><\/figure>\n<\/div>\n<\/div>\n<\/div><\/div><\/div><\/div><\/div>\n","protected":false},"excerpt":{"rendered":"","protected":false},"author":1,"featured_media":0,"parent":0,"menu_order":0,"comment_status":"closed","ping_status":"close","template":"","meta":{"_bbp_topic_count":0,"_bbp_reply_count":0,"_bbp_total_topic_count":0,"_bbp_total_reply_count":0,"_bbp_voice_count":0,"_bbp_anonymous_reply_count":0,"_bbp_topic_count_hidden":0,"_bbp_reply_count_hidden":0,"_bbp_forum_subforum_count":0,"site-sidebar-layout":"no-sidebar","site-content-layout":"","ast-site-content-layout":"normal-width-container","site-content-style":"boxed","site-sidebar-style":"default","ast-global-header-display":"","ast-banner-title-visibility":"","ast-main-header-display":"","ast-hfb-above-header-display":"","ast-hfb-below-header-display":"","ast-hfb-mobile-header-display":"","site-post-title":"","ast-breadcrumbs-content":"","ast-featured-img":"","footer-sml-layout":"disabled","theme-transparent-header-meta":"","adv-header-id-meta":"","stick-header-meta":"","header-above-stick-meta":"","header-main-stick-meta":"","header-below-stick-meta":"","astra-migrate-meta-layouts":"set","ast-page-background-enabled":"default","ast-page-background-meta":{"desktop":{"background-color":"var(--ast-global-color-4)","background-image":"","background-repeat":"repeat","background-position":"center center","background-size":"auto","background-attachment":"scroll","background-type":"","background-media":"","overlay-type":"","overlay-color":"","overlay-opacity":"","overlay-gradient":""},"tablet":{"background-color":"","background-image":"","background-repeat":"repeat","background-position":"center center","background-size":"auto","background-attachment":"scroll","background-type":"","background-media":"","overlay-type":"","overlay-color":"","overlay-opacity":"","overlay-gradient":""},"mobile":{"background-color":"","background-image":"","background-repeat":"repeat","background-position":"center center","background-size":"auto","background-attachment":"scroll","background-type":"","background-media":"","overlay-type":"","overlay-color":"","overlay-opacity":"","overlay-gradient":""}},"ast-content-background-meta":{"desktop":{"background-color":"var(--ast-global-color-5)","background-image":"","background-repeat":"repeat","background-position":"center center","background-size":"auto","background-attachment":"scroll","background-type":"","background-media":"","overlay-type":"","overlay-color":"","overlay-opacity":"","overlay-gradient":""},"tablet":{"background-color":"var(--ast-global-color-5)","background-image":"","background-repeat":"repeat","background-position":"center center","background-size":"auto","background-attachment":"scroll","background-type":"","background-media":"","overlay-type":"","overlay-color":"","overlay-opacity":"","overlay-gradient":""},"mobile":{"background-color":"var(--ast-global-color-5)","background-image":"","background-repeat":"repeat","background-position":"center center","background-size":"auto","background-attachment":"scroll","background-type":"","background-media":"","overlay-type":"","overlay-color":"","overlay-opacity":"","overlay-gradient":""}},"footnotes":""},"class_list":["post-25004","page","type-page","status-publish","hentry"],"post_mailing_queue_ids":[],"_links":{"self":[{"href":"https:\/\/serveiseducatius.xtec.cat\/baixllobregat5\/wp-json\/wp\/v2\/pages\/25004","targetHints":{"allow":["GET"]}}],"collection":[{"href":"https:\/\/serveiseducatius.xtec.cat\/baixllobregat5\/wp-json\/wp\/v2\/pages"}],"about":[{"href":"https:\/\/serveiseducatius.xtec.cat\/baixllobregat5\/wp-json\/wp\/v2\/types\/page"}],"author":[{"embeddable":true,"href":"https:\/\/serveiseducatius.xtec.cat\/baixllobregat5\/wp-json\/wp\/v2\/users\/1"}],"replies":[{"embeddable":true,"href":"https:\/\/serveiseducatius.xtec.cat\/baixllobregat5\/wp-json\/wp\/v2\/comments?post=25004"}],"version-history":[{"count":4,"href":"https:\/\/serveiseducatius.xtec.cat\/baixllobregat5\/wp-json\/wp\/v2\/pages\/25004\/revisions"}],"predecessor-version":[{"id":25511,"href":"https:\/\/serveiseducatius.xtec.cat\/baixllobregat5\/wp-json\/wp\/v2\/pages\/25004\/revisions\/25511"}],"wp:attachment":[{"href":"https:\/\/serveiseducatius.xtec.cat\/baixllobregat5\/wp-json\/wp\/v2\/media?parent=25004"}],"curies":[{"name":"wp","href":"https:\/\/api.w.org\/{rel}","templated":true}]}}