{"id":24995,"date":"2025-01-21T21:14:04","date_gmt":"2025-01-21T20:14:04","guid":{"rendered":"https:\/\/serveiseducatius.xtec.cat\/baixllobregat5\/?page_id=24995"},"modified":"2025-01-28T13:52:09","modified_gmt":"2025-01-28T12:52:09","slug":"lego-games-bll-5","status":"publish","type":"page","link":"https:\/\/serveiseducatius.xtec.cat\/baixllobregat5\/lego-games-bll-5\/","title":{"rendered":"Lego Games BLL 5"},"content":{"rendered":"\n<div class=\"wp-block-getwid-section alignfull alignfull getwid-section-content-custom-width\"><div class=\"wp-block-getwid-section__wrapper getwid-padding-left-medium getwid-padding-right-medium\"><div class=\"wp-block-getwid-section__inner-wrapper\" style=\"max-width:1140px\"><div class=\"wp-block-getwid-section__background-holder\"><div class=\"wp-block-getwid-section__background\"><\/div><div class=\"wp-block-getwid-section__foreground\"><\/div><\/div><div class=\"wp-block-getwid-section__content\"><div class=\"wp-block-getwid-section__inner-content\">\n<div class=\"wp-block-columns has-2-columns are-vertically-aligned-center is-layout-flex wp-container-core-columns-is-layout-1 wp-block-columns-is-layout-flex\">\n<div class=\"wp-block-column is-vertically-aligned-center is-layout-flow wp-block-column-is-layout-flow\">\n<div class=\"wp-block-getwid-advanced-heading\" style=\"margin-bottom:0px;margin-top:0px\"><span class=\"wp-block-getwid-advanced-heading__content\"><strong>LEGOGAMES: Una aventura educativa amb LEGO Spike!<\/strong><\/span><\/div>\n\n\n\n<p><strong>Prepareu-vos per a una experi\u00e8ncia inoblidable que combina tecnologia, creativitat i diversi\u00f3!<\/strong><\/p>\n\n\n\n<p>LEGOGAMES \u00e9s una activitat dissenyada per a estudiants de 6\u00e8 de prim\u00e0ria, 1r i 2n d&#8217;ESO, on descobreixen el fascinant m\u00f3n de la rob\u00f2tica amb LEGO Spike. A trav\u00e9s de cinc proves emocionants, els participants posen a prova les seves habilitats en programaci\u00f3 i construcci\u00f3, alhora que desenvolupen la seva creativitat i treballen en equip.<\/p>\n\n\n\n<p><strong>Qu\u00e8 ofereix LEGOGAMES?<\/strong><\/p>\n\n\n\n<ul class=\"wp-block-list\">\n<li><strong>Proposta educativa completa:<\/strong> Sessions, propostes educatives i exemples per millorar les habilitats rob\u00f2tiques dels estudiants.<\/li>\n\n\n\n<li><strong>Recolzament constant:<\/strong> Mentors experts acompanyen els centres durant tot el proc\u00e9s.<\/li>\n\n\n\n<li><strong>Exemples inspiradors:<\/strong> Materials i idees per inspirar i motivar els participants.<\/li>\n\n\n\n<li><strong>Cinc proves emocionants:<\/strong>\n<ul class=\"wp-block-list\">\n<li>Cursa de velocitat.<\/li>\n\n\n\n<li>Llan\u00e7ament de pes.<\/li>\n\n\n\n<li>Seguiment de l\u00ednia.<\/li>\n\n\n\n<li>Transport d&#8217;objectes.<\/li>\n\n\n\n<li>Robot Sumo.<\/li>\n<\/ul>\n<\/li>\n<\/ul>\n\n\n\n<p><strong>Calendari de l&#8217;esdeveniment:<\/strong><\/p>\n\n\n\n<ul class=\"wp-block-list\">\n<li><strong>Febrer &#8211; Abril:<\/strong> Presentaci\u00f3 als centres i assessoraments.<\/li>\n\n\n\n<li><strong>Mitjans de febrer:<\/strong> S&#8217;obre el formulari d&#8217;inscripci\u00f3.<\/li>\n\n\n\n<li><strong>Abril:<\/strong> Els centres participants s&#8217;organitzen internament.<\/li>\n\n\n\n<li><strong>Maig:<\/strong> Se celebra la trobada d&#8217;exhibici\u00f3 final.<\/li>\n<\/ul>\n\n\n\n<p><strong>Valors de la jornada:<\/strong><\/p>\n\n\n\n<ul class=\"wp-block-list\">\n<li>Respecte mutu.<\/li>\n\n\n\n<li>Esperit esportiu.<\/li>\n\n\n\n<li>Col\u00b7laboraci\u00f3.<\/li>\n<\/ul>\n\n\n\n<p><strong>No us perdeu aquesta oportunitat \u00fanica d&#8217;aprendre, crear i competir amb LEGO Spike!<\/strong><\/p>\n\n\n\n<p><strong>Inscripcions obertes a partir de mitjans de febrer.<\/strong><\/p>\n<\/div>\n\n\n\n<div class=\"wp-block-column is-vertically-aligned-center is-layout-flow wp-block-column-is-layout-flow\">\n<figure class=\"wp-block-image size-large\"><a href=\"https:\/\/serveiseducatius.xtec.cat\/baixllobregat5\/wp-content\/uploads\/usu1180\/2025\/01\/logo-lego-games.png\"><img loading=\"lazy\" decoding=\"async\" width=\"1024\" height=\"1024\" src=\"https:\/\/serveiseducatius.xtec.cat\/baixllobregat5\/wp-content\/uploads\/usu1180\/2025\/01\/logo-lego-games-1024x1024.png\" alt=\"\" class=\"wp-image-25566\" srcset=\"https:\/\/serveiseducatius.xtec.cat\/baixllobregat5\/wp-content\/uploads\/usu1180\/2025\/01\/logo-lego-games-1024x1024.png 1024w, https:\/\/serveiseducatius.xtec.cat\/baixllobregat5\/wp-content\/uploads\/usu1180\/2025\/01\/logo-lego-games-300x300.png 300w, https:\/\/serveiseducatius.xtec.cat\/baixllobregat5\/wp-content\/uploads\/usu1180\/2025\/01\/logo-lego-games-150x150.png 150w, https:\/\/serveiseducatius.xtec.cat\/baixllobregat5\/wp-content\/uploads\/usu1180\/2025\/01\/logo-lego-games-768x768.png 768w, https:\/\/serveiseducatius.xtec.cat\/baixllobregat5\/wp-content\/uploads\/usu1180\/2025\/01\/logo-lego-games.png 1080w\" sizes=\"auto, (max-width: 1024px) 100vw, 1024px\" \/><\/a><\/figure>\n<\/div>\n<\/div>\n<\/div><\/div><\/div><\/div><\/div>\n","protected":false},"excerpt":{"rendered":"","protected":false},"author":1,"featured_media":0,"parent":0,"menu_order":0,"comment_status":"closed","ping_status":"close","template":"","meta":{"_bbp_topic_count":0,"_bbp_reply_count":0,"_bbp_total_topic_count":0,"_bbp_total_reply_count":0,"_bbp_voice_count":0,"_bbp_anonymous_reply_count":0,"_bbp_topic_count_hidden":0,"_bbp_reply_count_hidden":0,"_bbp_forum_subforum_count":0,"site-sidebar-layout":"no-sidebar","site-content-layout":"","ast-site-content-layout":"normal-width-container","site-content-style":"boxed","site-sidebar-style":"default","ast-global-header-display":"","ast-banner-title-visibility":"","ast-main-header-display":"","ast-hfb-above-header-display":"","ast-hfb-below-header-display":"","ast-hfb-mobile-header-display":"","site-post-title":"","ast-breadcrumbs-content":"","ast-featured-img":"","footer-sml-layout":"disabled","theme-transparent-header-meta":"","adv-header-id-meta":"","stick-header-meta":"","header-above-stick-meta":"","header-main-stick-meta":"","header-below-stick-meta":"","astra-migrate-meta-layouts":"set","ast-page-background-enabled":"default","ast-page-background-meta":{"desktop":{"background-color":"var(--ast-global-color-4)","background-image":"","background-repeat":"repeat","background-position":"center center","background-size":"auto","background-attachment":"scroll","background-type":"","background-media":"","overlay-type":"","overlay-color":"","overlay-opacity":"","overlay-gradient":""},"tablet":{"background-color":"","background-image":"","background-repeat":"repeat","background-position":"center center","background-size":"auto","background-attachment":"scroll","background-type":"","background-media":"","overlay-type":"","overlay-color":"","overlay-opacity":"","overlay-gradient":""},"mobile":{"background-color":"","background-image":"","background-repeat":"repeat","background-position":"center center","background-size":"auto","background-attachment":"scroll","background-type":"","background-media":"","overlay-type":"","overlay-color":"","overlay-opacity":"","overlay-gradient":""}},"ast-content-background-meta":{"desktop":{"background-color":"var(--ast-global-color-5)","background-image":"","background-repeat":"repeat","background-position":"center center","background-size":"auto","background-attachment":"scroll","background-type":"","background-media":"","overlay-type":"","overlay-color":"","overlay-opacity":"","overlay-gradient":""},"tablet":{"background-color":"var(--ast-global-color-5)","background-image":"","background-repeat":"repeat","background-position":"center center","background-size":"auto","background-attachment":"scroll","background-type":"","background-media":"","overlay-type":"","overlay-color":"","overlay-opacity":"","overlay-gradient":""},"mobile":{"background-color":"var(--ast-global-color-5)","background-image":"","background-repeat":"repeat","background-position":"center center","background-size":"auto","background-attachment":"scroll","background-type":"","background-media":"","overlay-type":"","overlay-color":"","overlay-opacity":"","overlay-gradient":""}},"footnotes":""},"class_list":["post-24995","page","type-page","status-publish","hentry"],"post_mailing_queue_ids":[],"_links":{"self":[{"href":"https:\/\/serveiseducatius.xtec.cat\/baixllobregat5\/wp-json\/wp\/v2\/pages\/24995","targetHints":{"allow":["GET"]}}],"collection":[{"href":"https:\/\/serveiseducatius.xtec.cat\/baixllobregat5\/wp-json\/wp\/v2\/pages"}],"about":[{"href":"https:\/\/serveiseducatius.xtec.cat\/baixllobregat5\/wp-json\/wp\/v2\/types\/page"}],"author":[{"embeddable":true,"href":"https:\/\/serveiseducatius.xtec.cat\/baixllobregat5\/wp-json\/wp\/v2\/users\/1"}],"replies":[{"embeddable":true,"href":"https:\/\/serveiseducatius.xtec.cat\/baixllobregat5\/wp-json\/wp\/v2\/comments?post=24995"}],"version-history":[{"count":3,"href":"https:\/\/serveiseducatius.xtec.cat\/baixllobregat5\/wp-json\/wp\/v2\/pages\/24995\/revisions"}],"predecessor-version":[{"id":25567,"href":"https:\/\/serveiseducatius.xtec.cat\/baixllobregat5\/wp-json\/wp\/v2\/pages\/24995\/revisions\/25567"}],"wp:attachment":[{"href":"https:\/\/serveiseducatius.xtec.cat\/baixllobregat5\/wp-json\/wp\/v2\/media?parent=24995"}],"curies":[{"name":"wp","href":"https:\/\/api.w.org\/{rel}","templated":true}]}}