{"id":24983,"date":"2025-01-21T21:12:48","date_gmt":"2025-01-21T20:12:48","guid":{"rendered":"https:\/\/serveiseducatius.xtec.cat\/baixllobregat5\/?page_id=24983"},"modified":"2025-01-28T12:34:13","modified_gmt":"2025-01-28T11:34:13","slug":"gimcana-matematica","status":"publish","type":"page","link":"https:\/\/serveiseducatius.xtec.cat\/baixllobregat5\/gimcana-matematica\/","title":{"rendered":"Gimcana matem\u00e0tica"},"content":{"rendered":"\n<div class=\"wp-block-getwid-section alignfull alignfull getwid-section-content-custom-width\"><div class=\"wp-block-getwid-section__wrapper getwid-padding-left-medium getwid-padding-right-medium\"><div class=\"wp-block-getwid-section__inner-wrapper\" style=\"max-width:1140px\"><div class=\"wp-block-getwid-section__background-holder\"><div class=\"wp-block-getwid-section__background\"><\/div><div class=\"wp-block-getwid-section__foreground\"><\/div><\/div><div class=\"wp-block-getwid-section__content\"><div class=\"wp-block-getwid-section__inner-content\">\n<div class=\"wp-block-columns has-2-columns are-vertically-aligned-center is-layout-flex wp-container-core-columns-is-layout-1 wp-block-columns-is-layout-flex\">\n<div class=\"wp-block-column is-vertically-aligned-center is-layout-flow wp-block-column-is-layout-flow\">\n<div class=\"wp-block-getwid-advanced-heading\" style=\"margin-bottom:0px;margin-top:0px\"><span class=\"wp-block-getwid-advanced-heading__content\"><strong>Gimcanes matem\u00e0tiques: una aventura de resoluci\u00f3 de problemes a Cornell\u00e0 i Sant Joan Desp\u00ed<\/strong>. <strong>Alumnes de prim\u00e0ria i secund\u00e0ria s&#8217;uneixen per resoldre enigmes i gaudir de les matem\u00e0tiques d&#8217;una manera diferent.<\/strong><\/span><\/div>\n\n\n\n<p>Les gimcanes matem\u00e0tiques s\u00f3n una activitat que promou l&#8217;aprenentatge de les matem\u00e0tiques d&#8217;una manera l\u00fadica i participativa. A Cornell\u00e0 de Llobregat i Sant Joan Desp\u00ed, aquestes gimcanes es converteixen en una experi\u00e8ncia enriquidora que involucra alumnes de 6\u00e8 de prim\u00e0ria i 1r d&#8217;ESO de diferents centres educatius.<\/p>\n\n\n\n<p><strong>Com funcionen?<\/strong><\/p>\n\n\n\n<ul class=\"wp-block-list\">\n<li><strong>Cornell\u00e0 de Llobregat:<\/strong> Les gimcanes es distribueixen per zones educatives i centres adscrits. Els alumnes de prim\u00e0ria, agrupats de manera heterog\u00e8nia, han de resoldre proves i enigmes matem\u00e0tics en diferents taules distribu\u00efdes en circuits. L&#8217;alumnat de secund\u00e0ria adopta un rol actiu, explicant la mec\u00e0nica de cada prova i certificant la seva resoluci\u00f3. Altres alumnes documenten la jornada amb reportatges fotogr\u00e0fics i entrevistes, realitzant una tasca period\u00edstica.<\/li>\n\n\n\n<li><strong>Sant Joan Desp\u00ed:<\/strong> La gimcana es vincula a la Setmana de la Ci\u00e8ncia que se celebra al novembre. Els alumnes de 6\u00e8 de prim\u00e0ria i 1r d&#8217;ESO de tots els centres educatius de la ciutat participen en aquesta activitat, organitzada conjuntament amb el Departament d&#8217;Educaci\u00f3 municipal. L&#8217;alumnat de secund\u00e0ria, assignat a les diferents taules, guia els participants i verifica la resoluci\u00f3 dels enigmes.<\/li>\n<\/ul>\n\n\n\n<p><strong>Beneficis de les gimcanes matem\u00e0tiques:<\/strong><\/p>\n\n\n\n<ul class=\"wp-block-list\">\n<li>Fomenten el treball en equip i la col\u00b7laboraci\u00f3.<\/li>\n\n\n\n<li>Estimulen la resoluci\u00f3 de problemes i el pensament l\u00f2gic.<\/li>\n\n\n\n<li>Promouen l&#8217;inter\u00e8s per les matem\u00e0tiques.<\/li>\n\n\n\n<li>Faciliten la interacci\u00f3 entre alumnat de diferents centres i nivells educatius.<\/li>\n\n\n\n<li>Ofereixen una experi\u00e8ncia educativa din\u00e0mica i divertida.<\/li>\n<\/ul>\n\n\n\n<p>Les gimcanes matem\u00e0tiques a Cornell\u00e0 i Sant Joan Desp\u00ed s\u00f3n un exemple de com l&#8217;aprenentatge pot ser engrescador i motivador, alhora que es fomenta la col\u00b7laboraci\u00f3 i l&#8217;intercanvi entre els participants.<\/p>\n<\/div>\n\n\n\n<div class=\"wp-block-column is-vertically-aligned-center is-layout-flow wp-block-column-is-layout-flow\">\n<figure class=\"wp-block-image size-large\"><a href=\"https:\/\/serveiseducatius.xtec.cat\/baixllobregat5\/wp-content\/uploads\/usu1180\/2025\/01\/vecteezy_geometric-icon-logo-geometric-abstract-element_9481032.jpg\"><img loading=\"lazy\" decoding=\"async\" width=\"1024\" height=\"1024\" src=\"https:\/\/serveiseducatius.xtec.cat\/baixllobregat5\/wp-content\/uploads\/usu1180\/2025\/01\/vecteezy_geometric-icon-logo-geometric-abstract-element_9481032-1024x1024.jpg\" alt=\"\" class=\"wp-image-25536\" srcset=\"https:\/\/serveiseducatius.xtec.cat\/baixllobregat5\/wp-content\/uploads\/usu1180\/2025\/01\/vecteezy_geometric-icon-logo-geometric-abstract-element_9481032-1024x1024.jpg 1024w, https:\/\/serveiseducatius.xtec.cat\/baixllobregat5\/wp-content\/uploads\/usu1180\/2025\/01\/vecteezy_geometric-icon-logo-geometric-abstract-element_9481032-300x300.jpg 300w, https:\/\/serveiseducatius.xtec.cat\/baixllobregat5\/wp-content\/uploads\/usu1180\/2025\/01\/vecteezy_geometric-icon-logo-geometric-abstract-element_9481032-150x150.jpg 150w, https:\/\/serveiseducatius.xtec.cat\/baixllobregat5\/wp-content\/uploads\/usu1180\/2025\/01\/vecteezy_geometric-icon-logo-geometric-abstract-element_9481032-768x768.jpg 768w, https:\/\/serveiseducatius.xtec.cat\/baixllobregat5\/wp-content\/uploads\/usu1180\/2025\/01\/vecteezy_geometric-icon-logo-geometric-abstract-element_9481032-1536x1536.jpg 1536w, https:\/\/serveiseducatius.xtec.cat\/baixllobregat5\/wp-content\/uploads\/usu1180\/2025\/01\/vecteezy_geometric-icon-logo-geometric-abstract-element_9481032.jpg 1920w\" sizes=\"auto, (max-width: 1024px) 100vw, 1024px\" \/><\/a><\/figure>\n<\/div>\n<\/div>\n<\/div><\/div><\/div><\/div><\/div>\n","protected":false},"excerpt":{"rendered":"","protected":false},"author":1,"featured_media":0,"parent":0,"menu_order":0,"comment_status":"closed","ping_status":"close","template":"","meta":{"_bbp_topic_count":0,"_bbp_reply_count":0,"_bbp_total_topic_count":0,"_bbp_total_reply_count":0,"_bbp_voice_count":0,"_bbp_anonymous_reply_count":0,"_bbp_topic_count_hidden":0,"_bbp_reply_count_hidden":0,"_bbp_forum_subforum_count":0,"site-sidebar-layout":"no-sidebar","site-content-layout":"","ast-site-content-layout":"normal-width-container","site-content-style":"boxed","site-sidebar-style":"default","ast-global-header-display":"","ast-banner-title-visibility":"","ast-main-header-display":"","ast-hfb-above-header-display":"","ast-hfb-below-header-display":"","ast-hfb-mobile-header-display":"","site-post-title":"","ast-breadcrumbs-content":"","ast-featured-img":"","footer-sml-layout":"disabled","theme-transparent-header-meta":"","adv-header-id-meta":"","stick-header-meta":"","header-above-stick-meta":"","header-main-stick-meta":"","header-below-stick-meta":"","astra-migrate-meta-layouts":"set","ast-page-background-enabled":"default","ast-page-background-meta":{"desktop":{"background-color":"var(--ast-global-color-4)","background-image":"","background-repeat":"repeat","background-position":"center center","background-size":"auto","background-attachment":"scroll","background-type":"","background-media":"","overlay-type":"","overlay-color":"","overlay-opacity":"","overlay-gradient":""},"tablet":{"background-color":"","background-image":"","background-repeat":"repeat","background-position":"center center","background-size":"auto","background-attachment":"scroll","background-type":"","background-media":"","overlay-type":"","overlay-color":"","overlay-opacity":"","overlay-gradient":""},"mobile":{"background-color":"","background-image":"","background-repeat":"repeat","background-position":"center center","background-size":"auto","background-attachment":"scroll","background-type":"","background-media":"","overlay-type":"","overlay-color":"","overlay-opacity":"","overlay-gradient":""}},"ast-content-background-meta":{"desktop":{"background-color":"var(--ast-global-color-5)","background-image":"","background-repeat":"repeat","background-position":"center center","background-size":"auto","background-attachment":"scroll","background-type":"","background-media":"","overlay-type":"","overlay-color":"","overlay-opacity":"","overlay-gradient":""},"tablet":{"background-color":"var(--ast-global-color-5)","background-image":"","background-repeat":"repeat","background-position":"center center","background-size":"auto","background-attachment":"scroll","background-type":"","background-media":"","overlay-type":"","overlay-color":"","overlay-opacity":"","overlay-gradient":""},"mobile":{"background-color":"var(--ast-global-color-5)","background-image":"","background-repeat":"repeat","background-position":"center center","background-size":"auto","background-attachment":"scroll","background-type":"","background-media":"","overlay-type":"","overlay-color":"","overlay-opacity":"","overlay-gradient":""}},"footnotes":""},"class_list":["post-24983","page","type-page","status-publish","hentry"],"post_mailing_queue_ids":[],"_links":{"self":[{"href":"https:\/\/serveiseducatius.xtec.cat\/baixllobregat5\/wp-json\/wp\/v2\/pages\/24983","targetHints":{"allow":["GET"]}}],"collection":[{"href":"https:\/\/serveiseducatius.xtec.cat\/baixllobregat5\/wp-json\/wp\/v2\/pages"}],"about":[{"href":"https:\/\/serveiseducatius.xtec.cat\/baixllobregat5\/wp-json\/wp\/v2\/types\/page"}],"author":[{"embeddable":true,"href":"https:\/\/serveiseducatius.xtec.cat\/baixllobregat5\/wp-json\/wp\/v2\/users\/1"}],"replies":[{"embeddable":true,"href":"https:\/\/serveiseducatius.xtec.cat\/baixllobregat5\/wp-json\/wp\/v2\/comments?post=24983"}],"version-history":[{"count":4,"href":"https:\/\/serveiseducatius.xtec.cat\/baixllobregat5\/wp-json\/wp\/v2\/pages\/24983\/revisions"}],"predecessor-version":[{"id":25538,"href":"https:\/\/serveiseducatius.xtec.cat\/baixllobregat5\/wp-json\/wp\/v2\/pages\/24983\/revisions\/25538"}],"wp:attachment":[{"href":"https:\/\/serveiseducatius.xtec.cat\/baixllobregat5\/wp-json\/wp\/v2\/media?parent=24983"}],"curies":[{"name":"wp","href":"https:\/\/api.w.org\/{rel}","templated":true}]}}