{"id":24971,"date":"2025-01-21T21:11:50","date_gmt":"2025-01-21T20:11:50","guid":{"rendered":"https:\/\/serveiseducatius.xtec.cat\/baixllobregat5\/?page_id=24971"},"modified":"2025-01-28T09:51:54","modified_gmt":"2025-01-28T08:51:54","slug":"despi-en-veu-alta-2","status":"publish","type":"page","link":"https:\/\/serveiseducatius.xtec.cat\/baixllobregat5\/despi-en-veu-alta-2\/","title":{"rendered":"Desp\u00ed en veu alta"},"content":{"rendered":"\n<div class=\"wp-block-getwid-section alignfull alignfull getwid-section-content-custom-width\"><div class=\"wp-block-getwid-section__wrapper getwid-padding-left-medium getwid-padding-right-medium\"><div class=\"wp-block-getwid-section__inner-wrapper\" style=\"max-width:1140px\"><div class=\"wp-block-getwid-section__background-holder\"><div class=\"wp-block-getwid-section__background\"><\/div><div class=\"wp-block-getwid-section__foreground\"><\/div><\/div><div class=\"wp-block-getwid-section__content\"><div class=\"wp-block-getwid-section__inner-content\">\n<div class=\"wp-block-columns has-2-columns are-vertically-aligned-center is-layout-flex wp-container-core-columns-is-layout-1 wp-block-columns-is-layout-flex\">\n<div class=\"wp-block-column is-vertically-aligned-center is-layout-flow wp-block-column-is-layout-flow\">\n<p>L&#8217;activitat <strong>Desp\u00ed en Veu Alta<\/strong> \u00e9s un projecte per treballar la Lectura en Veu Alta (LVA) amb els infants i joves dels centres educatius de Sant Joan Desp\u00ed. Est\u00e0 organitzat de manera conjunta pel departament d&#8217;Educaci\u00f3, Inf\u00e0ncia i Fam\u00edlia i pel departament&nbsp; de Cultura de l&#8217;Ajuntament de Sant Joan Desp\u00ed, les Biblioteques Municipals Miquel Mart\u00ed i Pol i Merc\u00e8 Rodoreda i el Centre de Recursos Pedag\u00f2gics del Serveis Educatius Baix Llobregat 5 de la Generalitat de Catalunya.<\/p>\n\n\n\n<p>El projecte ofereix:<\/p>\n\n\n\n<ol class=\"wp-block-list\">\n<li>Formaci\u00f3 als mestres per al treball de la LVA a l\u2019aula<\/li>\n\n\n\n<li>Organitzaci\u00f3 d\u2019una mostra p\u00fablica, l\u00fadica i no competitiva de lectura en veu alta a les biblioteques p\u00fabliques de Sant Joan Desp\u00ed.<\/li>\n\n\n\n<li>Lots de llibres per a la Biblioteques Escolars dels centres participants.<\/li>\n<\/ol>\n<\/div>\n\n\n\n<div class=\"wp-block-column is-vertically-aligned-center is-layout-flow wp-block-column-is-layout-flow\">\n<figure class=\"wp-block-image size-full size-large\"><a href=\"http:\/\/serveiseducatius.xtec.cat\/baixllobregat5\/wp-content\/uploads\/usu1180\/2018\/05\/Veu-Alta-Log-e1526636082763.png\"><img loading=\"lazy\" decoding=\"async\" width=\"400\" height=\"268\" src=\"http:\/\/serveiseducatius.xtec.cat\/baixllobregat5\/wp-content\/uploads\/usu1180\/2018\/05\/Veu-Alta-Log-e1526636082763.png\" alt=\"\" class=\"wp-image-13435\"\/><\/a><\/figure>\n<\/div>\n<\/div>\n<\/div><\/div><\/div><\/div><\/div>\n","protected":false},"excerpt":{"rendered":"","protected":false},"author":1,"featured_media":0,"parent":0,"menu_order":0,"comment_status":"closed","ping_status":"close","template":"","meta":{"_bbp_topic_count":0,"_bbp_reply_count":0,"_bbp_total_topic_count":0,"_bbp_total_reply_count":0,"_bbp_voice_count":0,"_bbp_anonymous_reply_count":0,"_bbp_topic_count_hidden":0,"_bbp_reply_count_hidden":0,"_bbp_forum_subforum_count":0,"site-sidebar-layout":"no-sidebar","site-content-layout":"","ast-site-content-layout":"normal-width-container","site-content-style":"boxed","site-sidebar-style":"default","ast-global-header-display":"","ast-banner-title-visibility":"","ast-main-header-display":"","ast-hfb-above-header-display":"","ast-hfb-below-header-display":"","ast-hfb-mobile-header-display":"","site-post-title":"","ast-breadcrumbs-content":"","ast-featured-img":"","footer-sml-layout":"disabled","theme-transparent-header-meta":"","adv-header-id-meta":"","stick-header-meta":"","header-above-stick-meta":"","header-main-stick-meta":"","header-below-stick-meta":"","astra-migrate-meta-layouts":"set","ast-page-background-enabled":"default","ast-page-background-meta":{"desktop":{"background-color":"var(--ast-global-color-4)","background-image":"","background-repeat":"repeat","background-position":"center center","background-size":"auto","background-attachment":"scroll","background-type":"","background-media":"","overlay-type":"","overlay-color":"","overlay-opacity":"","overlay-gradient":""},"tablet":{"background-color":"","background-image":"","background-repeat":"repeat","background-position":"center center","background-size":"auto","background-attachment":"scroll","background-type":"","background-media":"","overlay-type":"","overlay-color":"","overlay-opacity":"","overlay-gradient":""},"mobile":{"background-color":"","background-image":"","background-repeat":"repeat","background-position":"center center","background-size":"auto","background-attachment":"scroll","background-type":"","background-media":"","overlay-type":"","overlay-color":"","overlay-opacity":"","overlay-gradient":""}},"ast-content-background-meta":{"desktop":{"background-color":"var(--ast-global-color-5)","background-image":"","background-repeat":"repeat","background-position":"center center","background-size":"auto","background-attachment":"scroll","background-type":"","background-media":"","overlay-type":"","overlay-color":"","overlay-opacity":"","overlay-gradient":""},"tablet":{"background-color":"var(--ast-global-color-5)","background-image":"","background-repeat":"repeat","background-position":"center center","background-size":"auto","background-attachment":"scroll","background-type":"","background-media":"","overlay-type":"","overlay-color":"","overlay-opacity":"","overlay-gradient":""},"mobile":{"background-color":"var(--ast-global-color-5)","background-image":"","background-repeat":"repeat","background-position":"center center","background-size":"auto","background-attachment":"scroll","background-type":"","background-media":"","overlay-type":"","overlay-color":"","overlay-opacity":"","overlay-gradient":""}},"footnotes":""},"class_list":["post-24971","page","type-page","status-publish","hentry"],"post_mailing_queue_ids":[],"_links":{"self":[{"href":"https:\/\/serveiseducatius.xtec.cat\/baixllobregat5\/wp-json\/wp\/v2\/pages\/24971","targetHints":{"allow":["GET"]}}],"collection":[{"href":"https:\/\/serveiseducatius.xtec.cat\/baixllobregat5\/wp-json\/wp\/v2\/pages"}],"about":[{"href":"https:\/\/serveiseducatius.xtec.cat\/baixllobregat5\/wp-json\/wp\/v2\/types\/page"}],"author":[{"embeddable":true,"href":"https:\/\/serveiseducatius.xtec.cat\/baixllobregat5\/wp-json\/wp\/v2\/users\/1"}],"replies":[{"embeddable":true,"href":"https:\/\/serveiseducatius.xtec.cat\/baixllobregat5\/wp-json\/wp\/v2\/comments?post=24971"}],"version-history":[{"count":3,"href":"https:\/\/serveiseducatius.xtec.cat\/baixllobregat5\/wp-json\/wp\/v2\/pages\/24971\/revisions"}],"predecessor-version":[{"id":25492,"href":"https:\/\/serveiseducatius.xtec.cat\/baixllobregat5\/wp-json\/wp\/v2\/pages\/24971\/revisions\/25492"}],"wp:attachment":[{"href":"https:\/\/serveiseducatius.xtec.cat\/baixllobregat5\/wp-json\/wp\/v2\/media?parent=24971"}],"curies":[{"name":"wp","href":"https:\/\/api.w.org\/{rel}","templated":true}]}}