{"id":24950,"date":"2025-01-21T21:05:29","date_gmt":"2025-01-21T20:05:29","guid":{"rendered":"https:\/\/serveiseducatius.xtec.cat\/baixllobregat5\/?page_id=24950"},"modified":"2025-08-06T12:29:57","modified_gmt":"2025-08-06T10:29:57","slug":"cicle-de-conferencies","status":"publish","type":"page","link":"https:\/\/serveiseducatius.xtec.cat\/baixllobregat5\/cicle-de-conferencies\/","title":{"rendered":"Cicle de confer\u00e8ncies"},"content":{"rendered":"\n<div class=\"wp-block-getwid-section alignfull alignfull getwid-section-content-custom-width\"><div class=\"wp-block-getwid-section__wrapper getwid-padding-left-medium getwid-padding-right-medium\"><div class=\"wp-block-getwid-section__inner-wrapper\" style=\"max-width:1140px\"><div class=\"wp-block-getwid-section__background-holder\"><div class=\"wp-block-getwid-section__background\"><\/div><div class=\"wp-block-getwid-section__foreground\"><\/div><\/div><div class=\"wp-block-getwid-section__content\"><div class=\"wp-block-getwid-section__inner-content\">\n<div class=\"wp-block-columns has-2-columns are-vertically-aligned-center is-layout-flex wp-container-core-columns-is-layout-1 wp-block-columns-is-layout-flex\">\n<div class=\"wp-block-column is-vertically-aligned-center is-layout-flow wp-block-column-is-layout-flow\">\n<p><strong>El Servei Educatiu organitza un cicle de confer\u00e8ncies amb reconeguts experts en educaci\u00f3.<\/strong><\/p>\n\n\n\n<p>En el marc del Pla de Formaci\u00f3 de Zona, el Servei Educatiu ofereix un cicle de confer\u00e8ncies amb l&#8217;objectiu d&#8217;aprofundir en temes clau de l&#8217;educaci\u00f3 actual. Aquestes confer\u00e8ncies, impartides per professionals de renom, proporcionen als docents eines i coneixements per a la seva pr\u00e0ctica professional.<\/p>\n\n\n\n<p><strong>Programa del curs 2025-2026:<\/strong><\/p>\n\n\n\n<p>Totes les confer\u00e8ncies tindran lloc a les 17:15 al Citilab de Cornell\u00e0 de Llobregat (pla\u00e7a de Can Suris s\/n).<\/p>\n\n\n\n<ul class=\"wp-block-list\">\n<li><strong>22 de setembre de 2025:<\/strong> Coral Elizondo\n<ul class=\"wp-block-list\">\n<li>Dissenyar fins als l\u00edmits: Estrat\u00e8gies per obrir noves possibilitats, reptes i desafiaments per a tot l\u2019alumnat<\/li>\n<\/ul>\n<\/li>\n\n\n\n<li><strong>4 de novembre de 2025:<\/strong> Jordi Collet\n<ul class=\"wp-block-list\">\n<li>Comprendre les incomprensions entre fam\u00edlies i docents?<\/li>\n<\/ul>\n<\/li>\n\n\n\n<li><strong>27 de gener de 2026:<\/strong> Francesc Torralba\n<ul class=\"wp-block-list\">\n<li>Disrupci\u00f3 tecnol\u00f2gica i pr\u00e0ctica educativa<\/li>\n<\/ul>\n<\/li>\n\n\n\n<li><strong>10 de febrer de 2026:<\/strong> Carles Armengol\n<ul class=\"wp-block-list\">\n<li>Gesti\u00f3, des del respecte, de la diversitat de cultures i religions a l\u2019escola<\/li>\n<\/ul>\n<\/li>\n\n\n\n<li><strong>21 d\u2019abril de 2026:<\/strong> C\u00e8sar Coll\n<ul class=\"wp-block-list\">\n<li>Aprenentatges b\u00e0sics i decisions curriculars en els centres educatius<\/li>\n<\/ul>\n<\/li>\n<\/ul>\n<\/div>\n\n\n\n<div class=\"wp-block-column is-vertically-aligned-center is-layout-flow wp-block-column-is-layout-flow\">\n<figure class=\"wp-block-image size-large\"><a href=\"https:\/\/serveiseducatius.xtec.cat\/baixllobregat5\/wp-content\/uploads\/usu1180\/2025\/08\/P.jpg\"><img loading=\"lazy\" decoding=\"async\" width=\"819\" height=\"1024\" src=\"https:\/\/serveiseducatius.xtec.cat\/baixllobregat5\/wp-content\/uploads\/usu1180\/2025\/08\/P-819x1024.jpg\" alt=\"\" class=\"wp-image-25781\" srcset=\"https:\/\/serveiseducatius.xtec.cat\/baixllobregat5\/wp-content\/uploads\/usu1180\/2025\/08\/P-819x1024.jpg 819w, https:\/\/serveiseducatius.xtec.cat\/baixllobregat5\/wp-content\/uploads\/usu1180\/2025\/08\/P-240x300.jpg 240w, https:\/\/serveiseducatius.xtec.cat\/baixllobregat5\/wp-content\/uploads\/usu1180\/2025\/08\/P-768x960.jpg 768w, https:\/\/serveiseducatius.xtec.cat\/baixllobregat5\/wp-content\/uploads\/usu1180\/2025\/08\/P.jpg 1080w\" sizes=\"auto, (max-width: 819px) 100vw, 819px\" \/><\/a><\/figure>\n<\/div>\n<\/div>\n<\/div><\/div><\/div><\/div><\/div>\n","protected":false},"excerpt":{"rendered":"","protected":false},"author":1,"featured_media":0,"parent":0,"menu_order":0,"comment_status":"closed","ping_status":"close","template":"","meta":{"_bbp_topic_count":0,"_bbp_reply_count":0,"_bbp_total_topic_count":0,"_bbp_total_reply_count":0,"_bbp_voice_count":0,"_bbp_anonymous_reply_count":0,"_bbp_topic_count_hidden":0,"_bbp_reply_count_hidden":0,"_bbp_forum_subforum_count":0,"site-sidebar-layout":"no-sidebar","site-content-layout":"","ast-site-content-layout":"normal-width-container","site-content-style":"boxed","site-sidebar-style":"boxed","ast-global-header-display":"","ast-banner-title-visibility":"","ast-main-header-display":"","ast-hfb-above-header-display":"","ast-hfb-below-header-display":"","ast-hfb-mobile-header-display":"","site-post-title":"","ast-breadcrumbs-content":"","ast-featured-img":"","footer-sml-layout":"disabled","theme-transparent-header-meta":"","adv-header-id-meta":"","stick-header-meta":"","header-above-stick-meta":"","header-main-stick-meta":"","header-below-stick-meta":"","astra-migrate-meta-layouts":"set","ast-page-background-enabled":"default","ast-page-background-meta":{"desktop":{"background-color":"var(--ast-global-color-4)","background-image":"","background-repeat":"repeat","background-position":"center center","background-size":"auto","background-attachment":"scroll","background-type":"","background-media":"","overlay-type":"","overlay-color":"","overlay-opacity":"","overlay-gradient":""},"tablet":{"background-color":"","background-image":"","background-repeat":"repeat","background-position":"center center","background-size":"auto","background-attachment":"scroll","background-type":"","background-media":"","overlay-type":"","overlay-color":"","overlay-opacity":"","overlay-gradient":""},"mobile":{"background-color":"","background-image":"","background-repeat":"repeat","background-position":"center center","background-size":"auto","background-attachment":"scroll","background-type":"","background-media":"","overlay-type":"","overlay-color":"","overlay-opacity":"","overlay-gradient":""}},"ast-content-background-meta":{"desktop":{"background-color":"var(--ast-global-color-5)","background-image":"","background-repeat":"repeat","background-position":"center center","background-size":"auto","background-attachment":"scroll","background-type":"","background-media":"","overlay-type":"","overlay-color":"","overlay-opacity":"","overlay-gradient":""},"tablet":{"background-color":"var(--ast-global-color-5)","background-image":"","background-repeat":"repeat","background-position":"center center","background-size":"auto","background-attachment":"scroll","background-type":"","background-media":"","overlay-type":"","overlay-color":"","overlay-opacity":"","overlay-gradient":""},"mobile":{"background-color":"var(--ast-global-color-5)","background-image":"","background-repeat":"repeat","background-position":"center center","background-size":"auto","background-attachment":"scroll","background-type":"","background-media":"","overlay-type":"","overlay-color":"","overlay-opacity":"","overlay-gradient":""}},"footnotes":""},"class_list":["post-24950","page","type-page","status-publish","hentry"],"post_mailing_queue_ids":[],"_links":{"self":[{"href":"https:\/\/serveiseducatius.xtec.cat\/baixllobregat5\/wp-json\/wp\/v2\/pages\/24950","targetHints":{"allow":["GET"]}}],"collection":[{"href":"https:\/\/serveiseducatius.xtec.cat\/baixllobregat5\/wp-json\/wp\/v2\/pages"}],"about":[{"href":"https:\/\/serveiseducatius.xtec.cat\/baixllobregat5\/wp-json\/wp\/v2\/types\/page"}],"author":[{"embeddable":true,"href":"https:\/\/serveiseducatius.xtec.cat\/baixllobregat5\/wp-json\/wp\/v2\/users\/1"}],"replies":[{"embeddable":true,"href":"https:\/\/serveiseducatius.xtec.cat\/baixllobregat5\/wp-json\/wp\/v2\/comments?post=24950"}],"version-history":[{"count":5,"href":"https:\/\/serveiseducatius.xtec.cat\/baixllobregat5\/wp-json\/wp\/v2\/pages\/24950\/revisions"}],"predecessor-version":[{"id":25782,"href":"https:\/\/serveiseducatius.xtec.cat\/baixllobregat5\/wp-json\/wp\/v2\/pages\/24950\/revisions\/25782"}],"wp:attachment":[{"href":"https:\/\/serveiseducatius.xtec.cat\/baixllobregat5\/wp-json\/wp\/v2\/media?parent=24950"}],"curies":[{"name":"wp","href":"https:\/\/api.w.org\/{rel}","templated":true}]}}