{"id":24929,"date":"2025-01-21T10:11:09","date_gmt":"2025-01-21T09:11:09","guid":{"rendered":"https:\/\/serveiseducatius.xtec.cat\/baixllobregat5\/?page_id=24929"},"modified":"2025-01-28T09:42:56","modified_gmt":"2025-01-28T08:42:56","slug":"elic","status":"publish","type":"page","link":"https:\/\/serveiseducatius.xtec.cat\/baixllobregat5\/elic\/","title":{"rendered":"ELIC"},"content":{"rendered":"\n<div class=\"wp-block-getwid-section alignfull alignfull getwid-section-content-custom-width\"><div class=\"wp-block-getwid-section__wrapper getwid-padding-left-medium getwid-padding-right-medium\"><div class=\"wp-block-getwid-section__inner-wrapper\" style=\"max-width:1140px\"><div class=\"wp-block-getwid-section__background-holder\"><div class=\"wp-block-getwid-section__background\"><\/div><div class=\"wp-block-getwid-section__foreground\"><\/div><\/div><div class=\"wp-block-getwid-section__content\"><div class=\"wp-block-getwid-section__inner-content\">\n<div class=\"wp-block-columns has-2-columns are-vertically-aligned-center is-layout-flex wp-container-core-columns-is-layout-1 wp-block-columns-is-layout-flex\">\n<div class=\"wp-block-column is-vertically-aligned-center is-layout-flow wp-block-column-is-layout-flow\">\n<div class=\"wp-block-getwid-advanced-heading\" style=\"margin-bottom:30px;margin-top:10px\"><h2 class=\"wp-block-getwid-advanced-heading__content\">Equip d\u2019Assessorament i Orientaci\u00f3 en Llengua, Interculturalitat i Cohesi\u00f3 Social<\/h2><\/div>\n\n\n\n<p>L\u2019ELIC de Cornell\u00e0 i Sant Joan Desp\u00ed oferim suport als centres educatius, professorat, alumnat i fam\u00edlies de la zona amb l\u2019objectiu de fomentar la compet\u00e8ncia ling\u00fc\u00edstica, l\u2019educaci\u00f3 intercultural i la cohesi\u00f3 social. L\u2019\u00fas de la llengua catalana actua com a eix vertebrador per promoure l\u2019equitat, la integraci\u00f3 i el respecte a la diversitat cultural en un context ric i divers com el d\u2019aquests  dos municipis.<\/p>\n\n\n\n<h4 class=\"wp-block-heading\"><strong>\u00c0mbits d\u2019Actuaci\u00f3<\/strong><\/h4>\n\n\n\n<ul class=\"wp-block-list\">\n<li><strong>Llengua catalana:<\/strong> Promoci\u00f3 i suport a l\u2019\u00fas del catal\u00e0 com a llengua vehicular i d\u2019integraci\u00f3.<\/li>\n\n\n\n<li><strong>Educaci\u00f3 intercultural:<\/strong> Dinamitzaci\u00f3 de projectes que afavoreixen la conviv\u00e8ncia i el respecte a la diversitat cultural pr\u00f2pia de Cornell\u00e0 i Sant Joan Desp\u00ed.<\/li>\n\n\n\n<li><strong>Alumnat nouvingut:<\/strong> Suport en l\u2019acollida, seguiment i plans individualitzats per a garantir-ne la integraci\u00f3 educativa i social.<\/li>\n\n\n\n<li><strong>Formaci\u00f3 i assessorament:<\/strong> Orientaci\u00f3 al professorat en l\u2019\u00fas de metodologies inclusives i en la gesti\u00f3 de la diversitat ling\u00fc\u00edstica i cultural.<\/li>\n\n\n\n<li><strong>Treball amb fam\u00edlies i comunitat:<\/strong> Implicaci\u00f3 activa de les fam\u00edlies en el proc\u00e9s educatiu i dinamitzaci\u00f3 dels plans educatius d\u2019entorn de la zona.<\/li>\n<\/ul>\n\n\n\n<p>A l\u2019ELIC de Cornell\u00e0 i Sant Joan Desp\u00ed treballem en estreta col\u00b7laboraci\u00f3 amb la comunitat educativa i els agents socials del territori, contribuint a construir una educaci\u00f3 inclusiva, equitativa i cohesionada que respongui a les necessitats espec\u00edfiques de la seva realitat local.<\/p>\n<\/div>\n\n\n\n<div class=\"wp-block-column is-vertically-aligned-center is-layout-flow wp-block-column-is-layout-flow\">\n<figure class=\"wp-block-image size-full size-large\"><a href=\"https:\/\/serveiseducatius.xtec.cat\/baixllobregat5\/wp-content\/uploads\/usu1180\/2025\/01\/8-1.png\"><img loading=\"lazy\" decoding=\"async\" width=\"500\" height=\"500\" src=\"https:\/\/serveiseducatius.xtec.cat\/baixllobregat5\/wp-content\/uploads\/usu1180\/2025\/01\/8-1.png\" alt=\"\" class=\"wp-image-25422\" srcset=\"https:\/\/serveiseducatius.xtec.cat\/baixllobregat5\/wp-content\/uploads\/usu1180\/2025\/01\/8-1.png 500w, https:\/\/serveiseducatius.xtec.cat\/baixllobregat5\/wp-content\/uploads\/usu1180\/2025\/01\/8-1-300x300.png 300w, https:\/\/serveiseducatius.xtec.cat\/baixllobregat5\/wp-content\/uploads\/usu1180\/2025\/01\/8-1-150x150.png 150w\" sizes=\"auto, (max-width: 500px) 100vw, 500px\" \/><\/a><\/figure>\n<\/div>\n<\/div>\n<\/div><\/div><\/div><\/div><\/div>\n","protected":false},"excerpt":{"rendered":"","protected":false},"author":1,"featured_media":0,"parent":0,"menu_order":0,"comment_status":"closed","ping_status":"close","template":"","meta":{"_bbp_topic_count":0,"_bbp_reply_count":0,"_bbp_total_topic_count":0,"_bbp_total_reply_count":0,"_bbp_voice_count":0,"_bbp_anonymous_reply_count":0,"_bbp_topic_count_hidden":0,"_bbp_reply_count_hidden":0,"_bbp_forum_subforum_count":0,"site-sidebar-layout":"no-sidebar","site-content-layout":"","ast-site-content-layout":"normal-width-container","site-content-style":"boxed","site-sidebar-style":"boxed","ast-global-header-display":"","ast-banner-title-visibility":"","ast-main-header-display":"","ast-hfb-above-header-display":"","ast-hfb-below-header-display":"","ast-hfb-mobile-header-display":"","site-post-title":"","ast-breadcrumbs-content":"","ast-featured-img":"","footer-sml-layout":"disabled","theme-transparent-header-meta":"","adv-header-id-meta":"","stick-header-meta":"","header-above-stick-meta":"","header-main-stick-meta":"","header-below-stick-meta":"","astra-migrate-meta-layouts":"set","ast-page-background-enabled":"default","ast-page-background-meta":{"desktop":{"background-color":"var(--ast-global-color-4)","background-image":"","background-repeat":"repeat","background-position":"center center","background-size":"auto","background-attachment":"scroll","background-type":"","background-media":"","overlay-type":"","overlay-color":"","overlay-opacity":"","overlay-gradient":""},"tablet":{"background-color":"","background-image":"","background-repeat":"repeat","background-position":"center center","background-size":"auto","background-attachment":"scroll","background-type":"","background-media":"","overlay-type":"","overlay-color":"","overlay-opacity":"","overlay-gradient":""},"mobile":{"background-color":"","background-image":"","background-repeat":"repeat","background-position":"center center","background-size":"auto","background-attachment":"scroll","background-type":"","background-media":"","overlay-type":"","overlay-color":"","overlay-opacity":"","overlay-gradient":""}},"ast-content-background-meta":{"desktop":{"background-color":"var(--ast-global-color-5)","background-image":"","background-repeat":"repeat","background-position":"center center","background-size":"auto","background-attachment":"scroll","background-type":"","background-media":"","overlay-type":"","overlay-color":"","overlay-opacity":"","overlay-gradient":""},"tablet":{"background-color":"var(--ast-global-color-5)","background-image":"","background-repeat":"repeat","background-position":"center center","background-size":"auto","background-attachment":"scroll","background-type":"","background-media":"","overlay-type":"","overlay-color":"","overlay-opacity":"","overlay-gradient":""},"mobile":{"background-color":"var(--ast-global-color-5)","background-image":"","background-repeat":"repeat","background-position":"center center","background-size":"auto","background-attachment":"scroll","background-type":"","background-media":"","overlay-type":"","overlay-color":"","overlay-opacity":"","overlay-gradient":""}},"footnotes":""},"class_list":["post-24929","page","type-page","status-publish","hentry"],"post_mailing_queue_ids":[],"_links":{"self":[{"href":"https:\/\/serveiseducatius.xtec.cat\/baixllobregat5\/wp-json\/wp\/v2\/pages\/24929","targetHints":{"allow":["GET"]}}],"collection":[{"href":"https:\/\/serveiseducatius.xtec.cat\/baixllobregat5\/wp-json\/wp\/v2\/pages"}],"about":[{"href":"https:\/\/serveiseducatius.xtec.cat\/baixllobregat5\/wp-json\/wp\/v2\/types\/page"}],"author":[{"embeddable":true,"href":"https:\/\/serveiseducatius.xtec.cat\/baixllobregat5\/wp-json\/wp\/v2\/users\/1"}],"replies":[{"embeddable":true,"href":"https:\/\/serveiseducatius.xtec.cat\/baixllobregat5\/wp-json\/wp\/v2\/comments?post=24929"}],"version-history":[{"count":6,"href":"https:\/\/serveiseducatius.xtec.cat\/baixllobregat5\/wp-json\/wp\/v2\/pages\/24929\/revisions"}],"predecessor-version":[{"id":25487,"href":"https:\/\/serveiseducatius.xtec.cat\/baixllobregat5\/wp-json\/wp\/v2\/pages\/24929\/revisions\/25487"}],"wp:attachment":[{"href":"https:\/\/serveiseducatius.xtec.cat\/baixllobregat5\/wp-json\/wp\/v2\/media?parent=24929"}],"curies":[{"name":"wp","href":"https:\/\/api.w.org\/{rel}","templated":true}]}}