{"id":20124,"date":"2021-11-08T17:07:01","date_gmt":"2021-11-08T16:07:01","guid":{"rendered":"https:\/\/serveiseducatius.xtec.cat\/baixllobregat5\/?page_id=20124"},"modified":"2021-11-08T17:09:13","modified_gmt":"2021-11-08T16:09:13","slug":"disfemia-tartamudesa","status":"publish","type":"page","link":"https:\/\/serveiseducatius.xtec.cat\/baixllobregat5\/disfemia-tartamudesa\/","title":{"rendered":"Disf\u00e8mia \/ Tartamudesa"},"content":{"rendered":"<p><a href=\"https:\/\/docs.google.com\/document\/d\/1eNO294_4K0UW5MQyZO6GIdFGMH1F8hu4\/edit?usp=sharing&amp;ouid=105418125638357737017&amp;rtpof=true&amp;sd=true\" target=\"_blank\" rel=\"noopener\"><img loading=\"lazy\" decoding=\"async\" class=\"wp-image-20105 alignleft\" src=\"https:\/\/serveiseducatius.xtec.cat\/baixllobregat5\/wp-content\/uploads\/usu1180\/2021\/11\/Tartamudesa.jpg\" alt=\"\" width=\"134\" height=\"130\" \/><\/a><\/p>\n<p><a href=\"https:\/\/docs.google.com\/document\/d\/1eNO294_4K0UW5MQyZO6GIdFGMH1F8hu4\/edit?usp=sharing&amp;ouid=105418125638357737017&amp;rtpof=true&amp;sd=true\" target=\"_blank\" rel=\"noopener\">Tipus, causes, s\u00edmptomes i tractament de la Disf\u00e8mia<\/a><\/p>\n<p>&nbsp;<\/p>\n<p>&nbsp;<\/p>\n<p><a href=\"https:\/\/drive.google.com\/file\/d\/1mKaAMtmokjDVSMBg5QWvalwam7hu9w8y\/view?usp=sharing\" target=\"_blank\" rel=\"noopener\"><img loading=\"lazy\" decoding=\"async\" class=\"wp-image-20131 alignleft\" src=\"https:\/\/serveiseducatius.xtec.cat\/baixllobregat5\/wp-content\/uploads\/usu1180\/2021\/11\/Tartamudesa-capi.jpg\" alt=\"\" width=\"186\" height=\"94\" \/><\/a><\/p>\n<p>&nbsp;<\/p>\n<p><a href=\"https:\/\/drive.google.com\/file\/d\/1mKaAMtmokjDVSMBg5QWvalwam7hu9w8y\/view?usp=sharing\" target=\"_blank\" rel=\"noopener\">Orientacions en Disf\u00e8mia \/ Tartamudesa<\/a><\/p>\n","protected":false},"excerpt":{"rendered":"<p>Tipus, causes, s\u00edmptomes i tractament de la Disf\u00e8mia &nbsp; &nbsp; &nbsp; Orientacions en Disf\u00e8mia \/ Tartamudesa<\/p>\n","protected":false},"author":68,"featured_media":0,"parent":0,"menu_order":0,"comment_status":"closed","ping_status":"closed","template":"","meta":{"_bbp_topic_count":0,"_bbp_reply_count":0,"_bbp_total_topic_count":0,"_bbp_total_reply_count":0,"_bbp_voice_count":0,"_bbp_anonymous_reply_count":0,"_bbp_topic_count_hidden":0,"_bbp_reply_count_hidden":0,"_bbp_forum_subforum_count":0,"site-sidebar-layout":"default","site-content-layout":"","ast-site-content-layout":"","site-content-style":"default","site-sidebar-style":"default","ast-global-header-display":"","ast-banner-title-visibility":"","ast-main-header-display":"","ast-hfb-above-header-display":"","ast-hfb-below-header-display":"","ast-hfb-mobile-header-display":"","site-post-title":"","ast-breadcrumbs-content":"","ast-featured-img":"","footer-sml-layout":"","theme-transparent-header-meta":"","adv-header-id-meta":"","stick-header-meta":"","header-above-stick-meta":"","header-main-stick-meta":"","header-below-stick-meta":"","astra-migrate-meta-layouts":"default","ast-page-background-enabled":"default","ast-page-background-meta":{"desktop":{"background-color":"var(--ast-global-color-4)","background-image":"","background-repeat":"repeat","background-position":"center center","background-size":"auto","background-attachment":"scroll","background-type":"","background-media":"","overlay-type":"","overlay-color":"","overlay-opacity":"","overlay-gradient":""},"tablet":{"background-color":"","background-image":"","background-repeat":"repeat","background-position":"center center","background-size":"auto","background-attachment":"scroll","background-type":"","background-media":"","overlay-type":"","overlay-color":"","overlay-opacity":"","overlay-gradient":""},"mobile":{"background-color":"","background-image":"","background-repeat":"repeat","background-position":"center center","background-size":"auto","background-attachment":"scroll","background-type":"","background-media":"","overlay-type":"","overlay-color":"","overlay-opacity":"","overlay-gradient":""}},"ast-content-background-meta":{"desktop":{"background-color":"var(--ast-global-color-5)","background-image":"","background-repeat":"repeat","background-position":"center center","background-size":"auto","background-attachment":"scroll","background-type":"","background-media":"","overlay-type":"","overlay-color":"","overlay-opacity":"","overlay-gradient":""},"tablet":{"background-color":"var(--ast-global-color-5)","background-image":"","background-repeat":"repeat","background-position":"center center","background-size":"auto","background-attachment":"scroll","background-type":"","background-media":"","overlay-type":"","overlay-color":"","overlay-opacity":"","overlay-gradient":""},"mobile":{"background-color":"var(--ast-global-color-5)","background-image":"","background-repeat":"repeat","background-position":"center center","background-size":"auto","background-attachment":"scroll","background-type":"","background-media":"","overlay-type":"","overlay-color":"","overlay-opacity":"","overlay-gradient":""}},"footnotes":""},"class_list":["post-20124","page","type-page","status-publish","hentry"],"post_mailing_queue_ids":[],"_links":{"self":[{"href":"https:\/\/serveiseducatius.xtec.cat\/baixllobregat5\/wp-json\/wp\/v2\/pages\/20124","targetHints":{"allow":["GET"]}}],"collection":[{"href":"https:\/\/serveiseducatius.xtec.cat\/baixllobregat5\/wp-json\/wp\/v2\/pages"}],"about":[{"href":"https:\/\/serveiseducatius.xtec.cat\/baixllobregat5\/wp-json\/wp\/v2\/types\/page"}],"author":[{"embeddable":true,"href":"https:\/\/serveiseducatius.xtec.cat\/baixllobregat5\/wp-json\/wp\/v2\/users\/68"}],"replies":[{"embeddable":true,"href":"https:\/\/serveiseducatius.xtec.cat\/baixllobregat5\/wp-json\/wp\/v2\/comments?post=20124"}],"version-history":[{"count":3,"href":"https:\/\/serveiseducatius.xtec.cat\/baixllobregat5\/wp-json\/wp\/v2\/pages\/20124\/revisions"}],"predecessor-version":[{"id":20137,"href":"https:\/\/serveiseducatius.xtec.cat\/baixllobregat5\/wp-json\/wp\/v2\/pages\/20124\/revisions\/20137"}],"wp:attachment":[{"href":"https:\/\/serveiseducatius.xtec.cat\/baixllobregat5\/wp-json\/wp\/v2\/media?parent=20124"}],"curies":[{"name":"wp","href":"https:\/\/api.w.org\/{rel}","templated":true}]}}