{"id":19742,"date":"2021-09-10T12:36:23","date_gmt":"2021-09-10T10:36:23","guid":{"rendered":"https:\/\/serveiseducatius.xtec.cat\/baixllobregat5\/?page_id=19742"},"modified":"2021-09-10T12:50:11","modified_gmt":"2021-09-10T10:50:11","slug":"discapacitat-visual","status":"publish","type":"page","link":"https:\/\/serveiseducatius.xtec.cat\/baixllobregat5\/discapacitat-visual\/","title":{"rendered":"Discapacitat visual"},"content":{"rendered":"<p><img loading=\"lazy\" decoding=\"async\" class=\"wp-image-19743 alignleft\" src=\"https:\/\/serveiseducatius.xtec.cat\/baixllobregat5\/wp-content\/uploads\/usu1180\/2021\/09\/discapacitat-visual-escola.jpg\" alt=\"\" width=\"195\" height=\"128\" \/><\/p>\n<p>&nbsp;<\/p>\n<p><a href=\"https:\/\/drive.google.com\/file\/d\/16S8fRkG1603yE-k0wzzBh0xoikDsUR56\/view?usp=sharing\" target=\"_blank\" rel=\"noopener\">Mesures i suports per l&#8217;alumnat NEE derivades de discapacitat visual<\/a><\/p>\n<p>&nbsp;<\/p>\n<p>&nbsp;<\/p>\n<p>&nbsp;<\/p>\n<p><a href=\"https:\/\/drive.google.com\/file\/d\/1Wp-8ry7zVczi2UqSF6SfYUUKwqgQ8UUK\/view?usp=sharing\" target=\"_blank\" rel=\"noopener\"><img loading=\"lazy\" decoding=\"async\" class=\"wp-image-19744 alignleft\" src=\"https:\/\/serveiseducatius.xtec.cat\/baixllobregat5\/wp-content\/uploads\/usu1180\/2021\/09\/discapacitat-visual.jpg\" alt=\"\" width=\"197\" height=\"121\" \/><\/a><\/p>\n<p>&nbsp;<\/p>\n<p><a href=\"https:\/\/drive.google.com\/file\/d\/1Wp-8ry7zVczi2UqSF6SfYUUKwqgQ8UUK\/view?usp=sharing\" target=\"_blank\" rel=\"noopener\">Passos a seguir en el proc\u00e9s de detecci\u00f3 d&#8217;alumnat amb d\u00e8ficit visual<\/a><\/p>\n<p>&nbsp;<\/p>\n<p>&nbsp;<\/p>\n<p><img loading=\"lazy\" decoding=\"async\" class=\"wp-image-19744 alignleft\" src=\"https:\/\/serveiseducatius.xtec.cat\/baixllobregat5\/wp-content\/uploads\/usu1180\/2021\/09\/discapacitat-visual.jpg\" alt=\"\" width=\"205\" height=\"126\" \/>Pautes d&#8217;observaci\u00f3 per detectar discapacitats visuals<\/p>\n<p><a href=\"https:\/\/drive.google.com\/file\/d\/1MJCB_Vq4ye0nq38QH-nrzS-Ntm0bCTy1\/view?usp=sharing\" target=\"_blank\" rel=\"noopener\">-Infantil\u00a0<\/a> \u00a0 \u00a0 \u00a0 \u00a0 \u00a0 \u00a0 \u00a0 \u00a0 \u00a0 \u00a0 \u00a0<a href=\"https:\/\/drive.google.com\/file\/d\/1b4Eo7LwH_dxv8UZtsXHWkTAanzX3KhGn\/view?usp=sharing\" target=\"_blank\" rel=\"noopener\">-Prim\u00e0ria<\/a><span style=\"font-family: inherit; font-size: 1em;\">\u00a0\u00a0 \u00a0 \u00a0 \u00a0 \u00a0 \u00a0 \u00a0 \u00a0 \u00a0 \u00a0 \u00a0 \u00a0 \u00a0 \u00a0<a href=\"https:\/\/drive.google.com\/file\/d\/124J6yBrMoEXGYQYo-3dPQV-F9fxsYKmj\/view?usp=sharing\" target=\"_blank\" rel=\"noopener\"> -ESO<\/a><\/span><\/p>\n<p>&nbsp;<\/p>\n<p>&nbsp;<\/p>\n","protected":false},"excerpt":{"rendered":"<p>&nbsp; Mesures i suports per l&#8217;alumnat NEE derivades de discapacitat visual &nbsp; &nbsp; &nbsp; &nbsp; Passos a seguir en el [&hellip;]<\/p>\n","protected":false},"author":190,"featured_media":0,"parent":0,"menu_order":0,"comment_status":"closed","ping_status":"closed","template":"","meta":{"_bbp_topic_count":0,"_bbp_reply_count":0,"_bbp_total_topic_count":0,"_bbp_total_reply_count":0,"_bbp_voice_count":0,"_bbp_anonymous_reply_count":0,"_bbp_topic_count_hidden":0,"_bbp_reply_count_hidden":0,"_bbp_forum_subforum_count":0,"site-sidebar-layout":"default","site-content-layout":"","ast-site-content-layout":"","site-content-style":"default","site-sidebar-style":"default","ast-global-header-display":"","ast-banner-title-visibility":"","ast-main-header-display":"","ast-hfb-above-header-display":"","ast-hfb-below-header-display":"","ast-hfb-mobile-header-display":"","site-post-title":"","ast-breadcrumbs-content":"","ast-featured-img":"","footer-sml-layout":"","theme-transparent-header-meta":"","adv-header-id-meta":"","stick-header-meta":"","header-above-stick-meta":"","header-main-stick-meta":"","header-below-stick-meta":"","astra-migrate-meta-layouts":"default","ast-page-background-enabled":"default","ast-page-background-meta":{"desktop":{"background-color":"var(--ast-global-color-4)","background-image":"","background-repeat":"repeat","background-position":"center center","background-size":"auto","background-attachment":"scroll","background-type":"","background-media":"","overlay-type":"","overlay-color":"","overlay-opacity":"","overlay-gradient":""},"tablet":{"background-color":"","background-image":"","background-repeat":"repeat","background-position":"center center","background-size":"auto","background-attachment":"scroll","background-type":"","background-media":"","overlay-type":"","overlay-color":"","overlay-opacity":"","overlay-gradient":""},"mobile":{"background-color":"","background-image":"","background-repeat":"repeat","background-position":"center center","background-size":"auto","background-attachment":"scroll","background-type":"","background-media":"","overlay-type":"","overlay-color":"","overlay-opacity":"","overlay-gradient":""}},"ast-content-background-meta":{"desktop":{"background-color":"var(--ast-global-color-5)","background-image":"","background-repeat":"repeat","background-position":"center center","background-size":"auto","background-attachment":"scroll","background-type":"","background-media":"","overlay-type":"","overlay-color":"","overlay-opacity":"","overlay-gradient":""},"tablet":{"background-color":"var(--ast-global-color-5)","background-image":"","background-repeat":"repeat","background-position":"center center","background-size":"auto","background-attachment":"scroll","background-type":"","background-media":"","overlay-type":"","overlay-color":"","overlay-opacity":"","overlay-gradient":""},"mobile":{"background-color":"var(--ast-global-color-5)","background-image":"","background-repeat":"repeat","background-position":"center center","background-size":"auto","background-attachment":"scroll","background-type":"","background-media":"","overlay-type":"","overlay-color":"","overlay-opacity":"","overlay-gradient":""}},"footnotes":""},"class_list":["post-19742","page","type-page","status-publish","hentry"],"post_mailing_queue_ids":[],"_links":{"self":[{"href":"https:\/\/serveiseducatius.xtec.cat\/baixllobregat5\/wp-json\/wp\/v2\/pages\/19742","targetHints":{"allow":["GET"]}}],"collection":[{"href":"https:\/\/serveiseducatius.xtec.cat\/baixllobregat5\/wp-json\/wp\/v2\/pages"}],"about":[{"href":"https:\/\/serveiseducatius.xtec.cat\/baixllobregat5\/wp-json\/wp\/v2\/types\/page"}],"author":[{"embeddable":true,"href":"https:\/\/serveiseducatius.xtec.cat\/baixllobregat5\/wp-json\/wp\/v2\/users\/190"}],"replies":[{"embeddable":true,"href":"https:\/\/serveiseducatius.xtec.cat\/baixllobregat5\/wp-json\/wp\/v2\/comments?post=19742"}],"version-history":[{"count":3,"href":"https:\/\/serveiseducatius.xtec.cat\/baixllobregat5\/wp-json\/wp\/v2\/pages\/19742\/revisions"}],"predecessor-version":[{"id":19748,"href":"https:\/\/serveiseducatius.xtec.cat\/baixllobregat5\/wp-json\/wp\/v2\/pages\/19742\/revisions\/19748"}],"wp:attachment":[{"href":"https:\/\/serveiseducatius.xtec.cat\/baixllobregat5\/wp-json\/wp\/v2\/media?parent=19742"}],"curies":[{"name":"wp","href":"https:\/\/api.w.org\/{rel}","templated":true}]}}