{"id":15480,"date":"2019-12-19T10:17:38","date_gmt":"2019-12-19T09:17:38","guid":{"rendered":"http:\/\/serveiseducatius.xtec.cat\/baixllobregat5\/?page_id=15480"},"modified":"2021-04-20T17:06:17","modified_gmt":"2021-04-20T15:06:17","slug":"discapacitat-motriu","status":"publish","type":"page","link":"https:\/\/serveiseducatius.xtec.cat\/baixllobregat5\/discapacitat-motriu\/","title":{"rendered":"Discapacitat motriu"},"content":{"rendered":"<p><a href=\"https:\/\/drive.google.com\/file\/d\/1FRRNhe8UyjvzXnjYRaFqzu3dbEOgPM-G\/view?usp=sharing\"><img loading=\"lazy\" decoding=\"async\" class=\"wp-image-15488 alignleft\" src=\"https:\/\/serveiseducatius.xtec.cat\/baixllobregat5\/wp-content\/uploads\/usu1180\/2019\/12\/Captura.png\" alt=\"\" width=\"213\" height=\"137\" srcset=\"https:\/\/serveiseducatius.xtec.cat\/baixllobregat5\/wp-content\/uploads\/usu1180\/2019\/12\/Captura.png 780w, https:\/\/serveiseducatius.xtec.cat\/baixllobregat5\/wp-content\/uploads\/usu1180\/2019\/12\/Captura-300x193.png 300w, https:\/\/serveiseducatius.xtec.cat\/baixllobregat5\/wp-content\/uploads\/usu1180\/2019\/12\/Captura-768x494.png 768w\" sizes=\"auto, (max-width: 213px) 100vw, 213px\" \/>Guia per a fam\u00edlies d&#8217;infants i joves amb discapacitat motriu<\/a><\/p>\n<p>Aquesta guia facilita informaci\u00f3 per propiciar una atenci\u00f3 m\u00e9s efectiva als fills amb discapacitat motriu, per promoure oportunitats d&#8217;estimulaci\u00f3 i per con\u00e8ixer els serveis, recursos i prestacions disponibles que afavoreixin al m\u00e0xim l&#8217;autonomia i sociabilitat.<\/p>\n<p>&nbsp;<\/p>\n<p>&nbsp;<\/p>\n<p><a href=\"https:\/\/www.cornella.cat\/ca\/viure-a-cornella\/cornella-humana\/esport\/vull-fer-esport\/esportista-amb-capacitats-diferents\">Programa: Ciutad\u00e0 amb capacitats diferents<\/a><a href=\"https:\/\/www.cornella.cat\/ca\/viure-a-cornella\/cornella-humana\/esport\/vull-fer-esport\/esportista-amb-capacitats-diferents\"><img loading=\"lazy\" decoding=\"async\" class=\"size-full wp-image-15492 alignleft\" src=\"https:\/\/serveiseducatius.xtec.cat\/baixllobregat5\/wp-content\/uploads\/usu1180\/2019\/12\/Captura-1.png\" alt=\"\" width=\"201\" height=\"195\" \/><\/a><\/p>\n<p>Programa que t\u00e9 como finalitat facilitar la integraci\u00f3 de les persones amb\u00a0 discapacitat, en la oferta esportiva, a trav\u00e9s d&#8217;actuacions dirigides al col\u00b7lectiu i de sensibilitzaci\u00f3 a la resta de la societat i dels agents esportius. Inclou: Jornades de Sensibilitzaci\u00f3, Programa Fica&#8217;t a l&#8217;Aigua, Activitat Multiesportiva, Activitat Extraescolar EMEE Virolai, Activitat de F\u00fatbol INSERCOR.<\/p>\n<p>&nbsp;<\/p>\n<p>&nbsp;<\/p>\n<p style=\"text-align: justify;\"><a href=\"https:\/\/serveiseducatius.xtec.cat\/baixllobregat5\/?page_id=16163&amp;preview=true\"><img loading=\"lazy\" decoding=\"async\" class=\"size-full wp-image-16161 alignleft\" src=\"https:\/\/serveiseducatius.xtec.cat\/baixllobregat5\/wp-content\/uploads\/usu1180\/2020\/04\/baixa-2.png\" alt=\"\" width=\"255\" height=\"165\" \/><\/a><a href=\"https:\/\/serveiseducatius.xtec.cat\/baixllobregat5\/?page_id=16163&amp;preview=true\">Videoconsells per viure millor<\/a><\/p>\n<p style=\"text-align: justify;\">Consells del Col\u00b7legi de fisioterapeutes de Catalunya per millorar la nostra salut.<\/p>\n","protected":false},"excerpt":{"rendered":"<p>Guia per a fam\u00edlies d&#8217;infants i joves amb discapacitat motriu Aquesta guia facilita informaci\u00f3 per propiciar una atenci\u00f3 m\u00e9s efectiva [&hellip;]<\/p>\n","protected":false},"author":67,"featured_media":0,"parent":0,"menu_order":0,"comment_status":"closed","ping_status":"closed","template":"","meta":{"_bbp_topic_count":0,"_bbp_reply_count":0,"_bbp_total_topic_count":0,"_bbp_total_reply_count":0,"_bbp_voice_count":0,"_bbp_anonymous_reply_count":0,"_bbp_topic_count_hidden":0,"_bbp_reply_count_hidden":0,"_bbp_forum_subforum_count":0,"site-sidebar-layout":"default","site-content-layout":"","ast-site-content-layout":"","site-content-style":"default","site-sidebar-style":"default","ast-global-header-display":"","ast-banner-title-visibility":"","ast-main-header-display":"","ast-hfb-above-header-display":"","ast-hfb-below-header-display":"","ast-hfb-mobile-header-display":"","site-post-title":"","ast-breadcrumbs-content":"","ast-featured-img":"","footer-sml-layout":"","theme-transparent-header-meta":"","adv-header-id-meta":"","stick-header-meta":"","header-above-stick-meta":"","header-main-stick-meta":"","header-below-stick-meta":"","astra-migrate-meta-layouts":"default","ast-page-background-enabled":"default","ast-page-background-meta":{"desktop":{"background-color":"var(--ast-global-color-4)","background-image":"","background-repeat":"repeat","background-position":"center center","background-size":"auto","background-attachment":"scroll","background-type":"","background-media":"","overlay-type":"","overlay-color":"","overlay-opacity":"","overlay-gradient":""},"tablet":{"background-color":"","background-image":"","background-repeat":"repeat","background-position":"center center","background-size":"auto","background-attachment":"scroll","background-type":"","background-media":"","overlay-type":"","overlay-color":"","overlay-opacity":"","overlay-gradient":""},"mobile":{"background-color":"","background-image":"","background-repeat":"repeat","background-position":"center center","background-size":"auto","background-attachment":"scroll","background-type":"","background-media":"","overlay-type":"","overlay-color":"","overlay-opacity":"","overlay-gradient":""}},"ast-content-background-meta":{"desktop":{"background-color":"var(--ast-global-color-5)","background-image":"","background-repeat":"repeat","background-position":"center center","background-size":"auto","background-attachment":"scroll","background-type":"","background-media":"","overlay-type":"","overlay-color":"","overlay-opacity":"","overlay-gradient":""},"tablet":{"background-color":"var(--ast-global-color-5)","background-image":"","background-repeat":"repeat","background-position":"center center","background-size":"auto","background-attachment":"scroll","background-type":"","background-media":"","overlay-type":"","overlay-color":"","overlay-opacity":"","overlay-gradient":""},"mobile":{"background-color":"var(--ast-global-color-5)","background-image":"","background-repeat":"repeat","background-position":"center center","background-size":"auto","background-attachment":"scroll","background-type":"","background-media":"","overlay-type":"","overlay-color":"","overlay-opacity":"","overlay-gradient":""}},"footnotes":""},"class_list":["post-15480","page","type-page","status-publish","hentry"],"post_mailing_queue_ids":[],"_links":{"self":[{"href":"https:\/\/serveiseducatius.xtec.cat\/baixllobregat5\/wp-json\/wp\/v2\/pages\/15480","targetHints":{"allow":["GET"]}}],"collection":[{"href":"https:\/\/serveiseducatius.xtec.cat\/baixllobregat5\/wp-json\/wp\/v2\/pages"}],"about":[{"href":"https:\/\/serveiseducatius.xtec.cat\/baixllobregat5\/wp-json\/wp\/v2\/types\/page"}],"author":[{"embeddable":true,"href":"https:\/\/serveiseducatius.xtec.cat\/baixllobregat5\/wp-json\/wp\/v2\/users\/67"}],"replies":[{"embeddable":true,"href":"https:\/\/serveiseducatius.xtec.cat\/baixllobregat5\/wp-json\/wp\/v2\/comments?post=15480"}],"version-history":[{"count":5,"href":"https:\/\/serveiseducatius.xtec.cat\/baixllobregat5\/wp-json\/wp\/v2\/pages\/15480\/revisions"}],"predecessor-version":[{"id":18911,"href":"https:\/\/serveiseducatius.xtec.cat\/baixllobregat5\/wp-json\/wp\/v2\/pages\/15480\/revisions\/18911"}],"wp:attachment":[{"href":"https:\/\/serveiseducatius.xtec.cat\/baixllobregat5\/wp-json\/wp\/v2\/media?parent=15480"}],"curies":[{"name":"wp","href":"https:\/\/api.w.org\/{rel}","templated":true}]}}