{"id":13407,"date":"2018-05-18T09:37:35","date_gmt":"2018-05-18T07:37:35","guid":{"rendered":"http:\/\/serveiseducatius.xtec.cat\/baixllobregat5\/?page_id=13407"},"modified":"2018-10-29T09:46:58","modified_gmt":"2018-10-29T08:46:58","slug":"despi-en-veu-alta","status":"publish","type":"page","link":"https:\/\/serveiseducatius.xtec.cat\/baixllobregat5\/despi-en-veu-alta\/","title":{"rendered":"Desp\u00ed en Veu Alta"},"content":{"rendered":"<p><a href=\"http:\/\/serveiseducatius.xtec.cat\/baixllobregat5\/wp-content\/uploads\/usu1180\/2018\/05\/Veu-Alta-Log-e1526636082763.png\"><img loading=\"lazy\" decoding=\"async\" class=\"size-full wp-image-13435 alignright\" src=\"http:\/\/serveiseducatius.xtec.cat\/baixllobregat5\/wp-content\/uploads\/usu1180\/2018\/05\/Veu-Alta-Log-e1526636082763.png\" alt=\"\" width=\"400\" height=\"268\" \/><\/a>L&#8217;activitat <strong>Desp\u00ed en Veu Alta<\/strong> \u00e9s un projecte per treballar la Lectura en Veu Alta (LVA) amb els infants i joves dels centres educatius de Sant Joan Desp\u00ed. Est\u00e0 organitzat de manera conjunta pel departament d&#8217;Educaci\u00f3, Inf\u00e0ncia i Fam\u00edlia i pel departament\u00a0 de Cultura de l&#8217;Ajuntament de Sant Joan Desp\u00ed, les Biblioteques Municipals Miquel Mart\u00ed i Pol i Merc\u00e8 Rodoreda i el Centre de Recursos Pedag\u00f2gics del Serveis Educatius Baix Llobregat 5 de la Generalitat de Catalunya.<\/p>\n<p>El projecte ofereix:<\/p>\n<ol>\n<li>Formaci\u00f3 als mestres per al treball de la LVA a l\u2019aula<\/li>\n<li>Organitzaci\u00f3 d\u2019una mostra p\u00fablica, l\u00fadica i no competitiva de lectura en veu alta a les biblioteques p\u00fabliques de Sant Joan Desp\u00ed.<\/li>\n<li>Lots de llibres per a la Biblioteques Escolars dels centres participants.<\/li>\n<\/ol>\n","protected":false},"excerpt":{"rendered":"<p>L&#8217;activitat Desp\u00ed en Veu Alta \u00e9s un projecte per treballar la Lectura en Veu Alta (LVA) amb els infants i [&hellip;]<\/p>\n","protected":false},"author":1,"featured_media":0,"parent":0,"menu_order":0,"comment_status":"closed","ping_status":"closed","template":"page-templates\/side-menu.php","meta":{"_bbp_topic_count":0,"_bbp_reply_count":0,"_bbp_total_topic_count":0,"_bbp_total_reply_count":0,"_bbp_voice_count":0,"_bbp_anonymous_reply_count":0,"_bbp_topic_count_hidden":0,"_bbp_reply_count_hidden":0,"_bbp_forum_subforum_count":0,"site-sidebar-layout":"default","site-content-layout":"","ast-site-content-layout":"","site-content-style":"default","site-sidebar-style":"default","ast-global-header-display":"","ast-banner-title-visibility":"","ast-main-header-display":"","ast-hfb-above-header-display":"","ast-hfb-below-header-display":"","ast-hfb-mobile-header-display":"","site-post-title":"","ast-breadcrumbs-content":"","ast-featured-img":"","footer-sml-layout":"","theme-transparent-header-meta":"","adv-header-id-meta":"","stick-header-meta":"","header-above-stick-meta":"","header-main-stick-meta":"","header-below-stick-meta":"","astra-migrate-meta-layouts":"default","ast-page-background-enabled":"default","ast-page-background-meta":{"desktop":{"background-color":"var(--ast-global-color-4)","background-image":"","background-repeat":"repeat","background-position":"center center","background-size":"auto","background-attachment":"scroll","background-type":"","background-media":"","overlay-type":"","overlay-color":"","overlay-opacity":"","overlay-gradient":""},"tablet":{"background-color":"","background-image":"","background-repeat":"repeat","background-position":"center center","background-size":"auto","background-attachment":"scroll","background-type":"","background-media":"","overlay-type":"","overlay-color":"","overlay-opacity":"","overlay-gradient":""},"mobile":{"background-color":"","background-image":"","background-repeat":"repeat","background-position":"center center","background-size":"auto","background-attachment":"scroll","background-type":"","background-media":"","overlay-type":"","overlay-color":"","overlay-opacity":"","overlay-gradient":""}},"ast-content-background-meta":{"desktop":{"background-color":"var(--ast-global-color-5)","background-image":"","background-repeat":"repeat","background-position":"center center","background-size":"auto","background-attachment":"scroll","background-type":"","background-media":"","overlay-type":"","overlay-color":"","overlay-opacity":"","overlay-gradient":""},"tablet":{"background-color":"var(--ast-global-color-5)","background-image":"","background-repeat":"repeat","background-position":"center center","background-size":"auto","background-attachment":"scroll","background-type":"","background-media":"","overlay-type":"","overlay-color":"","overlay-opacity":"","overlay-gradient":""},"mobile":{"background-color":"var(--ast-global-color-5)","background-image":"","background-repeat":"repeat","background-position":"center center","background-size":"auto","background-attachment":"scroll","background-type":"","background-media":"","overlay-type":"","overlay-color":"","overlay-opacity":"","overlay-gradient":""}},"footnotes":""},"class_list":["post-13407","page","type-page","status-publish","hentry"],"post_mailing_queue_ids":[],"_links":{"self":[{"href":"https:\/\/serveiseducatius.xtec.cat\/baixllobregat5\/wp-json\/wp\/v2\/pages\/13407","targetHints":{"allow":["GET"]}}],"collection":[{"href":"https:\/\/serveiseducatius.xtec.cat\/baixllobregat5\/wp-json\/wp\/v2\/pages"}],"about":[{"href":"https:\/\/serveiseducatius.xtec.cat\/baixllobregat5\/wp-json\/wp\/v2\/types\/page"}],"author":[{"embeddable":true,"href":"https:\/\/serveiseducatius.xtec.cat\/baixllobregat5\/wp-json\/wp\/v2\/users\/1"}],"replies":[{"embeddable":true,"href":"https:\/\/serveiseducatius.xtec.cat\/baixllobregat5\/wp-json\/wp\/v2\/comments?post=13407"}],"version-history":[{"count":3,"href":"https:\/\/serveiseducatius.xtec.cat\/baixllobregat5\/wp-json\/wp\/v2\/pages\/13407\/revisions"}],"predecessor-version":[{"id":13966,"href":"https:\/\/serveiseducatius.xtec.cat\/baixllobregat5\/wp-json\/wp\/v2\/pages\/13407\/revisions\/13966"}],"wp:attachment":[{"href":"https:\/\/serveiseducatius.xtec.cat\/baixllobregat5\/wp-json\/wp\/v2\/media?parent=13407"}],"curies":[{"name":"wp","href":"https:\/\/api.w.org\/{rel}","templated":true}]}}