{"id":1314,"date":"2016-03-15T10:23:40","date_gmt":"2016-03-15T09:23:40","guid":{"rendered":"http:\/\/serveiseducatius.xtec.cat\/baixllobregat5\/?page_id=1314"},"modified":"2019-09-03T09:02:51","modified_gmt":"2019-09-03T07:02:51","slug":"calendari-pfz","status":"publish","type":"page","link":"https:\/\/serveiseducatius.xtec.cat\/baixllobregat5\/formacio\/calendari-pfz\/","title":{"rendered":"Calendari PFZ"},"content":{"rendered":"<p>&nbsp;<\/p>\n<table class=\"table\">\n<tbody>\n<tr>\n<td style=\"width: 586px;\"><b>Proc\u00e9s<\/b><\/td>\n<td style=\"width: 77px;\"><b>Inici<\/b><\/td>\n<td style=\"width: 77px;\"><b>Fi<\/b><\/td>\n<\/tr>\n<tr>\n<td style=\"width: 586px;\">Detecci\u00f3 de necessitats<\/td>\n<td style=\"width: 77px; text-align: center;\">abril<\/td>\n<td style=\"width: 77px; text-align: center;\">maig<\/td>\n<\/tr>\n<tr>\n<td style=\"width: 586px;\">Vist-i-plau de la Inspecci\u00f3\u00a0a les activitats demanades en la modalitat de <i>Formaci\u00f3 a centre<\/i><\/td>\n<td style=\"width: 77px;\">15-05-19<\/td>\n<td style=\"width: 77px;\">22-05-19<\/td>\n<\/tr>\n<tr>\n<td style=\"width: 586px;\">Aprovaci\u00f3\u00a0de la proposta global pel Comit\u00e8 de Formaci\u00f3 del Departament<\/td>\n<td style=\"width: 77px;\"><\/td>\n<td style=\"width: 77px;\">14-07-19<\/td>\n<\/tr>\n<tr>\n<td style=\"width: 586px;\">Publicaci\u00f3\u00a0de les activitats aprovades<\/td>\n<td style=\"width: 77px;\">15-07-19<\/td>\n<td style=\"width: 77px;\"><\/td>\n<\/tr>\n<tr>\n<td style=\"width: 586px;\">Inscripci\u00f3\u00a0del professorat a les activitats<\/td>\n<td style=\"width: 77px;\">12-09-19<\/td>\n<td style=\"width: 77px;\">27-09-19<\/td>\n<\/tr>\n<\/tbody>\n<\/table>\n<p><strong>Inscripcions<\/strong><\/p>\n<table class=\"table\">\n<tbody>\n<tr>\n<td><strong>Per\u00edodes d\u2019inscripci\u00f3<\/strong><\/td>\n<td><strong>Sol\u00b7licitud de pla\u00e7a<\/strong><\/td>\n<td><strong>Consulta d\u2019adjudicacions<\/strong><\/td>\n<td><strong>Inici de les activitats<\/strong><\/td>\n<\/tr>\n<tr>\n<td>Primer torn<\/td>\n<td>del 12 al 27 de setembre<\/td>\n<td>9 d\u2019octubre<\/td>\n<td>a partir del 15 d\u2019octubre<\/td>\n<\/tr>\n<tr>\n<td>Segon torn<\/td>\n<td>del 9 al 19 de gener<\/td>\n<td>30 de gener<\/td>\n<td>a partir del 5 de febrer<\/td>\n<\/tr>\n<tr>\n<td>Formaci\u00f3 d\u2019estiu<\/td>\n<td>del 15 al 31 de maig<\/td>\n<td>20 de juny<\/td>\n<td>a partir del 1 de juliol<\/td>\n<\/tr>\n<\/tbody>\n<\/table>\n<p>Sol\u00b7licituds de pla\u00e7a<\/p>\n<p>Per sol\u00b7licitar una pla\u00e7a s&#8217;ha de disposar d\u2019usuari i contrasenya XTEC actualitzats. Si s&#8217;ha de sol\u00b7licitar o es tenen problemes amb l\u2019identificador es pot visitar la p\u00e0gina d\u2019<a href=\"http:\/\/xtec.gencat.cat\/ca\/at_usuari\/gestio\/\" target=\"_blank\" rel=\"noopener noreferrer\">atenci\u00f3 a l\u2019usuari\/\u00e0ria<\/a>. Cal tenir en compte que el mitj\u00e0 preferent de comunicaci\u00f3 \u00e9s el correu XTEC.<\/p>\n<p>Les sol\u00b7licituds realitzades es poden consultar, anul\u00b7lar o modificar a la p\u00e0gina les <a href=\"http:\/\/xtec.gencat.cat\/ca\/formacio\/la-meva-formacio\/les-meves-activitats\/\" target=\"_blank\" rel=\"noopener noreferrer\">meves activitats<\/a>.<\/p>\n<p>La sol\u00b7licitud d\u2019una pla\u00e7a significa acceptar les condicions d\u2019inscripci\u00f3 i tot all\u00f2 que consta a la descripci\u00f3 de l\u2019activitat en refer\u00e8ncia a dates, horaris, objectius, continguts, persones destinat\u00e0ries i requisits d\u2019acreditaci\u00f3.<\/p>\n<p>Si hi ha sol\u00b7licituds d\u2019inscripci\u00f3 que arribin fora de termini, es deixaran en reserva.<\/p>\n<p>En la sol\u00b7licitud de places a activitats de formaci\u00f3 individual (cursos, tallers, seminaris i grups de treball), sense comptar la formaci\u00f3 obligat\u00f2ria, realitzades durant el curs escolar (primer torn, segon torn i torn d\u2019estiu) cal tenir en compte:<\/p>\n<p>En el primer i segon torn d\u2019inscripci\u00f3 una persona pot realitzar fins a 5 sol\u00b7licituds i en el torn d\u2019estiu fins a 3. En el cas de sol\u00b7licitud d&#8217;activitats telem\u00e0tiques tan sols es pot realitzar 2 sol\u00b7licituds per torn.<br \/>\nA cadascun del torns d\u2019inscripci\u00f3, el m\u00e0xim d\u2019hores que poden sumar les activitats sol\u00b7licitades \u00e9s de 100.<br \/>\nEn el total del curs escolar a una persona se li poden assignar fins a un m\u00e0xim de 100 hores.<\/p>\n<p>En la sol\u00b7licitud de places a activitats de formaci\u00f3 en centre i per a centres i a activitats de dinamitzaci\u00f3, sensibilitzaci\u00f3 i difusi\u00f3 (jornades, confer\u00e8ncies, taules rodones i presentacions d\u2019experi\u00e8ncies) no s\u2019estableixen l\u00edmits d\u2019hores en les sol\u00b7licituds i en les assignacions.<\/p>\n","protected":false},"excerpt":{"rendered":"<p>&nbsp; Proc\u00e9s Inici Fi Detecci\u00f3 de necessitats abril maig Vist-i-plau de la Inspecci\u00f3\u00a0a les activitats demanades en la modalitat de [&hellip;]<\/p>\n","protected":false},"author":1,"featured_media":0,"parent":416,"menu_order":0,"comment_status":"closed","ping_status":"closed","template":"","meta":{"_bbp_topic_count":0,"_bbp_reply_count":0,"_bbp_total_topic_count":0,"_bbp_total_reply_count":0,"_bbp_voice_count":0,"_bbp_anonymous_reply_count":0,"_bbp_topic_count_hidden":0,"_bbp_reply_count_hidden":0,"_bbp_forum_subforum_count":0,"site-sidebar-layout":"default","site-content-layout":"","ast-site-content-layout":"","site-content-style":"default","site-sidebar-style":"default","ast-global-header-display":"","ast-banner-title-visibility":"","ast-main-header-display":"","ast-hfb-above-header-display":"","ast-hfb-below-header-display":"","ast-hfb-mobile-header-display":"","site-post-title":"","ast-breadcrumbs-content":"","ast-featured-img":"","footer-sml-layout":"","theme-transparent-header-meta":"","adv-header-id-meta":"","stick-header-meta":"","header-above-stick-meta":"","header-main-stick-meta":"","header-below-stick-meta":"","astra-migrate-meta-layouts":"default","ast-page-background-enabled":"default","ast-page-background-meta":{"desktop":{"background-color":"var(--ast-global-color-4)","background-image":"","background-repeat":"repeat","background-position":"center center","background-size":"auto","background-attachment":"scroll","background-type":"","background-media":"","overlay-type":"","overlay-color":"","overlay-opacity":"","overlay-gradient":""},"tablet":{"background-color":"","background-image":"","background-repeat":"repeat","background-position":"center center","background-size":"auto","background-attachment":"scroll","background-type":"","background-media":"","overlay-type":"","overlay-color":"","overlay-opacity":"","overlay-gradient":""},"mobile":{"background-color":"","background-image":"","background-repeat":"repeat","background-position":"center center","background-size":"auto","background-attachment":"scroll","background-type":"","background-media":"","overlay-type":"","overlay-color":"","overlay-opacity":"","overlay-gradient":""}},"ast-content-background-meta":{"desktop":{"background-color":"var(--ast-global-color-5)","background-image":"","background-repeat":"repeat","background-position":"center center","background-size":"auto","background-attachment":"scroll","background-type":"","background-media":"","overlay-type":"","overlay-color":"","overlay-opacity":"","overlay-gradient":""},"tablet":{"background-color":"var(--ast-global-color-5)","background-image":"","background-repeat":"repeat","background-position":"center center","background-size":"auto","background-attachment":"scroll","background-type":"","background-media":"","overlay-type":"","overlay-color":"","overlay-opacity":"","overlay-gradient":""},"mobile":{"background-color":"var(--ast-global-color-5)","background-image":"","background-repeat":"repeat","background-position":"center center","background-size":"auto","background-attachment":"scroll","background-type":"","background-media":"","overlay-type":"","overlay-color":"","overlay-opacity":"","overlay-gradient":""}},"footnotes":""},"class_list":["post-1314","page","type-page","status-publish","hentry"],"post_mailing_queue_ids":[],"_links":{"self":[{"href":"https:\/\/serveiseducatius.xtec.cat\/baixllobregat5\/wp-json\/wp\/v2\/pages\/1314","targetHints":{"allow":["GET"]}}],"collection":[{"href":"https:\/\/serveiseducatius.xtec.cat\/baixllobregat5\/wp-json\/wp\/v2\/pages"}],"about":[{"href":"https:\/\/serveiseducatius.xtec.cat\/baixllobregat5\/wp-json\/wp\/v2\/types\/page"}],"author":[{"embeddable":true,"href":"https:\/\/serveiseducatius.xtec.cat\/baixllobregat5\/wp-json\/wp\/v2\/users\/1"}],"replies":[{"embeddable":true,"href":"https:\/\/serveiseducatius.xtec.cat\/baixllobregat5\/wp-json\/wp\/v2\/comments?post=1314"}],"version-history":[{"count":3,"href":"https:\/\/serveiseducatius.xtec.cat\/baixllobregat5\/wp-json\/wp\/v2\/pages\/1314\/revisions"}],"predecessor-version":[{"id":15052,"href":"https:\/\/serveiseducatius.xtec.cat\/baixllobregat5\/wp-json\/wp\/v2\/pages\/1314\/revisions\/15052"}],"up":[{"embeddable":true,"href":"https:\/\/serveiseducatius.xtec.cat\/baixllobregat5\/wp-json\/wp\/v2\/pages\/416"}],"wp:attachment":[{"href":"https:\/\/serveiseducatius.xtec.cat\/baixllobregat5\/wp-json\/wp\/v2\/media?parent=1314"}],"curies":[{"name":"wp","href":"https:\/\/api.w.org\/{rel}","templated":true}]}}