{"id":10163,"date":"2017-02-06T13:21:00","date_gmt":"2017-02-06T12:21:00","guid":{"rendered":"http:\/\/serveiseducatius.xtec.cat\/baixllobregat5\/?page_id=10163"},"modified":"2017-02-08T10:07:39","modified_gmt":"2017-02-08T09:07:39","slug":"enllacos-a-pagines-i-blogs-per-treballar-el-cinemaa-les-aules","status":"publish","type":"page","link":"https:\/\/serveiseducatius.xtec.cat\/baixllobregat5\/enllacos-a-pagines-i-blogs-per-treballar-el-cinemaa-les-aules\/","title":{"rendered":"Enlla\u00e7os a p\u00e0gines i blogs per treballar el cinema a les aules"},"content":{"rendered":"<p>Enlla\u00e7os a p\u00e0gines web i blogs on es poden trobar diferents recursos i propostes did\u00e0ctiques per treballar el cinema a les aules.<\/p>\n<table style=\"width: 701px;\">\n<tbody>\n<tr>\n<td style=\"width: 420px;\"><a href=\"http:\/\/filmclub.click\/w\/\" target=\"_blank\"><img loading=\"lazy\" decoding=\"async\" class=\"size-full wp-image-10169 aligncenter\" src=\"http:\/\/serveiseducatius.xtec.cat\/baixllobregat5\/wp-content\/uploads\/usu1180\/2017\/02\/Filmclub.png\" alt=\"filmclub\" width=\"318\" height=\"132\" srcset=\"https:\/\/serveiseducatius.xtec.cat\/baixllobregat5\/wp-content\/uploads\/usu1180\/2017\/02\/Filmclub.png 318w, https:\/\/serveiseducatius.xtec.cat\/baixllobregat5\/wp-content\/uploads\/usu1180\/2017\/02\/Filmclub-300x125.png 300w\" sizes=\"auto, (max-width: 318px) 100vw, 318px\" \/><\/a><\/td>\n<td style=\"width: 273px;\"><a href=\"http:\/\/cinescola.info\/\" target=\"_blank\"><img loading=\"lazy\" decoding=\"async\" class=\"alignleft size-large wp-image-10166\" src=\"http:\/\/serveiseducatius.xtec.cat\/baixllobregat5\/wp-content\/uploads\/usu1180\/2017\/02\/Cinescola-V.gif\" alt=\"cinescola-v\" width=\"254\" height=\"60\" \/><\/a><\/td>\n<\/tr>\n<tr>\n<td style=\"width: 420px;\"><a href=\"http:\/\/www.uhu.es\/cine.educacion\/cineyeducacion\/granmedioambiente.htm\" target=\"_blank\"><img loading=\"lazy\" decoding=\"async\" class=\"size-full wp-image-10164 aligncenter\" src=\"http:\/\/serveiseducatius.xtec.cat\/baixllobregat5\/wp-content\/uploads\/usu1180\/2017\/02\/aularia.bmp.jpg\" alt=\"aularia-bmp\" width=\"389\" height=\"97\" srcset=\"https:\/\/serveiseducatius.xtec.cat\/baixllobregat5\/wp-content\/uploads\/usu1180\/2017\/02\/aularia.bmp.jpg 389w, https:\/\/serveiseducatius.xtec.cat\/baixllobregat5\/wp-content\/uploads\/usu1180\/2017\/02\/aularia.bmp-300x75.jpg 300w\" sizes=\"auto, (max-width: 389px) 100vw, 389px\" \/><\/a><\/td>\n<td style=\"width: 273px;\"><a href=\"http:\/\/www.dracmagic.cat\/ca\/activitats\/filmoteca-per-a-les-escoles-17.htm\" target=\"_blank\"><img loading=\"lazy\" decoding=\"async\" class=\"size-large wp-image-10167 aligncenter\" src=\"http:\/\/serveiseducatius.xtec.cat\/baixllobregat5\/wp-content\/uploads\/usu1180\/2017\/02\/drac-m\u00e0gic.bmp.jpg\" alt=\"drac-magic-bmp\" width=\"192\" height=\"90\" \/><\/a><\/td>\n<\/tr>\n<tr>\n<td style=\"width: 420px;\"><a href=\"http:\/\/www.uhu.es\/cine.educacion\/cineyeducacion\/index.htm\" target=\"_blank\"><img loading=\"lazy\" decoding=\"async\" class=\"size-large wp-image-10165 aligncenter\" src=\"http:\/\/serveiseducatius.xtec.cat\/baixllobregat5\/wp-content\/uploads\/usu1180\/2017\/02\/cine-y-educacion.bmp.jpg\" alt=\"cine-y-educacion-bmp\" width=\"400\" height=\"75\" srcset=\"https:\/\/serveiseducatius.xtec.cat\/baixllobregat5\/wp-content\/uploads\/usu1180\/2017\/02\/cine-y-educacion.bmp.jpg 400w, https:\/\/serveiseducatius.xtec.cat\/baixllobregat5\/wp-content\/uploads\/usu1180\/2017\/02\/cine-y-educacion.bmp-300x56.jpg 300w\" sizes=\"auto, (max-width: 400px) 100vw, 400px\" \/><\/a><\/td>\n<td style=\"width: 273px;\"><a href=\"http:\/\/www.filmoteca.cat\/web\/la-filmoteca\" target=\"_blank\"><img loading=\"lazy\" decoding=\"async\" class=\"alignleft size-large wp-image-10170\" src=\"http:\/\/serveiseducatius.xtec.cat\/baixllobregat5\/wp-content\/uploads\/usu1180\/2017\/02\/Filmoteca-de-catalunya.bmp.jpg\" alt=\"filmoteca-de-catalunya-bmp\" width=\"395\" height=\"76\" srcset=\"https:\/\/serveiseducatius.xtec.cat\/baixllobregat5\/wp-content\/uploads\/usu1180\/2017\/02\/Filmoteca-de-catalunya.bmp.jpg 395w, https:\/\/serveiseducatius.xtec.cat\/baixllobregat5\/wp-content\/uploads\/usu1180\/2017\/02\/Filmoteca-de-catalunya.bmp-300x58.jpg 300w\" sizes=\"auto, (max-width: 395px) 100vw, 395px\" \/><\/a><\/td>\n<\/tr>\n<tr>\n<td style=\"width: 420px;\"><a href=\"http:\/\/www.museudelcinema.cat\/cat\/index.php\" target=\"_blank\"><img loading=\"lazy\" decoding=\"async\" class=\"size-full wp-image-10171 aligncenter\" src=\"http:\/\/serveiseducatius.xtec.cat\/baixllobregat5\/wp-content\/uploads\/usu1180\/2017\/02\/museu-del-cinema.jpeg\" alt=\"museu-del-cinema\" width=\"320\" height=\"122\" srcset=\"https:\/\/serveiseducatius.xtec.cat\/baixllobregat5\/wp-content\/uploads\/usu1180\/2017\/02\/museu-del-cinema.jpeg 320w, https:\/\/serveiseducatius.xtec.cat\/baixllobregat5\/wp-content\/uploads\/usu1180\/2017\/02\/museu-del-cinema-300x114.jpeg 300w\" sizes=\"auto, (max-width: 320px) 100vw, 320px\" \/><\/a><\/td>\n<td style=\"width: 273px;\"><a href=\"http:\/\/www.mecd.gob.es\/cultura-mecd\/areas-cultura\/cine\/inicio.html;jsessionid=B063AF8ADBA53680D1DB44A286ECA811\" target=\"_blank\"><img loading=\"lazy\" decoding=\"async\" class=\"size-large wp-image-10168 aligncenter\" src=\"http:\/\/serveiseducatius.xtec.cat\/baixllobregat5\/wp-content\/uploads\/usu1180\/2017\/02\/f.espa\u00f1ola.bmp.jpg\" alt=\"f-espanola-bmp\" width=\"393\" height=\"66\" srcset=\"https:\/\/serveiseducatius.xtec.cat\/baixllobregat5\/wp-content\/uploads\/usu1180\/2017\/02\/f.espa\u00f1ola.bmp.jpg 393w, https:\/\/serveiseducatius.xtec.cat\/baixllobregat5\/wp-content\/uploads\/usu1180\/2017\/02\/f.espa\u00f1ola.bmp-300x50.jpg 300w\" sizes=\"auto, (max-width: 393px) 100vw, 393px\" \/><\/a><\/td>\n<\/tr>\n<\/tbody>\n<\/table>\n","protected":false},"excerpt":{"rendered":"<p>Enlla\u00e7os a p\u00e0gines web i blogs on es poden trobar diferents recursos i propostes did\u00e0ctiques per treballar el cinema a [&hellip;]<\/p>\n","protected":false},"author":1,"featured_media":0,"parent":0,"menu_order":0,"comment_status":"closed","ping_status":"closed","template":"","meta":{"_bbp_topic_count":0,"_bbp_reply_count":0,"_bbp_total_topic_count":0,"_bbp_total_reply_count":0,"_bbp_voice_count":0,"_bbp_anonymous_reply_count":0,"_bbp_topic_count_hidden":0,"_bbp_reply_count_hidden":0,"_bbp_forum_subforum_count":0,"site-sidebar-layout":"default","site-content-layout":"","ast-site-content-layout":"","site-content-style":"default","site-sidebar-style":"default","ast-global-header-display":"","ast-banner-title-visibility":"","ast-main-header-display":"","ast-hfb-above-header-display":"","ast-hfb-below-header-display":"","ast-hfb-mobile-header-display":"","site-post-title":"","ast-breadcrumbs-content":"","ast-featured-img":"","footer-sml-layout":"","theme-transparent-header-meta":"","adv-header-id-meta":"","stick-header-meta":"","header-above-stick-meta":"","header-main-stick-meta":"","header-below-stick-meta":"","astra-migrate-meta-layouts":"default","ast-page-background-enabled":"default","ast-page-background-meta":{"desktop":{"background-color":"var(--ast-global-color-4)","background-image":"","background-repeat":"repeat","background-position":"center center","background-size":"auto","background-attachment":"scroll","background-type":"","background-media":"","overlay-type":"","overlay-color":"","overlay-opacity":"","overlay-gradient":""},"tablet":{"background-color":"","background-image":"","background-repeat":"repeat","background-position":"center center","background-size":"auto","background-attachment":"scroll","background-type":"","background-media":"","overlay-type":"","overlay-color":"","overlay-opacity":"","overlay-gradient":""},"mobile":{"background-color":"","background-image":"","background-repeat":"repeat","background-position":"center center","background-size":"auto","background-attachment":"scroll","background-type":"","background-media":"","overlay-type":"","overlay-color":"","overlay-opacity":"","overlay-gradient":""}},"ast-content-background-meta":{"desktop":{"background-color":"var(--ast-global-color-5)","background-image":"","background-repeat":"repeat","background-position":"center center","background-size":"auto","background-attachment":"scroll","background-type":"","background-media":"","overlay-type":"","overlay-color":"","overlay-opacity":"","overlay-gradient":""},"tablet":{"background-color":"var(--ast-global-color-5)","background-image":"","background-repeat":"repeat","background-position":"center center","background-size":"auto","background-attachment":"scroll","background-type":"","background-media":"","overlay-type":"","overlay-color":"","overlay-opacity":"","overlay-gradient":""},"mobile":{"background-color":"var(--ast-global-color-5)","background-image":"","background-repeat":"repeat","background-position":"center center","background-size":"auto","background-attachment":"scroll","background-type":"","background-media":"","overlay-type":"","overlay-color":"","overlay-opacity":"","overlay-gradient":""}},"footnotes":""},"class_list":["post-10163","page","type-page","status-publish","hentry"],"post_mailing_queue_ids":[],"_links":{"self":[{"href":"https:\/\/serveiseducatius.xtec.cat\/baixllobregat5\/wp-json\/wp\/v2\/pages\/10163","targetHints":{"allow":["GET"]}}],"collection":[{"href":"https:\/\/serveiseducatius.xtec.cat\/baixllobregat5\/wp-json\/wp\/v2\/pages"}],"about":[{"href":"https:\/\/serveiseducatius.xtec.cat\/baixllobregat5\/wp-json\/wp\/v2\/types\/page"}],"author":[{"embeddable":true,"href":"https:\/\/serveiseducatius.xtec.cat\/baixllobregat5\/wp-json\/wp\/v2\/users\/1"}],"replies":[{"embeddable":true,"href":"https:\/\/serveiseducatius.xtec.cat\/baixllobregat5\/wp-json\/wp\/v2\/comments?post=10163"}],"version-history":[{"count":2,"href":"https:\/\/serveiseducatius.xtec.cat\/baixllobregat5\/wp-json\/wp\/v2\/pages\/10163\/revisions"}],"predecessor-version":[{"id":10237,"href":"https:\/\/serveiseducatius.xtec.cat\/baixllobregat5\/wp-json\/wp\/v2\/pages\/10163\/revisions\/10237"}],"wp:attachment":[{"href":"https:\/\/serveiseducatius.xtec.cat\/baixllobregat5\/wp-json\/wp\/v2\/media?parent=10163"}],"curies":[{"name":"wp","href":"https:\/\/api.w.org\/{rel}","templated":true}]}}