{"id":940,"date":"2013-11-19T15:24:45","date_gmt":"2013-11-19T14:24:45","guid":{"rendered":"http:\/\/blocs.xtec.cat\/sebaixllobregat4\/?page_id=940"},"modified":"2026-03-11T13:34:48","modified_gmt":"2026-03-11T12:34:48","slug":"medi-comarcal","status":"publish","type":"page","link":"https:\/\/serveiseducatius.xtec.cat\/baixllobregat4\/recursos-2\/recursos-de-lentorn\/medi-comarcal\/","title":{"rendered":"Medi comarcal"},"content":{"rendered":"<h1><a href=\"http:\/\/www.cecbll.cat\/3066\/v4_ver_pagina.php?params=b3066a4717a4832a00000\" target=\"_blank\" rel=\"noopener noreferrer\">Recursos culturals i educatius del Baix Llobregat<\/a><\/h1>\n<p>La comarca ofereix un ampli ventall de recursos culturals i educatius que tenim ben a prop de casa, i que de ben segur poden resultar molt \u00fatils dins i fora de l&#8217;aula i econ\u00f2micament m\u00e9s barats. Us en adjuntem alguns:<\/p>\n<ul>\n<li><a href=\"http:\/\/www.coloniaguell.net\/Colonia_Guell_Santa_Coloma_de_Cervello_Cripta_Gaudi_Modernisme_2.html\" target=\"_blank\" rel=\"noopener noreferrer\">Centre d&#8217;interpretaci\u00f3 de la Col\u00f2nia G\u00fcell<\/a><\/li>\n<li><a href=\"http:\/\/parcarqueologic.blogspot.com.es\/\" target=\"_blank\" rel=\"noopener noreferrer\">Parc arqueol\u00f2gic Mines de Gav\u00e0<\/a><\/li>\n<li><a href=\"http:\/\/www.xtec.cat\/serveis\/cda\/a8903085\/\" target=\"_blank\" rel=\"noopener noreferrer\">Camp d&#8217;aprenentatge de Can Sentoi a Molins de Rei<\/a><\/li>\n<li><a href=\"http:\/\/www20.gencat.cat\/portal\/site\/patronatmontserrat\/menuitem.8be8491fc055048ce8940efcb0c0e1a0\/?vgnextoid=e178cfbf8e29f110VgnVCM1000008d0c1e0aRCRD&amp;vgnextchannel=e178cfbf8e29f110VgnVCM1000008d0c1e0aRCRD&amp;vgnextfmt=default\" target=\"_blank\" rel=\"noopener noreferrer\">Les Coves del Salnitre a Collbat\u00f3<\/a><\/li>\n<li><a href=\"http:\/\/www.portadeldelta.cat\/\" target=\"_blank\" rel=\"noopener noreferrer\">Centre d&#8217;informaci\u00f3 i promoci\u00f3 del delta del Llobregat<\/a><\/li>\n<li><a href=\"http:\/\/www.castelldefels.org\/ca\/doc_generica.asp?dogid=432\" target=\"_blank\" rel=\"noopener noreferrer\">Centre d&#8217;activitats ambientals Cal Ganxo a Castelldefels<\/a><\/li>\n<li><a href=\"http:\/\/www.cmarrel.despientitats.cat\/Home\/_H4QS29qxa73v2k18OfJhbf9z3gc_OjitRK5pvYy5hhSE0ZfK5ztOUQ\" target=\"_blank\" rel=\"noopener noreferrer\">Centre mediambiental l&#8217;Arrel de Sant Joan Desp\u00ed<\/a><\/li>\n<li><a href=\"http:\/\/www.museuagbar.com\/\" target=\"_blank\" rel=\"noopener noreferrer\">Museu AGBAR a Cornell\u00e0 de Llobregat<\/a><\/li>\n<li><a href=\"http:\/\/www.santboi.cat\/PaginesW.nsf\/Web%5CPlanes\/17696D10F0E67519C125742F002FE39C?OpenDocument&amp;Clau=Termas&amp;Idioma=es\" target=\"_blank\" rel=\"noopener noreferrer\">Termes romanes de Sant Boi de Llobregat<\/a><\/li>\n<li><a href=\"http:\/\/www.mnactec.cat\/museum\/museu_de_la_colonia_sedo_esparreguera.htm\" target=\"_blank\" rel=\"noopener noreferrer\">Museu de la col\u00f2nia Sed\u00f3 d&#8217;Esparreguera<\/a><\/li>\n<\/ul>\n<h1><a href=\"http:\/\/www.turismebaixllobregat.com\/oci\/index.asp?Lang=CT&amp;vT=\" target=\"_blank\" rel=\"noopener noreferrer\">Consorci de turisme del Baix Llobregat<\/a><\/h1>\n<p>Web que recull informacions sobre diferents municipis del Baix Llobregat relacionat amb la natura, la gastronomia, l&#8217;oci i l&#8217;entreteniment.<\/p>\n<h1><a href=\"http:\/\/www.elbaixllobregat.net\/consell\/index.htm\" target=\"_blank\" rel=\"noopener noreferrer\">Consell Comarcal<\/a><\/h1>\n<p><img loading=\"lazy\" decoding=\"async\" class=\"size-full wp-image-974 alignleft\" src=\"http:\/\/serveiseducatius.xtec.cat\/baixllobregat4\/wp-content\/uploads\/usu1181\/2013\/11\/consellComarcal.gif\" alt=\"consellComarcal\" width=\"193\" height=\"52\" \/>Web que recull informacions destacades d&#8217;aquest organisme aix\u00ed com tamb\u00e9 informaci\u00f3 general sobre la comarca, vincles amb webs municipals..<\/p>\n<h1><\/h1>\n<h1><a href=\"http:\/\/www.llobregat.info\/\" target=\"_blank\" rel=\"noopener noreferrer\">Centre d&#8217;Estudis Comarcals del Baix Llobregat (CECBLL)<\/a><\/h1>\n<p><img loading=\"lazy\" decoding=\"async\" class=\"size-full wp-image-973 alignleft\" src=\"http:\/\/serveiseducatius.xtec.cat\/baixllobregat4\/wp-content\/uploads\/usu1181\/2013\/11\/cecbll.jpg\" alt=\"cecbll\" width=\"109\" height=\"109\" \/>Finestra oberta a la comarca, per tal de donar a con\u00e8ixer all\u00f2 que hi passa i permetre la difusi\u00f3 i l&#8217;intercanvi d&#8217;idees, experi\u00e8ncies i informaci\u00f3.<\/p>\n<h1><\/h1>\n<h1><\/h1>\n<h1><a href=\"http:\/\/www.xtec.es\/crp-baixllobregat6\/natura\/informacions.htm\" target=\"_blank\" rel=\"noopener noreferrer\">Mapes comarcals<\/a><\/h1>\n<p><img loading=\"lazy\" decoding=\"async\" class=\"size-full wp-image-972 alignleft\" src=\"http:\/\/serveiseducatius.xtec.cat\/baixllobregat4\/wp-content\/uploads\/usu1181\/2013\/11\/mapabaix.jpg\" alt=\"mapabaix\" width=\"150\" height=\"177\" \/>De com\u00fa acord amb l&#8217;Ajuntament de Sant Vicen\u00e7 dels Horts, el CRP Baix Llobregat-6 ha produ\u00eft un conjunt de vuit mapes comarcals per ser utilitzats un cop recuperades del web.<br \/>\nLes tem\u00e0tiques tractades s\u00f3n: topografia, xarxa hidrogr\u00e0fica, xarxa vi\u00e0ria i termes municipals amb els seus corresponents mapes muts.<\/p>\n<h1><\/h1>\n<h1><\/h1>\n<h1><a href=\"http:\/\/www.xtec.es\/recursos\/socials\/llobregat\/index.htm\" target=\"_blank\" rel=\"noopener noreferrer\">El Baix Llobregat. Materials did\u00e0ctics per al coneixement de la comarca<\/a><\/h1>\n<p><img loading=\"lazy\" decoding=\"async\" class=\"size-full wp-image-971 alignleft\" src=\"http:\/\/serveiseducatius.xtec.cat\/baixllobregat4\/wp-content\/uploads\/usu1181\/2013\/11\/fotollob.jpg\" alt=\"fotollob\" width=\"200\" height=\"114\" \/>\u00c9s una eina de treball per al coneixement de la comarca del Baix Llobregat, adre\u00e7ada fonamentalment als nois i noies de primer cicle d&#8217;ESO. De fet, \u00e9s un recull de materials i propostes de treball que, degudament seleccionats pel professorat,\u00a0 pot prendre la forma d&#8217;un cr\u00e8dit.<\/p>\n<h1><\/h1>\n<h1><\/h1>\n<h1><a href=\"http:\/\/www.xtec.cat\/monografics\/socials\/descobrim\/index.htm\" target=\"_blank\" rel=\"noopener noreferrer\">Descobrim el Baix Llobregat<\/a><\/h1>\n<p><img loading=\"lazy\" decoding=\"async\" class=\"size-full wp-image-970 alignleft\" src=\"http:\/\/serveiseducatius.xtec.cat\/baixllobregat4\/wp-content\/uploads\/usu1181\/2013\/11\/descobirBaix.jpg\" alt=\"descobirBaix\" width=\"200\" height=\"165\" \/>Amb aquest nom gen\u00e8ric s&#8217;apleguen quatre publicacions del Consell Comarcal del Baix Llobregat que fan incid\u00e8ncia en \u00e0mbits diferents de la hist\u00f2ria de la comarca: el rom\u00e0nic, el modernisme, la industrialitzaci\u00f3 i el moviment obrer. A banda dels continguts conceptuals s&#8217;inclouen propostes did\u00e0ctiques per a prim\u00e0ria i per a secund\u00e0ria.<br \/>\nEls dossiers s\u00f3n:<\/p>\n<ul>\n<li>El temps del rom\u00e0nic<\/li>\n<li>El modernisme<\/li>\n<li>La industrialitzaci\u00f3 al Baix Llobregat, dels inicis a la guerra civil<\/li>\n<li>El moviment obrer (1939-1978)<\/li>\n<\/ul>\n<h1><\/h1>\n<h1><a href=\"http:\/\/www.diba.cat\/parcsn\/parcs\/index.asp?Parc=9\" target=\"_blank\" rel=\"noopener noreferrer\">El Parc Agrari del Baix Llobregat<\/a><\/h1>\n<p><img loading=\"lazy\" decoding=\"async\" class=\"size-full wp-image-969 alignnone\" src=\"http:\/\/serveiseducatius.xtec.cat\/baixllobregat4\/wp-content\/uploads\/usu1181\/2013\/11\/parcAgrari.gif\" alt=\"parcAgrari\" width=\"300\" height=\"44\" \/><\/p>\n<p><img loading=\"lazy\" decoding=\"async\" class=\"size-full wp-image-968 alignleft\" src=\"http:\/\/serveiseducatius.xtec.cat\/baixllobregat4\/wp-content\/uploads\/usu1181\/2013\/11\/camp.jpg\" alt=\"camp\" width=\"200\" height=\"133\" \/><\/p>\n<p>El Parc Agrari del Baix Llobregat est\u00e0 ubicat a la vall baixa i al delta del riu Llobregat, on es desenvolupa l&#8217;activitat agr\u00e0ria m\u00e9s important de l&#8217;\u00e0rea metropolitana de Barcelona.<br \/>\nAquesta activitat agr\u00e0ria periurbana est\u00e0 sotmesa a tot un seguit de pressions que provenen de la construcci\u00f3 d&#8217;infrastructures vi\u00e0ries i energ\u00e8tiques, aix\u00ed com de l&#8217;expansi\u00f3 urbana i industrial.<br \/>\nPer a la conservaci\u00f3 de l&#8217;espai agrari, el desenvolupament econ\u00f2mic de les empreses i la promoci\u00f3 dels seus productes, es realitza durant el per\u00edode 1996-1998 un projecte LIFE finan\u00e7at per la UE.<\/p>\n<h1><\/h1>\n<h1><a href=\"http:\/\/www.emssa.com\/public\/depuradores\/baix_llobregat\" target=\"_blank\" rel=\"noopener noreferrer\">La Depuradora del Baix Llobregat<\/a><\/h1>\n<p><img loading=\"lazy\" decoding=\"async\" class=\"size-full wp-image-967 alignleft\" src=\"http:\/\/serveiseducatius.xtec.cat\/baixllobregat4\/wp-content\/uploads\/usu1181\/2013\/11\/depuradora.gif\" alt=\"depuradora\" width=\"96\" height=\"95\" \/>Aquesta obra emblem\u00e0tica suposa una de les m\u00e9s grans intervencions mediambientals realitzades sobre el nostre litoral a les darreres d\u00e8cades. La Depuradora donar\u00e0 servei a una poblaci\u00f3 de m\u00e9s de dos milions d\u00b4habitants equivalents, una dimensi\u00f3 que la converteix en una de les obres d\u00b4aquestes caracter\u00edstiques m\u00e9s importants d\u00b4Europa.<\/p>\n<h1><\/h1>\n<h1><a href=\"http:\/\/www.xtec.es\/crp-baixllobregat6\/colonia\/visita.htm\" target=\"_blank\" rel=\"noopener noreferrer\">La Col\u00f2nia G\u00fcell<\/a><\/h1>\n<p><img loading=\"lazy\" decoding=\"async\" class=\"size-full wp-image-966 alignleft\" src=\"http:\/\/serveiseducatius.xtec.cat\/baixllobregat4\/wp-content\/uploads\/usu1181\/2013\/11\/colguell1.jpg\" alt=\"colguell1\" width=\"72\" height=\"200\" \/>El contingut d&#8217;aquesta WEB ens permetr\u00e0 disposar d&#8217;informaci\u00f3 sobre la col\u00f2nia G\u00fcell, el paper de la fam\u00edlia G\u00fcell en l&#8217;assentament de la col\u00f2nia t\u00e8xtil a Santa Coloma de Cervell\u00f3. Un itinerari virtual per la col\u00f2nia i la biografia d&#8217;Antoni Gaudi amb una breu contextualitzaci\u00f3 del Modernisme.<br \/>\nAquesta producci\u00f3 ha estat realitzada pel Centre de Recursos Baix Llobrgat-6 amb la col\u2022laboraci\u00f3 del camp d&#8217;Aprenentatge Can Santoi en motiu del 150 aniversari del naixement d&#8217;Antoni Gaud\u00ed.<\/p>\n","protected":false},"excerpt":{"rendered":"<p>Recursos culturals i educatius del Baix Llobregat La comarca ofereix un ampli ventall de recursos culturals i educatius que tenim [&hellip;]<\/p>\n","protected":false},"author":3,"featured_media":0,"parent":2103,"menu_order":0,"comment_status":"closed","ping_status":"closed","template":"","meta":{"_bbp_topic_count":0,"_bbp_reply_count":0,"_bbp_total_topic_count":0,"_bbp_total_reply_count":0,"_bbp_voice_count":0,"_bbp_anonymous_reply_count":0,"_bbp_topic_count_hidden":0,"_bbp_reply_count_hidden":0,"_bbp_forum_subforum_count":0,"site-sidebar-layout":"no-sidebar","site-content-layout":"","ast-site-content-layout":"default","site-content-style":"default","site-sidebar-style":"default","ast-global-header-display":"","ast-banner-title-visibility":"","ast-main-header-display":"","ast-hfb-above-header-display":"","ast-hfb-below-header-display":"","ast-hfb-mobile-header-display":"","site-post-title":"","ast-breadcrumbs-content":"","ast-featured-img":"","footer-sml-layout":"","theme-transparent-header-meta":"","adv-header-id-meta":"","stick-header-meta":"","header-above-stick-meta":"","header-main-stick-meta":"","header-below-stick-meta":"","astra-migrate-meta-layouts":"set","ast-page-background-enabled":"default","ast-page-background-meta":{"desktop":{"background-color":"var(--ast-global-color-4)","background-image":"","background-repeat":"repeat","background-position":"center center","background-size":"auto","background-attachment":"scroll","background-type":"","background-media":"","overlay-type":"","overlay-color":"","overlay-opacity":"","overlay-gradient":""},"tablet":{"background-color":"","background-image":"","background-repeat":"repeat","background-position":"center center","background-size":"auto","background-attachment":"scroll","background-type":"","background-media":"","overlay-type":"","overlay-color":"","overlay-opacity":"","overlay-gradient":""},"mobile":{"background-color":"","background-image":"","background-repeat":"repeat","background-position":"center center","background-size":"auto","background-attachment":"scroll","background-type":"","background-media":"","overlay-type":"","overlay-color":"","overlay-opacity":"","overlay-gradient":""}},"ast-content-background-meta":{"desktop":{"background-color":"var(--ast-global-color-5)","background-image":"","background-repeat":"repeat","background-position":"center center","background-size":"auto","background-attachment":"scroll","background-type":"","background-media":"","overlay-type":"","overlay-color":"","overlay-opacity":"","overlay-gradient":""},"tablet":{"background-color":"var(--ast-global-color-5)","background-image":"","background-repeat":"repeat","background-position":"center center","background-size":"auto","background-attachment":"scroll","background-type":"","background-media":"","overlay-type":"","overlay-color":"","overlay-opacity":"","overlay-gradient":""},"mobile":{"background-color":"var(--ast-global-color-5)","background-image":"","background-repeat":"repeat","background-position":"center center","background-size":"auto","background-attachment":"scroll","background-type":"","background-media":"","overlay-type":"","overlay-color":"","overlay-opacity":"","overlay-gradient":""}},"footnotes":""},"class_list":["post-940","page","type-page","status-publish","hentry"],"post_mailing_queue_ids":[],"_links":{"self":[{"href":"https:\/\/serveiseducatius.xtec.cat\/baixllobregat4\/wp-json\/wp\/v2\/pages\/940","targetHints":{"allow":["GET"]}}],"collection":[{"href":"https:\/\/serveiseducatius.xtec.cat\/baixllobregat4\/wp-json\/wp\/v2\/pages"}],"about":[{"href":"https:\/\/serveiseducatius.xtec.cat\/baixllobregat4\/wp-json\/wp\/v2\/types\/page"}],"author":[{"embeddable":true,"href":"https:\/\/serveiseducatius.xtec.cat\/baixllobregat4\/wp-json\/wp\/v2\/users\/3"}],"replies":[{"embeddable":true,"href":"https:\/\/serveiseducatius.xtec.cat\/baixllobregat4\/wp-json\/wp\/v2\/comments?post=940"}],"version-history":[{"count":4,"href":"https:\/\/serveiseducatius.xtec.cat\/baixllobregat4\/wp-json\/wp\/v2\/pages\/940\/revisions"}],"predecessor-version":[{"id":16087,"href":"https:\/\/serveiseducatius.xtec.cat\/baixllobregat4\/wp-json\/wp\/v2\/pages\/940\/revisions\/16087"}],"up":[{"embeddable":true,"href":"https:\/\/serveiseducatius.xtec.cat\/baixllobregat4\/wp-json\/wp\/v2\/pages\/2103"}],"wp:attachment":[{"href":"https:\/\/serveiseducatius.xtec.cat\/baixllobregat4\/wp-json\/wp\/v2\/media?parent=940"}],"curies":[{"name":"wp","href":"https:\/\/api.w.org\/{rel}","templated":true}]}}