{"id":938,"date":"2013-11-19T15:24:16","date_gmt":"2013-11-19T14:24:16","guid":{"rendered":"http:\/\/blocs.xtec.cat\/sebaixllobregat4\/?page_id=938"},"modified":"2025-04-29T10:36:51","modified_gmt":"2025-04-29T08:36:51","slug":"medi-local","status":"publish","type":"page","link":"https:\/\/serveiseducatius.xtec.cat\/baixllobregat4\/recursos-2\/recursos-de-lentorn\/medi-local\/","title":{"rendered":"Medi local"},"content":{"rendered":"<p><strong>CAT\u00c0LEG DE RECURSOS PER AL TREBALL DEL MEDI LOCAL<\/strong><\/p>\n<h3>WEBQUESTA\u00a0<a href=\"https:\/\/sites.google.com\/site\/deltadellobregat\/\" target=\"_blank\" rel=\"nofollow noopener noreferrer\"><b>Coneix el Delta del Llobregat<\/b><\/a><\/h3>\n<p><a href=\"https:\/\/sites.google.com\/site\/deltadellobregat\/\" target=\"_blank\" rel=\"noopener noreferrer\"><img loading=\"lazy\" decoding=\"async\" class=\"alignleft wp-image-3241 size-medium\" src=\"http:\/\/serveiseducatius.xtec.cat\/baixllobregat4\/wp-content\/uploads\/usu1181\/2013\/11\/Imagen2-300x102.jpg\" alt=\"Imagen2\" width=\"300\" height=\"102\" srcset=\"https:\/\/serveiseducatius.xtec.cat\/baixllobregat4\/wp-content\/uploads\/usu1181\/2013\/11\/Imagen2-300x102.jpg 300w, https:\/\/serveiseducatius.xtec.cat\/baixllobregat4\/wp-content\/uploads\/usu1181\/2013\/11\/Imagen2.jpg 722w\" sizes=\"auto, (max-width: 300px) 100vw, 300px\" \/><\/a><\/p>\n<p>El Grup de Treball de <a href=\"https:\/\/sites.google.com\/a\/xtec.cat\/lectura-en-digital-al-prat\/\" target=\"_blank\" rel=\"noopener noreferrer\">Lectura en Digital<\/a>\u00a0l&#8217;ha dissenyada\u00a0per treballar el coneixement del medi natural, social i cultural, la lectura digital, el treball cooperatiu i les eines TAC. Va adre\u00e7ada a tots els nois i noies del cicle superior de prim\u00e0ria que vulguin con\u00e8ixer de m\u00e9s a prop els ambients del Delta del Llobregat.<\/p>\n<h3><strong><span style=\"text-decoration: underline;\">WEBQUESTA<\/span>\u00a0<a href=\"https:\/\/sites.google.com\/a\/xtec.cat\/webquest-escultures\/\" target=\"_blank\" rel=\"noopener noreferrer\">On \u00e9s la sarganta del Prat?<\/a><\/strong><\/h3>\n<p><strong>\u00a0<\/strong>Una eina per explorar les escultures del Prat de Llobregat a trav\u00e9s d\u2019una hist\u00f2ria plena de valors i de refer\u00e8ncies a la cultura i hist\u00f2ria de la ciutat. La webquesta est\u00e0 pensada per a l\u2019alumnat de cicle superior de prim\u00e0ria i 1er d\u2019ESO.<\/p>\n<h3><strong><span style=\"text-decoration: underline;\">SELECCI\u00d3 DE WEBS<\/span><\/strong><\/h3>\n<ul style=\"list-style-type: circle;\">\n<li><a href=\"http:\/\/lacapsa.org\/2015\/09\/23\/versions-de-la-sardana\/\" target=\"_blank\" rel=\"noopener noreferrer\">Versions de La Sardana de La Festa Major del Prat<\/a><\/li>\n<li><a href=\"http:\/\/recursos-crp-prat.blogspot.com.es\/2012\/09\/seleccio-de-webs.html\" target=\"_blank\" rel=\"noopener noreferrer\">Selecci\u00f3 de vincles per obtenir informaci\u00f3 sobre el medi local.<\/a><\/li>\n<li><a title=\"CRAM\" href=\"http:\/\/cram.org\/ca\/\" target=\"_blank\" rel=\"noopener noreferrer\">Fundaci\u00f3 CRAM: conservaci\u00f3 i recuperaci\u00f3 d&#8217;animals marins.<\/a><\/li>\n<\/ul>\n<h3><b><span style=\"text-decoration: underline;\">INDRETS, ITINERARIS I VISITES<\/span><\/b><\/h3>\n<ul style=\"list-style-type: circle;\">\n<li>\n<h5><a href=\"http:\/\/recursos-crp-prat.blogspot.com.es\/2012\/09\/indrets-itineraris-i-visites.html\" target=\"_blank\" rel=\"noopener noreferrer\">Diferents activitats educatives.<\/a><\/h5>\n<\/li>\n<\/ul>\n<h3><b><span style=\"text-decoration: underline;\">FOLKLORE<\/span><\/b><\/h3>\n<div>\n<ul style=\"list-style-type: circle;\">\n<li>\n<h6><a href=\"https:\/\/www.dropbox.com\/s\/1lsxi3k8amktkhb\/C%C3%B2pia%20%282%29%20de%2020130131120546.pdf\" target=\"_blank\" rel=\"noopener noreferrer\">Costumari Popular del Prat de Llobregat:\u00a0Solstici d&#8217;hivern. Carnestoltes<\/a><\/h6>\n<\/li>\n<li><a href=\"http:\/\/www.elprat.cat\/cultura\/biblioteca-antonio-martin\">PRATILLETRES. BIBLIOTECA ANTONIO MART\u00cdN<\/a><\/li>\n<\/ul>\n<h3><strong><span style=\"text-decoration: underline;\">MATERIALS D&#8217;ART<\/span><\/strong><\/h3>\n<div>\n<ul style=\"list-style-type: circle;\">\n<li>\u00a0<a href=\"http:\/\/woices.com\/walk\/122\">19 relats de diferents escultures del Prat<\/a> Es va realitzar amb el programa Woices, i es tracta d&#8217;una audioguia geolocalitzada.<\/li>\n<\/ul>\n<\/div>\n<div>\n<ul style=\"list-style-type: circle;\">\n<li>\u00a0<a href=\"http:\/\/xtec.cat\/crp-elprat\/\/mediloc\/escultur\/artprat\/autors.htm\">Autors de les escultures del Prat<\/a> Aquest material s&#8217;enmarca dins del II Simposi d&#8217;Escultura als carrers del Prat. Podem trobar informaci\u00f3 sobre els autors de les escultures.<\/li>\n<\/ul>\n<\/div>\n<div>\n<ul style=\"list-style-type: circle;\">\n<li>\u00a0<a href=\"https:\/\/www.google.com\/maps\/d\/edit?mid=zum5WtTb73No.ki3Teg4_Cl2I\">Mapa interactiu de les escultures del Prat de Llobregat<\/a> Aquest mapa s&#8217;ha actualitzat a l&#8217;any 2015, amb la inclusi\u00f3 de les noves escultures i la ubicaci\u00f3 d&#8217;altres.<\/li>\n<\/ul>\n<\/div>\n<h3><strong><span style=\"text-decoration: underline;\">MATERIALS D&#8217;ELABORACI\u00d3 PR\u00d2PIA<\/span><\/strong><\/h3>\n<div>\n<div>\n<ul style=\"list-style-type: circle;\">\n<li><a href=\"http:\/\/recursos-crp-prat.blogspot.com.es\/2012\/12\/el-pota-blava.html\" target=\"_blank\" rel=\"noopener noreferrer\">El pollastre del Prat de pota blava<\/a>.<\/li>\n<li><a href=\"http:\/\/xtec.cat\/crp-elprat\/\/mediloc\/escultur\/artprat\/autors.htm\">Autors de les escultures del Prat<\/a><\/li>\n<li><a href=\"http:\/\/recursos-crp-prat.blogspot.com.es\/2012\/09\/la-festa-major.html\" target=\"_blank\" rel=\"noopener noreferrer\">La festa major del Prat. Els gegants<\/a><\/li>\n<li><a href=\"http:\/\/xtec.cat\/crp-elprat\/\/mediloc\/biografies\/biografies.htm\">Biografies de personalitats vinculades al Prat de Llobregat<\/a><\/li>\n<\/ul>\n<\/div>\n<\/div>\n<h3><strong><span style=\"text-decoration: underline;\">MATERIALS ELABORATS PELS CENTRES EDUCATIUS<\/span><\/strong><\/h3>\n<ul style=\"list-style-type: circle;\">\n<li><strong><a href=\"http:\/\/recursos-crp-prat.blogspot.com.es\/2013\/01\/el-prat-jclic.html#more\" target=\"_blank\" rel=\"noopener noreferrer\">EL PRAT JCLIC<\/a><\/strong><\/li>\n<\/ul>\n<p>La mestra, Eva Maria Garcia de l\u2019escola Nostra Senyora del Mar, \u00a0ha creat una activitat JClic relacionada amb el projecte interdisciplinari anomenat EL PRAT DE LLOBREGAT.<\/p>\n<div id=\"post-body-7079981216937858981\">\n<div>L\u2019objectiu \u00a0principal d\u2019aquest projecte \u00e9s \u00a0apropar a l\u2019alumnat a la historia, els s\u00edmbols, les tradicions, els productes i els seguici festiu del Prat.\u00a0Aquesta activitat va adre\u00e7ada a alumnes de cicle inicial i mitj\u00e0 de prim\u00e0ria.<\/div>\n<\/div>\n<ul style=\"list-style-type: circle;\">\n<li><b><a href=\"http:\/\/voreresescrites.blogspot.com.es\/\" target=\"_blank\" rel=\"noopener noreferrer\">VORERES ESCRITES. Institut Salvador Dal\u00ed<\/a><\/b><\/li>\n<\/ul>\n<p>Passeig literari pels carrer del Prat de Llobregat \u00a0que inclou una exposici\u00f3 fotogr\u00e0fica sobre el seu \u00a0proc\u00e9s de realitzaci\u00f3\u00a0d&#8217;aquest\u00a0projecte. El treball dut a terme per alumnes del l\u2019INS Salvador Dal\u00ed, tutoritzat per Alba Sabat\u00e9, professora de Llengua Catalana i Literatura.<\/p>\n<ul style=\"list-style-type: circle;\">\n<li><a href=\"http:\/\/recursos-crp-prat.blogspot.com.es\/2012\/12\/activitats-pota-blava.html\"><b>ACTIVITATS POTA BLAVA<\/b><\/a><\/li>\n<\/ul>\n<p><img loading=\"lazy\" decoding=\"async\" src=\"http:\/\/4.bp.blogspot.com\/-cINEzTYDlpc\/UMmSridsypI\/AAAAAAAAAEM\/M-oKXD9tTHk\/s320\/foto.JPG\" alt=\"\" width=\"200\" height=\"148\" border=\"0\" \/><\/p>\n<p>L\u2019escola Nostra.Senyora del Mar-Garcia Lorca, realitza al llarg del curs el projecte interdisciplinari &#8220;El meu poble: El Prat de Llobregat&#8221;. Aquest darrer mes les activitats estan centrades amb el Pota Blava, tenint en compte que la Fira. Av\u00edcola ra\u00e7a Prat que es dur terme la tercera setmana de desembre a Cal Gana. En aquest projecte hi participen cicle inicial, cicle mitj\u00e0 i cicle superior. Les activitats estan temporalitzades i concretades juntament amb les \u00e0rees implicades i les compet\u00e8ncies b\u00e0siques relacionades.\u00a0Tamb\u00e9 es contempla la metodologia, els criteris d\u2019avaluaci\u00f3 i l\u2019atenci\u00f3 a la diversitat.<\/p>\n<ul style=\"list-style-type: circle;\">\n<li><b><a href=\"http:\/\/recursos-crp-prat.blogspot.com.es\/2012\/09\/el-prat-desplegat-treball-de-sintesi.html\">EL PRAT DESPLEGAT, TREBALL DE S\u00cdNTESI PER 3r D&#8217;ESO<\/a><\/b><\/li>\n<\/ul>\n<p><img loading=\"lazy\" decoding=\"async\" src=\"http:\/\/2.bp.blogspot.com\/-L1pJxeLLYn0\/UGit8SHqcWI\/AAAAAAAAB4g\/B2s8LAwM-F4\/s320\/riu+llobregat4.jpg\" alt=\"\" width=\"200\" height=\"125\" border=\"0\" \/><\/p>\n<p>Treball de s\u00edntesi digitalitzat per 3r d\u2019ESO, elaborat per l&#8217;equip docent de l&#8217;INS Estany de la Ricarda del Prat de Llobregat, i que gira al voltant del coneixement del medi local. \u00a0Es tracta d&#8217;una proposta que convida l&#8217;alumnat a estudiar el seu municipi en el seu passat, el seu present i el seu futur, de manera acad\u00e8micament transversal. Hi trobareu, a m\u00e9s a m\u00e9s de les activitats presentades als nois i noies, la descripci\u00f3 dels objectius, una guia per organitzar i desenvolupar el treball a l&#8217;aula, i diversos q\u00fcestionaris i r\u00fabriques d&#8217;avaluaci\u00f3.<\/p>\n<\/div>\n","protected":false},"excerpt":{"rendered":"<p>CAT\u00c0LEG DE RECURSOS PER AL TREBALL DEL MEDI LOCAL WEBQUESTA\u00a0Coneix el Delta del Llobregat El Grup de Treball de Lectura [&hellip;]<\/p>\n","protected":false},"author":3,"featured_media":0,"parent":2103,"menu_order":0,"comment_status":"closed","ping_status":"closed","template":"","meta":{"_bbp_topic_count":0,"_bbp_reply_count":0,"_bbp_total_topic_count":0,"_bbp_total_reply_count":0,"_bbp_voice_count":0,"_bbp_anonymous_reply_count":0,"_bbp_topic_count_hidden":0,"_bbp_reply_count_hidden":0,"_bbp_forum_subforum_count":0,"site-sidebar-layout":"default","site-content-layout":"","ast-site-content-layout":"default","site-content-style":"default","site-sidebar-style":"default","ast-global-header-display":"","ast-banner-title-visibility":"","ast-main-header-display":"","ast-hfb-above-header-display":"","ast-hfb-below-header-display":"","ast-hfb-mobile-header-display":"","site-post-title":"","ast-breadcrumbs-content":"","ast-featured-img":"","footer-sml-layout":"","theme-transparent-header-meta":"","adv-header-id-meta":"","stick-header-meta":"","header-above-stick-meta":"","header-main-stick-meta":"","header-below-stick-meta":"","astra-migrate-meta-layouts":"set","ast-page-background-enabled":"default","ast-page-background-meta":{"desktop":{"background-color":"var(--ast-global-color-4)","background-image":"","background-repeat":"repeat","background-position":"center center","background-size":"auto","background-attachment":"scroll","background-type":"","background-media":"","overlay-type":"","overlay-color":"","overlay-opacity":"","overlay-gradient":""},"tablet":{"background-color":"","background-image":"","background-repeat":"repeat","background-position":"center center","background-size":"auto","background-attachment":"scroll","background-type":"","background-media":"","overlay-type":"","overlay-color":"","overlay-opacity":"","overlay-gradient":""},"mobile":{"background-color":"","background-image":"","background-repeat":"repeat","background-position":"center center","background-size":"auto","background-attachment":"scroll","background-type":"","background-media":"","overlay-type":"","overlay-color":"","overlay-opacity":"","overlay-gradient":""}},"ast-content-background-meta":{"desktop":{"background-color":"var(--ast-global-color-5)","background-image":"","background-repeat":"repeat","background-position":"center center","background-size":"auto","background-attachment":"scroll","background-type":"","background-media":"","overlay-type":"","overlay-color":"","overlay-opacity":"","overlay-gradient":""},"tablet":{"background-color":"var(--ast-global-color-5)","background-image":"","background-repeat":"repeat","background-position":"center center","background-size":"auto","background-attachment":"scroll","background-type":"","background-media":"","overlay-type":"","overlay-color":"","overlay-opacity":"","overlay-gradient":""},"mobile":{"background-color":"var(--ast-global-color-5)","background-image":"","background-repeat":"repeat","background-position":"center center","background-size":"auto","background-attachment":"scroll","background-type":"","background-media":"","overlay-type":"","overlay-color":"","overlay-opacity":"","overlay-gradient":""}},"footnotes":""},"class_list":["post-938","page","type-page","status-publish","hentry"],"post_mailing_queue_ids":[],"_links":{"self":[{"href":"https:\/\/serveiseducatius.xtec.cat\/baixllobregat4\/wp-json\/wp\/v2\/pages\/938","targetHints":{"allow":["GET"]}}],"collection":[{"href":"https:\/\/serveiseducatius.xtec.cat\/baixllobregat4\/wp-json\/wp\/v2\/pages"}],"about":[{"href":"https:\/\/serveiseducatius.xtec.cat\/baixllobregat4\/wp-json\/wp\/v2\/types\/page"}],"author":[{"embeddable":true,"href":"https:\/\/serveiseducatius.xtec.cat\/baixllobregat4\/wp-json\/wp\/v2\/users\/3"}],"replies":[{"embeddable":true,"href":"https:\/\/serveiseducatius.xtec.cat\/baixllobregat4\/wp-json\/wp\/v2\/comments?post=938"}],"version-history":[{"count":3,"href":"https:\/\/serveiseducatius.xtec.cat\/baixllobregat4\/wp-json\/wp\/v2\/pages\/938\/revisions"}],"predecessor-version":[{"id":14405,"href":"https:\/\/serveiseducatius.xtec.cat\/baixllobregat4\/wp-json\/wp\/v2\/pages\/938\/revisions\/14405"}],"up":[{"embeddable":true,"href":"https:\/\/serveiseducatius.xtec.cat\/baixllobregat4\/wp-json\/wp\/v2\/pages\/2103"}],"wp:attachment":[{"href":"https:\/\/serveiseducatius.xtec.cat\/baixllobregat4\/wp-json\/wp\/v2\/media?parent=938"}],"curies":[{"name":"wp","href":"https:\/\/api.w.org\/{rel}","templated":true}]}}