{"id":898,"date":"2013-11-19T11:31:57","date_gmt":"2013-11-19T10:31:57","guid":{"rendered":"http:\/\/blocs.xtec.cat\/sebaixllobregat4\/?page_id=898"},"modified":"2021-06-14T10:41:47","modified_gmt":"2021-06-14T08:41:47","slug":"conte-col%c2%b7laboratiu","status":"publish","type":"page","link":"https:\/\/serveiseducatius.xtec.cat\/baixllobregat4\/dinamitzacio\/conte-col%c2%b7laboratiu\/","title":{"rendered":"Conte col\u00b7laboratiu"},"content":{"rendered":"<h1 style=\"text-align: justify;\">Qu\u00e8 \u00e9s el Conte Col.laboratiu?<a href=\"http:\/\/serveiseducatius.xtec.cat\/baixllobregat4\/wp-content\/uploads\/usu1181\/2013\/11\/llapissos.jpg\"><img loading=\"lazy\" decoding=\"async\" class=\" wp-image-3327 alignleft\" src=\"http:\/\/serveiseducatius.xtec.cat\/baixllobregat4\/wp-content\/uploads\/usu1181\/2013\/11\/llapissos.jpg\" alt=\"llapissos\" width=\"228\" height=\"171\" srcset=\"https:\/\/serveiseducatius.xtec.cat\/baixllobregat4\/wp-content\/uploads\/usu1181\/2013\/11\/llapissos.jpg 259w, https:\/\/serveiseducatius.xtec.cat\/baixllobregat4\/wp-content\/uploads\/usu1181\/2013\/11\/llapissos-200x150.jpg 200w\" sizes=\"auto, (max-width: 228px) 100vw, 228px\" \/><\/a><\/h1>\n<p style=\"text-align: justify;\">El conte col\u00b7laboratiu \u00e9s una activitat de creaci\u00f3 liter\u00e0ria interescolar per a nens i nenes de Cicle Mitj\u00e0 del Prat. A partir d\u2019una proposta del Centre de Recursos l\u2019alumnat de les escoles que hi participen elaboren una narraci\u00f3 en xarxa que s\u2019inicia i es resol de manera cooperativa. Aquest treball fomenta la lectura, la creativitat i l\u2019\u00fas de les eines TAC i incideix plenament en la compet\u00e8ncia ling\u00fc\u00edstica i audiovisual, a m\u00e9s d\u2019enriquir la relaci\u00f3 entre els participants de la comunitat educativa. El nostre personatge anomenat <a href=\"http:\/\/ca.wikipedia.org\/wiki\/Cabusset\" target=\"_blank\" rel=\"noopener noreferrer\">CABUSSET<\/a>\u00a0orientar\u00e0 telem\u00e0ticament els nens i nenes en el desenvolupament del conte i recollir\u00e0 totes les aportacions que les escoles facin. I ja podem comen\u00e7ar: Hi havia una vegada&#8230;<\/p>\n<p>&nbsp;<\/p>\n<p style=\"font-family: 'Helvetica Neue', Helvetica, Helvetica, Arial, sans-serif; font-size: 16px;\"><img loading=\"lazy\" decoding=\"async\" class=\"wp-image-8155 aligncenter\" src=\"https:\/\/serveiseducatius.xtec.cat\/baixllobregat4\/wp-content\/uploads\/usu1181\/2013\/11\/cabusset-e1572869114598.png\" alt=\"\" width=\"116\" height=\"116\" srcset=\"https:\/\/serveiseducatius.xtec.cat\/baixllobregat4\/wp-content\/uploads\/usu1181\/2013\/11\/cabusset-e1572869114598.png 500w, https:\/\/serveiseducatius.xtec.cat\/baixllobregat4\/wp-content\/uploads\/usu1181\/2013\/11\/cabusset-e1572869114598-150x150.png 150w, https:\/\/serveiseducatius.xtec.cat\/baixllobregat4\/wp-content\/uploads\/usu1181\/2013\/11\/cabusset-e1572869114598-300x300.png 300w\" sizes=\"auto, (max-width: 116px) 100vw, 116px\" \/><\/p>\n<p style=\"text-align: center;\"><strong>Contes realitzats<\/strong><\/p>\n<p style=\"text-align: center;\"><a href=\"https:\/\/issuu.com\/a8930034\/docs\/conte_collaboratiu_2021_imprimir\">2020-2021\u00a0 \u00a0 \u00a0 \u00a09 Contes col\u00b7laboratius<\/a> &#8211;\u00a0 <a href=\"https:\/\/drive.google.com\/drive\/folders\/1QNIhJPM4Tg2MKJqQlFHHjUyx0Kp3Rrgv?usp=sharing\">\u00c0udio dels 9 contes col\u00b7laboratius<\/a><\/p>\n<p>&nbsp;<\/p>\n<ul>\n<li><a href=\"https:\/\/docs.google.com\/document\/d\/11G6gypJupOPR9sPP-F-ltOLRqU8oDSVfXpGckzkkL5c\/edit\">2019-2020<\/a><\/li>\n<li><a href=\"https:\/\/serveiseducatius.xtec.cat\/baixllobregat4\/portada\/cloenda-conte-collaboratiu-2019\/\">2018-2019<\/a><\/li>\n<li><a href=\"https:\/\/serveiseducatius.xtec.cat\/baixllobregat4\/portada\/conte-collaboratiu-2017-18\/\">2017-2018<\/a><\/li>\n<li><a href=\"https:\/\/serveiseducatius.xtec.cat\/baixllobregat4\/portada\/cloenda-del-conte-col-aboratiu-2016-2017\/\">2016-2017<\/a><\/li>\n<li><a href=\"http:\/\/blocs.xtec.cat\/sebaixllobregat4\/2016\/03\/30\/cloenda-del-conte-col-aboratiu-2015-2016\/\" target=\"_blank\" rel=\"noopener noreferrer\">2015-2016<\/a><\/li>\n<li><a href=\"https:\/\/sites.google.com\/a\/xtec.cat\/cabusset-conte-col-laboratiu\/\" target=\"_blank\" rel=\"noopener noreferrer\">2014-2015<\/a><\/li>\n<li><a href=\"https:\/\/drive.google.com\/a\/xtec.cat\/file\/d\/0B9VvwBhkIJHiWHZVNng3Q3Zodms\/view?usp=sharing\" target=\"_blank\" rel=\"noopener noreferrer\">2013-2014<\/a><\/li>\n<\/ul>\n<p style=\"text-align: left;\">\n","protected":false},"excerpt":{"rendered":"<p>Qu\u00e8 \u00e9s el Conte Col.laboratiu? El conte col\u00b7laboratiu \u00e9s una activitat de creaci\u00f3 liter\u00e0ria interescolar per a nens i nenes [&hellip;]<\/p>\n","protected":false},"author":3,"featured_media":0,"parent":729,"menu_order":0,"comment_status":"closed","ping_status":"closed","template":"","meta":{"_bbp_topic_count":0,"_bbp_reply_count":0,"_bbp_total_topic_count":0,"_bbp_total_reply_count":0,"_bbp_voice_count":0,"_bbp_anonymous_reply_count":0,"_bbp_topic_count_hidden":0,"_bbp_reply_count_hidden":0,"_bbp_forum_subforum_count":0,"site-sidebar-layout":"default","site-content-layout":"","ast-site-content-layout":"","site-content-style":"default","site-sidebar-style":"default","ast-global-header-display":"","ast-banner-title-visibility":"","ast-main-header-display":"","ast-hfb-above-header-display":"","ast-hfb-below-header-display":"","ast-hfb-mobile-header-display":"","site-post-title":"","ast-breadcrumbs-content":"","ast-featured-img":"","footer-sml-layout":"","theme-transparent-header-meta":"","adv-header-id-meta":"","stick-header-meta":"","header-above-stick-meta":"","header-main-stick-meta":"","header-below-stick-meta":"","astra-migrate-meta-layouts":"default","ast-page-background-enabled":"default","ast-page-background-meta":{"desktop":{"background-color":"var(--ast-global-color-4)","background-image":"","background-repeat":"repeat","background-position":"center center","background-size":"auto","background-attachment":"scroll","background-type":"","background-media":"","overlay-type":"","overlay-color":"","overlay-opacity":"","overlay-gradient":""},"tablet":{"background-color":"","background-image":"","background-repeat":"repeat","background-position":"center center","background-size":"auto","background-attachment":"scroll","background-type":"","background-media":"","overlay-type":"","overlay-color":"","overlay-opacity":"","overlay-gradient":""},"mobile":{"background-color":"","background-image":"","background-repeat":"repeat","background-position":"center center","background-size":"auto","background-attachment":"scroll","background-type":"","background-media":"","overlay-type":"","overlay-color":"","overlay-opacity":"","overlay-gradient":""}},"ast-content-background-meta":{"desktop":{"background-color":"var(--ast-global-color-5)","background-image":"","background-repeat":"repeat","background-position":"center center","background-size":"auto","background-attachment":"scroll","background-type":"","background-media":"","overlay-type":"","overlay-color":"","overlay-opacity":"","overlay-gradient":""},"tablet":{"background-color":"var(--ast-global-color-5)","background-image":"","background-repeat":"repeat","background-position":"center center","background-size":"auto","background-attachment":"scroll","background-type":"","background-media":"","overlay-type":"","overlay-color":"","overlay-opacity":"","overlay-gradient":""},"mobile":{"background-color":"var(--ast-global-color-5)","background-image":"","background-repeat":"repeat","background-position":"center center","background-size":"auto","background-attachment":"scroll","background-type":"","background-media":"","overlay-type":"","overlay-color":"","overlay-opacity":"","overlay-gradient":""}},"footnotes":""},"class_list":["post-898","page","type-page","status-publish","hentry"],"post_mailing_queue_ids":[],"_links":{"self":[{"href":"https:\/\/serveiseducatius.xtec.cat\/baixllobregat4\/wp-json\/wp\/v2\/pages\/898","targetHints":{"allow":["GET"]}}],"collection":[{"href":"https:\/\/serveiseducatius.xtec.cat\/baixllobregat4\/wp-json\/wp\/v2\/pages"}],"about":[{"href":"https:\/\/serveiseducatius.xtec.cat\/baixllobregat4\/wp-json\/wp\/v2\/types\/page"}],"author":[{"embeddable":true,"href":"https:\/\/serveiseducatius.xtec.cat\/baixllobregat4\/wp-json\/wp\/v2\/users\/3"}],"replies":[{"embeddable":true,"href":"https:\/\/serveiseducatius.xtec.cat\/baixllobregat4\/wp-json\/wp\/v2\/comments?post=898"}],"version-history":[{"count":3,"href":"https:\/\/serveiseducatius.xtec.cat\/baixllobregat4\/wp-json\/wp\/v2\/pages\/898\/revisions"}],"predecessor-version":[{"id":10725,"href":"https:\/\/serveiseducatius.xtec.cat\/baixllobregat4\/wp-json\/wp\/v2\/pages\/898\/revisions\/10725"}],"up":[{"embeddable":true,"href":"https:\/\/serveiseducatius.xtec.cat\/baixllobregat4\/wp-json\/wp\/v2\/pages\/729"}],"wp:attachment":[{"href":"https:\/\/serveiseducatius.xtec.cat\/baixllobregat4\/wp-json\/wp\/v2\/media?parent=898"}],"curies":[{"name":"wp","href":"https:\/\/api.w.org\/{rel}","templated":true}]}}