{"id":8686,"date":"2020-01-29T11:41:21","date_gmt":"2020-01-29T10:41:21","guid":{"rendered":"http:\/\/serveiseducatius.xtec.cat\/baixllobregat4\/?page_id=8686"},"modified":"2022-02-10T14:32:41","modified_gmt":"2022-02-10T13:32:41","slug":"tenim-la-paraula","status":"publish","type":"page","link":"https:\/\/serveiseducatius.xtec.cat\/baixllobregat4\/tenim-la-paraula\/","title":{"rendered":"Programa de Comunicaci\u00f3 Oral TENIM LA PARAULA"},"content":{"rendered":"<p><a href=\"https:\/\/serveiseducatius.xtec.cat\/baixllobregat4\/wp-content\/uploads\/usu1181\/2022\/02\/baixa-4.jpg\"><img loading=\"lazy\" decoding=\"async\" class=\"alignnone wp-image-11035\" src=\"https:\/\/serveiseducatius.xtec.cat\/baixllobregat4\/wp-content\/uploads\/usu1181\/2022\/02\/baixa-4.jpg\" alt=\"\" width=\"187\" height=\"187\" srcset=\"https:\/\/serveiseducatius.xtec.cat\/baixllobregat4\/wp-content\/uploads\/usu1181\/2022\/02\/baixa-4.jpg 225w, https:\/\/serveiseducatius.xtec.cat\/baixllobregat4\/wp-content\/uploads\/usu1181\/2022\/02\/baixa-4-150x150.jpg 150w\" sizes=\"auto, (max-width: 187px) 100vw, 187px\" \/><\/a><\/p>\n<p>El <strong>Programa de Comunicaci\u00f3 Oral <em><a href=\"http:\/\/xtec.gencat.cat\/ca\/projectes\/llengua-oral\/\">Tenim la paraula<\/a><\/em><\/strong><em>\u00a0<\/em>es proposa millorar les habilitats comunicatives de l&#8217;alumnat en l&#8217;\u00e0mbit de l&#8217;oralitat.<\/p>\n<p>Es tracta, doncs, de promoure una major solv\u00e8ncia de l\u2019alumnat en l\u2019expressi\u00f3 oral de fets, pensaments, sentiments, emocions i viv\u00e8ncies.<\/p>\n<p>Alhora, la capacitat de comunicaci\u00f3 oral ha d\u2019atorgar als nostres infants i joves capacitat de relaci\u00f3 i, per tant, de participaci\u00f3 activa en la societat. Habilitats ling\u00fc\u00edstiques orals i habilitats socials tenen, doncs, un punt de conflu\u00e8ncia que fa que totes dues s\u2019enrobusteixin m\u00fatuament.<\/p>\n<p>&nbsp;<\/p>\n<p><span style=\"text-decoration: underline;\"><strong>ORGANITZACI\u00d3 I FUNCIONAMENT DEL PROGRAMA<\/strong><\/span><\/p>\n<p><a href=\"https:\/\/drive.google.com\/file\/d\/18QaehnsK26BUZ4VVhEIX9kvHHU8t1NLM\/view?usp=sharing\" target=\"_blank\" rel=\"noopener noreferrer\">Centres educatius del Prat participants<\/a><\/p>\n<p><a href=\"https:\/\/drive.google.com\/file\/d\/1qmeNHDoXD2VPpJ-ZS0DfZtG0rixEspT3\/view?usp=sharing\" target=\"_blank\" rel=\"noopener noreferrer\">Servei Educatiu &#8211; El Prat de Llobregat &#8211; Agents educatius<\/a><\/p>\n<p><a href=\"https:\/\/drive.google.com\/file\/d\/1P_FDfV0ystZZLrKNOacfrP_3Pez9Ao3Q\/view?usp=sharing\" target=\"_blank\" rel=\"noopener noreferrer\">Presentaci\u00f3 del programa <strong><em>Tenim la paraula<\/em><\/strong><\/a><\/p>\n<p><strong><em>PLENARIS 1a fase<\/em><\/strong><\/p>\n<ul style=\"list-style-type: disc;\">\n<li><a href=\"https:\/\/drive.google.com\/file\/d\/1MIcBlW9AuVFxqzei-tcFAV9URzzySTmr\/view?usp=sharing\" target=\"_blank\" rel=\"noopener noreferrer\">Plenari 1<\/a><\/li>\n<\/ul>\n<p><a href=\"https:\/\/serveiseducatius.xtec.cat\/baixllobregat4\/wp-content\/uploads\/usu1181\/2022\/02\/paraula2-300x216-1.jpg\"><img loading=\"lazy\" decoding=\"async\" class=\"alignnone size-full wp-image-11100\" src=\"https:\/\/serveiseducatius.xtec.cat\/baixllobregat4\/wp-content\/uploads\/usu1181\/2022\/02\/paraula2-300x216-1.jpg\" alt=\"\" width=\"300\" height=\"216\" \/><\/a><\/p>\n<ul style=\"list-style-type: disc;\">\n<li><a href=\"https:\/\/serveiseducatius.xtec.cat\/baixllobregat4\/portada\/tenim-la-paraula\/\" target=\"_blank\" rel=\"noopener noreferrer\">Plenari 2<\/a><\/li>\n<\/ul>\n<p><a href=\"https:\/\/serveiseducatius.xtec.cat\/baixllobregat4\/wp-content\/uploads\/usu1181\/2022\/02\/paraula1-300x172-1.jpg\"><img loading=\"lazy\" decoding=\"async\" class=\"alignnone size-full wp-image-11102\" src=\"https:\/\/serveiseducatius.xtec.cat\/baixllobregat4\/wp-content\/uploads\/usu1181\/2022\/02\/paraula1-300x172-1.jpg\" alt=\"\" width=\"300\" height=\"172\" \/><\/a><\/p>\n<ul style=\"list-style-type: disc;\">\n<li><a href=\"https:\/\/serveiseducatius.xtec.cat\/baixllobregat4\/portada\/tercer-plenari-dels-centres-participants-a-tenim-la-paraula\/\">Plenari 3<\/a><\/li>\n<\/ul>\n<p><span style=\"text-decoration: underline;\"><strong>RECURSOS I DOCUMENTACI\u00d3<\/strong><\/span><\/p>\n<p><strong><em>MARC TE\u00d2RIC<\/em><\/strong><\/p>\n<p><em>ARTICLES<\/em><\/p>\n<ul style=\"list-style-type: disc;\">\n<li style=\"text-align: left;\"><a href=\"https:\/\/drive.google.com\/file\/d\/1LDOziU88gX701XjMg1bq5kv397AiuUIf\/view?usp=sharing\">Antoni Bassas<em>_Ensenyeu-los a no amagar-se<\/em><\/a><\/li>\n<li><a href=\"https:\/\/drive.google.com\/drive\/u\/0\/folders\/188WHW5e1C87OabCfMR19V0QvJfZiDrUf\">Guadalupe Jover_<em>Competencia oral, equidad educativa y ciudadan\u00eda democr\u00e1tica<\/em><\/a><\/li>\n<li><a href=\"https:\/\/drive.google.com\/drive\/u\/0\/folders\/188WHW5e1C87OabCfMR19V0QvJfZiDrUf\">Juli Palou_<em>De la quantitat d&#8217;informaci\u00f3 a la qualitat de la comunicaci\u00f3<\/em><\/a><\/li>\n<li><a href=\"https:\/\/drive.google.com\/drive\/u\/0\/folders\/188WHW5e1C87OabCfMR19V0QvJfZiDrUf\">Daniel Cassany_<em>&#8220;Ensenyar a parlar&#8230; Segur! I tamb\u00e9 a escoltar&#8221;<\/em><\/a><\/li>\n<li><a href=\"https:\/\/drive.google.com\/drive\/u\/2\/folders\/1WlXYspUiLvDIBQxUDliA2v13rXiCVME9\">Carme Bov\u00e9_ <em>&#8220;Parlar en una llengua que s&#8217;est\u00e0 aprenent&#8221;<\/em><\/a><\/li>\n<\/ul>\n<p>&nbsp;<\/p>\n<p><em><a href=\"https:\/\/drive.google.com\/file\/d\/1vpNUmrNxhFwztg3MFKPPPgtbsYU_FZvY\/view?usp=sharing\" target=\"_blank\" rel=\"noopener noreferrer\">MARC NORMATIU DE REFER\u00c8NCIA<\/a><\/em><\/p>\n<p><a href=\"https:\/\/drive.google.com\/file\/d\/1dcKUy2-ne87e2IG4LbDrG17C17FfvNiq\/view?usp=sharing\"><em>BIBLIOGRAFIA<\/em><\/a><\/p>\n<p>&nbsp;<\/p>\n<p><strong><em>MALETES PEDAG\u00d2GIQUES I JOCS\u00a0 <\/em><\/strong><\/p>\n<ul style=\"list-style-type: disc;\">\n<li><a href=\"https:\/\/serveiseducatius.xtec.cat\/baixllobregat4\/recursos-2\/maletes-pedagogiques\/\">Maleta xerrameca<\/a><\/li>\n<\/ul>\n<p><a href=\"https:\/\/serveiseducatius.xtec.cat\/baixllobregat4\/wp-content\/uploads\/usu1181\/2022\/02\/xerrameca-300x197-1.jpg\"><img loading=\"lazy\" decoding=\"async\" class=\"alignnone wp-image-11096\" src=\"https:\/\/serveiseducatius.xtec.cat\/baixllobregat4\/wp-content\/uploads\/usu1181\/2022\/02\/xerrameca-300x197-1.jpg\" alt=\"\" width=\"172\" height=\"113\" \/><\/a><\/p>\n<ul style=\"list-style-type: disc;\">\n<li><a href=\"https:\/\/serveiseducatius.xtec.cat\/baixllobregat4\/recursos-2\/maletes-pedagogiques\/\">Som com un llibre obert<\/a><a href=\"https:\/\/serveiseducatius.xtec.cat\/baixllobregat4\/wp-content\/uploads\/usu1181\/2022\/02\/som-com-un-llibre-obert.jpg\"><img loading=\"lazy\" decoding=\"async\" class=\"alignnone size-full wp-image-11097\" src=\"https:\/\/serveiseducatius.xtec.cat\/baixllobregat4\/wp-content\/uploads\/usu1181\/2022\/02\/som-com-un-llibre-obert.jpg\" alt=\"\" width=\"493\" height=\"247\" srcset=\"https:\/\/serveiseducatius.xtec.cat\/baixllobregat4\/wp-content\/uploads\/usu1181\/2022\/02\/som-com-un-llibre-obert.jpg 493w, https:\/\/serveiseducatius.xtec.cat\/baixllobregat4\/wp-content\/uploads\/usu1181\/2022\/02\/som-com-un-llibre-obert-300x150.jpg 300w\" sizes=\"auto, (max-width: 493px) 100vw, 493px\" \/><\/a><\/li>\n<\/ul>\n<p><em>Per consultes: <\/em><a href=\"crp-elprat@xtec.cat\"><strong>crp-elprat@xtec.cat<\/strong><\/a><\/p>\n","protected":false},"excerpt":{"rendered":"<p>El Programa de Comunicaci\u00f3 Oral Tenim la paraula\u00a0es proposa millorar les habilitats comunicatives de l&#8217;alumnat en l&#8217;\u00e0mbit de l&#8217;oralitat. Es [&hellip;]<\/p>\n","protected":false},"author":3,"featured_media":0,"parent":0,"menu_order":0,"comment_status":"closed","ping_status":"closed","template":"","meta":{"_bbp_topic_count":0,"_bbp_reply_count":0,"_bbp_total_topic_count":0,"_bbp_total_reply_count":0,"_bbp_voice_count":0,"_bbp_anonymous_reply_count":0,"_bbp_topic_count_hidden":0,"_bbp_reply_count_hidden":0,"_bbp_forum_subforum_count":0,"site-sidebar-layout":"default","site-content-layout":"","ast-site-content-layout":"","site-content-style":"default","site-sidebar-style":"default","ast-global-header-display":"","ast-banner-title-visibility":"","ast-main-header-display":"","ast-hfb-above-header-display":"","ast-hfb-below-header-display":"","ast-hfb-mobile-header-display":"","site-post-title":"","ast-breadcrumbs-content":"","ast-featured-img":"","footer-sml-layout":"","theme-transparent-header-meta":"","adv-header-id-meta":"","stick-header-meta":"","header-above-stick-meta":"","header-main-stick-meta":"","header-below-stick-meta":"","astra-migrate-meta-layouts":"default","ast-page-background-enabled":"default","ast-page-background-meta":{"desktop":{"background-color":"var(--ast-global-color-4)","background-image":"","background-repeat":"repeat","background-position":"center center","background-size":"auto","background-attachment":"scroll","background-type":"","background-media":"","overlay-type":"","overlay-color":"","overlay-opacity":"","overlay-gradient":""},"tablet":{"background-color":"","background-image":"","background-repeat":"repeat","background-position":"center center","background-size":"auto","background-attachment":"scroll","background-type":"","background-media":"","overlay-type":"","overlay-color":"","overlay-opacity":"","overlay-gradient":""},"mobile":{"background-color":"","background-image":"","background-repeat":"repeat","background-position":"center center","background-size":"auto","background-attachment":"scroll","background-type":"","background-media":"","overlay-type":"","overlay-color":"","overlay-opacity":"","overlay-gradient":""}},"ast-content-background-meta":{"desktop":{"background-color":"var(--ast-global-color-5)","background-image":"","background-repeat":"repeat","background-position":"center center","background-size":"auto","background-attachment":"scroll","background-type":"","background-media":"","overlay-type":"","overlay-color":"","overlay-opacity":"","overlay-gradient":""},"tablet":{"background-color":"var(--ast-global-color-5)","background-image":"","background-repeat":"repeat","background-position":"center center","background-size":"auto","background-attachment":"scroll","background-type":"","background-media":"","overlay-type":"","overlay-color":"","overlay-opacity":"","overlay-gradient":""},"mobile":{"background-color":"var(--ast-global-color-5)","background-image":"","background-repeat":"repeat","background-position":"center center","background-size":"auto","background-attachment":"scroll","background-type":"","background-media":"","overlay-type":"","overlay-color":"","overlay-opacity":"","overlay-gradient":""}},"footnotes":""},"class_list":["post-8686","page","type-page","status-publish","hentry"],"post_mailing_queue_ids":[],"_links":{"self":[{"href":"https:\/\/serveiseducatius.xtec.cat\/baixllobregat4\/wp-json\/wp\/v2\/pages\/8686","targetHints":{"allow":["GET"]}}],"collection":[{"href":"https:\/\/serveiseducatius.xtec.cat\/baixllobregat4\/wp-json\/wp\/v2\/pages"}],"about":[{"href":"https:\/\/serveiseducatius.xtec.cat\/baixllobregat4\/wp-json\/wp\/v2\/types\/page"}],"author":[{"embeddable":true,"href":"https:\/\/serveiseducatius.xtec.cat\/baixllobregat4\/wp-json\/wp\/v2\/users\/3"}],"replies":[{"embeddable":true,"href":"https:\/\/serveiseducatius.xtec.cat\/baixllobregat4\/wp-json\/wp\/v2\/comments?post=8686"}],"version-history":[{"count":6,"href":"https:\/\/serveiseducatius.xtec.cat\/baixllobregat4\/wp-json\/wp\/v2\/pages\/8686\/revisions"}],"predecessor-version":[{"id":11103,"href":"https:\/\/serveiseducatius.xtec.cat\/baixllobregat4\/wp-json\/wp\/v2\/pages\/8686\/revisions\/11103"}],"wp:attachment":[{"href":"https:\/\/serveiseducatius.xtec.cat\/baixllobregat4\/wp-json\/wp\/v2\/media?parent=8686"}],"curies":[{"name":"wp","href":"https:\/\/api.w.org\/{rel}","templated":true}]}}