{"id":796,"date":"2013-11-18T15:19:47","date_gmt":"2013-11-18T14:19:47","guid":{"rendered":"http:\/\/blocs.xtec.cat\/sebaixllobregat4\/?page_id=796"},"modified":"2013-11-18T15:19:47","modified_gmt":"2013-11-18T14:19:47","slug":"edurecerca","status":"publish","type":"page","link":"https:\/\/serveiseducatius.xtec.cat\/baixllobregat4\/dinamitzacio\/forum-treballs-de-recerca\/edurecerca\/","title":{"rendered":"EDURECERCA"},"content":{"rendered":"<p><a href=\"https:\/\/sites.google.com\/a\/xtec.cat\/edurecerca\/home\" target=\"_blank\"><img loading=\"lazy\" decoding=\"async\" class=\"alignnone size-medium wp-image-755\" src=\"http:\/\/serveiseducatius.xtec.cat\/baixllobregat4\/wp-content\/uploads\/usu1181\/2013\/11\/edurecerca-300x36.png\" alt=\"edurecerca\" width=\"300\" height=\"36\" srcset=\"https:\/\/serveiseducatius.xtec.cat\/baixllobregat4\/wp-content\/uploads\/usu1181\/2013\/11\/edurecerca-300x36.png 300w, https:\/\/serveiseducatius.xtec.cat\/baixllobregat4\/wp-content\/uploads\/usu1181\/2013\/11\/edurecerca.png 639w\" sizes=\"auto, (max-width: 300px) 100vw, 300px\" \/><\/a><\/p>\n<p>Els Serveis Territorials d\u2019Ensenyament al Baix Llobregat, juntament amb el teixit associatiu i empresarial de la comarca i amb la col\u00b7laboraci\u00f3 del Consell Comarcal, la UPC, la Fundaci\u00f3 Orienta, el Consell Esportiu del Baix Llobregat, el Centre d&#8217;Estudis Comarcals del Baix Llobregat, InnoBaix, Fundaci\u00f3 Marianao, Grode i l\u2019Ajuntament de Sant Feliu de Llobregat, com a capital de la comarca, volen impulsar el reconeixement\u00a0dels treballs que duen a terme els alumnes de l&#8217;educaci\u00f3 secund\u00e0ria postobligat\u00f2ria.<\/p>\n<p><span lang=\"CA\">Amb la intenci\u00f3 d\u2019aglutinar i potenciar algunes de les iniciatives que s\u00f3n d\u2019\u00e0mbit m\u00e9s comarcal, treballem en una proposta que reculli el que s\u2019est\u00e0 fent i incorpori noves accions\/idees complement\u00e0ries a les ja existents. Es proposa avan\u00e7ar en l\u2019objectiu d\u2019oferir reconeixement als alumnes, docents i centres protagonistes dels projectes de recerca del batxillerat. <\/span><span lang=\"CA\">La intenci\u00f3 \u00e9s poder establir contactes d\u2019enriquiment mutu a partir d\u2019un espai compartit on els protagonistes siguin els treball de recerca i l\u2019excel\u00b7l\u00e8ncia educativa vinculada al teixit social i empresarial de la comarca.<\/span><\/p>\n<p><span lang=\"CA\">La proposta abasta dos \u00e0mbits; un de caire m\u00e9s local i un altre d\u2019\u00e0mbit m\u00e9s comarcal.<\/span><span lang=\"CA\"> Cada un d\u2019ells mantindr\u00e0 din\u00e0miques i particularitats compatibles i complement\u00e0ries pel que fa a objectius, entitats i persones implicades. Per a qualsevol dubte, suggeriment o consulta us podeu adre\u00e7ar a <a href=\"mailto:dtbaix@xtec.cat\">dtbaix@xtec.cat<\/a><\/span><\/p>\n","protected":false},"excerpt":{"rendered":"<p>Els Serveis Territorials d\u2019Ensenyament al Baix Llobregat, juntament amb el teixit associatiu i empresarial de la comarca i amb la [&hellip;]<\/p>\n","protected":false},"author":3,"featured_media":0,"parent":747,"menu_order":0,"comment_status":"closed","ping_status":"closed","template":"sidebar-page.php","meta":{"_bbp_topic_count":0,"_bbp_reply_count":0,"_bbp_total_topic_count":0,"_bbp_total_reply_count":0,"_bbp_voice_count":0,"_bbp_anonymous_reply_count":0,"_bbp_topic_count_hidden":0,"_bbp_reply_count_hidden":0,"_bbp_forum_subforum_count":0,"site-sidebar-layout":"default","site-content-layout":"","ast-site-content-layout":"","site-content-style":"default","site-sidebar-style":"default","ast-global-header-display":"","ast-banner-title-visibility":"","ast-main-header-display":"","ast-hfb-above-header-display":"","ast-hfb-below-header-display":"","ast-hfb-mobile-header-display":"","site-post-title":"","ast-breadcrumbs-content":"","ast-featured-img":"","footer-sml-layout":"","theme-transparent-header-meta":"","adv-header-id-meta":"","stick-header-meta":"","header-above-stick-meta":"","header-main-stick-meta":"","header-below-stick-meta":"","astra-migrate-meta-layouts":"default","ast-page-background-enabled":"default","ast-page-background-meta":{"desktop":{"background-color":"var(--ast-global-color-4)","background-image":"","background-repeat":"repeat","background-position":"center center","background-size":"auto","background-attachment":"scroll","background-type":"","background-media":"","overlay-type":"","overlay-color":"","overlay-opacity":"","overlay-gradient":""},"tablet":{"background-color":"","background-image":"","background-repeat":"repeat","background-position":"center center","background-size":"auto","background-attachment":"scroll","background-type":"","background-media":"","overlay-type":"","overlay-color":"","overlay-opacity":"","overlay-gradient":""},"mobile":{"background-color":"","background-image":"","background-repeat":"repeat","background-position":"center center","background-size":"auto","background-attachment":"scroll","background-type":"","background-media":"","overlay-type":"","overlay-color":"","overlay-opacity":"","overlay-gradient":""}},"ast-content-background-meta":{"desktop":{"background-color":"var(--ast-global-color-5)","background-image":"","background-repeat":"repeat","background-position":"center center","background-size":"auto","background-attachment":"scroll","background-type":"","background-media":"","overlay-type":"","overlay-color":"","overlay-opacity":"","overlay-gradient":""},"tablet":{"background-color":"var(--ast-global-color-5)","background-image":"","background-repeat":"repeat","background-position":"center center","background-size":"auto","background-attachment":"scroll","background-type":"","background-media":"","overlay-type":"","overlay-color":"","overlay-opacity":"","overlay-gradient":""},"mobile":{"background-color":"var(--ast-global-color-5)","background-image":"","background-repeat":"repeat","background-position":"center center","background-size":"auto","background-attachment":"scroll","background-type":"","background-media":"","overlay-type":"","overlay-color":"","overlay-opacity":"","overlay-gradient":""}},"footnotes":""},"class_list":["post-796","page","type-page","status-publish","hentry"],"post_mailing_queue_ids":[],"_links":{"self":[{"href":"https:\/\/serveiseducatius.xtec.cat\/baixllobregat4\/wp-json\/wp\/v2\/pages\/796","targetHints":{"allow":["GET"]}}],"collection":[{"href":"https:\/\/serveiseducatius.xtec.cat\/baixllobregat4\/wp-json\/wp\/v2\/pages"}],"about":[{"href":"https:\/\/serveiseducatius.xtec.cat\/baixllobregat4\/wp-json\/wp\/v2\/types\/page"}],"author":[{"embeddable":true,"href":"https:\/\/serveiseducatius.xtec.cat\/baixllobregat4\/wp-json\/wp\/v2\/users\/3"}],"replies":[{"embeddable":true,"href":"https:\/\/serveiseducatius.xtec.cat\/baixllobregat4\/wp-json\/wp\/v2\/comments?post=796"}],"version-history":[{"count":0,"href":"https:\/\/serveiseducatius.xtec.cat\/baixllobregat4\/wp-json\/wp\/v2\/pages\/796\/revisions"}],"up":[{"embeddable":true,"href":"https:\/\/serveiseducatius.xtec.cat\/baixllobregat4\/wp-json\/wp\/v2\/pages\/747"}],"wp:attachment":[{"href":"https:\/\/serveiseducatius.xtec.cat\/baixllobregat4\/wp-json\/wp\/v2\/media?parent=796"}],"curies":[{"name":"wp","href":"https:\/\/api.w.org\/{rel}","templated":true}]}}