{"id":747,"date":"2013-11-18T11:08:36","date_gmt":"2013-11-18T10:08:36","guid":{"rendered":"http:\/\/blocs.xtec.cat\/sebaixllobregat4\/?page_id=747"},"modified":"2019-06-25T10:24:23","modified_gmt":"2019-06-25T08:24:23","slug":"forum-treballs-de-recerca","status":"publish","type":"page","link":"https:\/\/serveiseducatius.xtec.cat\/baixllobregat4\/dinamitzacio\/forum-treballs-de-recerca\/","title":{"rendered":"F\u00f2rum de treballs de recerca &#8220;Ciutat del Prat&#8221;"},"content":{"rendered":"<h1 style=\"text-align: justify;\"><a title=\"Bases del F\u00f2rum de treballs de recerca\" href=\"https:\/\/serveiseducatius.xtec.cat\/baixllobregat4\/dinamitzacio\/forum-treballs-de-recerca\/bases-del-forum-de-treballs-de-recerca\/\" target=\"_blank\" rel=\"noopener noreferrer\">BASES DEL F\u00d2RUM DE TREBALLS DE RECERCA<\/a><\/h1>\n<p style=\"text-align: justify;\">El Centre de Recursos Pedag\u00f2gics i la Regidoria d\u2019Educaci\u00f3 de l\u2019Ajuntament, amb la col\u00b7laboraci\u00f3 dels coordinadors de batxillerat dels centres de secund\u00e0ria que imparteixen batxillerat al Prat, per tal d\u2019incentivar la recerca i com a suport a la tasca docent, organitzen cada curs F\u00f2rum de Treballs de Recerca de la Ciutat del Prat.<\/p>\n<h1 style=\"text-align: justify;\"><a title=\"Recursos per al treball de recerca\" href=\"https:\/\/serveiseducatius.xtec.cat\/baixllobregat4\/dinamitzacio\/forum-treballs-de-recerca\/recursos-per-al-treball-de-recerca\/\" target=\"_blank\" rel=\"noopener noreferrer\"><img loading=\"lazy\" decoding=\"async\" class=\"wp-image-756 alignright\" src=\"http:\/\/serveiseducatius.xtec.cat\/baixllobregat4\/wp-content\/uploads\/usu1181\/2013\/11\/recursosForum.png\" alt=\"recursosForum\" width=\"156\" height=\"106\" \/>RECURSOS<\/a><\/h1>\n<p style=\"text-align: justify;\">\u00bfQuines s\u00f3n les possibilitats que ofereix el treball de recerca al batxillerat i com explotar-les? Aquesta \u00e9s la preocupaci\u00f3 que ha motivat i orientat la confecci\u00f3 d\u2019aquests articles.<\/p>\n<h1 style=\"text-align: justify;\"><a title=\"EDURECERCA\" href=\"http:\/\/blocs.xtec.cat\/sebaixllobregat4\/dinamitzacio-2\/forum-treballs-de-recerca\/edurecerca\/\" target=\"_blank\" rel=\"noopener noreferrer\"><img loading=\"lazy\" decoding=\"async\" class=\"wp-image-755 alignright\" src=\"http:\/\/serveiseducatius.xtec.cat\/baixllobregat4\/wp-content\/uploads\/usu1181\/2013\/11\/edurecerca-300x36.png\" alt=\"edurecerca\" width=\"189\" height=\"22\" srcset=\"https:\/\/serveiseducatius.xtec.cat\/baixllobregat4\/wp-content\/uploads\/usu1181\/2013\/11\/edurecerca-300x36.png 300w, https:\/\/serveiseducatius.xtec.cat\/baixllobregat4\/wp-content\/uploads\/usu1181\/2013\/11\/edurecerca.png 639w\" sizes=\"auto, (max-width: 189px) 100vw, 189px\" \/><\/a><\/h1>\n<h1 style=\"text-align: justify;\"><a href=\"https:\/\/serveiseducatius.xtec.cat\/baixllobregat4\/dinamitzacio\/forum-treballs-de-recerca\/edurecerca\/\" target=\"_blank\" rel=\"noopener noreferrer\">EDURECERCA<\/a><\/h1>\n<p style=\"text-align: justify;\">Els Serveis Territorials d\u2019Ensenyament al Baix Llobregat, juntament amb el teixit associatiu i empresarial de la comarca i amb la col\u00b7laboraci\u00f3 del Consell Comarcal, la UPC,la Fundaci\u00f3 Orienta, el Consell Esportiu del Baix Llobregat, el Centre d&#8217;Estudis Comarcals del Baix Llobregat, InnoBaix, Fundaci\u00f3 Mariano,Grode i l\u2019Ajuntament de Sant Feliu de Llobregat, com a capital de la comarca, promouen amb <a href=\"https:\/\/sites.google.com\/a\/xtec.cat\/edurecerca\/home\" target=\"_blank\" rel=\"noopener noreferrer\"><b>EDURECERCA<\/b><\/a> el reconeixement dels treballs de recerca de l&#8217;alumnat de Batxillerat.<\/p>\n","protected":false},"excerpt":{"rendered":"<p>BASES DEL F\u00d2RUM DE TREBALLS DE RECERCA El Centre de Recursos Pedag\u00f2gics i la Regidoria d\u2019Educaci\u00f3 de l\u2019Ajuntament, amb la [&hellip;]<\/p>\n","protected":false},"author":3,"featured_media":0,"parent":729,"menu_order":0,"comment_status":"closed","ping_status":"closed","template":"","meta":{"_bbp_topic_count":0,"_bbp_reply_count":0,"_bbp_total_topic_count":0,"_bbp_total_reply_count":0,"_bbp_voice_count":0,"_bbp_anonymous_reply_count":0,"_bbp_topic_count_hidden":0,"_bbp_reply_count_hidden":0,"_bbp_forum_subforum_count":0,"site-sidebar-layout":"default","site-content-layout":"","ast-site-content-layout":"","site-content-style":"default","site-sidebar-style":"default","ast-global-header-display":"","ast-banner-title-visibility":"","ast-main-header-display":"","ast-hfb-above-header-display":"","ast-hfb-below-header-display":"","ast-hfb-mobile-header-display":"","site-post-title":"","ast-breadcrumbs-content":"","ast-featured-img":"","footer-sml-layout":"","theme-transparent-header-meta":"","adv-header-id-meta":"","stick-header-meta":"","header-above-stick-meta":"","header-main-stick-meta":"","header-below-stick-meta":"","astra-migrate-meta-layouts":"default","ast-page-background-enabled":"default","ast-page-background-meta":{"desktop":{"background-color":"var(--ast-global-color-4)","background-image":"","background-repeat":"repeat","background-position":"center center","background-size":"auto","background-attachment":"scroll","background-type":"","background-media":"","overlay-type":"","overlay-color":"","overlay-opacity":"","overlay-gradient":""},"tablet":{"background-color":"","background-image":"","background-repeat":"repeat","background-position":"center center","background-size":"auto","background-attachment":"scroll","background-type":"","background-media":"","overlay-type":"","overlay-color":"","overlay-opacity":"","overlay-gradient":""},"mobile":{"background-color":"","background-image":"","background-repeat":"repeat","background-position":"center center","background-size":"auto","background-attachment":"scroll","background-type":"","background-media":"","overlay-type":"","overlay-color":"","overlay-opacity":"","overlay-gradient":""}},"ast-content-background-meta":{"desktop":{"background-color":"var(--ast-global-color-5)","background-image":"","background-repeat":"repeat","background-position":"center center","background-size":"auto","background-attachment":"scroll","background-type":"","background-media":"","overlay-type":"","overlay-color":"","overlay-opacity":"","overlay-gradient":""},"tablet":{"background-color":"var(--ast-global-color-5)","background-image":"","background-repeat":"repeat","background-position":"center center","background-size":"auto","background-attachment":"scroll","background-type":"","background-media":"","overlay-type":"","overlay-color":"","overlay-opacity":"","overlay-gradient":""},"mobile":{"background-color":"var(--ast-global-color-5)","background-image":"","background-repeat":"repeat","background-position":"center center","background-size":"auto","background-attachment":"scroll","background-type":"","background-media":"","overlay-type":"","overlay-color":"","overlay-opacity":"","overlay-gradient":""}},"footnotes":""},"class_list":["post-747","page","type-page","status-publish","hentry"],"post_mailing_queue_ids":[],"_links":{"self":[{"href":"https:\/\/serveiseducatius.xtec.cat\/baixllobregat4\/wp-json\/wp\/v2\/pages\/747","targetHints":{"allow":["GET"]}}],"collection":[{"href":"https:\/\/serveiseducatius.xtec.cat\/baixllobregat4\/wp-json\/wp\/v2\/pages"}],"about":[{"href":"https:\/\/serveiseducatius.xtec.cat\/baixllobregat4\/wp-json\/wp\/v2\/types\/page"}],"author":[{"embeddable":true,"href":"https:\/\/serveiseducatius.xtec.cat\/baixllobregat4\/wp-json\/wp\/v2\/users\/3"}],"replies":[{"embeddable":true,"href":"https:\/\/serveiseducatius.xtec.cat\/baixllobregat4\/wp-json\/wp\/v2\/comments?post=747"}],"version-history":[{"count":3,"href":"https:\/\/serveiseducatius.xtec.cat\/baixllobregat4\/wp-json\/wp\/v2\/pages\/747\/revisions"}],"predecessor-version":[{"id":8598,"href":"https:\/\/serveiseducatius.xtec.cat\/baixllobregat4\/wp-json\/wp\/v2\/pages\/747\/revisions\/8598"}],"up":[{"embeddable":true,"href":"https:\/\/serveiseducatius.xtec.cat\/baixllobregat4\/wp-json\/wp\/v2\/pages\/729"}],"wp:attachment":[{"href":"https:\/\/serveiseducatius.xtec.cat\/baixllobregat4\/wp-json\/wp\/v2\/media?parent=747"}],"curies":[{"name":"wp","href":"https:\/\/api.w.org\/{rel}","templated":true}]}}