{"id":338,"date":"2015-11-24T18:40:49","date_gmt":"2015-11-24T17:40:49","guid":{"rendered":"http:\/\/serveiseducatius.xtec.cat\/baixllobregat4\/?page_id=338"},"modified":"2024-06-17T11:22:19","modified_gmt":"2024-06-17T09:22:19","slug":"centres-educatius","status":"publish","type":"page","link":"https:\/\/serveiseducatius.xtec.cat\/baixllobregat4\/comunitat\/centres-educatius\/","title":{"rendered":"Centres educatius"},"content":{"rendered":"<h2><span style=\"text-decoration: underline;\"><strong><em><a style=\"color: #2795b6;\" href=\"http:\/\/mapaescolar.gencat.cat\/\" target=\"_blank\" rel=\"noopener noreferrer\">Acc\u00e9s al Mapa Escolar de Catalunya<\/a><\/em><\/strong><\/span><\/h2>\n<p style=\"text-align: justify;\">Al Prat hi ha 10 centres p\u00fablics d\u2019educaci\u00f3 infantil i prim\u00e0ria (escoles), 5 centres p\u00fablics d\u2019educaci\u00f3 secund\u00e0ria, batxillerat i formaci\u00f3 professional (instituts), 2 Institut Escola, 3 centres privats-concertats d\u2019educaci\u00f3 prim\u00e0ria i secund\u00e0ria, 1 centre p\u00fablic d\u2019educaci\u00f3 especial, 5 escoles bressol p\u00fabliques (4 municipals i 1 de la Generalitat) i 6 escoles bressol privades.<\/p>\n<h1 style=\"text-align: justify;\"><strong>ESCOLES BRESSOL<\/strong><\/h1>\n<h2>Escola bressol Sol Solet<\/h2>\n<p>Av. Canal, 114 &#8211; 116 Tel. 934 782 391 Correu electr\u00f2nic: solsolet@elprat.cat Centre de titularitat municipal amb una capacitat de 119 places. Funciona des de l&#8217;any 1962.<\/p>\n<h2>Llar d&#8217;infants Dumbo<\/h2>\n<p>C. Riu Ebre, 15 Bloc B Tel. 933 790 275 Correu electr\u00f2nic: a8047901@xtec.cat Web: <a href=\"http:\/\/www.xtec.cat\/centres\/a8047901\/\" target=\"_blank\" rel=\"noopener noreferrer\">http:\/\/www.xtec.cat\/centres\/a8047901\/<\/a> La titularitat d&#8217;aquest centre \u00e9s del Departament d&#8217;Educaci\u00f3 de la Generalitat de Catalunya. T\u00e9 una capacitat de 81 places. Funciona des de l&#8217;any 1968.<\/p>\n<h2>Escola bressol El Cabusset<\/h2>\n<p>C. Music Blai Carmona, 4 Tel. 934 790 739 Correu electr\u00f2nic: cabusset@elprat.cat Centre de titularitat municipal amb una capacitat per a 127 infants. Funciona des del curs 2006 &#8211; 2007.<\/p>\n<h2>Escola bressol La Blaveta<\/h2>\n<p>C. Tibidabo, 1 Tel. 934 794 520 Correu electr\u00f2nic: blaveta@elprat.cat Centre de titularitat municipal amb una capacitat per a 160 infants (la m\u00e9s gran del municipi). Funciona des del curs 2010 &#8211; 2011.<\/p>\n<h2>Escola bressol La Granota<\/h2>\n<p>C. Sarajevo, 5 Tel. 933 789 640 Correu electr\u00f2nic: granota@elprat.cat Centre de titularitat municipal amb capacitat per a 127 infants. Funciona des del curs 2009- 2010.<\/p>\n<h2>Llar d&#8217;infants el Jardinet<\/h2>\n<p>Av. Verge de Montserrat 133 Tel. 933 704359 Correu electr\u00f2nic: a8058507@xtec.cat Web: <a href=\"http:\/\/www.escolainfantileljardinet.es\/\">http:\/\/www.escolainfantileljardinet.es\/\u00a0<\/a><\/p>\n<h2>Llar d&#8217;infants Kitty<\/h2>\n<p>Ctra. Marina 65 Tel. 933 706851 Correu electr\u00f2nic: a8060460@xtec.cat<\/p>\n<h2>Llar d&#8217;infants l&#8217;Estel<\/h2>\n<p>C. Industria 88 Tel. 933 704701 Correu electr\u00f2nic: a8059381@xtec.cat<\/p>\n<h2>Llar d&#8217;infants Nins<\/h2>\n<p>C. Joan Maragall 55 Tel. 933 701351 Correu electr\u00f2nic: a8051410@xtec.cat Web: <a href=\"http:\/\/www.llarnins.com\/\" target=\"_blank\" rel=\"noopener noreferrer\">http:\/\/www.llarnins.com\/<\/a><\/p>\n<h2>Llar d&#8217;infants una Miqueta de Joc<\/h2>\n<p>C. Moss\u00e8n Cinto Verdaguer 82 Tel. 660 323029 Correu electr\u00f2nic: a8068094@xtec.cat<\/p>\n<h2>Llar d&#8217;infants Vailets<\/h2>\n<p>Av. Dr. Gallart i Mones 26 Tel. 933 708594 Correu electr\u00f2nic: a8049014@xtec.cat<\/p>\n<h1>EDUCACI\u00d3 INFANTIL I PRIM\u00c0RIA<\/h1>\n<h2>Escola Joan Maragall<\/h2>\n<p>C. Joan Maragall, 40 Tel. 934 793 791 Correu electr\u00f2nic: a8022884@xtec.cat Web:\u00a0<a href=\"http:\/\/agora.xtec.cat\/ceipjoanmaragall\" target=\"_blank\" rel=\"noopener noreferrer\">http:\/\/agora.xtec.cat\/ceipjoanmaragall<\/a><\/p>\n<h2>Escola Sant Jaume<\/h2>\n<p>C. Pau Casals, 136 &#8211; 138 Tel. 934 783 268 Correu electr\u00f2nic: a8038090@xtec.cat Web:\u00a0<a href=\"http:\/\/agora.xtec.cat\/escsantjaume-elprat\/\" target=\"_blank\" rel=\"noopener noreferrer\">http:\/\/agora.xtec.cat\/escsantjaume-elprat\/<\/a><\/p>\n<h2>Escola Josep Tarradellas<\/h2>\n<p>C. Pau Casals, 144 &#8211; 150 Tel. 933 701 705 Correu electr\u00f2nic: ceiptarra@xtec.cat Web: <a href=\"http:\/\/www.xtec.cat\/ceiptarra\" target=\"_blank\" rel=\"noopener noreferrer\">http:\/\/www.xtec.cat\/ceiptarra<\/a><\/p>\n<h2>Escola Charles Darwin<\/h2>\n<p>Av. Pare Andreu de Palma, 30 Tel. 933 709 105 Correu electr\u00f2nic: ceipdarwin@xtec.cat Web:<a href=\"http:\/\/www.xtec.cat\/centres\/a8042810\" target=\"_blank\" rel=\"noopener noreferrer\">\u00a0http:\/\/www.xtec.cat\/centres\/a8042810<\/a><\/p>\n<h2>Escola Jacint Verdaguer<\/h2>\n<p>C. Francesc Balcells, 1 Tel. 933 792 392 Correu electr\u00f2nic: a8022938@xtec.cat Web: <a href=\"http:\/\/www.xtec.cat\/centres\/a8022938\" target=\"_blank\" rel=\"noopener noreferrer\">http:\/\/www.xtec.cat\/centres\/a8022938<\/a><\/p>\n<h2>Escola Bernat Metge<\/h2>\n<p>C. T\u00e0rrega, 4 Tel. 933 708 952 Correu electr\u00f2nic: a8040333@xtec.cat\u00a0<a href=\"http:\/\/agora.xtec.cat\/escola-bernatmetgeelprat\/\" target=\"_blank\" rel=\"noopener noreferrer\">http:\/\/agora.xtec.cat\/escola-bernatmetgeelprat\/<\/a><\/p>\n<h2>Escola del Parc<\/h2>\n<p>Fondo d&#8217;en Peixo, 3 Tel. 933 791 868 Correu electr\u00f2nic: ceipdelparc@xtec.cat Web: <a href=\"http:\/\/www.xtec.cat\/centres\/a8022902\" target=\"_blank\" rel=\"noopener noreferrer\">http:\/\/www.xtec.cat\/centres\/a8022902<\/a><\/p>\n<h2>Escola Galileo Galilei<\/h2>\n<p>Av. Verge de Montserrat, 236 &#8211; 238 Tel. 933 709 055 Correu electr\u00f2nic: ceipgalileogalilei@xtec.cat Web:<a href=\"http:\/\/agora.xtec.cat\/ceipgalileogalilei\/\" target=\"_blank\" rel=\"noopener noreferrer\">\u00a0http:\/\/agora.xtec.cat\/ceipgalileogalilei\/<\/a><\/p>\n<h2>Escola Ramon Llull<\/h2>\n<p>Av. Remolar, 82 &#8211; 84 Tel. 933 707 407 Correu electr\u00f2nic: a8039355@xtec.cat Web: <a href=\"http:\/\/www.xtec.cat\/centres\/a8039355\" target=\"_blank\" rel=\"noopener noreferrer\">http:\/\/www.xtec.cat\/centres\/a8039355<\/a><\/p>\n<h2>Escola Jaume Balmes<\/h2>\n<p>C. Riu Ebre, 20 &#8211; 30 Tel. 933 792 385 Correu electr\u00f2nic: ceip-jaumebalmes-elprat@xtec.cat Web: <a href=\"http:\/\/www.xtec.cat\/centres\/a8022914\" target=\"_blank\" rel=\"noopener noreferrer\">http:\/\/www.xtec.cat\/centres\/a8022914<\/a><\/p>\n<h1>EDUCACI\u00d3 ESPECIAL<\/h1>\n<h2>Escola EE Can Rigol<\/h2>\n<p>C. Ribes de Fresser, 18 &#8211; 20 Tel. 933 708 509 Correu electr\u00f2nic: a8022926@centres.xtec.cat Web:\u00a0<a href=\"http:\/\/canrigol.cat\/Inici\/\" target=\"_blank\" rel=\"noopener noreferrer\">http:\/\/canrigol.cat\/Inici\/<\/a><\/p>\n<h1>ENSENYAMENT SECUNDARI, BATXILLERAT I FORMACI\u00d3 PROFESSIONAL<\/h1>\n<h2>Institut Rosa Ribas Parellada<\/h2>\n<p>Zona del Fondo d\u2019en Peixo, 9 \u2013 08820 Tel. 937 558 968 Correu electr\u00f2nic: <a href=\"mailto:centre@inselprat.cat\">centre@inselprat.cat<\/a> Web: <a href=\"https:\/\/agora.xtec.cat\/inselprat\" target=\"_blank\" rel=\"noopener noreferrer\">https:\/\/agora.xtec.cat\/inselprat<\/a><\/p>\n<h2>Institut Salvador Dal\u00ed<\/h2>\n<p>Av. Pare Andreu de Palma, 1 &#8211; 3 Tel. 933 707 012 Correu electr\u00f2nic: a8043589@xtec.cat Web:\u00a0<a href=\"http:\/\/www.insdali.cat\" target=\"_blank\" rel=\"noopener noreferrer\">http:\/\/www.insdali.cat<\/a><\/p>\n<h2>Institut Estany de la Ricarda<\/h2>\n<p>Ptge. Salvador Espriu, 1 &#8211; 3 Tel. 934 788 299 Correu electr\u00f2nic: iesestany@xtec.cat Web: <a href=\"http:\/\/estanydelaricarda.cat\" target=\"_blank\" rel=\"noopener noreferrer\">estanydelaricarda.cat<\/a><\/p>\n<h2>Institut Baldiri Guilera<\/h2>\n<p>C. Mestre Vigo i Garreta, 1 Tel. 933 791 895 Correu electr\u00f2nic: ies-baldiri@xtec.cat Web:\u00a0<a href=\"http:\/\/agora.xtec.cat\/ies-baldiri\" target=\"_blank\" rel=\"noopener noreferrer\" data-saferedirecturl=\"https:\/\/www.google.com\/url?hl=ca&amp;q=http:\/\/agora.xtec.cat\/ies-baldiri&amp;source=gmail&amp;ust=1461920752819000&amp;usg=AFQjCNFk3L7fdHOxkm28Bw07fSEd2ISePQ\">agora.xtec.cat\/ies-baldiri<\/a><\/p>\n<h2>Institut Ribera Baixa<\/h2>\n<p>C. Aneto, 2 &#8211; 4 Tel. 934 782 401\u00a0Correu electr\u00f2nic:\u00a0a8047492@xtec.cat Web:\u00a0<a href=\"http:\/\/institutriberabaixa.cat\">http:\/\/institutriberabaixa.cat<\/a><\/p>\n<h2>Aula Integral de Suport El Prat<\/h2>\n<p><em>(adscrita a l&#8217;Institut Escola Pepa Colomer)<\/em><\/p>\n<p>Pl. Pirineus, 6, baixos &#8211; Tel. 667 371 251 Correu electr\u00f2nic: aispratsec@gmail.com Web: <a href=\"https:\/\/sites.google.com\/view\/aisprat\/qui-som\" target=\"_blank\" rel=\"noopener noreferrer\">https:\/\/sites.google.com\/view\/aisprat\/qui-som<\/a><\/p>\n<h2>Institut Illa dels Banyols<\/h2>\n<p>C. Lo Gaiter Llobregat, 121 &#8211; 123 Tel. 933 706 211 Correu electr\u00f2nic: a8031836@xtec.cat Web: <a href=\"http:\/\/www.insilla.net\" target=\"_blank\" rel=\"noopener noreferrer\">http:\/\/www.insilla.net<\/a><\/p>\n<h2>Institut Les Salines<\/h2>\n<p>Av. Onze de Setembre, 36 \u2013 38 Tel. 933 794 097 Correu electr\u00f2nic: a8074631@xtec.cat \u00a0Web:\u00a0<a href=\"http:\/\/www.inslessalines.cat\/\">http:\/\/www.inslessalines.cat\/<\/a><\/p>\n<h1>EDUCACI\u00d3 INFANTIL, PRIM\u00c0RIA I SECUND\u00c0RIA<\/h1>\n<h2>Institut Escola Pepa Colomer<\/h2>\n<p>C. Tibidabo, 3 Tel. 933 796 870 Fax: 934 793 049 Correu electr\u00f2nic: a8074483@xtec.cat Web:\u00a0<a href=\"http:\/\/agora.xtec.cat\/escolapepacolomer\/\">http:\/\/agora.xtec.cat\/escolapepacolomer\/<\/a><\/p>\n<h2>Institut Escola del Prat<\/h2>\n<p>C. Riu T\u00faria, 2 &#8211; 4 Tel. 933 794 144 Fax: 934 789 821 Correu electr\u00f2nic: a8071691@xtec.cat Web: <a href=\"http:\/\/www.xtec.cat\/iedelprat\/\" target=\"_blank\" rel=\"noopener noreferrer\">http:\/\/www.xtec.cat\/iedelprat\/<\/a><\/p>\n<h2>Col\u00b7legi La Seda de Barcelona<\/h2>\n<p>Pl. Pintor Grau Sala, 2 Tel. 933 790 259 Correu electr\u00f2nic: a8022987@xtec.cat Web: <a href=\"http:\/\/escolaseda.es\" target=\"_blank\" rel=\"noopener noreferrer\">http:\/\/escolaseda.es<\/a><\/p>\n<h2>Col\u00b7legi Mare de D\u00e9u del Carme (infantil i prim\u00e0ria inicial)<\/h2>\n<p>C. Narc\u00eds Monturiol, 53 Tel. 934 782 833 Correu electr\u00f2nic: a8023013@xtec.cat Web:\u00a0<a href=\"http:\/\/escolamdcprat.com\/\" target=\"_blank\" rel=\"noopener noreferrer\">http:\/\/escolamdcprat.com\/<\/a><\/p>\n<h2>Col\u00b7legi Mare de D\u00e9u del Carme (prim\u00e0ria mitj\u00e0 i superior; ESO)<\/h2>\n<p>C. Doctor Robert, 5 &#8211; 9 Veure situaci\u00f3 al pl\u00e0nol Tel. 933 790 665 Correu electr\u00f2nic: a8023013@xtec.cat Web:\u00a0<a href=\"http:\/\/escolamdcprat.com\/\" target=\"_blank\" rel=\"noopener noreferrer\">http:\/\/escolamdcprat.com\/<\/a><\/p>\n<h2>Col\u00b7legi Nuestra Se\u00f1ora del Mar &#8211; Garc\u00eda Lorca<\/h2>\n<p>C. Sant Pere, 5 Tel. 933 791856 Correu electr\u00f2nic: a8023050@xtec.cat Web: <a href=\"http:\/\/www.nostrasenyoradelmar.com\" target=\"_blank\" rel=\"noopener noreferrer\">http:\/\/www.nostrasenyoradelmar.com<\/a><\/p>\n<h1>ALTRES SERVEIS EDUCATIUS<\/h1>\n<h2>Escola de formaci\u00f3 de persones adultes CFA Terra Baixa<\/h2>\n<p>Pl. Pirineus, 1 Horari: El centre est\u00e0 obert de 9.30 a 22.00 h, i organitza les seves activitats en franges hor\u00e0ries de mat\u00ed, tarda i vespre. Tel. 934 795 696 Correu electr\u00f2nic: a8056572@xtec.cat Web: <a href=\"http:\/\/www.xtec.cat\/centres\/a8056572\" target=\"_blank\" rel=\"noopener noreferrer\">http:\/\/www.xtec.cat\/centres\/a8056572<\/a><\/p>\n<h2>Escola Oficial d&#8217;Idiomes (EOI)<\/h2>\n<p>C. Lo Gaiter Llobregat, 144 Tel. 933 709 697 Fax: 933 791 999 Correu electr\u00f2nic: eoielprat@xtec.cat Web: <a href=\"http:\/\/www.eoidelprat.com\/\" target=\"_blank\" rel=\"noopener noreferrer\">http:\/\/www.eoidelprat.com\/<\/a><\/p>\n","protected":false},"excerpt":{"rendered":"<p>Acc\u00e9s al Mapa Escolar de Catalunya Al Prat hi ha 10 centres p\u00fablics d\u2019educaci\u00f3 infantil i prim\u00e0ria (escoles), 5 centres [&hellip;]<\/p>\n","protected":false},"author":1,"featured_media":0,"parent":341,"menu_order":10,"comment_status":"closed","ping_status":"closed","template":"page-templates\/side-menu.php","meta":{"_bbp_topic_count":0,"_bbp_reply_count":0,"_bbp_total_topic_count":0,"_bbp_total_reply_count":0,"_bbp_voice_count":0,"_bbp_anonymous_reply_count":0,"_bbp_topic_count_hidden":0,"_bbp_reply_count_hidden":0,"_bbp_forum_subforum_count":0,"site-sidebar-layout":"default","site-content-layout":"","ast-site-content-layout":"","site-content-style":"default","site-sidebar-style":"default","ast-global-header-display":"","ast-banner-title-visibility":"","ast-main-header-display":"","ast-hfb-above-header-display":"","ast-hfb-below-header-display":"","ast-hfb-mobile-header-display":"","site-post-title":"","ast-breadcrumbs-content":"","ast-featured-img":"","footer-sml-layout":"","theme-transparent-header-meta":"","adv-header-id-meta":"","stick-header-meta":"","header-above-stick-meta":"","header-main-stick-meta":"","header-below-stick-meta":"","astra-migrate-meta-layouts":"default","ast-page-background-enabled":"default","ast-page-background-meta":{"desktop":{"background-color":"var(--ast-global-color-4)","background-image":"","background-repeat":"repeat","background-position":"center center","background-size":"auto","background-attachment":"scroll","background-type":"","background-media":"","overlay-type":"","overlay-color":"","overlay-opacity":"","overlay-gradient":""},"tablet":{"background-color":"","background-image":"","background-repeat":"repeat","background-position":"center center","background-size":"auto","background-attachment":"scroll","background-type":"","background-media":"","overlay-type":"","overlay-color":"","overlay-opacity":"","overlay-gradient":""},"mobile":{"background-color":"","background-image":"","background-repeat":"repeat","background-position":"center center","background-size":"auto","background-attachment":"scroll","background-type":"","background-media":"","overlay-type":"","overlay-color":"","overlay-opacity":"","overlay-gradient":""}},"ast-content-background-meta":{"desktop":{"background-color":"var(--ast-global-color-5)","background-image":"","background-repeat":"repeat","background-position":"center center","background-size":"auto","background-attachment":"scroll","background-type":"","background-media":"","overlay-type":"","overlay-color":"","overlay-opacity":"","overlay-gradient":""},"tablet":{"background-color":"var(--ast-global-color-5)","background-image":"","background-repeat":"repeat","background-position":"center center","background-size":"auto","background-attachment":"scroll","background-type":"","background-media":"","overlay-type":"","overlay-color":"","overlay-opacity":"","overlay-gradient":""},"mobile":{"background-color":"var(--ast-global-color-5)","background-image":"","background-repeat":"repeat","background-position":"center center","background-size":"auto","background-attachment":"scroll","background-type":"","background-media":"","overlay-type":"","overlay-color":"","overlay-opacity":"","overlay-gradient":""}},"footnotes":""},"class_list":["post-338","page","type-page","status-publish","hentry"],"post_mailing_queue_ids":[],"_links":{"self":[{"href":"https:\/\/serveiseducatius.xtec.cat\/baixllobregat4\/wp-json\/wp\/v2\/pages\/338","targetHints":{"allow":["GET"]}}],"collection":[{"href":"https:\/\/serveiseducatius.xtec.cat\/baixllobregat4\/wp-json\/wp\/v2\/pages"}],"about":[{"href":"https:\/\/serveiseducatius.xtec.cat\/baixllobregat4\/wp-json\/wp\/v2\/types\/page"}],"author":[{"embeddable":true,"href":"https:\/\/serveiseducatius.xtec.cat\/baixllobregat4\/wp-json\/wp\/v2\/users\/1"}],"replies":[{"embeddable":true,"href":"https:\/\/serveiseducatius.xtec.cat\/baixllobregat4\/wp-json\/wp\/v2\/comments?post=338"}],"version-history":[{"count":6,"href":"https:\/\/serveiseducatius.xtec.cat\/baixllobregat4\/wp-json\/wp\/v2\/pages\/338\/revisions"}],"predecessor-version":[{"id":13484,"href":"https:\/\/serveiseducatius.xtec.cat\/baixllobregat4\/wp-json\/wp\/v2\/pages\/338\/revisions\/13484"}],"up":[{"embeddable":true,"href":"https:\/\/serveiseducatius.xtec.cat\/baixllobregat4\/wp-json\/wp\/v2\/pages\/341"}],"wp:attachment":[{"href":"https:\/\/serveiseducatius.xtec.cat\/baixllobregat4\/wp-json\/wp\/v2\/media?parent=338"}],"curies":[{"name":"wp","href":"https:\/\/api.w.org\/{rel}","templated":true}]}}