{"id":306,"date":"2015-11-24T18:02:44","date_gmt":"2015-11-24T17:02:44","guid":{"rendered":"http:\/\/serveiseducatius.xtec.cat\/baixllobregat4\/?page_id=306"},"modified":"2026-03-24T16:59:13","modified_gmt":"2026-03-24T15:59:13","slug":"equip","status":"publish","type":"page","link":"https:\/\/serveiseducatius.xtec.cat\/baixllobregat4\/el-servei-educatiu\/equip\/","title":{"rendered":"Equip"},"content":{"rendered":"\n<p>El <strong>Servei Educatiu<\/strong> est\u00e0 format per un <strong>equip multidisciplinari<\/strong>:<\/p>\n\n\n\n<div class=\"wp-block-media-text is-stacked-on-mobile is-vertically-aligned-top\" style=\"grid-template-columns:52% auto\"><figure class=\"wp-block-media-text__media\"><img loading=\"lazy\" decoding=\"async\" width=\"410\" height=\"1024\" src=\"https:\/\/serveiseducatius.xtec.cat\/baixllobregat4\/wp-content\/uploads\/usu1181\/2026\/03\/SE-BLL4-410x1024.png\" alt=\"\" class=\"wp-image-16221 size-full\" srcset=\"https:\/\/serveiseducatius.xtec.cat\/baixllobregat4\/wp-content\/uploads\/usu1181\/2026\/03\/SE-BLL4-410x1024.png 410w, https:\/\/serveiseducatius.xtec.cat\/baixllobregat4\/wp-content\/uploads\/usu1181\/2026\/03\/SE-BLL4-120x300.png 120w, https:\/\/serveiseducatius.xtec.cat\/baixllobregat4\/wp-content\/uploads\/usu1181\/2026\/03\/SE-BLL4-768x1920.png 768w, https:\/\/serveiseducatius.xtec.cat\/baixllobregat4\/wp-content\/uploads\/usu1181\/2026\/03\/SE-BLL4.png 800w\" sizes=\"auto, (max-width: 410px) 100vw, 410px\" \/><\/figure><div class=\"wp-block-media-text__content\">\n<p><\/p>\n\n\n\n<div class=\"wp-block-buttons is-layout-flex wp-block-buttons-is-layout-flex\">\n<div class=\"wp-block-button\"><a class=\"wp-block-button__link wp-element-button\" href=\"https:\/\/serveiseducatius.xtec.cat\/baixllobregat4\/wp-content\/uploads\/usu1181\/2026\/01\/SE-BLL4-2.pdf\">PDF<\/a><\/div>\n<\/div>\n<\/div><\/div>\n\n\n\n<figure class=\"wp-block-table\"><table class=\"has-pale-cyan-blue-background-color has-background has-fixed-layout\"><tbody><tr><td colspan=\"2\">\n<h3><span style=\"color: #ffffff;\"><strong>CRP (Centre de Recursos Pedag\u00f2gics)<\/strong><\/span><\/h3>\n<\/td><\/tr><tr><td>Equip que dona <strong>suport a l\u2019activitat pedag\u00f2gica dels centres<\/strong> i a la tasca docent de mestres i professorat, especialment, en temes de formaci\u00f3 permanent, de recursos pedag\u00f2gics i de dinamitzaci\u00f3 de projectes de centre i de la zona.\n<h5>Contacte:&nbsp;\ud83d\udce7 crp-elprat<span class=\"\">@xtec.cat<\/span><\/h5>\n<\/td><td>\n<h5>Funcions<\/h5>\n<ul style=\"list-style-type: disc;\">\n<li style=\"text-align: left;\">Suport, assessorament i acompanyament als equips docents per tal de fomentar la reflexi\u00f3 del professorat sobre la pr\u00f2pia pr\u00e0ctica i l\u2019intercanvi d\u2019experi\u00e8ncies educatives.<\/li>\n<li>Coordinaci\u00f3 i organitzaci\u00f3 de l\u2019execuci\u00f3 i del seguiment de les activitats de formaci\u00f3 permanent, col\u00b7laboraci\u00f3 en la detecci\u00f3 de les necessitats de formaci\u00f3 i en l\u2019elaboraci\u00f3 de propostes per satisfer-les.<\/li>\n<li>Dinamitzaci\u00f3 i gesti\u00f3 d&#8217;activitats educatives adre\u00e7ades a l&#8217;alumnat.<\/li>\n<li>Col\u00b7laboraci\u00f3 i participaci\u00f3 a les xarxes i actuacions de la zona educativa.<\/li>\n<li>Oferta de recursos, d\u2019infraestructura i de serveis als centres docents, als mestres i al professorat per tal que disposin de materials espec\u00edfics de les diferents \u00e0rees curriculars, de mitjans propis de la tecnologia educativa i de publicacions especialitzades, amb assessorament o instruccions d\u2019utilitzaci\u00f3.<\/li>\n<li>Catalogaci\u00f3 dels recursos educatius del medi local i comarcal, elaboraci\u00f3 de pautes i informacions complement\u00e0ries per facilitar-ne l\u2019\u00fas del professorat.<\/li>\n<\/ul>\n<\/td><\/tr><\/tbody><\/table><\/figure>\n\n\n\n<figure class=\"wp-block-table\"><table class=\"has-ast-global-color-0-background-color has-background has-fixed-layout\"><tbody><tr><td colspan=\"2\">\n<h3><span style=\"color: #ffffff;\"><strong>EAP (Equip d\u2019Assesorament i Orientaci\u00f3 Psicopedag\u00f2gic)<\/strong><\/span><\/h3>\n<\/td><\/tr><tr><td><span class=\"Apple-converted-space\">Equip<\/span>&nbsp;que d\u00f3na&nbsp;suport al professorat i als centres educatius en la resposta a la <strong>diversitat de l\u2019alumnat<\/strong> i en relaci\u00f3 als alumnes que presenten <strong>necessitats educatives especials<\/strong>, aix\u00ed com a les seves fam\u00edlies.\n<h5>Contacte:&nbsp;\ud83d\udce7 eap-elprat@xtec.cat<\/h5>\n<\/td><td>\n<h5>Funcions<\/h5>\n<ul>\n<li>Identificaci\u00f3 i avaluaci\u00f3 de les NEE dels alumnes, en col.laboraci\u00f3 amb els docents, especialistes i serveis espec\u00edfics.<\/li>\n<li>Participaci\u00f3 en l\u2019elaboraci\u00f3 i seguiment dels diversos tipus d\u2019adaptacions del curr\u00edculum que pugui necessitar l&#8217;alumnat, en col.laboraci\u00f3 amb els docents, especialistes i serveis espec\u00edfics.<\/li>\n<li>Assessorament als equips docents sobre projectes curriculars dels centres educatius pel que fa a aspectes psicopedag\u00f2gics i d\u2019atenci\u00f3 a la diversitat de necessitats de l\u2019alumnat.<\/li>\n<li>Assessorament a l\u2019alumnat, fam\u00edlies i equips docents sobre aspectes d\u2019orientaci\u00f3 personal, educativa i professionals.<\/li>\n<li>Col.laboraci\u00f3 amb els serveis socials i sanitaris en l\u2019\u00e0mbit territorial d\u2019actuaci\u00f3, per tal d\u2019oferir una actuaci\u00f3 coordinada a l&#8217;alumnat i fam\u00edlies que ho necessitin.<\/li>\n<li>Aportaci\u00f3 de suport i criteris t\u00e8cnics psicopedag\u00f2gics a altres \u00f2rgans de l\u2019administraci\u00f3 educativa.<\/li>\n<\/ul>\n<\/td><\/tr><\/tbody><\/table><\/figure>\n\n\n\n<figure class=\"wp-block-table\"><table class=\"has-pale-cyan-blue-background-color has-background has-fixed-layout\"><tbody><tr><td colspan=\"2\">\n<h3><span style=\"color: #ffffff;\"><strong>ELIC (Equip d\u2019Assessorament i Orientaci\u00f3 en Llengua, Interculturalitat i Cohesi\u00f3 Social)<\/strong><\/span><\/h3>\n<\/td><\/tr><tr><td>Equip que dona suport al professorat en l\u2019atenci\u00f3 a la diversitat relacionada amb l\u2019alumnat, especialment procedent de la immigraci\u00f3 i\/o amb l\u2019alumnat amb risc d\u2019exclusi\u00f3 social, en l\u2019\u00e0mbit dels centres educatius i els plans educatius d\u2019entorn.\n<h5>Contacte: \ud83d\udce7<\/h5>\n<\/td><td>\n<h5>Funcions<\/h5>\n<h6>En relaci\u00f3 amb els centres educatius:<\/h6>\n<ul>\n<li>Col\u00b7laborar i assessorar en l\u2019elaboraci\u00f3 del projecte ling\u00fc\u00edstic i el pla d\u2019acollida i integraci\u00f3.<\/li>\n<li>Assessorar sobre l\u2019organitzaci\u00f3 de l\u2019aula d\u2019acollida i fer-ne el seguiment.<\/li>\n<li>Col\u00b7laborar en la sensibilitzaci\u00f3, promoci\u00f3 i consolidaci\u00f3 de la llengua catalana com a eix vertebrador d\u2019un projecte pluriling\u00fce.<\/li>\n<li>Orientar sobre estrat\u00e8gies d\u2019immersi\u00f3 ling\u00fc\u00edstica i d\u2019inclusi\u00f3 social.<\/li>\n<li>Col\u00b7laborar en la sensibilitzaci\u00f3, promoci\u00f3 i consolidaci\u00f3 de l\u2019educaci\u00f3 intercultural.<\/li>\n<li>Col\u00b7laborar en la formaci\u00f3 permanent del professorat.<\/li>\n<li>Elaborar plans de treball i mem\u00f2ries de les diferents actuacions.<\/li>\n<\/ul>\n<h6>En relaci\u00f3 amb l\u2019entorn:<\/h6>\n<ul>\n<li>Assessorar les comissions d\u2019escolaritzaci\u00f3 de zona.<\/li>\n<li>Col\u00b7laborar amb les oficines municipals d\u2019escolaritzaci\u00f3.<\/li>\n<li>Col\u00b7laborar amb la Inspecci\u00f3 i els serveis educatius.<\/li>\n<\/ul>\n<h6>En relaci\u00f3 amb els Plans Educatius d\u2019Entorn: <figure><a href=\"https:\/\/serveiseducatius.xtec.cat\/baixllobregat4\/wp-content\/uploads\/usu1181\/2020\/05\/Logo-Pla-Educatiu-dEntorn-del-Prat.tif\"><img loading=\"lazy\" decoding=\"async\" class=\"alignnone size-large wp-image-8896\" src=\"https:\/\/serveiseducatius.xtec.cat\/baixllobregat4\/wp-content\/uploads\/usu1181\/2020\/05\/Logo-Pla-Educatiu-dEntorn-del-Prat.tif\" alt=\"\" width=\"1\" height=\"1\"><\/a><\/figure><figure><a href=\"https:\/\/serveiseducatius.xtec.cat\/baixllobregat4\/wp-content\/uploads\/usu1181\/2020\/05\/Logo-Pla-Educatiu-dEntorn-del-Prat-1.tif\"><img loading=\"lazy\" decoding=\"async\" class=\"alignnone size-large wp-image-8897\" src=\"https:\/\/serveiseducatius.xtec.cat\/baixllobregat4\/wp-content\/uploads\/usu1181\/2020\/05\/Logo-Pla-Educatiu-dEntorn-del-Prat-1.tif\" alt=\"\" width=\"1\" height=\"1\"><\/a><\/figure><\/h6>\n<ul style=\"list-style-type: disc;\">\n<li>Donar assessorament i suport t\u00e8cnic.&nbsp; <figure><a href=\"https:\/\/serveiseducatius.xtec.cat\/baixllobregat4\/wp-content\/uploads\/usu1181\/2020\/05\/Logo-Pla-Educatiu-dEntorn-del-Prat-2.tif\"><img loading=\"lazy\" decoding=\"async\" class=\"alignnone size-large wp-image-8899\" src=\"https:\/\/serveiseducatius.xtec.cat\/baixllobregat4\/wp-content\/uploads\/usu1181\/2020\/05\/Logo-Pla-Educatiu-dEntorn-del-Prat-2.tif\" alt=\"\" width=\"1\" height=\"1\"><\/a><\/figure><\/li>\n<li>Facilitar la negociaci\u00f3 i els acords.<\/li>\n<li>Dinamitzar les diferents actuacions.<\/li>\n<\/ul>\n<\/td><\/tr><\/tbody><\/table><\/figure>\n\n\n\n<figure class=\"wp-block-table\"><table class=\"has-luminous-vivid-amber-background-color has-background has-fixed-layout\"><tbody><tr><td colspan=\"2\">\n<h3><span style=\"color: #ffffff;\"><strong>CREDA (Centre de Recursos Educatius per a Deficients Auditius)<\/strong><\/span><\/h3>\n<\/td><\/tr><tr><td>Els CREDA s\u00f3n serveis de suport als centres educatius en l\u2019adequaci\u00f3 a les necessitats especials de l\u2019alumnat amb greus dificultats d\u2019audici\u00f3, llenguatge o comunicaci\u00f3 que interfereixen en el seu desenvolupament personal, social i curricular. La seva intervenci\u00f3 es concreta en tres grans \u00e0mbits: alumnat i fam\u00edlies; centres i professorat; zona educativa.\n<h5>Contacte: \ud83d\udce7 creda-baixllobregat@xtec.cat<\/h5>\n<\/td><td>\n<h5>Funcions<\/h5>\n<ul>\n<li>Identificaci\u00f3 i avaluaci\u00f3 de les necessitats educatives de l\u2019alumnat amb defici\u00e8ncies auditives o amb trastorns del llenguatge, en col\u00b7laboraci\u00f3 amb els Equips d\u2019Assessorament i Orientaci\u00f3 Psicopedag\u00f2gica (EAP).<\/li>\n<li>Valoraci\u00f3 psicoling\u00fc\u00edstica d\u2019aquest alumnat. Valoraci\u00f3 audiol\u00f2gica i seguiment audioprot\u00e8tic.<\/li>\n<li>Assessorament al professorat dels centres docents sobre adaptacions curriculars, estrat\u00e8gies metodol\u00f2giques i ajuts t\u00e8cnics.<\/li>\n<li>Atenci\u00f3 logop\u00e8dica a l\u2019alumnat amb defici\u00e8ncies auditives o amb trastorns del llenguatge quan sigui necess\u00e0ria.<\/li>\n<li>Orientaci\u00f3 a les fam\u00edlies d\u2019aquests alumnes.<\/li>\n<\/ul>\n<\/td><\/tr><\/tbody><\/table><\/figure>\n","protected":false},"excerpt":{"rendered":"<p>El Servei Educatiu est\u00e0 format per un equip multidisciplinari: CRP (Centre de Recursos Pedag\u00f2gics) Equip que dona suport a l\u2019activitat [&hellip;]<\/p>\n","protected":false},"author":1,"featured_media":0,"parent":806,"menu_order":20,"comment_status":"closed","ping_status":"closed","template":"","meta":{"_bbp_topic_count":0,"_bbp_reply_count":0,"_bbp_total_topic_count":0,"_bbp_total_reply_count":0,"_bbp_voice_count":0,"_bbp_anonymous_reply_count":0,"_bbp_topic_count_hidden":0,"_bbp_reply_count_hidden":0,"_bbp_forum_subforum_count":0,"site-sidebar-layout":"no-sidebar","site-content-layout":"","ast-site-content-layout":"default","site-content-style":"default","site-sidebar-style":"default","ast-global-header-display":"","ast-banner-title-visibility":"","ast-main-header-display":"","ast-hfb-above-header-display":"","ast-hfb-below-header-display":"","ast-hfb-mobile-header-display":"","site-post-title":"","ast-breadcrumbs-content":"","ast-featured-img":"","footer-sml-layout":"","theme-transparent-header-meta":"","adv-header-id-meta":"","stick-header-meta":"","header-above-stick-meta":"","header-main-stick-meta":"","header-below-stick-meta":"","astra-migrate-meta-layouts":"set","ast-page-background-enabled":"default","ast-page-background-meta":{"desktop":{"background-color":"var(--ast-global-color-4)","background-image":"","background-repeat":"repeat","background-position":"center center","background-size":"auto","background-attachment":"scroll","background-type":"","background-media":"","overlay-type":"","overlay-color":"","overlay-opacity":"","overlay-gradient":""},"tablet":{"background-color":"","background-image":"","background-repeat":"repeat","background-position":"center center","background-size":"auto","background-attachment":"scroll","background-type":"","background-media":"","overlay-type":"","overlay-color":"","overlay-opacity":"","overlay-gradient":""},"mobile":{"background-color":"","background-image":"","background-repeat":"repeat","background-position":"center center","background-size":"auto","background-attachment":"scroll","background-type":"","background-media":"","overlay-type":"","overlay-color":"","overlay-opacity":"","overlay-gradient":""}},"ast-content-background-meta":{"desktop":{"background-color":"var(--ast-global-color-5)","background-image":"","background-repeat":"repeat","background-position":"center center","background-size":"auto","background-attachment":"scroll","background-type":"","background-media":"","overlay-type":"","overlay-color":"","overlay-opacity":"","overlay-gradient":""},"tablet":{"background-color":"var(--ast-global-color-5)","background-image":"","background-repeat":"repeat","background-position":"center center","background-size":"auto","background-attachment":"scroll","background-type":"","background-media":"","overlay-type":"","overlay-color":"","overlay-opacity":"","overlay-gradient":""},"mobile":{"background-color":"var(--ast-global-color-5)","background-image":"","background-repeat":"repeat","background-position":"center center","background-size":"auto","background-attachment":"scroll","background-type":"","background-media":"","overlay-type":"","overlay-color":"","overlay-opacity":"","overlay-gradient":""}},"footnotes":""},"class_list":["post-306","page","type-page","status-publish","hentry"],"post_mailing_queue_ids":[],"_links":{"self":[{"href":"https:\/\/serveiseducatius.xtec.cat\/baixllobregat4\/wp-json\/wp\/v2\/pages\/306","targetHints":{"allow":["GET"]}}],"collection":[{"href":"https:\/\/serveiseducatius.xtec.cat\/baixllobregat4\/wp-json\/wp\/v2\/pages"}],"about":[{"href":"https:\/\/serveiseducatius.xtec.cat\/baixllobregat4\/wp-json\/wp\/v2\/types\/page"}],"author":[{"embeddable":true,"href":"https:\/\/serveiseducatius.xtec.cat\/baixllobregat4\/wp-json\/wp\/v2\/users\/1"}],"replies":[{"embeddable":true,"href":"https:\/\/serveiseducatius.xtec.cat\/baixllobregat4\/wp-json\/wp\/v2\/comments?post=306"}],"version-history":[{"count":6,"href":"https:\/\/serveiseducatius.xtec.cat\/baixllobregat4\/wp-json\/wp\/v2\/pages\/306\/revisions"}],"predecessor-version":[{"id":16222,"href":"https:\/\/serveiseducatius.xtec.cat\/baixllobregat4\/wp-json\/wp\/v2\/pages\/306\/revisions\/16222"}],"up":[{"embeddable":true,"href":"https:\/\/serveiseducatius.xtec.cat\/baixllobregat4\/wp-json\/wp\/v2\/pages\/806"}],"wp:attachment":[{"href":"https:\/\/serveiseducatius.xtec.cat\/baixllobregat4\/wp-json\/wp\/v2\/media?parent=306"}],"curies":[{"name":"wp","href":"https:\/\/api.w.org\/{rel}","templated":true}]}}