{"id":1585,"date":"2014-02-07T10:45:47","date_gmt":"2014-02-07T09:45:47","guid":{"rendered":"http:\/\/blocs.xtec.cat\/sebaixllobregat4\/?page_id=1585"},"modified":"2026-04-08T18:17:41","modified_gmt":"2026-04-08T16:17:41","slug":"1585-2","status":"publish","type":"page","link":"https:\/\/serveiseducatius.xtec.cat\/baixllobregat4\/recursos-2\/maletes-pedagogiques\/1585-2\/","title":{"rendered":"Maleta pedag\u00f2gica &#8220;Aprenem amb el poble gitano&#8221;"},"content":{"rendered":"<p style=\"text-align: left;\">Aquest material\u00a0\u00a0omple un buit en les propostes pedag\u00f2giques disponibles actualment per treballar amb joves el coneixement del poble gitano en el marc de la promoci\u00f3 de relacions positives entre cultures i de la conviv\u00e8ncia, i com a part de la pr\u00f2pia hist\u00f2ria catalana.<\/p>\n<h4 style=\"text-align: left;\">a. Guia pedag\u00f2gica. Aprenem amb el poble gitano.<\/h4>\n<p style=\"text-align: justify;\"><img loading=\"lazy\" decoding=\"async\" class=\"size-medium wp-image-1586 alignleft\" src=\"http:\/\/serveiseducatius.xtec.cat\/baixllobregat4\/wp-content\/uploads\/usu1181\/2014\/02\/Captura-de-pantalla-2014-02-07-a-les-09.24.00-300x274.png\" alt=\"Captura de pantalla 2014-02-07 a les 09.24.00\" width=\"300\" height=\"274\" srcset=\"https:\/\/serveiseducatius.xtec.cat\/baixllobregat4\/wp-content\/uploads\/usu1181\/2014\/02\/Captura-de-pantalla-2014-02-07-a-les-09.24.00-300x274.png 300w, https:\/\/serveiseducatius.xtec.cat\/baixllobregat4\/wp-content\/uploads\/usu1181\/2014\/02\/Captura-de-pantalla-2014-02-07-a-les-09.24.00.png 589w\" sizes=\"auto, (max-width: 300px) 100vw, 300px\" \/>L\u2019objectiu d\u2019<a href=\"https:\/\/blocs.xtec.cat\/mamaro\/files\/2010\/07\/guia_pedagogica.pdf\" target=\"_blank\" rel=\"noopener\">aquesta guia<\/a> \u00e9s oferir les orientacions pedag\u00f2giques necess\u00e0ries per aconseguir amb \u00e8xit el coneixement i la sensibilitzaci\u00f3 sobre la hist\u00f2ria i la cultura del poble gitano al nostre pa\u00eds. Com a professionals, hi trobareu el suport per promoure, entre infants i joves, la reflexi\u00f3 sobre el coneixement real i no estereotipat del poble gitano.<\/p>\n<p style=\"text-align: justify;\">Els materials es poden aplicar en centres educatius entesos d\u2019una \u00e0mplia (escoles, instituts, esplais, centres oberts, ludoteques&#8230;), tant en horari escolar com extraescolar.<\/p>\n<p style=\"text-align: justify;\">Aquesta guia \u00e9s a l\u2019abast de qualsevol persona que, sense con\u00e8ixer amb profunditat el poble gitano, vulgui dur a terme una tasca educativa amb rigor, gr\u00e0cies a la informaci\u00f3 i l\u2019assessorament que s\u2019hi ofereix. La finalitat darrera \u00e9s superar els estereotips fruit del desconeixement i que generen actituds racistes per tal de contribuir a una millor conviv\u00e8ncia basada en la desconeixen\u00e7a m\u00fatua i en la igualtat d\u2019oportunitats respectant les difer\u00e8ncies.<\/p>\n<h4 style=\"text-align: justify;\">b. Amar\u00f3. El poble gitano a Catalunya. Materials i recursos per a adolescents i joves (12-18 anys).<\/h4>\n<p style=\"text-align: justify;\"><img loading=\"lazy\" decoding=\"async\" class=\"size-medium wp-image-1587 alignleft\" src=\"http:\/\/serveiseducatius.xtec.cat\/baixllobregat4\/wp-content\/uploads\/usu1181\/2014\/02\/Captura-de-pantalla-2014-02-07-a-les-09.38.22-300x291.png\" alt=\"Captura de pantalla 2014-02-07 a les 09.38.22\" width=\"300\" height=\"291\" srcset=\"https:\/\/serveiseducatius.xtec.cat\/baixllobregat4\/wp-content\/uploads\/usu1181\/2014\/02\/Captura-de-pantalla-2014-02-07-a-les-09.38.22-300x291.png 300w, https:\/\/serveiseducatius.xtec.cat\/baixllobregat4\/wp-content\/uploads\/usu1181\/2014\/02\/Captura-de-pantalla-2014-02-07-a-les-09.38.22.png 574w\" sizes=\"auto, (max-width: 300px) 100vw, 300px\" \/><a href=\"https:\/\/blocs.xtec.cat\/mamaro\/\" target=\"_blank\" rel=\"noopener\">Aquest material<\/a> omple un buit en les propostes pedag\u00f2giques disponibles per treballar amb joves el desconeixement del poble gitano en el marc de la promoci\u00f3 de la conviv\u00e8ncia i de les relacions positives entre cultures. Els 10 quaderns tracten un seguit d\u2019aspectes que aprofundeixen en els diversos \u00e0mbits de la realitat gitana.<\/p>\n<p style=\"text-align: justify;\">La lectura i les activitats que es proposen transmeten els coneixements sobre la hist\u00f2ria, la cultura i la situaci\u00f3 actual del poble gitano. Alhora es donen eines per analitzar i recon\u00e8ixer l\u2019origen i les conseq\u00fc\u00e8ncies dels prejudicis i dels estereotips\u00a0 sobre la poblaci\u00f3 gitana, aix\u00ed com tamb\u00e9 fan evident la necessitat de tenir en compte les veus de les persones gitanes en els discursos que s\u2019articulen sobre elles. Per acabar, es pret\u00e9n fomentar la reflexi\u00f3 cr\u00edtica, la curiositat i l\u2019inter\u00e8s per la veu de totes les persones i desenvolupar una postura personal positiva envers les persones pertanyents al poble gitano.<\/p>\n<p style=\"text-align: justify;\">Els continguts s\u2019estructuren en una borsa de personatges, una borsa de recursos i set blocs d\u2019activitats:<\/p>\n<ul>\n<li><a href=\"https:\/\/blocs.xtec.cat\/mamaro\/arxius-pdf\/bloc-1-el-poble-gitano-una-unitat-global\/\" target=\"_blank\" rel=\"noopener\">El poble gitano: una unitat global<\/a>.<\/li>\n<li><a href=\"https:\/\/blocs.xtec.cat\/mamaro\/arxius-pdf\/bloc-2-en-el-cami-la-identitat-es-multiplica\/\" target=\"_blank\" rel=\"noopener\">En el cam\u00ed, la identitat es multiplica<\/a>.<\/li>\n<li><a href=\"https:\/\/blocs.xtec.cat\/mamaro\/arxius-pdf\/bloc-3-la-meva-familia-una-gran-familia\/\" target=\"_blank\" rel=\"noopener\">La meva fam\u00edlia, una gran fam\u00edlia<\/a>.<\/li>\n<li><a href=\"https:\/\/blocs.xtec.cat\/mamaro\/arxius-pdf\/bloc-4-les-dones-gitanes-motor-del-canvi\/\" target=\"_blank\" rel=\"noopener\">Les dones gitanes: motor del canvi<\/a>.<\/li>\n<li><a href=\"https:\/\/blocs.xtec.cat\/mamaro\/arxius-pdf\/bloc-5-treballar-per-viure\/\" target=\"_blank\" rel=\"noopener\">Treballar per viure<\/a>.<\/li>\n<li><a href=\"https:\/\/blocs.xtec.cat\/mamaro\/arxius-pdf\/bloc-6-apleguem-nos-i-avancem\/\" target=\"_blank\" rel=\"noopener\">Apleguem-nos i avancem<\/a>.<\/li>\n<li><a href=\"https:\/\/blocs.xtec.cat\/mamaro\/arxius-pdf\/bloc-7-racisme-i-poble-gitano\/\" target=\"_blank\" rel=\"noopener\">Racisme i poble gitano<\/a>.<\/li>\n<\/ul>\n<h4 style=\"text-align: justify;\">c. Benvingut, Emil!<\/h4>\n<p style=\"text-align: justify;\"><img loading=\"lazy\" decoding=\"async\" class=\"size-medium wp-image-1588 alignleft\" src=\"http:\/\/serveiseducatius.xtec.cat\/baixllobregat4\/wp-content\/uploads\/usu1181\/2014\/02\/Captura-de-pantalla-2014-02-07-a-les-10.00.30-300x273.png\" alt=\"Captura de pantalla 2014-02-07 a les 10.00.30\" width=\"300\" height=\"273\" srcset=\"https:\/\/serveiseducatius.xtec.cat\/baixllobregat4\/wp-content\/uploads\/usu1181\/2014\/02\/Captura-de-pantalla-2014-02-07-a-les-10.00.30-300x273.png 300w, https:\/\/serveiseducatius.xtec.cat\/baixllobregat4\/wp-content\/uploads\/usu1181\/2014\/02\/Captura-de-pantalla-2014-02-07-a-les-10.00.30.png 586w\" sizes=\"auto, (max-width: 300px) 100vw, 300px\" \/><a href=\"https:\/\/blocs.xtec.cat\/mamaro\/files\/2010\/08\/comic.pdf\" target=\"_blank\" rel=\"noopener\">Benvingut, Emil<\/a>! parla sobre la hist\u00f2ria del poble gitano i la seva situaci\u00f3 actual. El c\u00f2mic tracta la imatge i la cultura d\u2019aquesta minoria des d\u2019una perspectiva positiva, normalitzada i inclusiva, partint de la conviv\u00e8ncia amb les persones gitanes i de la normalitzaci\u00f3 de les relacions entre cultures diferents, per\u00f2 tamb\u00e9 amb molts punts en com\u00fa.<\/p>\n<p style=\"text-align: justify;\">El c\u00f2mic narra com l\u2019arribada d\u2019un nou alumne a una escola de prim\u00e0ria motiva la realitzaci\u00f3 d\u2019un treball per aprendre coses sobre el poble gitano. A trav\u00e9s d\u2019una mirada infantil, el relat aprofundeix en la hist\u00f2ria d\u2019aquest poble, en la seva cultura i en com viu a la Catalunya d\u2019avui.<\/p>\n<h4><\/h4>\n<h4 style=\"text-align: justify;\">d. I Xurdelin. Iniciaci\u00f3 a la llengua roman\u00ed.<\/h4>\n<p style=\"text-align: justify;\"><a href=\"https:\/\/serveiseducatius.xtec.cat\/baixllobregat4\/wp-content\/uploads\/usu1181\/2014\/02\/Captura-de-pantalla-2014-02-07-a-les-10.07.22.png\"><img loading=\"lazy\" decoding=\"async\" class=\"wp-image-1592 size-medium alignleft\" src=\"https:\/\/serveiseducatius.xtec.cat\/baixllobregat4\/wp-content\/uploads\/usu1181\/2014\/02\/Captura-de-pantalla-2014-02-07-a-les-10.07.22-300x279.png\" alt=\"\" width=\"300\" height=\"279\" srcset=\"https:\/\/serveiseducatius.xtec.cat\/baixllobregat4\/wp-content\/uploads\/usu1181\/2014\/02\/Captura-de-pantalla-2014-02-07-a-les-10.07.22-300x279.png 300w, https:\/\/serveiseducatius.xtec.cat\/baixllobregat4\/wp-content\/uploads\/usu1181\/2014\/02\/Captura-de-pantalla-2014-02-07-a-les-10.07.22.png 578w\" sizes=\"auto, (max-width: 300px) 100vw, 300px\" \/><\/a>Aquest manual d\u2019iniciaci\u00f3 a la llengua roman\u00ed cont\u00e9 elements b\u00e0sics per introduir-se a l\u2019aprenentatge d\u2019aquesta llengua que parlen actualment al m\u00f3n m\u00e9s de 12 milions de persones. Cont\u00e9 vocabulari i exercicis d\u2019un nivell elemental de gram\u00e0tica per iniciar l\u2019aprenentatge de la llengua. Inclou una guia fon\u00e8tica i un alfabet il\u00b7lustrat, aix\u00ed com una llista de paraules \u00fatils i expressions de salutaci\u00f3 i cortesia.<\/p>\n","protected":false},"excerpt":{"rendered":"<p>Aquest material\u00a0\u00a0omple un buit en les propostes pedag\u00f2giques disponibles actualment per treballar amb joves el coneixement del poble gitano en [&hellip;]<\/p>\n","protected":false},"author":3,"featured_media":0,"parent":942,"menu_order":0,"comment_status":"closed","ping_status":"closed","template":"","meta":{"_bbp_topic_count":0,"_bbp_reply_count":0,"_bbp_total_topic_count":0,"_bbp_total_reply_count":0,"_bbp_voice_count":0,"_bbp_anonymous_reply_count":0,"_bbp_topic_count_hidden":0,"_bbp_reply_count_hidden":0,"_bbp_forum_subforum_count":0,"site-sidebar-layout":"no-sidebar","site-content-layout":"","ast-site-content-layout":"normal-width-container","site-content-style":"default","site-sidebar-style":"default","ast-global-header-display":"","ast-banner-title-visibility":"","ast-main-header-display":"","ast-hfb-above-header-display":"","ast-hfb-below-header-display":"","ast-hfb-mobile-header-display":"","site-post-title":"","ast-breadcrumbs-content":"","ast-featured-img":"","footer-sml-layout":"","theme-transparent-header-meta":"","adv-header-id-meta":"","stick-header-meta":"","header-above-stick-meta":"","header-main-stick-meta":"","header-below-stick-meta":"","astra-migrate-meta-layouts":"set","ast-page-background-enabled":"default","ast-page-background-meta":{"desktop":{"background-color":"var(--ast-global-color-4)","background-image":"","background-repeat":"repeat","background-position":"center center","background-size":"auto","background-attachment":"scroll","background-type":"","background-media":"","overlay-type":"","overlay-color":"","overlay-opacity":"","overlay-gradient":""},"tablet":{"background-color":"","background-image":"","background-repeat":"repeat","background-position":"center center","background-size":"auto","background-attachment":"scroll","background-type":"","background-media":"","overlay-type":"","overlay-color":"","overlay-opacity":"","overlay-gradient":""},"mobile":{"background-color":"","background-image":"","background-repeat":"repeat","background-position":"center center","background-size":"auto","background-attachment":"scroll","background-type":"","background-media":"","overlay-type":"","overlay-color":"","overlay-opacity":"","overlay-gradient":""}},"ast-content-background-meta":{"desktop":{"background-color":"var(--ast-global-color-5)","background-image":"","background-repeat":"repeat","background-position":"center center","background-size":"auto","background-attachment":"scroll","background-type":"","background-media":"","overlay-type":"","overlay-color":"","overlay-opacity":"","overlay-gradient":""},"tablet":{"background-color":"var(--ast-global-color-5)","background-image":"","background-repeat":"repeat","background-position":"center center","background-size":"auto","background-attachment":"scroll","background-type":"","background-media":"","overlay-type":"","overlay-color":"","overlay-opacity":"","overlay-gradient":""},"mobile":{"background-color":"var(--ast-global-color-5)","background-image":"","background-repeat":"repeat","background-position":"center center","background-size":"auto","background-attachment":"scroll","background-type":"","background-media":"","overlay-type":"","overlay-color":"","overlay-opacity":"","overlay-gradient":""}},"footnotes":""},"class_list":["post-1585","page","type-page","status-publish","hentry"],"post_mailing_queue_ids":[],"_links":{"self":[{"href":"https:\/\/serveiseducatius.xtec.cat\/baixllobregat4\/wp-json\/wp\/v2\/pages\/1585","targetHints":{"allow":["GET"]}}],"collection":[{"href":"https:\/\/serveiseducatius.xtec.cat\/baixllobregat4\/wp-json\/wp\/v2\/pages"}],"about":[{"href":"https:\/\/serveiseducatius.xtec.cat\/baixllobregat4\/wp-json\/wp\/v2\/types\/page"}],"author":[{"embeddable":true,"href":"https:\/\/serveiseducatius.xtec.cat\/baixllobregat4\/wp-json\/wp\/v2\/users\/3"}],"replies":[{"embeddable":true,"href":"https:\/\/serveiseducatius.xtec.cat\/baixllobregat4\/wp-json\/wp\/v2\/comments?post=1585"}],"version-history":[{"count":4,"href":"https:\/\/serveiseducatius.xtec.cat\/baixllobregat4\/wp-json\/wp\/v2\/pages\/1585\/revisions"}],"predecessor-version":[{"id":16279,"href":"https:\/\/serveiseducatius.xtec.cat\/baixllobregat4\/wp-json\/wp\/v2\/pages\/1585\/revisions\/16279"}],"up":[{"embeddable":true,"href":"https:\/\/serveiseducatius.xtec.cat\/baixllobregat4\/wp-json\/wp\/v2\/pages\/942"}],"wp:attachment":[{"href":"https:\/\/serveiseducatius.xtec.cat\/baixllobregat4\/wp-json\/wp\/v2\/media?parent=1585"}],"curies":[{"name":"wp","href":"https:\/\/api.w.org\/{rel}","templated":true}]}}