{"id":14901,"date":"2025-09-26T13:17:50","date_gmt":"2025-09-26T11:17:50","guid":{"rendered":"https:\/\/serveiseducatius.xtec.cat\/baixllobregat4\/?page_id=14901"},"modified":"2026-03-11T12:20:21","modified_gmt":"2026-03-11T11:20:21","slug":"introexpress-pindoles-formatives","status":"publish","type":"page","link":"https:\/\/serveiseducatius.xtec.cat\/baixllobregat4\/introexpress-pindoles-formatives\/","title":{"rendered":"IntroExpress. P\u00edndoles formatives per a equips docents"},"content":{"rendered":"\n<figure class=\"wp-block-image alignleft size-full is-resized\"><a href=\"https:\/\/serveiseducatius.xtec.cat\/baixllobregat4\/wp-content\/uploads\/usu1181\/2025\/09\/IntroExpress.png\"><img loading=\"lazy\" decoding=\"async\" width=\"500\" height=\"500\" src=\"https:\/\/serveiseducatius.xtec.cat\/baixllobregat4\/wp-content\/uploads\/usu1181\/2025\/09\/IntroExpress.png\" alt=\"\" class=\"wp-image-14904\" style=\"width:234px;height:auto\" srcset=\"https:\/\/serveiseducatius.xtec.cat\/baixllobregat4\/wp-content\/uploads\/usu1181\/2025\/09\/IntroExpress.png 500w, https:\/\/serveiseducatius.xtec.cat\/baixllobregat4\/wp-content\/uploads\/usu1181\/2025\/09\/IntroExpress-300x300.png 300w, https:\/\/serveiseducatius.xtec.cat\/baixllobregat4\/wp-content\/uploads\/usu1181\/2025\/09\/IntroExpress-150x150.png 150w\" sizes=\"auto, (max-width: 500px) 100vw, 500px\" \/><\/a><\/figure>\n\n\n\n<p>Des del Servei Educatiu  s&#8217;ofereix un conjunt de <strong>p\u00edndoles formatives adre\u00e7ades a equips docents de centre<\/strong>, amb l\u2019objectiu de donar resposta a necessitats reals relacionades amb el desplegament del <strong>curr\u00edculum competencial<\/strong>.<\/p>\n\n\n\n<p>Es tracta de <strong>sessions breus i pr\u00e0ctiques<\/strong>, que tenen lloc <strong><mark><mark style=\"background-color:rgba(0, 0, 0, 0)\" class=\"has-inline-color has-ast-global-color-1-color\">en horari <\/mark><\/mark><mark><mark style=\"background-color:rgba(0, 0, 0, 0)\" class=\"has-inline-color has-ast-global-color-1-color\">a<\/mark><\/mark><mark><mark style=\"background-color:rgba(0, 0, 0, 0)\" class=\"has-inline-color has-ast-global-color-1-color\">c<\/mark><\/mark><mark><mark style=\"background-color:rgba(0, 0, 0, 0)\" class=\"has-inline-color has-ast-global-color-1-color\">o<\/mark><\/mark><mark><mark style=\"background-color:rgba(0, 0, 0, 0)\" class=\"has-inline-color has-ast-global-color-1-color\">r<\/mark><\/mark><mark><mark style=\"background-color:rgba(0, 0, 0, 0)\" class=\"has-inline-color has-ast-global-color-1-color\">d<\/mark><\/mark><mark><mark style=\"background-color:rgba(0, 0, 0, 0)\" class=\"has-inline-color has-ast-global-color-1-color\">a<\/mark><\/mark><mark><mark style=\"background-color:rgba(0, 0, 0, 0)\" class=\"has-inline-color has-ast-global-color-1-color\">t<\/mark><\/mark><mark><mark style=\"background-color:rgba(0, 0, 0, 0)\" class=\"has-inline-color has-ast-global-color-1-color\"> <\/mark><\/mark><mark><mark style=\"background-color:rgba(0, 0, 0, 0)\" class=\"has-inline-color has-ast-global-color-1-color\">a<\/mark><\/mark><mark><mark style=\"background-color:rgba(0, 0, 0, 0)\" class=\"has-inline-color has-ast-global-color-1-color\">m<\/mark><\/mark><mark><mark style=\"background-color:rgba(0, 0, 0, 0)\" class=\"has-inline-color has-ast-global-color-1-color\">b<\/mark><\/mark><mark><mark style=\"background-color:rgba(0, 0, 0, 0)\" class=\"has-inline-color has-ast-global-color-1-color\"> <\/mark><\/mark><mark><mark style=\"background-color:rgba(0, 0, 0, 0)\" class=\"has-inline-color has-ast-global-color-1-color\">e<\/mark><\/mark><mark><mark style=\"background-color:rgba(0, 0, 0, 0)\" class=\"has-inline-color has-ast-global-color-1-color\">l<\/mark><\/mark><mark><mark style=\"background-color:rgba(0, 0, 0, 0)\" class=\"has-inline-color has-ast-global-color-1-color\"> <\/mark><\/mark><mark><mark style=\"background-color:rgba(0, 0, 0, 0)\" class=\"has-inline-color has-ast-global-color-1-color\">c<\/mark><\/mark><mark><mark style=\"background-color:rgba(0, 0, 0, 0)\" class=\"has-inline-color has-ast-global-color-1-color\">e<\/mark><\/mark><mark><mark style=\"background-color:rgba(0, 0, 0, 0)\" class=\"has-inline-color has-ast-global-color-1-color\">n<\/mark><\/mark><mark><mark style=\"background-color:rgba(0, 0, 0, 0)\" class=\"has-inline-color has-ast-global-color-1-color\">t<\/mark><\/mark><mark><mark style=\"background-color:rgba(0, 0, 0, 0)\" class=\"has-inline-color has-ast-global-color-1-color\">r<\/mark><\/mark><mark><mark style=\"background-color:rgba(0, 0, 0, 0)\" class=\"has-inline-color has-ast-global-color-1-color\">e<\/mark><\/mark><\/strong>, i que aborden <strong>tem\u00e0tiques clau amb impacte a nivell de centre<\/strong>. A partir d\u2019un enfocament aplicat i actualitzat, es promou la reflexi\u00f3 i la millora de la pr\u00e0ctica educativa.<\/p>\n\n\n\n<p>Aquestes formacions s\u00f3n <strong>flexibles i adaptables<\/strong> a les demandes dels centres, amb la finalitat de potenciar la <strong>formaci\u00f3 cont\u00ednua del professorat<\/strong> i afavorir la coher\u00e8ncia pedag\u00f2gica de centre.<\/p>\n\n\n\n<p>Podeu fer la demanda omplint el seg\u00fcent<a href=\"https:\/\/forms.gle\/k6f4rUEZcycXUBee7\"> formulari<\/a><\/p>\n\n\n\n<p>crp-elprat@xtec.cat<\/p>\n\n\n\n<div class=\"wp-block-getwid-accordion has-icon-left\" data-active-element=\"none\">\n<div class=\"wp-block-getwid-accordion__header-wrapper\"><span class=\"wp-block-getwid-accordion__header\"><a href=\"#\"><span class=\"wp-block-getwid-accordion__header-title\">IntroExpress a la Avaluaci\u00f3 Formadora<\/span><span class=\"wp-block-getwid-accordion__icon is-active\"><i class=\"fas fa-plus\"><\/i><\/span><span class=\"wp-block-getwid-accordion__icon is-passive\"><i class=\"fas fa-minus\"><\/i><\/span><\/a><\/span><\/div><div class=\"wp-block-getwid-accordion__content-wrapper\"><div class=\"wp-block-getwid-accordion__content\">\n<p><em>Substituint la nota final per un feedback que impulsa l\u2019alumnat a cr\u00e9ixer i autoregular el seu aprenentatge.<\/em><\/p>\n\n\n\n<p>Introducci\u00f3 pr\u00e0ctica al concepte d\u2019<strong>avaluaci\u00f3 formadora<\/strong>, entesa com un proc\u00e9s que no nom\u00e9s comprova qu\u00e8 s\u2019ha apr\u00e8s, sin\u00f3 que ajuda l\u2019alumnat a regular el seu aprenentatge i a avan\u00e7ar.<\/p>\n\n\n\n<figure class=\"wp-block-image size-large is-resized\"><a href=\"https:\/\/serveiseducatius.xtec.cat\/baixllobregat4\/wp-content\/uploads\/usu1181\/2025\/09\/Captura-de-pantalla-2025-09-26-125630.png\"><img loading=\"lazy\" decoding=\"async\" width=\"1024\" height=\"560\" src=\"https:\/\/serveiseducatius.xtec.cat\/baixllobregat4\/wp-content\/uploads\/usu1181\/2025\/09\/Captura-de-pantalla-2025-09-26-125630-1024x560.png\" alt=\"\" class=\"wp-image-14907\" style=\"width:407px;height:auto\" srcset=\"https:\/\/serveiseducatius.xtec.cat\/baixllobregat4\/wp-content\/uploads\/usu1181\/2025\/09\/Captura-de-pantalla-2025-09-26-125630-1024x560.png 1024w, https:\/\/serveiseducatius.xtec.cat\/baixllobregat4\/wp-content\/uploads\/usu1181\/2025\/09\/Captura-de-pantalla-2025-09-26-125630-300x164.png 300w, https:\/\/serveiseducatius.xtec.cat\/baixllobregat4\/wp-content\/uploads\/usu1181\/2025\/09\/Captura-de-pantalla-2025-09-26-125630-768x420.png 768w, https:\/\/serveiseducatius.xtec.cat\/baixllobregat4\/wp-content\/uploads\/usu1181\/2025\/09\/Captura-de-pantalla-2025-09-26-125630.png 1132w\" sizes=\"auto, (max-width: 1024px) 100vw, 1024px\" \/><\/a><\/figure>\n<\/div><\/div>\n\n\n\n<div class=\"wp-block-getwid-accordion__header-wrapper\"><span class=\"wp-block-getwid-accordion__header\"><a href=\"#\"><span class=\"wp-block-getwid-accordion__header-title\">IntroExpress a la IAG educativa<\/span><span class=\"wp-block-getwid-accordion__icon is-active\"><i class=\"fas fa-plus\"><\/i><\/span><span class=\"wp-block-getwid-accordion__icon is-passive\"><i class=\"fas fa-minus\"><\/i><\/span><\/a><\/span><\/div><div class=\"wp-block-getwid-accordion__content-wrapper\"><div class=\"wp-block-getwid-accordion__content\">\n<p>La <strong>intel\u00b7lig\u00e8ncia artificial generativa<\/strong> \u00e9s una  eina que pot enriquir l\u2019aprenentatge i donar suport a docents i alumnes amb recursos personalitzats i creatius.<br>Ofereix avantatges com la <strong>personalitzaci\u00f3<\/strong>, la reducci\u00f3 de c\u00e0rregues administratives i la millora de la presa de decisions.<br>Tanmateix, comporta <strong>riscos<\/strong>: biaixos algor\u00edtmics, manca de fiabilitat, impacte ambiental i problemes de privacitat i \u00e8tica.<br>El repte educatiu \u00e9s integrar-la de manera cr\u00edtica, responsable i alineada amb els <strong>valors i objectius del curr\u00edculum<\/strong>.<\/p>\n\n\n\n<figure class=\"wp-block-image size-large is-resized\"><a href=\"https:\/\/serveiseducatius.xtec.cat\/baixllobregat4\/wp-content\/uploads\/usu1181\/2025\/09\/Captura-de-pantalla-2025-09-26-131034.png\"><img loading=\"lazy\" decoding=\"async\" width=\"1024\" height=\"574\" src=\"https:\/\/serveiseducatius.xtec.cat\/baixllobregat4\/wp-content\/uploads\/usu1181\/2025\/09\/Captura-de-pantalla-2025-09-26-131034-1024x574.png\" alt=\"\" class=\"wp-image-14911\" style=\"width:391px;height:auto\" srcset=\"https:\/\/serveiseducatius.xtec.cat\/baixllobregat4\/wp-content\/uploads\/usu1181\/2025\/09\/Captura-de-pantalla-2025-09-26-131034-1024x574.png 1024w, https:\/\/serveiseducatius.xtec.cat\/baixllobregat4\/wp-content\/uploads\/usu1181\/2025\/09\/Captura-de-pantalla-2025-09-26-131034-300x168.png 300w, https:\/\/serveiseducatius.xtec.cat\/baixllobregat4\/wp-content\/uploads\/usu1181\/2025\/09\/Captura-de-pantalla-2025-09-26-131034-768x431.png 768w, https:\/\/serveiseducatius.xtec.cat\/baixllobregat4\/wp-content\/uploads\/usu1181\/2025\/09\/Captura-de-pantalla-2025-09-26-131034.png 1129w\" sizes=\"auto, (max-width: 1024px) 100vw, 1024px\" \/><\/a><\/figure>\n<\/div><\/div>\n\n\n\n<div class=\"wp-block-getwid-accordion__header-wrapper\"><span class=\"wp-block-getwid-accordion__header\"><a href=\"#\"><span class=\"wp-block-getwid-accordion__header-title\">IntroExpress al Pensament Computacional<\/span><span class=\"wp-block-getwid-accordion__icon is-active\"><i class=\"fas fa-plus\"><\/i><\/span><span class=\"wp-block-getwid-accordion__icon is-passive\"><i class=\"fas fa-minus\"><\/i><\/span><\/a><\/span><\/div><div class=\"wp-block-getwid-accordion__content-wrapper\"><div class=\"wp-block-getwid-accordion__content\">\n<p>El <strong>Pensament Computacional<\/strong> ens convida a veure la tecnologia no nom\u00e9s com a eines o programes, sin\u00f3 com a manera de <strong>pensar i resoldre problemes<\/strong>. A trav\u00e9s d\u2019estrat\u00e8gies com la descomposici\u00f3, el reconeixement de patrons, l\u2019abstracci\u00f3 i el disseny d\u2019algoritmes, podem entrenar habilitats \u00fatils per a qualsevol \u00e0mbit de la vida. En un m\u00f3n cada cop m\u00e9s automatitzat, aquestes \u201ceines mentals\u201d s\u00f3n essencials per entendre, crear i tamb\u00e9 <strong>ser cr\u00edtics davant la tecnologia<\/strong>. La reflexi\u00f3 \u00e9s clara: si programem la nostra vida constantment, per qu\u00e8 no aprendre a fer-ho de manera conscient i efica\u00e7?<\/p>\n\n\n\n<figure class=\"wp-block-image size-large is-resized\"><a href=\"https:\/\/serveiseducatius.xtec.cat\/baixllobregat4\/wp-content\/uploads\/usu1181\/2025\/09\/Captura-de-pantalla-2025-09-26-131350.png\"><img loading=\"lazy\" decoding=\"async\" width=\"1024\" height=\"572\" src=\"https:\/\/serveiseducatius.xtec.cat\/baixllobregat4\/wp-content\/uploads\/usu1181\/2025\/09\/Captura-de-pantalla-2025-09-26-131350-1024x572.png\" alt=\"\" class=\"wp-image-14913\" style=\"width:384px;height:auto\" srcset=\"https:\/\/serveiseducatius.xtec.cat\/baixllobregat4\/wp-content\/uploads\/usu1181\/2025\/09\/Captura-de-pantalla-2025-09-26-131350-1024x572.png 1024w, https:\/\/serveiseducatius.xtec.cat\/baixllobregat4\/wp-content\/uploads\/usu1181\/2025\/09\/Captura-de-pantalla-2025-09-26-131350-300x168.png 300w, https:\/\/serveiseducatius.xtec.cat\/baixllobregat4\/wp-content\/uploads\/usu1181\/2025\/09\/Captura-de-pantalla-2025-09-26-131350-768x429.png 768w, https:\/\/serveiseducatius.xtec.cat\/baixllobregat4\/wp-content\/uploads\/usu1181\/2025\/09\/Captura-de-pantalla-2025-09-26-131350.png 1135w\" sizes=\"auto, (max-width: 1024px) 100vw, 1024px\" \/><\/a><\/figure>\n<\/div><\/div>\n\n\n\n<div class=\"wp-block-getwid-accordion__header-wrapper\"><span class=\"wp-block-getwid-accordion__header\"><a href=\"#\"><span class=\"wp-block-getwid-accordion__header-title\">IntroExpress a les SdA <\/span><span class=\"wp-block-getwid-accordion__icon is-active\"><i class=\"fas fa-plus\"><\/i><\/span><span class=\"wp-block-getwid-accordion__icon is-passive\"><i class=\"fas fa-minus\"><\/i><\/span><\/a><\/span><\/div><div class=\"wp-block-getwid-accordion__content-wrapper\"><div class=\"wp-block-getwid-accordion__content\">\n<p>Orientaci\u00f3 i suport per a la creaci\u00f3 de les situacions d&#8217;aprenentatge.<\/p>\n\n\n\n<figure class=\"wp-block-image size-large is-resized\"><a href=\"https:\/\/serveiseducatius.xtec.cat\/baixllobregat4\/wp-content\/uploads\/usu1181\/2025\/09\/Captura-de-pantalla-2025-09-26-134111.png\"><img loading=\"lazy\" decoding=\"async\" width=\"1024\" height=\"568\" src=\"https:\/\/serveiseducatius.xtec.cat\/baixllobregat4\/wp-content\/uploads\/usu1181\/2025\/09\/Captura-de-pantalla-2025-09-26-134111-1024x568.png\" alt=\"\" class=\"wp-image-14921\" style=\"width:482px;height:auto\" srcset=\"https:\/\/serveiseducatius.xtec.cat\/baixllobregat4\/wp-content\/uploads\/usu1181\/2025\/09\/Captura-de-pantalla-2025-09-26-134111-1024x568.png 1024w, https:\/\/serveiseducatius.xtec.cat\/baixllobregat4\/wp-content\/uploads\/usu1181\/2025\/09\/Captura-de-pantalla-2025-09-26-134111-300x166.png 300w, https:\/\/serveiseducatius.xtec.cat\/baixllobregat4\/wp-content\/uploads\/usu1181\/2025\/09\/Captura-de-pantalla-2025-09-26-134111-768x426.png 768w, https:\/\/serveiseducatius.xtec.cat\/baixllobregat4\/wp-content\/uploads\/usu1181\/2025\/09\/Captura-de-pantalla-2025-09-26-134111.png 1120w\" sizes=\"auto, (max-width: 1024px) 100vw, 1024px\" \/><\/a><\/figure>\n<\/div><\/div>\n\n\n\n<div class=\"wp-block-getwid-accordion__header-wrapper\"><span class=\"wp-block-getwid-accordion__header\"><a href=\"#\"><span class=\"wp-block-getwid-accordion__header-title\">IntroExpress als informes d&#8217;avaluaci\u00f3<\/span><span class=\"wp-block-getwid-accordion__icon is-active\"><i class=\"fas fa-plus\"><\/i><\/span><span class=\"wp-block-getwid-accordion__icon is-passive\"><i class=\"fas fa-minus\"><\/i><\/span><\/a><\/span><\/div><div class=\"wp-block-getwid-accordion__content-wrapper\"><div class=\"wp-block-getwid-accordion__content\">\n<p>Orientacions per a presa de decicions en el model d&#8217;informes d&#8217;avaluaci\u00f3.<\/p>\n\n\n\n<figure class=\"wp-block-image size-large is-resized\"><a href=\"https:\/\/serveiseducatius.xtec.cat\/baixllobregat4\/wp-content\/uploads\/usu1181\/2025\/09\/Captura-de-pantalla-2025-09-26-134925.png\"><img loading=\"lazy\" decoding=\"async\" width=\"1024\" height=\"570\" src=\"https:\/\/serveiseducatius.xtec.cat\/baixllobregat4\/wp-content\/uploads\/usu1181\/2025\/09\/Captura-de-pantalla-2025-09-26-134925-1024x570.png\" alt=\"\" class=\"wp-image-14923\" style=\"width:392px;height:auto\" srcset=\"https:\/\/serveiseducatius.xtec.cat\/baixllobregat4\/wp-content\/uploads\/usu1181\/2025\/09\/Captura-de-pantalla-2025-09-26-134925-1024x570.png 1024w, https:\/\/serveiseducatius.xtec.cat\/baixllobregat4\/wp-content\/uploads\/usu1181\/2025\/09\/Captura-de-pantalla-2025-09-26-134925-300x167.png 300w, https:\/\/serveiseducatius.xtec.cat\/baixllobregat4\/wp-content\/uploads\/usu1181\/2025\/09\/Captura-de-pantalla-2025-09-26-134925-768x428.png 768w, https:\/\/serveiseducatius.xtec.cat\/baixllobregat4\/wp-content\/uploads\/usu1181\/2025\/09\/Captura-de-pantalla-2025-09-26-134925.png 1138w\" sizes=\"auto, (max-width: 1024px) 100vw, 1024px\" \/><\/a><\/figure>\n<\/div><\/div>\n\n\n\n<div class=\"wp-block-getwid-accordion__header-wrapper\"><span class=\"wp-block-getwid-accordion__header\"><a href=\"#\"><span class=\"wp-block-getwid-accordion__header-title\">IntroExpress Decret 175\/2022 &#8211; 21\/2023<\/span><span class=\"wp-block-getwid-accordion__icon is-active\"><i class=\"fas fa-plus\"><\/i><\/span><span class=\"wp-block-getwid-accordion__icon is-passive\"><i class=\"fas fa-minus\"><\/i><\/span><\/a><\/span><\/div><div class=\"wp-block-getwid-accordion__content-wrapper\"><div class=\"wp-block-getwid-accordion__content\">\n<p>Arquitectura i estructura del nou curr\u00edculum.<\/p>\n\n\n\n<figure class=\"wp-block-image size-large is-resized\"><a href=\"https:\/\/serveiseducatius.xtec.cat\/baixllobregat4\/wp-content\/uploads\/usu1181\/2025\/09\/Captura-de-pantalla-2025-09-26-135613.png\"><img loading=\"lazy\" decoding=\"async\" width=\"1024\" height=\"569\" src=\"https:\/\/serveiseducatius.xtec.cat\/baixllobregat4\/wp-content\/uploads\/usu1181\/2025\/09\/Captura-de-pantalla-2025-09-26-135613-1024x569.png\" alt=\"\" class=\"wp-image-14926\" style=\"width:482px;height:auto\" srcset=\"https:\/\/serveiseducatius.xtec.cat\/baixllobregat4\/wp-content\/uploads\/usu1181\/2025\/09\/Captura-de-pantalla-2025-09-26-135613-1024x569.png 1024w, https:\/\/serveiseducatius.xtec.cat\/baixllobregat4\/wp-content\/uploads\/usu1181\/2025\/09\/Captura-de-pantalla-2025-09-26-135613-300x167.png 300w, https:\/\/serveiseducatius.xtec.cat\/baixllobregat4\/wp-content\/uploads\/usu1181\/2025\/09\/Captura-de-pantalla-2025-09-26-135613-768x427.png 768w, https:\/\/serveiseducatius.xtec.cat\/baixllobregat4\/wp-content\/uploads\/usu1181\/2025\/09\/Captura-de-pantalla-2025-09-26-135613.png 1134w\" sizes=\"auto, (max-width: 1024px) 100vw, 1024px\" \/><\/a><\/figure>\n<\/div><\/div>\n<\/div>\n","protected":false},"excerpt":{"rendered":"<p>Des del Servei Educatiu s&#8217;ofereix un conjunt de p\u00edndoles formatives adre\u00e7ades a equips docents de centre, amb l\u2019objectiu de donar [&hellip;]<\/p>\n","protected":false},"author":1,"featured_media":0,"parent":0,"menu_order":0,"comment_status":"closed","ping_status":"close","template":"","meta":{"_bbp_topic_count":0,"_bbp_reply_count":0,"_bbp_total_topic_count":0,"_bbp_total_reply_count":0,"_bbp_voice_count":0,"_bbp_anonymous_reply_count":0,"_bbp_topic_count_hidden":0,"_bbp_reply_count_hidden":0,"_bbp_forum_subforum_count":0,"site-sidebar-layout":"no-sidebar","site-content-layout":"","ast-site-content-layout":"default","site-content-style":"default","site-sidebar-style":"default","ast-global-header-display":"","ast-banner-title-visibility":"","ast-main-header-display":"","ast-hfb-above-header-display":"","ast-hfb-below-header-display":"","ast-hfb-mobile-header-display":"","site-post-title":"","ast-breadcrumbs-content":"","ast-featured-img":"","footer-sml-layout":"","theme-transparent-header-meta":"","adv-header-id-meta":"","stick-header-meta":"","header-above-stick-meta":"","header-main-stick-meta":"","header-below-stick-meta":"","astra-migrate-meta-layouts":"set","ast-page-background-enabled":"default","ast-page-background-meta":{"desktop":{"background-color":"var(--ast-global-color-4)","background-image":"","background-repeat":"repeat","background-position":"center center","background-size":"auto","background-attachment":"scroll","background-type":"","background-media":"","overlay-type":"","overlay-color":"","overlay-opacity":"","overlay-gradient":""},"tablet":{"background-color":"","background-image":"","background-repeat":"repeat","background-position":"center center","background-size":"auto","background-attachment":"scroll","background-type":"","background-media":"","overlay-type":"","overlay-color":"","overlay-opacity":"","overlay-gradient":""},"mobile":{"background-color":"","background-image":"","background-repeat":"repeat","background-position":"center center","background-size":"auto","background-attachment":"scroll","background-type":"","background-media":"","overlay-type":"","overlay-color":"","overlay-opacity":"","overlay-gradient":""}},"ast-content-background-meta":{"desktop":{"background-color":"var(--ast-global-color-5)","background-image":"","background-repeat":"repeat","background-position":"center center","background-size":"auto","background-attachment":"scroll","background-type":"","background-media":"","overlay-type":"","overlay-color":"","overlay-opacity":"","overlay-gradient":""},"tablet":{"background-color":"var(--ast-global-color-5)","background-image":"","background-repeat":"repeat","background-position":"center center","background-size":"auto","background-attachment":"scroll","background-type":"","background-media":"","overlay-type":"","overlay-color":"","overlay-opacity":"","overlay-gradient":""},"mobile":{"background-color":"var(--ast-global-color-5)","background-image":"","background-repeat":"repeat","background-position":"center center","background-size":"auto","background-attachment":"scroll","background-type":"","background-media":"","overlay-type":"","overlay-color":"","overlay-opacity":"","overlay-gradient":""}},"footnotes":""},"class_list":["post-14901","page","type-page","status-publish","hentry"],"post_mailing_queue_ids":[],"_links":{"self":[{"href":"https:\/\/serveiseducatius.xtec.cat\/baixllobregat4\/wp-json\/wp\/v2\/pages\/14901","targetHints":{"allow":["GET"]}}],"collection":[{"href":"https:\/\/serveiseducatius.xtec.cat\/baixllobregat4\/wp-json\/wp\/v2\/pages"}],"about":[{"href":"https:\/\/serveiseducatius.xtec.cat\/baixllobregat4\/wp-json\/wp\/v2\/types\/page"}],"author":[{"embeddable":true,"href":"https:\/\/serveiseducatius.xtec.cat\/baixllobregat4\/wp-json\/wp\/v2\/users\/1"}],"replies":[{"embeddable":true,"href":"https:\/\/serveiseducatius.xtec.cat\/baixllobregat4\/wp-json\/wp\/v2\/comments?post=14901"}],"version-history":[{"count":6,"href":"https:\/\/serveiseducatius.xtec.cat\/baixllobregat4\/wp-json\/wp\/v2\/pages\/14901\/revisions"}],"predecessor-version":[{"id":16077,"href":"https:\/\/serveiseducatius.xtec.cat\/baixllobregat4\/wp-json\/wp\/v2\/pages\/14901\/revisions\/16077"}],"wp:attachment":[{"href":"https:\/\/serveiseducatius.xtec.cat\/baixllobregat4\/wp-json\/wp\/v2\/media?parent=14901"}],"curies":[{"name":"wp","href":"https:\/\/api.w.org\/{rel}","templated":true}]}}