{"id":13126,"date":"2024-01-11T15:30:00","date_gmt":"2024-01-11T14:30:00","guid":{"rendered":"https:\/\/serveiseducatius.xtec.cat\/baixllobregat4\/?page_id=13126"},"modified":"2026-03-02T10:23:02","modified_gmt":"2026-03-02T09:23:02","slug":"magic-t-shirt-samarreta-per-veure-linterior-del-cos-huma","status":"publish","type":"page","link":"https:\/\/serveiseducatius.xtec.cat\/baixllobregat4\/recursos-2\/maletes-pedagogiques\/magic-t-shirt-samarreta-per-veure-linterior-del-cos-huma\/","title":{"rendered":"Magic T-shirt. Samarreta per veure l&#8217;interior del cos hum\u00e0"},"content":{"rendered":"<table class=\" alignright\" style=\"width: 50%; border-collapse: collapse;\">\n<tbody>\n<tr>\n<td style=\"width: 100%;\"><a href=\"https:\/\/serveiseducatius.xtec.cat\/baixllobregat4\/wp-content\/uploads\/usu1181\/2024\/01\/MagicTshirt02.png\"><img loading=\"lazy\" decoding=\"async\" class=\"alignnone size-medium wp-image-13128\" src=\"https:\/\/serveiseducatius.xtec.cat\/baixllobregat4\/wp-content\/uploads\/usu1181\/2024\/01\/MagicTshirt02-300x217.png\" alt=\"\" width=\"300\" height=\"217\" srcset=\"https:\/\/serveiseducatius.xtec.cat\/baixllobregat4\/wp-content\/uploads\/usu1181\/2024\/01\/MagicTshirt02-300x217.png 300w, https:\/\/serveiseducatius.xtec.cat\/baixllobregat4\/wp-content\/uploads\/usu1181\/2024\/01\/MagicTshirt02.png 540w\" sizes=\"auto, (max-width: 300px) 100vw, 300px\" \/><\/a><em>Alumnat de l&#8217;Escola Bernat Metge utilitzant la samarreta.<\/em><\/td>\n<\/tr>\n<tr>\n<td style=\"width: 100%;\"><a href=\"https:\/\/www.youtube.com\/watch?v=QMLsXi99udE\" target=\"_blank\" rel=\"noopener\">Video per veure com funciona<\/a><\/td>\n<\/tr>\n<\/tbody>\n<\/table>\n<p>Aquestes samarretes permeten, a trav\u00e9s d&#8217;un m\u00f2bil o una tauleta, fer-nos una idea de com \u00e9s l&#8217;interior del nostre cos. Els pulmons, el cor, l&#8217;estomac,&#8230; Gr\u00e0cies a la realitat augmentada podem entendre millor com interactuen els diferents aparells del nostre cos.<\/p>\n<p id=\"text_block-23-38\" class=\"ct-text-block entradilla\">Com funciona la samarreta m\u00e0gica?<\/p>\n<p class=\"ct-text-block entradilla\">Un cop t&#8217;hagis possat la samarreta, descarrega l&#8217;aplicaci\u00f3 a un tel\u00e8fon o tauleta. L&#8217;aplicaci\u00f3 est\u00e0 en catal\u00e0, castell\u00e0, angl\u00e8s i altres idiomes. Enfocant cap a la persona que porta la samarreta l&#8217;alumnat podr\u00e0 veure com \u00e9s l&#8217;interior del cos i podr\u00e0:<\/p>\n<ol>\n<li>Explorar els diferents sistemes del cos hum\u00e0 per separat: ossi, muscular, respiratori, circulatori, digestiu, urinari i limf\u00e0tic.<\/li>\n<li>Con\u00e8ixer el nom de cada \u00f2rgan.<\/li>\n<li>Capturar fotografies per desar-les i observar-les despr\u00e9s.<\/li>\n<\/ol>\n<p>Aquest recurs consisteix en dues samarretes, una de talla infantil i una de talla adult per\u00f2 que tamb\u00e9 es poden posar els infants.<\/p>\n","protected":false},"excerpt":{"rendered":"<p>Alumnat de l&#8217;Escola Bernat Metge utilitzant la samarreta. Video per veure com funciona Aquestes samarretes permeten, a trav\u00e9s d&#8217;un m\u00f2bil [&hellip;]<\/p>\n","protected":false},"author":1,"featured_media":0,"parent":942,"menu_order":0,"comment_status":"closed","ping_status":"closed","template":"","meta":{"_bbp_topic_count":0,"_bbp_reply_count":0,"_bbp_total_topic_count":0,"_bbp_total_reply_count":0,"_bbp_voice_count":0,"_bbp_anonymous_reply_count":0,"_bbp_topic_count_hidden":0,"_bbp_reply_count_hidden":0,"_bbp_forum_subforum_count":0,"site-sidebar-layout":"no-sidebar","site-content-layout":"","ast-site-content-layout":"default","site-content-style":"default","site-sidebar-style":"default","ast-global-header-display":"","ast-banner-title-visibility":"","ast-main-header-display":"","ast-hfb-above-header-display":"","ast-hfb-below-header-display":"","ast-hfb-mobile-header-display":"","site-post-title":"","ast-breadcrumbs-content":"","ast-featured-img":"","footer-sml-layout":"","theme-transparent-header-meta":"","adv-header-id-meta":"","stick-header-meta":"","header-above-stick-meta":"","header-main-stick-meta":"","header-below-stick-meta":"","astra-migrate-meta-layouts":"set","ast-page-background-enabled":"default","ast-page-background-meta":{"desktop":{"background-color":"var(--ast-global-color-4)","background-image":"","background-repeat":"repeat","background-position":"center center","background-size":"auto","background-attachment":"scroll","background-type":"","background-media":"","overlay-type":"","overlay-color":"","overlay-opacity":"","overlay-gradient":""},"tablet":{"background-color":"","background-image":"","background-repeat":"repeat","background-position":"center center","background-size":"auto","background-attachment":"scroll","background-type":"","background-media":"","overlay-type":"","overlay-color":"","overlay-opacity":"","overlay-gradient":""},"mobile":{"background-color":"","background-image":"","background-repeat":"repeat","background-position":"center center","background-size":"auto","background-attachment":"scroll","background-type":"","background-media":"","overlay-type":"","overlay-color":"","overlay-opacity":"","overlay-gradient":""}},"ast-content-background-meta":{"desktop":{"background-color":"var(--ast-global-color-5)","background-image":"","background-repeat":"repeat","background-position":"center center","background-size":"auto","background-attachment":"scroll","background-type":"","background-media":"","overlay-type":"","overlay-color":"","overlay-opacity":"","overlay-gradient":""},"tablet":{"background-color":"var(--ast-global-color-5)","background-image":"","background-repeat":"repeat","background-position":"center center","background-size":"auto","background-attachment":"scroll","background-type":"","background-media":"","overlay-type":"","overlay-color":"","overlay-opacity":"","overlay-gradient":""},"mobile":{"background-color":"var(--ast-global-color-5)","background-image":"","background-repeat":"repeat","background-position":"center center","background-size":"auto","background-attachment":"scroll","background-type":"","background-media":"","overlay-type":"","overlay-color":"","overlay-opacity":"","overlay-gradient":""}},"footnotes":""},"class_list":["post-13126","page","type-page","status-publish","hentry"],"post_mailing_queue_ids":[],"_links":{"self":[{"href":"https:\/\/serveiseducatius.xtec.cat\/baixllobregat4\/wp-json\/wp\/v2\/pages\/13126","targetHints":{"allow":["GET"]}}],"collection":[{"href":"https:\/\/serveiseducatius.xtec.cat\/baixllobregat4\/wp-json\/wp\/v2\/pages"}],"about":[{"href":"https:\/\/serveiseducatius.xtec.cat\/baixllobregat4\/wp-json\/wp\/v2\/types\/page"}],"author":[{"embeddable":true,"href":"https:\/\/serveiseducatius.xtec.cat\/baixllobregat4\/wp-json\/wp\/v2\/users\/1"}],"replies":[{"embeddable":true,"href":"https:\/\/serveiseducatius.xtec.cat\/baixllobregat4\/wp-json\/wp\/v2\/comments?post=13126"}],"version-history":[{"count":6,"href":"https:\/\/serveiseducatius.xtec.cat\/baixllobregat4\/wp-json\/wp\/v2\/pages\/13126\/revisions"}],"predecessor-version":[{"id":15973,"href":"https:\/\/serveiseducatius.xtec.cat\/baixllobregat4\/wp-json\/wp\/v2\/pages\/13126\/revisions\/15973"}],"up":[{"embeddable":true,"href":"https:\/\/serveiseducatius.xtec.cat\/baixllobregat4\/wp-json\/wp\/v2\/pages\/942"}],"wp:attachment":[{"href":"https:\/\/serveiseducatius.xtec.cat\/baixllobregat4\/wp-json\/wp\/v2\/media?parent=13126"}],"curies":[{"name":"wp","href":"https:\/\/api.w.org\/{rel}","templated":true}]}}