{"id":13003,"date":"2023-11-02T12:34:45","date_gmt":"2023-11-02T11:34:45","guid":{"rendered":"https:\/\/serveiseducatius.xtec.cat\/baixllobregat4\/?page_id=13003"},"modified":"2025-09-23T11:46:16","modified_gmt":"2025-09-23T09:46:16","slug":"preguntes-frequents-formacio","status":"publish","type":"page","link":"https:\/\/serveiseducatius.xtec.cat\/baixllobregat4\/formacio\/preguntes-frequents-formacio\/","title":{"rendered":"Preguntes Freq\u00fcents"},"content":{"rendered":"\n<h1 class=\"wp-block-heading\">Com ho faig per&#8230;?<\/h1>\n\n\n\n<ul class=\"wp-block-list\">\n<li><a href=\"#InscriuremCursFormacio\">Inscriure&#8217;m a un curs de formaci\u00f3<\/a><\/li>\n\n\n\n<li><a href=\"#AnullarInscripcioCurs\">Anul\u00b7lar la inscripci\u00f3 a un curs<\/a><\/li>\n\n\n\n<li><a href=\"#CercarCursFormacio\">Cercar un curs de formaci\u00f3<\/a><\/li>\n\n\n\n<li><a href=\"#2\">Comprovar la meva inscripci\u00f3 a un curs i saber quins cursos he fet anteriorment<\/a><\/li>\n\n\n\n<li><a href=\"#1\">Desbloquejar correu XTEC<\/a><\/li>\n<\/ul>\n\n\n\n<p>Per a altres consultes, visiteu <a href=\"https:\/\/xtec.gencat.cat\/ca\/formacio\/\" target=\"_blank\" rel=\"noopener\">la web del Departament d&#8217;Educaci\u00f3 sobre formaci\u00f3.<\/a><a id=\"InscriuremCursFormacio\"><\/a><\/p>\n\n\n\n<hr class=\"wp-block-separator has-alpha-channel-opacity\"\/>\n\n\n\n<h3 class=\"wp-block-heading\">Com ho faig per inscriure&#8217;m a un curs de formaci\u00f3?<\/h3>\n\n\n\n<figure class=\"wp-block-image alignright is-resized\"><a href=\"https:\/\/serveiseducatius.xtec.cat\/baixllobregat4\/wp-content\/uploads\/usu1181\/2023\/11\/inscripcio-1.png\"><img loading=\"lazy\" decoding=\"async\" width=\"595\" height=\"298\" src=\"https:\/\/serveiseducatius.xtec.cat\/baixllobregat4\/wp-content\/uploads\/usu1181\/2023\/11\/inscripcio-1.png\" alt=\"\" class=\"wp-image-13019\" style=\"width:452px;height:auto\" srcset=\"https:\/\/serveiseducatius.xtec.cat\/baixllobregat4\/wp-content\/uploads\/usu1181\/2023\/11\/inscripcio-1.png 595w, https:\/\/serveiseducatius.xtec.cat\/baixllobregat4\/wp-content\/uploads\/usu1181\/2023\/11\/inscripcio-1-300x150.png 300w\" sizes=\"auto, (max-width: 595px) 100vw, 595px\" \/><\/a><\/figure>\n\n\n\n<p>En general hi ha tres torns en els que es poden fer inscripcions; 1r torn al setembre, 2n torn al gener i cursos de formaci\u00f3 d&#8217;estiu.<\/p>\n\n\n\n<p>Per sol\u00b7licitar una pla\u00e7a, primer cal localitzar el curs. Ho podeu fer a trav\u00e9s del <a href=\"https:\/\/xtec.gencat.cat\/ca\/formacio\/info-general\/cercador-activitats\/\" target=\"_blank\" rel=\"noopener\">Cercador d&#8217;activitats<\/a> de la generalitat o podeu buscar directament a la <a href=\"https:\/\/aplicacions.gestioeducativa.gencat.cat\/pls\/soloas\/pk_for_mod_ins.p_for_cons_activitats?p_header=&amp;p_crp=305&amp;p_totes=S&amp;p_totes=S&amp;p_paginar=N&amp;p_excloure_crp_rec=T&amp;p_inici=1\" target=\"_blank\" rel=\"noopener\">llista de cursos que es fan al Prat de Llobregat.<\/a> Una vegada tingueu el curs localitzat, clicant a sobre el t\u00edtol del curs us apareixeran els detalls de l&#8217;activitat. Si esteu dins les dates de sol\u00b7licitud, us apareixer\u00e0 unes caselles on inscriure &#8216;us amb el n\u00famero de DNI. En cas de que no apareguin aquestes caselles, significar\u00e0 que el per\u00edode d&#8217;inscripci\u00f3 ha finalitzat i no us podeu inscriure al curs.<a id=\"AnullarInscripcioCurs\"><\/a><\/p>\n\n\n\n<hr class=\"wp-block-separator has-alpha-channel-opacity\"\/>\n\n\n\n<h3 class=\"wp-block-heading\">Com ho faig per anul\u00b7lar la inscripci\u00f3 a un curs?<\/h3>\n\n\n\n<p>Per anul\u00b7lar la teva inscripci\u00f3 a un curs de formaci\u00f3 pots anar a <a href=\"https:\/\/xtec.gencat.cat\/ca\/formacio\/la-meva-formacio\/les-meves-activitats\/\" target=\"_blank\" rel=\"noopener\" data-saferedirecturl=\"https:\/\/www.google.com\/url?q=https:\/\/xtec.gencat.cat\/ca\/formacio\/la-meva-formacio\/les-meves-activitats\/&amp;source=gmail&amp;ust=1697628861446000&amp;usg=AOvVaw1IoYmyT34mfeCFYiKsO2Gp\">Les meves activitats<\/a><\/p>\n\n\n\n<p>Un cop all\u00e0, clica a&nbsp;<u>&#8220;Acc\u00e9s a les dades&#8221;<\/u><\/p>\n\n\n\n<p>Podr\u00e0s entrar amb el teu <b>usuari XTEC<\/b>&nbsp;i veure els cursos de&nbsp;formaci\u00f3&nbsp;on est\u00e0s inscrit.<\/p>\n\n\n\n<p>Des d&#8217;all\u00e0, pots anul\u00b7lar qualsevol inscripci\u00f3 amb la creueta de color vermell que apareix al costat de cada curs.<br><a href=\"https:\/\/serveiseducatius.xtec.cat\/baixllobregat4\/wp-content\/uploads\/usu1181\/2023\/10\/image.png\"><img loading=\"lazy\" decoding=\"async\" class=\"alignnone size-full wp-image-12914\" src=\"https:\/\/serveiseducatius.xtec.cat\/baixllobregat4\/wp-content\/uploads\/usu1181\/2023\/10\/image.png\" alt=\"\" width=\"954\" height=\"266\" srcset=\"https:\/\/serveiseducatius.xtec.cat\/baixllobregat4\/wp-content\/uploads\/usu1181\/2023\/10\/image.png 954w, https:\/\/serveiseducatius.xtec.cat\/baixllobregat4\/wp-content\/uploads\/usu1181\/2023\/10\/image-300x84.png 300w, https:\/\/serveiseducatius.xtec.cat\/baixllobregat4\/wp-content\/uploads\/usu1181\/2023\/10\/image-768x214.png 768w\" sizes=\"auto, (max-width: 954px) 100vw, 954px\" \/><\/a><a id=\"CercarCursFormacio\"><\/a><\/p>\n\n\n\n<hr class=\"wp-block-separator has-alpha-channel-opacity\"\/>\n\n\n\n<h3 class=\"wp-block-heading\">Com ho faig per cercar un curs de formaci\u00f3?<\/h3>\n\n\n\n<figure class=\"wp-block-image alignright is-resized\"><a href=\"https:\/\/serveiseducatius.xtec.cat\/baixllobregat4\/wp-content\/uploads\/usu1181\/2023\/11\/CercadorActivitats.png\"><img loading=\"lazy\" decoding=\"async\" width=\"600\" height=\"462\" src=\"https:\/\/serveiseducatius.xtec.cat\/baixllobregat4\/wp-content\/uploads\/usu1181\/2023\/11\/CercadorActivitats.png\" alt=\"\" class=\"wp-image-13026\" style=\"width:421px;height:auto\" srcset=\"https:\/\/serveiseducatius.xtec.cat\/baixllobregat4\/wp-content\/uploads\/usu1181\/2023\/11\/CercadorActivitats.png 600w, https:\/\/serveiseducatius.xtec.cat\/baixllobregat4\/wp-content\/uploads\/usu1181\/2023\/11\/CercadorActivitats-300x231.png 300w\" sizes=\"auto, (max-width: 600px) 100vw, 600px\" \/><\/a><\/figure>\n\n\n\n<p>Consulta el <a href=\"https:\/\/aplicacions.gestioeducativa.gencat.cat\/ords\/pls\/soloas\/pk_for_mod_ins.p_for_cons_activitats?p_header=&amp;p_crp=305&amp;p_totes=S&amp;p_totes=S&amp;p_paginar=N&amp;p_excloure_crp_rec=T&amp;p_inici=1\" target=\"_blank\" rel=\"noopener\">Pla de Formaci\u00f3 de Zona<\/a> del Servei Educatiu del Baix Llobregat IV (El Prat de Llobregat).<\/p>\n\n\n\n<p>Consulta les activitats gestionades pels <a href=\"https:\/\/aplicacions.gestioeducativa.gencat.cat\/ords\/pls\/soloas\/pk_for_mod_ins.p_for_pre_cons_activitats?p_any=2025-2026&amp;p_entitat=0503\" target=\"_blank\" rel=\"noopener\">Serveis Territorials al Baix Llobregat<\/a>&nbsp;del Departament d&#8217;Educaci\u00f3 i Formaci\u00f3 Professional.<\/p>\n\n\n\n<p>Consulta les activitats gestionades pels <a href=\"https:\/\/xtec.gencat.cat\/ca\/formacio\/formaciogeneralprofessorat\/\" target=\"_blank\" rel=\"noopener\">Serveis Centrals<\/a> del Departament d&#8217;Educaci\u00f3 i Formaci\u00f3 Professional, classificades per \u00e0mbits.<\/p>\n\n\n\n<p>Consulta els Plans de Formaci\u00f3 de Zona d&#8217;altres Serveis educatius del Baix Llobregat: <a href=\"https:\/\/aplicacions.gestioeducativa.gencat.cat\/pls\/soloas\/pk_for_mod_ins.p_for_cons_activitats?p_header=&amp;p_crp=302&amp;p_totes=S&amp;p_totes=S&amp;p_paginar=N&amp;p_excloure_crp_rec=T&amp;p_inici=1\" target=\"_blank\" rel=\"noopener\">Sant Feliu<\/a>, <a href=\"https:\/\/aplicacions.gestioeducativa.gencat.cat\/pls\/soloas\/pk_for_mod_ins.p_for_cons_activitats?p_header=&amp;p_crp=303&amp;p_totes=S&amp;p_totes=S&amp;p_paginar=N&amp;p_excloure_crp_rec=T&amp;p_inici=1\" target=\"_blank\" rel=\"noopener\">Gav\u00e0<\/a>, <a href=\"https:\/\/aplicacions.gestioeducativa.gencat.cat\/pls\/soloas\/pk_for_mod_ins.p_for_cons_activitats?p_header=&amp;p_crp=304&amp;p_totes=S&amp;p_totes=S&amp;p_paginar=N&amp;p_excloure_crp_rec=T&amp;p_inici=1\" target=\"_blank\" rel=\"noopener\">Sant Boi<\/a>, <a href=\"https:\/\/aplicacions.gestioeducativa.gencat.cat\/pls\/soloas\/pk_for_mod_ins.p_for_cons_activitats?p_header=&amp;p_crp=306&amp;p_totes=S&amp;p_totes=S&amp;p_paginar=N&amp;p_excloure_crp_rec=T&amp;p_inici=1\" target=\"_blank\" rel=\"noopener\">Cornell\u00e0<\/a>, <a href=\"https:\/\/aplicacions.gestioeducativa.gencat.cat\/pls\/soloas\/pk_for_mod_ins.p_for_cons_activitats?p_header=&amp;p_crp=307&amp;p_totes=S&amp;p_totes=S&amp;p_paginar=N&amp;p_excloure_crp_rec=T&amp;p_inici=1\" target=\"_blank\" rel=\"noopener\">Sant Vicen\u00e7 dels Horts<\/a>, <a href=\"https:\/\/aplicacions.gestioeducativa.gencat.cat\/pls\/soloas\/pk_for_mod_ins.p_for_cons_activitats?p_header=&amp;p_crp=308&amp;p_totes=S&amp;p_totes=S&amp;p_paginar=N&amp;p_excloure_crp_rec=T&amp;p_inici=1\" target=\"_blank\" rel=\"noopener\">Martorell<\/a>, <a href=\"https:\/\/aplicacions.gestioeducativa.gencat.cat\/pls\/soloas\/pk_for_mod_ins.p_for_cons_activitats?p_header=&amp;p_crp=309&amp;p_totes=S&amp;p_totes=S&amp;p_paginar=N&amp;p_excloure_crp_rec=T&amp;p_inici=1\" target=\"_blank\" rel=\"noopener\">Esplugues<\/a> o <a href=\"https:\/\/aplicacions.gestioeducativa.gencat.cat\/pls\/soloas\/pk_for_mod_ins.p_for_cons_activitats?p_header=&amp;p_crp=311&amp;p_totes=S&amp;p_totes=S&amp;p_paginar=N&amp;p_excloure_crp_rec=T&amp;p_inici=1\" target=\"_blank\" rel=\"noopener\">Castelldefels<\/a>.<\/p>\n\n\n\n<p>En el <a href=\"https:\/\/xtec.gencat.cat\/ca\/formacio\/info-general\/cercador-activitats\/\" target=\"_blank\" rel=\"noopener\">Cercador d&#8217;activitats<\/a> de la XTEC, pots aplicar filtres per codi d&#8217;activitat, mat\u00e8ria, \u00e0mbit, nivell, modalitat, format, CRP i comarca.<\/p>\n\n\n\n<hr class=\"wp-block-separator has-alpha-channel-opacity\"\/>\n\n\n\n<h3 class=\"wp-block-heading\" id=\"2\">Com ho faig per comprovar la meva inscripci\u00f3 a un curs i saber quins cursos he fet anteriorment?<\/h3>\n\n\n\n<p>Si ja has fet la petici\u00f3 per inscriure&#8217;t a un curs, pots consultar l&#8217;estat de la teva petici\u00f3 anant a <a href=\"https:\/\/xtec.gencat.cat\/ca\/formacio\/la-meva-formacio\/les-meves-activitats\/\" target=\"_blank\" rel=\"noopener\">Les meves activitats<\/a> i clicant a &#8220;Acc\u00e9s a les dades&#8221;. Haur\u00e0s d&#8217;entrar amb el teu usuari xtec per consultar les teves sol\u00b7licituds.<\/p>\n\n\n\n<p>Si el curs ja l&#8217;has acabat i voleu consultar si ja teniu el certificat, heu d&#8217;anar a l&#8217;aplicaci\u00f3 &#8220;<a href=\"https:\/\/xtec.gencat.cat\/ca\/formacio\/la-meva-formacio\/els-meus-certificats\/\" target=\"_blank\" rel=\"noopener\">Els meus certificats&#8221;.<\/a><\/p>\n\n\n\n<hr class=\"wp-block-separator has-alpha-channel-opacity\"\/>\n\n\n\n<h3 class=\"wp-block-heading\" id=\"1\">Desbloquejar correu XTEC<\/h3>\n\n\n\n<p>Des del curs 2025-2026, el desbloqueig de qualsevol correu XTEC es pot fer canviant la contrasenya i sense que calgui la intervenci\u00f3 de la Direcci\u00f3.<\/p>\n\n\n\n<p>Cal recordar que el correu XTEC \u00e9s el correu corporatiu de contacte amb l\u2019Administraci\u00f3, i que \u00e9s responsabilitat dels usuaris mantenir-lo actiu.<\/p>\n\n\n\n<p>Trobar\u00e0s totes les instruccions en <a href=\"https:\/\/espai.educacio.gencat.cat\/Recursos\/Solucions-suport-TIC\/Contrasenya-correu-xtec\/Pagines\/default.aspx\" target=\"_blank\" rel=\"noopener\">aquest enlla\u00e7<\/a>.<\/p>\n\n\n\n<p><\/p>\n","protected":false},"excerpt":{"rendered":"<p>Com ho faig per&#8230;? Per a altres consultes, visiteu la web del Departament d&#8217;Educaci\u00f3 sobre formaci\u00f3. Com ho faig per [&hellip;]<\/p>\n","protected":false},"author":1,"featured_media":0,"parent":416,"menu_order":0,"comment_status":"closed","ping_status":"closed","template":"","meta":{"_bbp_topic_count":0,"_bbp_reply_count":0,"_bbp_total_topic_count":0,"_bbp_total_reply_count":0,"_bbp_voice_count":0,"_bbp_anonymous_reply_count":0,"_bbp_topic_count_hidden":0,"_bbp_reply_count_hidden":0,"_bbp_forum_subforum_count":0,"site-sidebar-layout":"default","site-content-layout":"","ast-site-content-layout":"default","site-content-style":"default","site-sidebar-style":"default","ast-global-header-display":"","ast-banner-title-visibility":"","ast-main-header-display":"","ast-hfb-above-header-display":"","ast-hfb-below-header-display":"","ast-hfb-mobile-header-display":"","site-post-title":"","ast-breadcrumbs-content":"","ast-featured-img":"","footer-sml-layout":"","theme-transparent-header-meta":"","adv-header-id-meta":"","stick-header-meta":"","header-above-stick-meta":"","header-main-stick-meta":"","header-below-stick-meta":"","astra-migrate-meta-layouts":"set","ast-page-background-enabled":"default","ast-page-background-meta":{"desktop":{"background-color":"var(--ast-global-color-4)","background-image":"","background-repeat":"repeat","background-position":"center center","background-size":"auto","background-attachment":"scroll","background-type":"","background-media":"","overlay-type":"","overlay-color":"","overlay-opacity":"","overlay-gradient":""},"tablet":{"background-color":"","background-image":"","background-repeat":"repeat","background-position":"center center","background-size":"auto","background-attachment":"scroll","background-type":"","background-media":"","overlay-type":"","overlay-color":"","overlay-opacity":"","overlay-gradient":""},"mobile":{"background-color":"","background-image":"","background-repeat":"repeat","background-position":"center center","background-size":"auto","background-attachment":"scroll","background-type":"","background-media":"","overlay-type":"","overlay-color":"","overlay-opacity":"","overlay-gradient":""}},"ast-content-background-meta":{"desktop":{"background-color":"var(--ast-global-color-5)","background-image":"","background-repeat":"repeat","background-position":"center center","background-size":"auto","background-attachment":"scroll","background-type":"","background-media":"","overlay-type":"","overlay-color":"","overlay-opacity":"","overlay-gradient":""},"tablet":{"background-color":"var(--ast-global-color-5)","background-image":"","background-repeat":"repeat","background-position":"center center","background-size":"auto","background-attachment":"scroll","background-type":"","background-media":"","overlay-type":"","overlay-color":"","overlay-opacity":"","overlay-gradient":""},"mobile":{"background-color":"var(--ast-global-color-5)","background-image":"","background-repeat":"repeat","background-position":"center center","background-size":"auto","background-attachment":"scroll","background-type":"","background-media":"","overlay-type":"","overlay-color":"","overlay-opacity":"","overlay-gradient":""}},"footnotes":""},"class_list":["post-13003","page","type-page","status-publish","hentry"],"post_mailing_queue_ids":[],"_links":{"self":[{"href":"https:\/\/serveiseducatius.xtec.cat\/baixllobregat4\/wp-json\/wp\/v2\/pages\/13003","targetHints":{"allow":["GET"]}}],"collection":[{"href":"https:\/\/serveiseducatius.xtec.cat\/baixllobregat4\/wp-json\/wp\/v2\/pages"}],"about":[{"href":"https:\/\/serveiseducatius.xtec.cat\/baixllobregat4\/wp-json\/wp\/v2\/types\/page"}],"author":[{"embeddable":true,"href":"https:\/\/serveiseducatius.xtec.cat\/baixllobregat4\/wp-json\/wp\/v2\/users\/1"}],"replies":[{"embeddable":true,"href":"https:\/\/serveiseducatius.xtec.cat\/baixllobregat4\/wp-json\/wp\/v2\/comments?post=13003"}],"version-history":[{"count":6,"href":"https:\/\/serveiseducatius.xtec.cat\/baixllobregat4\/wp-json\/wp\/v2\/pages\/13003\/revisions"}],"predecessor-version":[{"id":14889,"href":"https:\/\/serveiseducatius.xtec.cat\/baixllobregat4\/wp-json\/wp\/v2\/pages\/13003\/revisions\/14889"}],"up":[{"embeddable":true,"href":"https:\/\/serveiseducatius.xtec.cat\/baixllobregat4\/wp-json\/wp\/v2\/pages\/416"}],"wp:attachment":[{"href":"https:\/\/serveiseducatius.xtec.cat\/baixllobregat4\/wp-json\/wp\/v2\/media?parent=13003"}],"curies":[{"name":"wp","href":"https:\/\/api.w.org\/{rel}","templated":true}]}}