{"id":12972,"date":"2023-10-24T17:39:58","date_gmt":"2023-10-24T15:39:58","guid":{"rendered":"https:\/\/serveiseducatius.xtec.cat\/baixllobregat4\/?page_id=12972"},"modified":"2026-03-17T12:13:25","modified_gmt":"2026-03-17T11:13:25","slug":"microbit-plaques-programables-de-leds-lluminosos","status":"publish","type":"page","link":"https:\/\/serveiseducatius.xtec.cat\/baixllobregat4\/recursos-2\/maletes-pedagogiques\/microbit-plaques-programables-de-leds-lluminosos\/","title":{"rendered":"Micro:bit. Plaques programables de leds lluminosos"},"content":{"rendered":"<table class=\" alignright\" style=\"width: 50%; border-collapse: collapse; height: 550px;\">\n<tbody>\n<tr style=\"height: 335px;\">\n<td style=\"width: 100%; height: 335px;\"><iframe loading=\"lazy\" title=\"YouTube video player\" src=\"https:\/\/www.youtube.com\/embed\/k-tTcRfiS0c?si=YPuSPTI0wytVfr5G\" width=\"560\" height=\"315\" frameborder=\"0\" allowfullscreen=\"allowfullscreen\"><\/iframe><\/td>\n<\/tr>\n<tr style=\"height: 215px;\">\n<td style=\"width: 100%; height: 215px;\"><a href=\"https:\/\/alexandria.xtec.cat\/course\/view.php?id=1487\" target=\"_blank\" rel=\"noopener\"><span style=\"font-weight: 400;\">Curs Prim\u00e0ria \u201cExplora amb la micro:bit\u201d.<\/span><\/a><\/p>\n<p><a href=\"https:\/\/alexandria.xtec.cat\/course\/view.php?id=1488\" target=\"_blank\" rel=\"noopener\"><span style=\"font-weight: 400;\">Curs Secund\u00e0ria \u201cExplora amb la micro:bit&#8221;.<\/span><\/a><\/p>\n<p><a href=\"https:\/\/projectes.xtec.cat\/pensament-computacional\/microbit\/materials-didactics-microbit\/activitats-microbit\/\" target=\"_blank\" rel=\"noopener\">Activitats amb micro:bit de la generalitat<\/a><\/p>\n<p><a href=\"https:\/\/sites.google.com\/xtec.cat\/ic-microbit\/inici\" target=\"_blank\" rel=\"noopener\">Activitats amb micro:bit de STEAMcat<\/a><\/td>\n<\/tr>\n<\/tbody>\n<\/table>\n<p>La placa micro:bit \u00e9s una petita targeta programable de nom\u00e9s 4&#215;5 cm dissenyada per fer que l&#8217;aprenentatge de la programaci\u00f3 sigui f\u00e0cil, divertit i accessible per a tothom. Inclou el seu propi entorn de programaci\u00f3 gr\u00e0fica: el MakeCode de Microsoft, un senzill per\u00f2 potent editor en l\u00ednia. Tamb\u00e9 es pot programar utilitzant JavaScript, Python i Scratch (mitjan\u00e7ant una extensi\u00f3).<\/p>\n<p>Inclou caracter\u00edstiques com Bluetooth, un acceler\u00f2metre, una br\u00faixola, un sensor de temperatura i una matriu de 25 LEDs. I es pot programar directament des de qualsevol navegador web utilitzant Blocs, sense necessitat d&#8217;instal\u00b7lar cap altre programari addicional. La MicroBit s&#8217;utilitza \u00e0mpliament a les escoles i universitats de tot el m\u00f3n degut a la seva versatilitat i facilitat d&#8217;\u00fas en entorns educatius.<\/p>\n<p>Aquest recurs cont\u00e9 <strong>25 plaques micro:bit<\/strong> amb cables usb per conectar-se a l&#8217;ordinador i poder-les programar i porta-piles per a que puguin funcionar aut\u00f2nomament.<\/p>\n<p><img loading=\"lazy\" decoding=\"async\" class=\"alignnone wp-image-13094\" src=\"https:\/\/serveiseducatius.xtec.cat\/baixllobregat4\/wp-content\/uploads\/usu1181\/2023\/12\/microbit1-1-300x154.png\" alt=\"\" width=\"387\" height=\"199\" srcset=\"https:\/\/serveiseducatius.xtec.cat\/baixllobregat4\/wp-content\/uploads\/usu1181\/2023\/12\/microbit1-1-300x154.png 300w, https:\/\/serveiseducatius.xtec.cat\/baixllobregat4\/wp-content\/uploads\/usu1181\/2023\/12\/microbit1-1-1024x527.png 1024w, https:\/\/serveiseducatius.xtec.cat\/baixllobregat4\/wp-content\/uploads\/usu1181\/2023\/12\/microbit1-1-768x395.png 768w, https:\/\/serveiseducatius.xtec.cat\/baixllobregat4\/wp-content\/uploads\/usu1181\/2023\/12\/microbit1-1.png 1166w\" sizes=\"auto, (max-width: 387px) 100vw, 387px\" \/> <img loading=\"lazy\" decoding=\"async\" class=\"alignnone wp-image-13095 \" src=\"https:\/\/serveiseducatius.xtec.cat\/baixllobregat4\/wp-content\/uploads\/usu1181\/2023\/12\/microbit3-300x203.png\" alt=\"\" width=\"296\" height=\"200\" srcset=\"https:\/\/serveiseducatius.xtec.cat\/baixllobregat4\/wp-content\/uploads\/usu1181\/2023\/12\/microbit3-300x203.png 300w, https:\/\/serveiseducatius.xtec.cat\/baixllobregat4\/wp-content\/uploads\/usu1181\/2023\/12\/microbit3-768x521.png 768w, https:\/\/serveiseducatius.xtec.cat\/baixllobregat4\/wp-content\/uploads\/usu1181\/2023\/12\/microbit3.png 885w\" sizes=\"auto, (max-width: 296px) 100vw, 296px\" \/> <img loading=\"lazy\" decoding=\"async\" class=\"alignnone wp-image-13096 \" src=\"https:\/\/serveiseducatius.xtec.cat\/baixllobregat4\/wp-content\/uploads\/usu1181\/2023\/12\/microbit2-300x247.png\" alt=\"\" width=\"243\" height=\"200\" srcset=\"https:\/\/serveiseducatius.xtec.cat\/baixllobregat4\/wp-content\/uploads\/usu1181\/2023\/12\/microbit2-300x247.png 300w, https:\/\/serveiseducatius.xtec.cat\/baixllobregat4\/wp-content\/uploads\/usu1181\/2023\/12\/microbit2.png 729w\" sizes=\"auto, (max-width: 243px) 100vw, 243px\" \/><\/p>\n<p><em>Alumnat de l&#8217;institut Estany de la Ricarda fent una pr\u00e0ctica amb Micro:bit<\/em><\/p>\n","protected":false},"excerpt":{"rendered":"<p>Curs Prim\u00e0ria \u201cExplora amb la micro:bit\u201d. Curs Secund\u00e0ria \u201cExplora amb la micro:bit&#8221;. Activitats amb micro:bit de la generalitat Activitats amb [&hellip;]<\/p>\n","protected":false},"author":1,"featured_media":0,"parent":942,"menu_order":0,"comment_status":"closed","ping_status":"closed","template":"","meta":{"_bbp_topic_count":0,"_bbp_reply_count":0,"_bbp_total_topic_count":0,"_bbp_total_reply_count":0,"_bbp_voice_count":0,"_bbp_anonymous_reply_count":0,"_bbp_topic_count_hidden":0,"_bbp_reply_count_hidden":0,"_bbp_forum_subforum_count":0,"site-sidebar-layout":"no-sidebar","site-content-layout":"","ast-site-content-layout":"default","site-content-style":"default","site-sidebar-style":"default","ast-global-header-display":"","ast-banner-title-visibility":"","ast-main-header-display":"","ast-hfb-above-header-display":"","ast-hfb-below-header-display":"","ast-hfb-mobile-header-display":"","site-post-title":"","ast-breadcrumbs-content":"","ast-featured-img":"","footer-sml-layout":"","theme-transparent-header-meta":"","adv-header-id-meta":"","stick-header-meta":"","header-above-stick-meta":"","header-main-stick-meta":"","header-below-stick-meta":"","astra-migrate-meta-layouts":"set","ast-page-background-enabled":"default","ast-page-background-meta":{"desktop":{"background-color":"var(--ast-global-color-4)","background-image":"","background-repeat":"repeat","background-position":"center center","background-size":"auto","background-attachment":"scroll","background-type":"","background-media":"","overlay-type":"","overlay-color":"","overlay-opacity":"","overlay-gradient":""},"tablet":{"background-color":"","background-image":"","background-repeat":"repeat","background-position":"center center","background-size":"auto","background-attachment":"scroll","background-type":"","background-media":"","overlay-type":"","overlay-color":"","overlay-opacity":"","overlay-gradient":""},"mobile":{"background-color":"","background-image":"","background-repeat":"repeat","background-position":"center center","background-size":"auto","background-attachment":"scroll","background-type":"","background-media":"","overlay-type":"","overlay-color":"","overlay-opacity":"","overlay-gradient":""}},"ast-content-background-meta":{"desktop":{"background-color":"var(--ast-global-color-5)","background-image":"","background-repeat":"repeat","background-position":"center center","background-size":"auto","background-attachment":"scroll","background-type":"","background-media":"","overlay-type":"","overlay-color":"","overlay-opacity":"","overlay-gradient":""},"tablet":{"background-color":"var(--ast-global-color-5)","background-image":"","background-repeat":"repeat","background-position":"center center","background-size":"auto","background-attachment":"scroll","background-type":"","background-media":"","overlay-type":"","overlay-color":"","overlay-opacity":"","overlay-gradient":""},"mobile":{"background-color":"var(--ast-global-color-5)","background-image":"","background-repeat":"repeat","background-position":"center center","background-size":"auto","background-attachment":"scroll","background-type":"","background-media":"","overlay-type":"","overlay-color":"","overlay-opacity":"","overlay-gradient":""}},"footnotes":""},"class_list":["post-12972","page","type-page","status-publish","hentry"],"post_mailing_queue_ids":[],"_links":{"self":[{"href":"https:\/\/serveiseducatius.xtec.cat\/baixllobregat4\/wp-json\/wp\/v2\/pages\/12972","targetHints":{"allow":["GET"]}}],"collection":[{"href":"https:\/\/serveiseducatius.xtec.cat\/baixllobregat4\/wp-json\/wp\/v2\/pages"}],"about":[{"href":"https:\/\/serveiseducatius.xtec.cat\/baixllobregat4\/wp-json\/wp\/v2\/types\/page"}],"author":[{"embeddable":true,"href":"https:\/\/serveiseducatius.xtec.cat\/baixllobregat4\/wp-json\/wp\/v2\/users\/1"}],"replies":[{"embeddable":true,"href":"https:\/\/serveiseducatius.xtec.cat\/baixllobregat4\/wp-json\/wp\/v2\/comments?post=12972"}],"version-history":[{"count":6,"href":"https:\/\/serveiseducatius.xtec.cat\/baixllobregat4\/wp-json\/wp\/v2\/pages\/12972\/revisions"}],"predecessor-version":[{"id":16122,"href":"https:\/\/serveiseducatius.xtec.cat\/baixllobregat4\/wp-json\/wp\/v2\/pages\/12972\/revisions\/16122"}],"up":[{"embeddable":true,"href":"https:\/\/serveiseducatius.xtec.cat\/baixllobregat4\/wp-json\/wp\/v2\/pages\/942"}],"wp:attachment":[{"href":"https:\/\/serveiseducatius.xtec.cat\/baixllobregat4\/wp-json\/wp\/v2\/media?parent=12972"}],"curies":[{"name":"wp","href":"https:\/\/api.w.org\/{rel}","templated":true}]}}