{"id":12947,"date":"2023-10-24T13:21:39","date_gmt":"2023-10-24T11:21:39","guid":{"rendered":"https:\/\/serveiseducatius.xtec.cat\/baixllobregat4\/?page_id=12947"},"modified":"2026-03-17T12:18:42","modified_gmt":"2026-03-17T11:18:42","slug":"minimons-joc-representatiu-simbolic-dexploracio-i-construccio-per-a-infants","status":"publish","type":"page","link":"https:\/\/serveiseducatius.xtec.cat\/baixllobregat4\/recursos-2\/maletes-pedagogiques\/minimons-joc-representatiu-simbolic-dexploracio-i-construccio-per-a-infants\/","title":{"rendered":"Minimons. Joc representatiu, simb\u00f2lic, d\u2019exploraci\u00f3 i construcci\u00f3 per a infants"},"content":{"rendered":"<table class=\" alignright\" style=\"width: 50%; border-collapse: collapse;\">\n<tbody>\n<tr>\n<td style=\"width: 100%;\"><img loading=\"lazy\" decoding=\"async\" class=\"alignnone wp-image-12951\" src=\"https:\/\/serveiseducatius.xtec.cat\/baixllobregat4\/wp-content\/uploads\/usu1181\/2023\/10\/Minimons-Imatge-3.png\" alt=\"\" width=\"160\" height=\"140\" \/><img loading=\"lazy\" decoding=\"async\" class=\"alignnone wp-image-12952\" src=\"https:\/\/serveiseducatius.xtec.cat\/baixllobregat4\/wp-content\/uploads\/usu1181\/2023\/10\/Minimons-Imatge-2.png\" alt=\"\" width=\"156\" height=\"141\" \/><img loading=\"lazy\" decoding=\"async\" class=\"alignnone wp-image-12950\" src=\"https:\/\/serveiseducatius.xtec.cat\/baixllobregat4\/wp-content\/uploads\/usu1181\/2023\/10\/Minimons-Imatge-4.png\" alt=\"\" width=\"159\" height=\"140\" \/><img loading=\"lazy\" decoding=\"async\" class=\"alignnone wp-image-12949\" src=\"https:\/\/serveiseducatius.xtec.cat\/baixllobregat4\/wp-content\/uploads\/usu1181\/2023\/10\/Minimons-Imatge-5.png\" alt=\"\" width=\"157\" height=\"141\" \/> <img loading=\"lazy\" decoding=\"async\" class=\"alignnone wp-image-12948\" src=\"https:\/\/serveiseducatius.xtec.cat\/baixllobregat4\/wp-content\/uploads\/usu1181\/2023\/10\/Minimons-Imatge-6.png\" alt=\"\" width=\"143\" height=\"140\" \/> <img loading=\"lazy\" decoding=\"async\" class=\"alignnone wp-image-12953\" src=\"https:\/\/serveiseducatius.xtec.cat\/baixllobregat4\/wp-content\/uploads\/usu1181\/2023\/10\/Minimons-Imatge-1.png\" alt=\"\" width=\"154\" height=\"140\" \/><\/td>\n<\/tr>\n<tr>\n<td style=\"width: 100%;\"><a href=\"https:\/\/docs.google.com\/document\/d\/1bjaI1URl6tOQozybWZ13hHOWjVn_OfP4wIFs3gP0kZE\/\" target=\"_blank\" rel=\"noopener\">Informaci\u00f3 Did\u00e0ctica Minimons<\/a><a href=\"https:\/\/docs.google.com\/document\/d\/1MrGKXU0Yt_dvd1i1SLYX-w9GhJKKNlbvtRKZu3Yvlr0\/\" target=\"_blank\" rel=\"noopener\">Contingut del recurs Minimons<\/a><\/td>\n<\/tr>\n<\/tbody>\n<\/table>\n<p><span style=\"font-weight: 400;\">Minimons \u00e9s un joc representatiu, simb\u00f2lic, d\u2019exploraci\u00f3 i de construcci\u00f3 basat amb peces soltes.<\/span><\/p>\n<p><b>QU\u00c8 APORTA ALS INFANTS?<\/b><\/p>\n<ul>\n<li><span style=\"font-weight: 400;\"> Espai per resoldre simb\u00f2licament conflictes interns.<\/span><\/li>\n<li><span style=\"font-weight: 400;\"> Espai per interpretar i experimentar amb el m\u00f3n.<\/span><\/li>\n<li><span style=\"font-weight: 400;\"> Via d\u2019expressi\u00f3 emocional.<\/span><\/li>\n<li><span style=\"font-weight: 400;\"> Desenvolupament del llenguatge.<\/span><\/li>\n<li><span style=\"font-weight: 400;\"> Desenvolupament cognitiu en tots els \u00e0mbits.<\/span><\/li>\n<li><span style=\"font-weight: 400;\"> Estrat\u00e8gies de socialitzaci\u00f3 i resoluci\u00f3 de conflictes.<\/span><\/li>\n<li><span style=\"font-weight: 400;\"> Desenvolupament del pensament divergent, creatiu i imaginatiu.<\/span><\/li>\n<li><span style=\"font-weight: 400;\"> Potenciar l\u2019assertivitat i la resili\u00e8ncia.<\/span><\/li>\n<li><span style=\"font-weight: 400;\">Fian\u00e7ament de l\u2019autonomia i regulaci\u00f3 de les pr\u00f2pies necessitats.<\/span><\/li>\n<\/ul>\n","protected":false},"excerpt":{"rendered":"<p>Informaci\u00f3 Did\u00e0ctica MinimonsContingut del recurs Minimons Minimons \u00e9s un joc representatiu, simb\u00f2lic, d\u2019exploraci\u00f3 i de construcci\u00f3 basat amb peces soltes. [&hellip;]<\/p>\n","protected":false},"author":1,"featured_media":0,"parent":942,"menu_order":0,"comment_status":"closed","ping_status":"closed","template":"","meta":{"_bbp_topic_count":0,"_bbp_reply_count":0,"_bbp_total_topic_count":0,"_bbp_total_reply_count":0,"_bbp_voice_count":0,"_bbp_anonymous_reply_count":0,"_bbp_topic_count_hidden":0,"_bbp_reply_count_hidden":0,"_bbp_forum_subforum_count":0,"site-sidebar-layout":"no-sidebar","site-content-layout":"","ast-site-content-layout":"default","site-content-style":"default","site-sidebar-style":"default","ast-global-header-display":"","ast-banner-title-visibility":"","ast-main-header-display":"","ast-hfb-above-header-display":"","ast-hfb-below-header-display":"","ast-hfb-mobile-header-display":"","site-post-title":"","ast-breadcrumbs-content":"","ast-featured-img":"","footer-sml-layout":"","theme-transparent-header-meta":"","adv-header-id-meta":"","stick-header-meta":"","header-above-stick-meta":"","header-main-stick-meta":"","header-below-stick-meta":"","astra-migrate-meta-layouts":"set","ast-page-background-enabled":"default","ast-page-background-meta":{"desktop":{"background-color":"var(--ast-global-color-4)","background-image":"","background-repeat":"repeat","background-position":"center center","background-size":"auto","background-attachment":"scroll","background-type":"","background-media":"","overlay-type":"","overlay-color":"","overlay-opacity":"","overlay-gradient":""},"tablet":{"background-color":"","background-image":"","background-repeat":"repeat","background-position":"center center","background-size":"auto","background-attachment":"scroll","background-type":"","background-media":"","overlay-type":"","overlay-color":"","overlay-opacity":"","overlay-gradient":""},"mobile":{"background-color":"","background-image":"","background-repeat":"repeat","background-position":"center center","background-size":"auto","background-attachment":"scroll","background-type":"","background-media":"","overlay-type":"","overlay-color":"","overlay-opacity":"","overlay-gradient":""}},"ast-content-background-meta":{"desktop":{"background-color":"var(--ast-global-color-5)","background-image":"","background-repeat":"repeat","background-position":"center center","background-size":"auto","background-attachment":"scroll","background-type":"","background-media":"","overlay-type":"","overlay-color":"","overlay-opacity":"","overlay-gradient":""},"tablet":{"background-color":"var(--ast-global-color-5)","background-image":"","background-repeat":"repeat","background-position":"center center","background-size":"auto","background-attachment":"scroll","background-type":"","background-media":"","overlay-type":"","overlay-color":"","overlay-opacity":"","overlay-gradient":""},"mobile":{"background-color":"var(--ast-global-color-5)","background-image":"","background-repeat":"repeat","background-position":"center center","background-size":"auto","background-attachment":"scroll","background-type":"","background-media":"","overlay-type":"","overlay-color":"","overlay-opacity":"","overlay-gradient":""}},"footnotes":""},"class_list":["post-12947","page","type-page","status-publish","hentry"],"post_mailing_queue_ids":[],"_links":{"self":[{"href":"https:\/\/serveiseducatius.xtec.cat\/baixllobregat4\/wp-json\/wp\/v2\/pages\/12947","targetHints":{"allow":["GET"]}}],"collection":[{"href":"https:\/\/serveiseducatius.xtec.cat\/baixllobregat4\/wp-json\/wp\/v2\/pages"}],"about":[{"href":"https:\/\/serveiseducatius.xtec.cat\/baixllobregat4\/wp-json\/wp\/v2\/types\/page"}],"author":[{"embeddable":true,"href":"https:\/\/serveiseducatius.xtec.cat\/baixllobregat4\/wp-json\/wp\/v2\/users\/1"}],"replies":[{"embeddable":true,"href":"https:\/\/serveiseducatius.xtec.cat\/baixllobregat4\/wp-json\/wp\/v2\/comments?post=12947"}],"version-history":[{"count":6,"href":"https:\/\/serveiseducatius.xtec.cat\/baixllobregat4\/wp-json\/wp\/v2\/pages\/12947\/revisions"}],"predecessor-version":[{"id":16126,"href":"https:\/\/serveiseducatius.xtec.cat\/baixllobregat4\/wp-json\/wp\/v2\/pages\/12947\/revisions\/16126"}],"up":[{"embeddable":true,"href":"https:\/\/serveiseducatius.xtec.cat\/baixllobregat4\/wp-json\/wp\/v2\/pages\/942"}],"wp:attachment":[{"href":"https:\/\/serveiseducatius.xtec.cat\/baixllobregat4\/wp-json\/wp\/v2\/media?parent=12947"}],"curies":[{"name":"wp","href":"https:\/\/api.w.org\/{rel}","templated":true}]}}