{"id":12923,"date":"2023-10-19T13:32:46","date_gmt":"2023-10-19T11:32:46","guid":{"rendered":"https:\/\/serveiseducatius.xtec.cat\/baixllobregat4\/?page_id=12923"},"modified":"2026-03-17T12:03:57","modified_gmt":"2026-03-17T11:03:57","slug":"expressart-museu-portatil-per-a-educacio-infantil-i-primaria","status":"publish","type":"page","link":"https:\/\/serveiseducatius.xtec.cat\/baixllobregat4\/recursos-2\/maletes-pedagogiques\/expressart-museu-portatil-per-a-educacio-infantil-i-primaria\/","title":{"rendered":"Expressart. Museu port\u00e0til per a educaci\u00f3 infantil i prim\u00e0ria"},"content":{"rendered":"<table class=\" alignright\" style=\"width: 50%; border-collapse: collapse;\">\n<tbody>\n<tr>\n<td style=\"width: 100%;\"><iframe loading=\"lazy\" title=\"YouTube video player\" src=\"https:\/\/www.youtube.com\/embed\/11BhVOn7lQ8?si=MoQunb42eVeDclL5\" width=\"560\" height=\"315\" frameborder=\"0\" allowfullscreen=\"allowfullscreen\"><\/iframe>Us recomanem la visi\u00f3 d&#8217;aquest v\u00eddeo per entendre qu\u00e8 \u00e9s el projecte Expressart.<\/td>\n<\/tr>\n<tr>\n<td style=\"width: 100%;\"><a href=\"https:\/\/drive.google.com\/file\/d\/168N4dhihu4H0cGam2Jt81hyX8SlO7EF6\/view?usp=share_link\" target=\"_blank\" rel=\"noopener\">Material Multim\u00e8dia (executar en un PC)<\/a><\/p>\n<p><a href=\"https:\/\/drive.google.com\/file\/d\/1LosQej-mS3sebR2QQOUtbv2P5pFVxz9Y\/view?usp=share_link\" target=\"_blank\" rel=\"noopener\">Dossier Expressart<\/a><\/p>\n<p><a href=\"https:\/\/drive.google.com\/file\/d\/1qI-l_3Rr68jLJ234fyUAUc5BDRFez9z2\/view?usp=share_link\" target=\"_blank\" rel=\"noopener\">Guia del professorat<\/a><\/td>\n<\/tr>\n<\/tbody>\n<\/table>\n<p>El projecte Expressart est\u00e0 concebut com un conjunt de propostes did\u00e0ctiques per fer a l&#8217;aula amb l<span style=\"font-family: inherit; font-size: 1em;\">&#8216;objectiu principal de que tant els alumnes com els mestres gaudeixin de les obres d&#8217;art contemporani i hi puguin establir un di\u00e0leg, partint de la pr\u00f2pia experi\u00e8ncia i estimulant el respecte i l&#8217;inter\u00e8s per l&#8217;art com a mitj\u00e0 d&#8217;expressi\u00f3, joc, representaci\u00f3 i experimentaci\u00f3. Un altre objectiu del projecte \u00e9s aconseguir que els nens prenguin consci\u00e8ncia de la seva pr\u00f2pia capacitat d&#8217;expressi\u00f3 i que la desenvolupin lliurement, minimitzant imposicions i restriccions i animant-los a utilitzar alguns dels elements o procediments que fan servir els artistes. Aquest projecte permet plantejar algunes q\u00fcestions sobre l&#8217;art contemporani lligades al contacte directe posterior amb les obres que formen part de la Col\u00b7lecci\u00f3 MACBA.<\/span><\/p>\n<p><a href=\"https:\/\/serveiseducatius.xtec.cat\/baixllobregat4\/wp-content\/uploads\/usu1181\/2023\/10\/Expressart-3.jpg\"><img loading=\"lazy\" decoding=\"async\" class=\"alignnone size-full wp-image-12933\" src=\"https:\/\/serveiseducatius.xtec.cat\/baixllobregat4\/wp-content\/uploads\/usu1181\/2023\/10\/Expressart-3.jpg\" alt=\"\" width=\"300\" height=\"188\" \/><\/a><a href=\"https:\/\/serveiseducatius.xtec.cat\/baixllobregat4\/wp-content\/uploads\/usu1181\/2023\/10\/Expressart-2.jpg\"><img loading=\"lazy\" decoding=\"async\" class=\"alignnone wp-image-12931\" src=\"https:\/\/serveiseducatius.xtec.cat\/baixllobregat4\/wp-content\/uploads\/usu1181\/2023\/10\/Expressart-2.jpg\" alt=\"\" width=\"189\" height=\"293\" srcset=\"https:\/\/serveiseducatius.xtec.cat\/baixllobregat4\/wp-content\/uploads\/usu1181\/2023\/10\/Expressart-2.jpg 432w, https:\/\/serveiseducatius.xtec.cat\/baixllobregat4\/wp-content\/uploads\/usu1181\/2023\/10\/Expressart-2-193x300.jpg 193w\" sizes=\"auto, (max-width: 189px) 100vw, 189px\" \/><\/a><a href=\"https:\/\/serveiseducatius.xtec.cat\/baixllobregat4\/wp-content\/uploads\/usu1181\/2014\/02\/expressart500x444.jpg\"><img loading=\"lazy\" decoding=\"async\" class=\"alignnone wp-image-1620\" src=\"https:\/\/serveiseducatius.xtec.cat\/baixllobregat4\/wp-content\/uploads\/usu1181\/2014\/02\/expressart500x444.jpg\" alt=\"\" width=\"329\" height=\"292\" srcset=\"https:\/\/serveiseducatius.xtec.cat\/baixllobregat4\/wp-content\/uploads\/usu1181\/2014\/02\/expressart500x444.jpg 320w, https:\/\/serveiseducatius.xtec.cat\/baixllobregat4\/wp-content\/uploads\/usu1181\/2014\/02\/expressart500x444-300x266.jpg 300w\" sizes=\"auto, (max-width: 329px) 100vw, 329px\" \/><\/a><\/p>\n","protected":false},"excerpt":{"rendered":"<p>Us recomanem la visi\u00f3 d&#8217;aquest v\u00eddeo per entendre qu\u00e8 \u00e9s el projecte Expressart. Material Multim\u00e8dia (executar en un PC) Dossier [&hellip;]<\/p>\n","protected":false},"author":1,"featured_media":0,"parent":942,"menu_order":0,"comment_status":"closed","ping_status":"closed","template":"","meta":{"_bbp_topic_count":0,"_bbp_reply_count":0,"_bbp_total_topic_count":0,"_bbp_total_reply_count":0,"_bbp_voice_count":0,"_bbp_anonymous_reply_count":0,"_bbp_topic_count_hidden":0,"_bbp_reply_count_hidden":0,"_bbp_forum_subforum_count":0,"site-sidebar-layout":"no-sidebar","site-content-layout":"","ast-site-content-layout":"default","site-content-style":"default","site-sidebar-style":"default","ast-global-header-display":"","ast-banner-title-visibility":"","ast-main-header-display":"","ast-hfb-above-header-display":"","ast-hfb-below-header-display":"","ast-hfb-mobile-header-display":"","site-post-title":"","ast-breadcrumbs-content":"","ast-featured-img":"","footer-sml-layout":"","theme-transparent-header-meta":"","adv-header-id-meta":"","stick-header-meta":"","header-above-stick-meta":"","header-main-stick-meta":"","header-below-stick-meta":"","astra-migrate-meta-layouts":"set","ast-page-background-enabled":"default","ast-page-background-meta":{"desktop":{"background-color":"var(--ast-global-color-4)","background-image":"","background-repeat":"repeat","background-position":"center center","background-size":"auto","background-attachment":"scroll","background-type":"","background-media":"","overlay-type":"","overlay-color":"","overlay-opacity":"","overlay-gradient":""},"tablet":{"background-color":"","background-image":"","background-repeat":"repeat","background-position":"center center","background-size":"auto","background-attachment":"scroll","background-type":"","background-media":"","overlay-type":"","overlay-color":"","overlay-opacity":"","overlay-gradient":""},"mobile":{"background-color":"","background-image":"","background-repeat":"repeat","background-position":"center center","background-size":"auto","background-attachment":"scroll","background-type":"","background-media":"","overlay-type":"","overlay-color":"","overlay-opacity":"","overlay-gradient":""}},"ast-content-background-meta":{"desktop":{"background-color":"var(--ast-global-color-5)","background-image":"","background-repeat":"repeat","background-position":"center center","background-size":"auto","background-attachment":"scroll","background-type":"","background-media":"","overlay-type":"","overlay-color":"","overlay-opacity":"","overlay-gradient":""},"tablet":{"background-color":"var(--ast-global-color-5)","background-image":"","background-repeat":"repeat","background-position":"center center","background-size":"auto","background-attachment":"scroll","background-type":"","background-media":"","overlay-type":"","overlay-color":"","overlay-opacity":"","overlay-gradient":""},"mobile":{"background-color":"var(--ast-global-color-5)","background-image":"","background-repeat":"repeat","background-position":"center center","background-size":"auto","background-attachment":"scroll","background-type":"","background-media":"","overlay-type":"","overlay-color":"","overlay-opacity":"","overlay-gradient":""}},"footnotes":""},"class_list":["post-12923","page","type-page","status-publish","hentry"],"post_mailing_queue_ids":[],"_links":{"self":[{"href":"https:\/\/serveiseducatius.xtec.cat\/baixllobregat4\/wp-json\/wp\/v2\/pages\/12923","targetHints":{"allow":["GET"]}}],"collection":[{"href":"https:\/\/serveiseducatius.xtec.cat\/baixllobregat4\/wp-json\/wp\/v2\/pages"}],"about":[{"href":"https:\/\/serveiseducatius.xtec.cat\/baixllobregat4\/wp-json\/wp\/v2\/types\/page"}],"author":[{"embeddable":true,"href":"https:\/\/serveiseducatius.xtec.cat\/baixllobregat4\/wp-json\/wp\/v2\/users\/1"}],"replies":[{"embeddable":true,"href":"https:\/\/serveiseducatius.xtec.cat\/baixllobregat4\/wp-json\/wp\/v2\/comments?post=12923"}],"version-history":[{"count":6,"href":"https:\/\/serveiseducatius.xtec.cat\/baixllobregat4\/wp-json\/wp\/v2\/pages\/12923\/revisions"}],"predecessor-version":[{"id":16116,"href":"https:\/\/serveiseducatius.xtec.cat\/baixllobregat4\/wp-json\/wp\/v2\/pages\/12923\/revisions\/16116"}],"up":[{"embeddable":true,"href":"https:\/\/serveiseducatius.xtec.cat\/baixllobregat4\/wp-json\/wp\/v2\/pages\/942"}],"wp:attachment":[{"href":"https:\/\/serveiseducatius.xtec.cat\/baixllobregat4\/wp-json\/wp\/v2\/media?parent=12923"}],"curies":[{"name":"wp","href":"https:\/\/api.w.org\/{rel}","templated":true}]}}