{"id":8282,"date":"2016-05-11T10:24:09","date_gmt":"2016-05-11T09:24:09","guid":{"rendered":"http:\/\/serveiseducatius.xtec.cat\/baixllobregat3\/?page_id=8282"},"modified":"2017-02-06T10:28:35","modified_gmt":"2017-02-06T09:28:35","slug":"bibliografia","status":"publish","type":"page","link":"https:\/\/serveiseducatius.xtec.cat\/baixllobregat3\/comunitat\/bibliografia\/","title":{"rendered":"Bibliografia"},"content":{"rendered":"<ul>\n<li>Curr\u00edculum ESO: <a href=\"http:\/\/portaldogc.gencat.cat\/utilsEADOP\/PDF\/6945\/1441278.pdf\">DECRET 187\/2015, de 25 d\u2019agost, d\u2019ordenaci\u00f3 dels ensenyaments de l\u2019educaci\u00f3 secund\u00e0ria obligat\u00f2ria<\/a><br \/>\n(Servei comunitari: article 16, pp. 8-6 i disposici\u00f3 addicional 1a, p. 14)<\/li>\n<li><a href=\"http:\/\/www.edubcn.cat\/rcs_gene\/extra\/00_asc\/documents\/1_1_DOCUMENT_MARC_SERVEI_COMUNITARI.pdf\">Document marc Servei Comunitari. Departament d\u2019Ensenyament<\/a>. Octubre 2015<\/li>\n<li><a href=\"http:\/\/www.xtec.cat\/web\/comunitat\/serveicomunitari\/pmf\">Preguntes m\u00e9s freq\u00fcents<\/a>.<\/li>\n<li><a href=\"http:\/\/www.edubcn.cat\/rcs_gene\/extra\/00_asc\/documents\/2_1Educacio_i_servei_a_la_comunitat.pdf\">Educaci\u00f3 i Servei a la comunitat<\/a>. Josep M. Puig<\/li>\n<li><a href=\"http:\/\/www.edubcn.cat\/rcs_gene\/extra\/00_asc\/documents\/2_2_ApS_al_mon.pdf\">L\u2019Aprenentatge servei al m\u00f3n: una visi\u00f3 comparativa<\/a>. Roser Batlle<\/li>\n<li><a href=\"http:\/\/www.edubcn.cat\/rcs_gene\/extra\/00_asc\/documents\/2_3_Aprendizaje-servicio.pdf\">Aprendizaje y servicio. Cuadernos de pedagogia<\/a> Num 450<\/li>\n<li><a href=\"http:\/\/www.edubcn.cat\/rcs_gene\/extra\/00_asc\/documents\/2_4_ApS_i_competencias_basicas.pdf\">Aprendizaje y Servicio solidario y desarrollo de las competencias basicas<\/a> . Gu\u00edas Zerbicas 2<\/li>\n<li><a href=\"http:\/\/www.edubcn.cat\/rcs_gene\/extra\/00_asc\/documents\/2_5_ApS_y_proyecto_integrado.pdf\">Aprendizaje y Servicio solidario: un proyecto integrado de aprendizaje<\/a>. Gu\u00edas Zerbicas 5<\/li>\n<li><a href=\"http:\/\/www.edubcn.cat\/rcs_gene\/extra\/00_asc\/documents\/2_6_aps_avaluacio_aprenentatge_amb_annex_df.pdf\">Avaluacio dels aprenentatges d\u2019aprenentatge i servei<\/a>. Roser Batlle (coord)<\/li>\n<li><em><a href=\"http:\/\/www.grao.com\/llibres\/11-ideas-clave-como-realizar-un-proyecto-de-aprendizaje-servicio\">11 ideas clave \u00bfC\u00f3mo realizar un proyecto de aprendizaje servicio?<\/a><\/em>\u00a0(Josep M. Puig i alt. Editorial Gra\u00f3)<\/li>\n<li><em><a href=\"http:\/\/www.aprenentatgeservei.org\/intra\/aps\/documents\/Llibre%20Educar%20per%20la%20ciutadania.pdf\">Aprenentatge Servei. Educar per a la ciutadania<\/a><\/em> (Josep M. Puig, Roser Batlle, Carme Bosch i Josep Palos. Editorial OCTAEDRO).<\/li>\n<li><em><a href=\"https:\/\/drive.google.com\/open?id=0B2MShjToyAqKQW0tLVZ6bklyZVU&amp;authuser=0\">La pr\u00e0ctica solid\u00e0ria com a pedagogia de la ciutadania activa<\/a><\/em>\u00a0Debats d\u2019Educaci\u00f3\/6. (Mar\u00eda Nieves Tapia. Ed. Fundaci\u00f3 Bofill).<\/li>\n<li><a href=\"http:\/\/www.aprenentatgeservei.org\/intra\/aps\/documents\/LLibre%20Experiencies%20APS.pdf\"><em>Experi\u00e8ncies d\u2019Aprenentatge Servei<\/em><\/a> (Coord. Xus Marin i Laura Rubio. Editorial OCTAEDRO)<\/li>\n<\/ul>\n","protected":false},"excerpt":{"rendered":"<p>Curr\u00edculum ESO: DECRET 187\/2015, de 25 d\u2019agost, d\u2019ordenaci\u00f3 dels ensenyaments de l\u2019educaci\u00f3 secund\u00e0ria obligat\u00f2ria (Servei comunitari: article 16, pp. 8-6 i disposici\u00f3 addicional 1a, p. 14) Document marc Servei Comunitari. Departament d\u2019Ensenyament. Octubre 2015 Preguntes m\u00e9s freq\u00fcents. Educaci\u00f3 i Servei a la comunitat. Josep M. Puig L\u2019Aprenentatge servei al m\u00f3n: una visi\u00f3 comparativa. Roser Batlle [&hellip;]<\/p>\n","protected":false},"author":5,"featured_media":0,"parent":341,"menu_order":0,"comment_status":"closed","ping_status":"closed","template":"","meta":{"_bbp_topic_count":0,"_bbp_reply_count":0,"_bbp_total_topic_count":0,"_bbp_total_reply_count":0,"_bbp_voice_count":0,"_bbp_anonymous_reply_count":0,"_bbp_topic_count_hidden":0,"_bbp_reply_count_hidden":0,"_bbp_forum_subforum_count":0,"site-sidebar-layout":"default","site-content-layout":"","ast-site-content-layout":"","site-content-style":"default","site-sidebar-style":"default","ast-global-header-display":"","ast-banner-title-visibility":"","ast-main-header-display":"","ast-hfb-above-header-display":"","ast-hfb-below-header-display":"","ast-hfb-mobile-header-display":"","site-post-title":"","ast-breadcrumbs-content":"","ast-featured-img":"","footer-sml-layout":"","theme-transparent-header-meta":"","adv-header-id-meta":"","stick-header-meta":"","header-above-stick-meta":"","header-main-stick-meta":"","header-below-stick-meta":"","astra-migrate-meta-layouts":"default","ast-page-background-enabled":"default","ast-page-background-meta":{"desktop":{"background-color":"var(--ast-global-color-4)","background-image":"","background-repeat":"repeat","background-position":"center center","background-size":"auto","background-attachment":"scroll","background-type":"","background-media":"","overlay-type":"","overlay-color":"","overlay-opacity":"","overlay-gradient":""},"tablet":{"background-color":"","background-image":"","background-repeat":"repeat","background-position":"center center","background-size":"auto","background-attachment":"scroll","background-type":"","background-media":"","overlay-type":"","overlay-color":"","overlay-opacity":"","overlay-gradient":""},"mobile":{"background-color":"","background-image":"","background-repeat":"repeat","background-position":"center center","background-size":"auto","background-attachment":"scroll","background-type":"","background-media":"","overlay-type":"","overlay-color":"","overlay-opacity":"","overlay-gradient":""}},"ast-content-background-meta":{"desktop":{"background-color":"var(--ast-global-color-5)","background-image":"","background-repeat":"repeat","background-position":"center center","background-size":"auto","background-attachment":"scroll","background-type":"","background-media":"","overlay-type":"","overlay-color":"","overlay-opacity":"","overlay-gradient":""},"tablet":{"background-color":"var(--ast-global-color-5)","background-image":"","background-repeat":"repeat","background-position":"center center","background-size":"auto","background-attachment":"scroll","background-type":"","background-media":"","overlay-type":"","overlay-color":"","overlay-opacity":"","overlay-gradient":""},"mobile":{"background-color":"var(--ast-global-color-5)","background-image":"","background-repeat":"repeat","background-position":"center center","background-size":"auto","background-attachment":"scroll","background-type":"","background-media":"","overlay-type":"","overlay-color":"","overlay-opacity":"","overlay-gradient":""}},"footnotes":""},"class_list":["post-8282","page","type-page","status-publish","hentry"],"post_mailing_queue_ids":[],"_links":{"self":[{"href":"https:\/\/serveiseducatius.xtec.cat\/baixllobregat3\/wp-json\/wp\/v2\/pages\/8282","targetHints":{"allow":["GET"]}}],"collection":[{"href":"https:\/\/serveiseducatius.xtec.cat\/baixllobregat3\/wp-json\/wp\/v2\/pages"}],"about":[{"href":"https:\/\/serveiseducatius.xtec.cat\/baixllobregat3\/wp-json\/wp\/v2\/types\/page"}],"author":[{"embeddable":true,"href":"https:\/\/serveiseducatius.xtec.cat\/baixllobregat3\/wp-json\/wp\/v2\/users\/5"}],"replies":[{"embeddable":true,"href":"https:\/\/serveiseducatius.xtec.cat\/baixllobregat3\/wp-json\/wp\/v2\/comments?post=8282"}],"version-history":[{"count":1,"href":"https:\/\/serveiseducatius.xtec.cat\/baixllobregat3\/wp-json\/wp\/v2\/pages\/8282\/revisions"}],"predecessor-version":[{"id":8283,"href":"https:\/\/serveiseducatius.xtec.cat\/baixllobregat3\/wp-json\/wp\/v2\/pages\/8282\/revisions\/8283"}],"up":[{"embeddable":true,"href":"https:\/\/serveiseducatius.xtec.cat\/baixllobregat3\/wp-json\/wp\/v2\/pages\/341"}],"wp:attachment":[{"href":"https:\/\/serveiseducatius.xtec.cat\/baixllobregat3\/wp-json\/wp\/v2\/media?parent=8282"}],"curies":[{"name":"wp","href":"https:\/\/api.w.org\/{rel}","templated":true}]}}