{"id":8223,"date":"2016-05-10T11:03:41","date_gmt":"2016-05-10T10:03:41","guid":{"rendered":"http:\/\/serveiseducatius.xtec.cat\/baixllobregat3\/?page_id=8223"},"modified":"2021-05-11T12:28:53","modified_gmt":"2021-05-11T10:28:53","slug":"escoles-de-primaria-publiques","status":"publish","type":"page","link":"https:\/\/serveiseducatius.xtec.cat\/baixllobregat3\/comunitat\/centres-educatius\/escoles-de-primaria-publiques\/","title":{"rendered":"Escoles de prim\u00e0ria p\u00fabliques"},"content":{"rendered":"<table>\n<tbody>\n<tr>\n<td style=\"width: 152.727px;\"><a href=\"https:\/\/cipamatverdu.wixsite.com\/escola-amatverdu\"><img loading=\"lazy\" decoding=\"async\" class=\"alignnone size-full wp-image-11589\" src=\"https:\/\/serveiseducatius.xtec.cat\/baixllobregat3\/wp-content\/uploads\/usu1182\/2021\/04\/amat-verdu2.png\" alt=\"\" width=\"150\" height=\"53\" srcset=\"https:\/\/serveiseducatius.xtec.cat\/baixllobregat3\/wp-content\/uploads\/usu1182\/2021\/04\/amat-verdu2.png 150w, https:\/\/serveiseducatius.xtec.cat\/baixllobregat3\/wp-content\/uploads\/usu1182\/2021\/04\/amat-verdu2-120x42.png 120w\" sizes=\"auto, (max-width: 150px) 100vw, 150px\" \/><\/a><\/td>\n<td style=\"width: 152.727px;\"><a href=\"https:\/\/agora.xtec.cat\/escolagaudisantboi\/\"><img loading=\"lazy\" decoding=\"async\" class=\"alignnone size-full wp-image-11593\" src=\"https:\/\/serveiseducatius.xtec.cat\/baixllobregat3\/wp-content\/uploads\/usu1182\/2021\/04\/gaudi1.png\" alt=\"\" width=\"150\" height=\"107\" srcset=\"https:\/\/serveiseducatius.xtec.cat\/baixllobregat3\/wp-content\/uploads\/usu1182\/2021\/04\/gaudi1.png 150w, https:\/\/serveiseducatius.xtec.cat\/baixllobregat3\/wp-content\/uploads\/usu1182\/2021\/04\/gaudi1-120x86.png 120w\" sizes=\"auto, (max-width: 150px) 100vw, 150px\" \/><\/a><\/td>\n<td style=\"width: 153.333px;\"><a href=\"http:\/\/www.escolaantonitapies.cat\/\"><img loading=\"lazy\" decoding=\"async\" class=\"alignnone size-full wp-image-11590\" src=\"https:\/\/serveiseducatius.xtec.cat\/baixllobregat3\/wp-content\/uploads\/usu1182\/2021\/04\/antoni-t\u00e0pies1.png\" alt=\"\" width=\"150\" height=\"131\" srcset=\"https:\/\/serveiseducatius.xtec.cat\/baixllobregat3\/wp-content\/uploads\/usu1182\/2021\/04\/antoni-t\u00e0pies1.png 150w, https:\/\/serveiseducatius.xtec.cat\/baixllobregat3\/wp-content\/uploads\/usu1182\/2021\/04\/antoni-t\u00e0pies1-120x105.png 120w\" sizes=\"auto, (max-width: 150px) 100vw, 150px\" \/><\/a><\/td>\n<td style=\"width: 155.152px;\"><a href=\"https:\/\/agora.xtec.cat\/ceip-barrufet-santboi\/\"><img loading=\"lazy\" decoding=\"async\" class=\"alignnone size-full wp-image-11591\" src=\"https:\/\/serveiseducatius.xtec.cat\/baixllobregat3\/wp-content\/uploads\/usu1182\/2021\/04\/barrufet1.png\" alt=\"\" width=\"150\" height=\"103\" srcset=\"https:\/\/serveiseducatius.xtec.cat\/baixllobregat3\/wp-content\/uploads\/usu1182\/2021\/04\/barrufet1.png 150w, https:\/\/serveiseducatius.xtec.cat\/baixllobregat3\/wp-content\/uploads\/usu1182\/2021\/04\/barrufet1-120x82.png 120w\" sizes=\"auto, (max-width: 150px) 100vw, 150px\" \/><\/a><\/td>\n<\/tr>\n<tr>\n<td style=\"text-align: center; width: 152.727px;\"><strong>AMAT VERD\u00da<\/strong><\/td>\n<td style=\"text-align: center; width: 152.727px;\"><strong>ANTONI GAUD\u00cd<\/strong><\/td>\n<td style=\"text-align: center; width: 153.333px;\"><strong>ANTONI T\u00c0PIES<\/strong><\/td>\n<td style=\"text-align: center; width: 155.152px;\"><strong>BARRUFET<\/strong><\/td>\n<\/tr>\n<tr>\n<td style=\"width: 152.727px;\"><a href=\"https:\/\/agora.xtec.cat\/ceip-benviure\/\"><img loading=\"lazy\" decoding=\"async\" class=\"alignnone size-full wp-image-11592\" src=\"https:\/\/serveiseducatius.xtec.cat\/baixllobregat3\/wp-content\/uploads\/usu1182\/2021\/04\/benviure1.png\" alt=\"\" width=\"150\" height=\"148\" srcset=\"https:\/\/serveiseducatius.xtec.cat\/baixllobregat3\/wp-content\/uploads\/usu1182\/2021\/04\/benviure1.png 150w, https:\/\/serveiseducatius.xtec.cat\/baixllobregat3\/wp-content\/uploads\/usu1182\/2021\/04\/benviure1-120x118.png 120w\" sizes=\"auto, (max-width: 150px) 100vw, 150px\" \/><\/a><\/td>\n<td style=\"width: 152.727px;\"><a href=\"https:\/\/agora.xtec.cat\/escolacanmassallera\/\"><img loading=\"lazy\" decoding=\"async\" class=\"alignnone size-full wp-image-11594\" src=\"https:\/\/serveiseducatius.xtec.cat\/baixllobregat3\/wp-content\/uploads\/usu1182\/2021\/04\/can-massallera1.png\" alt=\"\" width=\"150\" height=\"104\" srcset=\"https:\/\/serveiseducatius.xtec.cat\/baixllobregat3\/wp-content\/uploads\/usu1182\/2021\/04\/can-massallera1.png 150w, https:\/\/serveiseducatius.xtec.cat\/baixllobregat3\/wp-content\/uploads\/usu1182\/2021\/04\/can-massallera1-120x83.png 120w\" sizes=\"auto, (max-width: 150px) 100vw, 150px\" \/><\/a><\/td>\n<td style=\"width: 153.333px;\"><a href=\"https:\/\/agora.xtec.cat\/esccasablanca\/\"><img loading=\"lazy\" decoding=\"async\" class=\"alignnone size-full wp-image-11595\" src=\"https:\/\/serveiseducatius.xtec.cat\/baixllobregat3\/wp-content\/uploads\/usu1182\/2021\/04\/casablanca1.png\" alt=\"\" width=\"150\" height=\"121\" srcset=\"https:\/\/serveiseducatius.xtec.cat\/baixllobregat3\/wp-content\/uploads\/usu1182\/2021\/04\/casablanca1.png 150w, https:\/\/serveiseducatius.xtec.cat\/baixllobregat3\/wp-content\/uploads\/usu1182\/2021\/04\/casablanca1-120x97.png 120w\" sizes=\"auto, (max-width: 150px) 100vw, 150px\" \/><\/a><\/td>\n<td style=\"width: 155.152px;\"><a href=\"https:\/\/agora.xtec.cat\/ceip-ciutat-cooperativa\/\"><img loading=\"lazy\" decoding=\"async\" class=\"alignnone size-full wp-image-11596\" src=\"https:\/\/serveiseducatius.xtec.cat\/baixllobregat3\/wp-content\/uploads\/usu1182\/2021\/04\/ciutat-cooperativa1.png\" alt=\"\" width=\"150\" height=\"171\" srcset=\"https:\/\/serveiseducatius.xtec.cat\/baixllobregat3\/wp-content\/uploads\/usu1182\/2021\/04\/ciutat-cooperativa1.png 150w, https:\/\/serveiseducatius.xtec.cat\/baixllobregat3\/wp-content\/uploads\/usu1182\/2021\/04\/ciutat-cooperativa1-105x120.png 105w\" sizes=\"auto, (max-width: 150px) 100vw, 150px\" \/><\/a><\/td>\n<\/tr>\n<tr>\n<td style=\"width: 152.727px; text-align: center;\"><strong>BENVIURE<\/strong><\/td>\n<td style=\"width: 152.727px; text-align: center;\"><strong>CAN MASSALLERA<\/strong><\/td>\n<td style=\"width: 153.333px; text-align: center;\"><strong>CASABLANCA<\/strong><\/td>\n<td style=\"width: 155.152px; text-align: center;\"><strong>CIUTAT COOPERATIVA<\/strong><\/td>\n<\/tr>\n<tr>\n<td style=\"width: 152.727px;\"><a href=\"https:\/\/agora.xtec.cat\/ceipcoloniaguell\/\"><img loading=\"lazy\" decoding=\"async\" class=\"alignnone size-full wp-image-11597\" src=\"https:\/\/serveiseducatius.xtec.cat\/baixllobregat3\/wp-content\/uploads\/usu1182\/2021\/04\/colonia-g\u00fcell1.png\" alt=\"\" width=\"150\" height=\"89\" srcset=\"https:\/\/serveiseducatius.xtec.cat\/baixllobregat3\/wp-content\/uploads\/usu1182\/2021\/04\/colonia-g\u00fcell1.png 150w, https:\/\/serveiseducatius.xtec.cat\/baixllobregat3\/wp-content\/uploads\/usu1182\/2021\/04\/colonia-g\u00fcell1-120x71.png 120w\" sizes=\"auto, (max-width: 150px) 100vw, 150px\" \/><\/a><\/td>\n<td style=\"width: 152.727px;\"><a href=\"https:\/\/agora.xtec.cat\/escolajmciurana\/\"><img loading=\"lazy\" decoding=\"async\" class=\"alignnone size-full wp-image-11598\" src=\"https:\/\/serveiseducatius.xtec.cat\/baixllobregat3\/wp-content\/uploads\/usu1182\/2021\/04\/josep-maria-ciurana1.png\" alt=\"\" width=\"150\" height=\"179\" srcset=\"https:\/\/serveiseducatius.xtec.cat\/baixllobregat3\/wp-content\/uploads\/usu1182\/2021\/04\/josep-maria-ciurana1.png 150w, https:\/\/serveiseducatius.xtec.cat\/baixllobregat3\/wp-content\/uploads\/usu1182\/2021\/04\/josep-maria-ciurana1-101x120.png 101w\" sizes=\"auto, (max-width: 150px) 100vw, 150px\" \/><\/a><\/td>\n<td style=\"width: 153.333px;\"><a href=\"https:\/\/agora.xtec.cat\/ceipmarianao\/\"><img loading=\"lazy\" decoding=\"async\" class=\"alignnone size-full wp-image-11599\" src=\"https:\/\/serveiseducatius.xtec.cat\/baixllobregat3\/wp-content\/uploads\/usu1182\/2021\/04\/marianao1.png\" alt=\"\" width=\"150\" height=\"138\" srcset=\"https:\/\/serveiseducatius.xtec.cat\/baixllobregat3\/wp-content\/uploads\/usu1182\/2021\/04\/marianao1.png 150w, https:\/\/serveiseducatius.xtec.cat\/baixllobregat3\/wp-content\/uploads\/usu1182\/2021\/04\/marianao1-120x110.png 120w\" sizes=\"auto, (max-width: 150px) 100vw, 150px\" \/><\/a><\/td>\n<td style=\"width: 155.152px;\"><a href=\"https:\/\/agora.xtec.cat\/escvaigalmontbaig\/\"><img loading=\"lazy\" decoding=\"async\" class=\"alignnone size-full wp-image-11600\" src=\"https:\/\/serveiseducatius.xtec.cat\/baixllobregat3\/wp-content\/uploads\/usu1182\/2021\/04\/montbaig1.png\" alt=\"\" width=\"150\" height=\"66\" srcset=\"https:\/\/serveiseducatius.xtec.cat\/baixllobregat3\/wp-content\/uploads\/usu1182\/2021\/04\/montbaig1.png 150w, https:\/\/serveiseducatius.xtec.cat\/baixllobregat3\/wp-content\/uploads\/usu1182\/2021\/04\/montbaig1-120x53.png 120w\" sizes=\"auto, (max-width: 150px) 100vw, 150px\" \/><\/a><\/td>\n<\/tr>\n<tr>\n<td style=\"width: 152.727px; text-align: center;\"><strong>COL\u00d2NIA G\u00dcELL<\/strong><\/td>\n<td style=\"width: 152.727px; text-align: center;\"><strong>CIURANA<\/strong><\/td>\n<td style=\"width: 153.333px; text-align: center;\"><strong>MARIANAO<\/strong><\/td>\n<td style=\"width: 155.152px; text-align: center;\"><strong>MONTBAIG<\/strong><\/td>\n<\/tr>\n<tr>\n<td style=\"width: 152.727px;\"><a href=\"https:\/\/www.escolaparellada.net\/\"><img loading=\"lazy\" decoding=\"async\" class=\"alignnone size-full wp-image-11601\" src=\"https:\/\/serveiseducatius.xtec.cat\/baixllobregat3\/wp-content\/uploads\/usu1182\/2021\/04\/parellada1.png\" alt=\"\" width=\"150\" height=\"48\" srcset=\"https:\/\/serveiseducatius.xtec.cat\/baixllobregat3\/wp-content\/uploads\/usu1182\/2021\/04\/parellada1.png 150w, https:\/\/serveiseducatius.xtec.cat\/baixllobregat3\/wp-content\/uploads\/usu1182\/2021\/04\/parellada1-120x38.png 120w\" sizes=\"auto, (max-width: 150px) 100vw, 150px\" \/><\/a><\/td>\n<td style=\"width: 152.727px;\"><a href=\"https:\/\/agora.xtec.cat\/ceippladelesvinyes\/\"><img loading=\"lazy\" decoding=\"async\" class=\"alignnone size-full wp-image-11602\" src=\"https:\/\/serveiseducatius.xtec.cat\/baixllobregat3\/wp-content\/uploads\/usu1182\/2021\/04\/pla-de-les-vinyes1.png\" alt=\"\" width=\"150\" height=\"160\" srcset=\"https:\/\/serveiseducatius.xtec.cat\/baixllobregat3\/wp-content\/uploads\/usu1182\/2021\/04\/pla-de-les-vinyes1.png 150w, https:\/\/serveiseducatius.xtec.cat\/baixllobregat3\/wp-content\/uploads\/usu1182\/2021\/04\/pla-de-les-vinyes1-113x120.png 113w\" sizes=\"auto, (max-width: 150px) 100vw, 150px\" \/><\/a><\/td>\n<td style=\"width: 153.333px;\"><a href=\"https:\/\/agora.xtec.cat\/ceip-rafaelcasanova\/\"><img loading=\"lazy\" decoding=\"async\" class=\"alignnone size-full wp-image-11603\" src=\"https:\/\/serveiseducatius.xtec.cat\/baixllobregat3\/wp-content\/uploads\/usu1182\/2021\/04\/rafael-casanova1.png\" alt=\"\" width=\"150\" height=\"143\" srcset=\"https:\/\/serveiseducatius.xtec.cat\/baixllobregat3\/wp-content\/uploads\/usu1182\/2021\/04\/rafael-casanova1.png 150w, https:\/\/serveiseducatius.xtec.cat\/baixllobregat3\/wp-content\/uploads\/usu1182\/2021\/04\/rafael-casanova1-120x114.png 120w\" sizes=\"auto, (max-width: 150px) 100vw, 150px\" \/><\/a><\/td>\n<td style=\"width: 155.152px;\"><a href=\"https:\/\/agora.xtec.cat\/esc-vicenteferrer-sb\/\"><img loading=\"lazy\" decoding=\"async\" class=\"alignnone size-full wp-image-11604\" src=\"https:\/\/serveiseducatius.xtec.cat\/baixllobregat3\/wp-content\/uploads\/usu1182\/2021\/04\/vicente-ferrer1.png\" alt=\"\" width=\"150\" height=\"79\" srcset=\"https:\/\/serveiseducatius.xtec.cat\/baixllobregat3\/wp-content\/uploads\/usu1182\/2021\/04\/vicente-ferrer1.png 150w, https:\/\/serveiseducatius.xtec.cat\/baixllobregat3\/wp-content\/uploads\/usu1182\/2021\/04\/vicente-ferrer1-120x63.png 120w\" sizes=\"auto, (max-width: 150px) 100vw, 150px\" \/><\/a><\/td>\n<\/tr>\n<tr>\n<td style=\"width: 152.727px; text-align: center;\"><strong>PARELLADA<\/strong><\/td>\n<td style=\"width: 152.727px; text-align: center;\"><strong>PLA DE LES VINYES<\/strong><\/td>\n<td style=\"width: 153.333px; text-align: center;\"><strong>RAFAEL CASANOVA<\/strong><\/td>\n<td style=\"width: 155.152px; text-align: center;\"><strong>VICENTE FERRER<\/strong><\/td>\n<\/tr>\n<\/tbody>\n<\/table>\n<p>&nbsp;<\/p>\n","protected":false},"excerpt":{"rendered":"<p>AMAT VERD\u00da ANTONI GAUD\u00cd ANTONI T\u00c0PIES BARRUFET BENVIURE CAN MASSALLERA CASABLANCA CIUTAT COOPERATIVA COL\u00d2NIA G\u00dcELL CIURANA MARIANAO MONTBAIG PARELLADA PLA DE LES VINYES RAFAEL CASANOVA VICENTE FERRER &nbsp;<\/p>\n","protected":false},"author":5,"featured_media":0,"parent":338,"menu_order":0,"comment_status":"closed","ping_status":"closed","template":"","meta":{"_bbp_topic_count":0,"_bbp_reply_count":0,"_bbp_total_topic_count":0,"_bbp_total_reply_count":0,"_bbp_voice_count":0,"_bbp_anonymous_reply_count":0,"_bbp_topic_count_hidden":0,"_bbp_reply_count_hidden":0,"_bbp_forum_subforum_count":0,"site-sidebar-layout":"default","site-content-layout":"","ast-site-content-layout":"","site-content-style":"default","site-sidebar-style":"default","ast-global-header-display":"","ast-banner-title-visibility":"","ast-main-header-display":"","ast-hfb-above-header-display":"","ast-hfb-below-header-display":"","ast-hfb-mobile-header-display":"","site-post-title":"","ast-breadcrumbs-content":"","ast-featured-img":"","footer-sml-layout":"","theme-transparent-header-meta":"","adv-header-id-meta":"","stick-header-meta":"","header-above-stick-meta":"","header-main-stick-meta":"","header-below-stick-meta":"","astra-migrate-meta-layouts":"default","ast-page-background-enabled":"default","ast-page-background-meta":{"desktop":{"background-color":"var(--ast-global-color-4)","background-image":"","background-repeat":"repeat","background-position":"center center","background-size":"auto","background-attachment":"scroll","background-type":"","background-media":"","overlay-type":"","overlay-color":"","overlay-opacity":"","overlay-gradient":""},"tablet":{"background-color":"","background-image":"","background-repeat":"repeat","background-position":"center center","background-size":"auto","background-attachment":"scroll","background-type":"","background-media":"","overlay-type":"","overlay-color":"","overlay-opacity":"","overlay-gradient":""},"mobile":{"background-color":"","background-image":"","background-repeat":"repeat","background-position":"center center","background-size":"auto","background-attachment":"scroll","background-type":"","background-media":"","overlay-type":"","overlay-color":"","overlay-opacity":"","overlay-gradient":""}},"ast-content-background-meta":{"desktop":{"background-color":"var(--ast-global-color-5)","background-image":"","background-repeat":"repeat","background-position":"center center","background-size":"auto","background-attachment":"scroll","background-type":"","background-media":"","overlay-type":"","overlay-color":"","overlay-opacity":"","overlay-gradient":""},"tablet":{"background-color":"var(--ast-global-color-5)","background-image":"","background-repeat":"repeat","background-position":"center center","background-size":"auto","background-attachment":"scroll","background-type":"","background-media":"","overlay-type":"","overlay-color":"","overlay-opacity":"","overlay-gradient":""},"mobile":{"background-color":"var(--ast-global-color-5)","background-image":"","background-repeat":"repeat","background-position":"center center","background-size":"auto","background-attachment":"scroll","background-type":"","background-media":"","overlay-type":"","overlay-color":"","overlay-opacity":"","overlay-gradient":""}},"footnotes":""},"class_list":["post-8223","page","type-page","status-publish","hentry"],"post_mailing_queue_ids":[],"_links":{"self":[{"href":"https:\/\/serveiseducatius.xtec.cat\/baixllobregat3\/wp-json\/wp\/v2\/pages\/8223","targetHints":{"allow":["GET"]}}],"collection":[{"href":"https:\/\/serveiseducatius.xtec.cat\/baixllobregat3\/wp-json\/wp\/v2\/pages"}],"about":[{"href":"https:\/\/serveiseducatius.xtec.cat\/baixllobregat3\/wp-json\/wp\/v2\/types\/page"}],"author":[{"embeddable":true,"href":"https:\/\/serveiseducatius.xtec.cat\/baixllobregat3\/wp-json\/wp\/v2\/users\/5"}],"replies":[{"embeddable":true,"href":"https:\/\/serveiseducatius.xtec.cat\/baixllobregat3\/wp-json\/wp\/v2\/comments?post=8223"}],"version-history":[{"count":5,"href":"https:\/\/serveiseducatius.xtec.cat\/baixllobregat3\/wp-json\/wp\/v2\/pages\/8223\/revisions"}],"predecessor-version":[{"id":11720,"href":"https:\/\/serveiseducatius.xtec.cat\/baixllobregat3\/wp-json\/wp\/v2\/pages\/8223\/revisions\/11720"}],"up":[{"embeddable":true,"href":"https:\/\/serveiseducatius.xtec.cat\/baixllobregat3\/wp-json\/wp\/v2\/pages\/338"}],"wp:attachment":[{"href":"https:\/\/serveiseducatius.xtec.cat\/baixllobregat3\/wp-json\/wp\/v2\/media?parent=8223"}],"curies":[{"name":"wp","href":"https:\/\/api.w.org\/{rel}","templated":true}]}}