{"id":8215,"date":"2016-05-10T10:53:51","date_gmt":"2016-05-10T09:53:51","guid":{"rendered":"http:\/\/serveiseducatius.xtec.cat\/baixllobregat3\/?page_id=8215"},"modified":"2021-05-11T12:27:51","modified_gmt":"2021-05-11T10:27:51","slug":"llars-dinfants","status":"publish","type":"page","link":"https:\/\/serveiseducatius.xtec.cat\/baixllobregat3\/comunitat\/centres-educatius\/llars-dinfants\/","title":{"rendered":"Llars d&#8217;infants"},"content":{"rendered":"<p><strong>P\u00daBLIQUES GENERALITAT<\/strong><\/p>\n<table>\n<tbody>\n<tr>\n<td><a href=\"https:\/\/sites.google.com\/view\/llar-dinfants-bambi\"><img loading=\"lazy\" decoding=\"async\" class=\"alignnone size-full wp-image-11629\" src=\"https:\/\/serveiseducatius.xtec.cat\/baixllobregat3\/wp-content\/uploads\/usu1182\/2021\/04\/BAMBI1.png\" alt=\"\" width=\"200\" height=\"86\" srcset=\"https:\/\/serveiseducatius.xtec.cat\/baixllobregat3\/wp-content\/uploads\/usu1182\/2021\/04\/BAMBI1.png 200w, https:\/\/serveiseducatius.xtec.cat\/baixllobregat3\/wp-content\/uploads\/usu1182\/2021\/04\/BAMBI1-120x52.png 120w\" sizes=\"auto, (max-width: 200px) 100vw, 200px\" \/><\/a><\/td>\n<td><a href=\"https:\/\/sites.google.com\/view\/immaculadasantboi\/Index?authuser=0\"><img loading=\"lazy\" decoding=\"async\" class=\"size-full wp-image-11630 aligncenter\" src=\"https:\/\/serveiseducatius.xtec.cat\/baixllobregat3\/wp-content\/uploads\/usu1182\/2021\/04\/IMMACULADA1.png\" alt=\"\" width=\"200\" height=\"73\" srcset=\"https:\/\/serveiseducatius.xtec.cat\/baixllobregat3\/wp-content\/uploads\/usu1182\/2021\/04\/IMMACULADA1.png 200w, https:\/\/serveiseducatius.xtec.cat\/baixllobregat3\/wp-content\/uploads\/usu1182\/2021\/04\/IMMACULADA1-120x44.png 120w\" sizes=\"auto, (max-width: 200px) 100vw, 200px\" \/><\/a><\/td>\n<\/tr>\n<tr>\n<td style=\"text-align: center;\"><strong>LLAR D&#8217;INFANTS BAMBI<\/strong><\/td>\n<td style=\"text-align: center;\"><strong>LLAR D&#8217;INFANTS IMMACULADA<\/strong><\/td>\n<\/tr>\n<\/tbody>\n<\/table>\n<p><strong>P\u00daBLIQUES MUNICIPALS<\/strong><\/p>\n<table>\n<tbody>\n<tr>\n<td><a href=\"http:\/\/www.santboi.cat\/ImpASIA.nsf\/ca-WebEquipament-BASE?ReadForm&amp;Clau=Equipament04&amp;Idioma=ca&amp;IdTE=TE10&amp;IdEquip=99400166625&amp;Seu=N\"><img loading=\"lazy\" decoding=\"async\" class=\"alignnone size-full wp-image-11632\" src=\"https:\/\/serveiseducatius.xtec.cat\/baixllobregat3\/wp-content\/uploads\/usu1182\/2021\/04\/LA-MARTA1.png\" alt=\"\" width=\"150\" height=\"49\" srcset=\"https:\/\/serveiseducatius.xtec.cat\/baixllobregat3\/wp-content\/uploads\/usu1182\/2021\/04\/LA-MARTA1.png 150w, https:\/\/serveiseducatius.xtec.cat\/baixllobregat3\/wp-content\/uploads\/usu1182\/2021\/04\/LA-MARTA1-120x39.png 120w\" sizes=\"auto, (max-width: 150px) 100vw, 150px\" \/><\/a><\/td>\n<td><a href=\"http:\/\/www.santboi.cat\/ImpASIA.nsf\/ca-WebEquipament-BASE?ReadForm&amp;Clau=Equipamiento04&amp;Idioma=es&amp;IdTE=TE10&amp;IdEquip=99400211993&amp;Seu=N\"><img loading=\"lazy\" decoding=\"async\" class=\"alignnone size-full wp-image-11633\" src=\"https:\/\/serveiseducatius.xtec.cat\/baixllobregat3\/wp-content\/uploads\/usu1182\/2021\/04\/LA-MERCE1.png\" alt=\"\" width=\"150\" height=\"47\" srcset=\"https:\/\/serveiseducatius.xtec.cat\/baixllobregat3\/wp-content\/uploads\/usu1182\/2021\/04\/LA-MERCE1.png 150w, https:\/\/serveiseducatius.xtec.cat\/baixllobregat3\/wp-content\/uploads\/usu1182\/2021\/04\/LA-MERCE1-120x38.png 120w\" sizes=\"auto, (max-width: 150px) 100vw, 150px\" \/><\/a><\/td>\n<td><a href=\"http:\/\/santboi.cat\/ImpASIA.nsf\/ca-WebEquipament-BASE?ReadForm&amp;Clau=Equipamiento04&amp;Idioma=es&amp;IdTE=TE10&amp;IdEquip=99400216563\"><img loading=\"lazy\" decoding=\"async\" class=\"alignnone size-full wp-image-11634\" src=\"https:\/\/serveiseducatius.xtec.cat\/baixllobregat3\/wp-content\/uploads\/usu1182\/2021\/04\/LA-SUSA1.png\" alt=\"\" width=\"150\" height=\"50\" srcset=\"https:\/\/serveiseducatius.xtec.cat\/baixllobregat3\/wp-content\/uploads\/usu1182\/2021\/04\/LA-SUSA1.png 150w, https:\/\/serveiseducatius.xtec.cat\/baixllobregat3\/wp-content\/uploads\/usu1182\/2021\/04\/LA-SUSA1-120x40.png 120w\" sizes=\"auto, (max-width: 150px) 100vw, 150px\" \/><\/a><\/td>\n<td><a href=\"http:\/\/rojasfeliu.blogspot.com\/\"><img loading=\"lazy\" decoding=\"async\" class=\"alignnone size-full wp-image-11635\" src=\"https:\/\/serveiseducatius.xtec.cat\/baixllobregat3\/wp-content\/uploads\/usu1182\/2021\/04\/ROJAS-FELIU1.png\" alt=\"\" width=\"150\" height=\"90\" srcset=\"https:\/\/serveiseducatius.xtec.cat\/baixllobregat3\/wp-content\/uploads\/usu1182\/2021\/04\/ROJAS-FELIU1.png 150w, https:\/\/serveiseducatius.xtec.cat\/baixllobregat3\/wp-content\/uploads\/usu1182\/2021\/04\/ROJAS-FELIU1-120x72.png 120w\" sizes=\"auto, (max-width: 150px) 100vw, 150px\" \/><\/a><\/td>\n<\/tr>\n<tr>\n<td style=\"text-align: center;\"><strong>EBM LA MARTA<\/strong><\/td>\n<td style=\"text-align: center;\"><strong>EBM LA MERC\u00c8<\/strong><\/td>\n<td style=\"text-align: center;\"><strong>EBM LA SUSA<\/strong><\/td>\n<td style=\"text-align: center;\"><strong>EBM ROJAS FELIU<\/strong><\/td>\n<\/tr>\n<\/tbody>\n<\/table>\n<p><strong>PRIVADES<\/strong><\/p>\n<table>\n<tbody>\n<tr>\n<td><\/td>\n<td><a href=\"http:\/\/www.santboi.cat\/ImpASIA.nsf\/ca-WebEquipament-BASE?ReadForm&amp;Clau=Equipament04&amp;Idioma=ca&amp;IdTE=TE10&amp;IdEquip=94159081557&amp;Seu=N\"><img loading=\"lazy\" decoding=\"async\" class=\"alignnone size-full wp-image-11636\" src=\"https:\/\/serveiseducatius.xtec.cat\/baixllobregat3\/wp-content\/uploads\/usu1182\/2021\/04\/LUMEN1.png\" alt=\"\" width=\"150\" height=\"66\" srcset=\"https:\/\/serveiseducatius.xtec.cat\/baixllobregat3\/wp-content\/uploads\/usu1182\/2021\/04\/LUMEN1.png 150w, https:\/\/serveiseducatius.xtec.cat\/baixllobregat3\/wp-content\/uploads\/usu1182\/2021\/04\/LUMEN1-120x53.png 120w\" sizes=\"auto, (max-width: 150px) 100vw, 150px\" \/><\/a><\/td>\n<td><a href=\"http:\/\/escolanoemi.es\/\"><img loading=\"lazy\" decoding=\"async\" class=\"alignnone size-full wp-image-11637\" src=\"https:\/\/serveiseducatius.xtec.cat\/baixllobregat3\/wp-content\/uploads\/usu1182\/2021\/04\/NOEMI1.png\" alt=\"\" width=\"150\" height=\"92\" srcset=\"https:\/\/serveiseducatius.xtec.cat\/baixllobregat3\/wp-content\/uploads\/usu1182\/2021\/04\/NOEMI1.png 150w, https:\/\/serveiseducatius.xtec.cat\/baixllobregat3\/wp-content\/uploads\/usu1182\/2021\/04\/NOEMI1-120x74.png 120w\" sizes=\"auto, (max-width: 150px) 100vw, 150px\" \/><\/a><\/td>\n<td><a href=\"http:\/\/quitxallasantboi.com\/\"><img loading=\"lazy\" decoding=\"async\" class=\"alignnone size-full wp-image-11638\" src=\"https:\/\/serveiseducatius.xtec.cat\/baixllobregat3\/wp-content\/uploads\/usu1182\/2021\/04\/QUITXALLA1.png\" alt=\"\" width=\"150\" height=\"111\" srcset=\"https:\/\/serveiseducatius.xtec.cat\/baixllobregat3\/wp-content\/uploads\/usu1182\/2021\/04\/QUITXALLA1.png 150w, https:\/\/serveiseducatius.xtec.cat\/baixllobregat3\/wp-content\/uploads\/usu1182\/2021\/04\/QUITXALLA1-120x89.png 120w\" sizes=\"auto, (max-width: 150px) 100vw, 150px\" \/><\/a><\/td>\n<\/tr>\n<tr>\n<td style=\"text-align: center;\"><strong>GARIGOTS<\/strong><\/td>\n<td style=\"text-align: center;\"><strong>LUMEN<\/strong><\/td>\n<td style=\"text-align: center;\"><strong>NOEM\u00cd I NOVA NOEM\u00cd<\/strong><\/td>\n<td style=\"text-align: center;\"><strong>QUITXALLA<\/strong><\/td>\n<\/tr>\n<tr>\n<td><a href=\"https:\/\/lamimosallardinfants.es\/\"><img loading=\"lazy\" decoding=\"async\" class=\"alignnone size-full wp-image-11639\" src=\"https:\/\/serveiseducatius.xtec.cat\/baixllobregat3\/wp-content\/uploads\/usu1182\/2021\/04\/LA-MIMOSA1.png\" alt=\"\" width=\"150\" height=\"153\" srcset=\"https:\/\/serveiseducatius.xtec.cat\/baixllobregat3\/wp-content\/uploads\/usu1182\/2021\/04\/LA-MIMOSA1.png 150w, https:\/\/serveiseducatius.xtec.cat\/baixllobregat3\/wp-content\/uploads\/usu1182\/2021\/04\/LA-MIMOSA1-118x120.png 118w\" sizes=\"auto, (max-width: 150px) 100vw, 150px\" \/><\/a><\/td>\n<td><a href=\"http:\/\/www.llardinfantsmireia.cat\/\"><img loading=\"lazy\" decoding=\"async\" class=\"alignnone size-full wp-image-11640\" src=\"https:\/\/serveiseducatius.xtec.cat\/baixllobregat3\/wp-content\/uploads\/usu1182\/2021\/04\/MIREIA1.png\" alt=\"\" width=\"150\" height=\"94\" srcset=\"https:\/\/serveiseducatius.xtec.cat\/baixllobregat3\/wp-content\/uploads\/usu1182\/2021\/04\/MIREIA1.png 150w, https:\/\/serveiseducatius.xtec.cat\/baixllobregat3\/wp-content\/uploads\/usu1182\/2021\/04\/MIREIA1-120x75.png 120w\" sizes=\"auto, (max-width: 150px) 100vw, 150px\" \/><\/a><\/td>\n<td><a href=\"http:\/\/www.tictacsantboi.com\/\"><img loading=\"lazy\" decoding=\"async\" class=\"alignnone size-full wp-image-11641\" src=\"https:\/\/serveiseducatius.xtec.cat\/baixllobregat3\/wp-content\/uploads\/usu1182\/2021\/04\/TIC-TAC1.png\" alt=\"\" width=\"150\" height=\"111\" srcset=\"https:\/\/serveiseducatius.xtec.cat\/baixllobregat3\/wp-content\/uploads\/usu1182\/2021\/04\/TIC-TAC1.png 150w, https:\/\/serveiseducatius.xtec.cat\/baixllobregat3\/wp-content\/uploads\/usu1182\/2021\/04\/TIC-TAC1-120x89.png 120w\" sizes=\"auto, (max-width: 150px) 100vw, 150px\" \/><\/a><\/td>\n<td><a href=\"https:\/\/www.ladaina.com\/home\/home\"><img loading=\"lazy\" decoding=\"async\" class=\"alignnone size-full wp-image-11642\" src=\"https:\/\/serveiseducatius.xtec.cat\/baixllobregat3\/wp-content\/uploads\/usu1182\/2021\/04\/DAINA1.png\" alt=\"\" width=\"150\" height=\"47\" srcset=\"https:\/\/serveiseducatius.xtec.cat\/baixllobregat3\/wp-content\/uploads\/usu1182\/2021\/04\/DAINA1.png 150w, https:\/\/serveiseducatius.xtec.cat\/baixllobregat3\/wp-content\/uploads\/usu1182\/2021\/04\/DAINA1-120x38.png 120w\" sizes=\"auto, (max-width: 150px) 100vw, 150px\" \/><\/a><\/td>\n<\/tr>\n<tr>\n<td style=\"text-align: center;\"><strong>LA MIMOSA<\/strong><\/td>\n<td style=\"text-align: center;\"><strong>MIREIA PEDAGOGIUM COS<\/strong><\/td>\n<td style=\"text-align: center;\"><strong>TIC-TAC<\/strong><\/td>\n<td style=\"text-align: center;\"><strong>DAINA<\/strong><\/td>\n<\/tr>\n<\/tbody>\n<\/table>\n<p>&nbsp;<\/p>\n","protected":false},"excerpt":{"rendered":"<p>P\u00daBLIQUES GENERALITAT LLAR D&#8217;INFANTS BAMBI LLAR D&#8217;INFANTS IMMACULADA P\u00daBLIQUES MUNICIPALS EBM LA MARTA EBM LA MERC\u00c8 EBM LA SUSA EBM ROJAS FELIU PRIVADES GARIGOTS LUMEN NOEM\u00cd I NOVA NOEM\u00cd QUITXALLA LA MIMOSA MIREIA PEDAGOGIUM COS TIC-TAC DAINA &nbsp;<\/p>\n","protected":false},"author":5,"featured_media":0,"parent":338,"menu_order":0,"comment_status":"closed","ping_status":"closed","template":"","meta":{"_bbp_topic_count":0,"_bbp_reply_count":0,"_bbp_total_topic_count":0,"_bbp_total_reply_count":0,"_bbp_voice_count":0,"_bbp_anonymous_reply_count":0,"_bbp_topic_count_hidden":0,"_bbp_reply_count_hidden":0,"_bbp_forum_subforum_count":0,"site-sidebar-layout":"default","site-content-layout":"","ast-site-content-layout":"","site-content-style":"default","site-sidebar-style":"default","ast-global-header-display":"","ast-banner-title-visibility":"","ast-main-header-display":"","ast-hfb-above-header-display":"","ast-hfb-below-header-display":"","ast-hfb-mobile-header-display":"","site-post-title":"","ast-breadcrumbs-content":"","ast-featured-img":"","footer-sml-layout":"","theme-transparent-header-meta":"","adv-header-id-meta":"","stick-header-meta":"","header-above-stick-meta":"","header-main-stick-meta":"","header-below-stick-meta":"","astra-migrate-meta-layouts":"default","ast-page-background-enabled":"default","ast-page-background-meta":{"desktop":{"background-color":"var(--ast-global-color-4)","background-image":"","background-repeat":"repeat","background-position":"center center","background-size":"auto","background-attachment":"scroll","background-type":"","background-media":"","overlay-type":"","overlay-color":"","overlay-opacity":"","overlay-gradient":""},"tablet":{"background-color":"","background-image":"","background-repeat":"repeat","background-position":"center center","background-size":"auto","background-attachment":"scroll","background-type":"","background-media":"","overlay-type":"","overlay-color":"","overlay-opacity":"","overlay-gradient":""},"mobile":{"background-color":"","background-image":"","background-repeat":"repeat","background-position":"center center","background-size":"auto","background-attachment":"scroll","background-type":"","background-media":"","overlay-type":"","overlay-color":"","overlay-opacity":"","overlay-gradient":""}},"ast-content-background-meta":{"desktop":{"background-color":"var(--ast-global-color-5)","background-image":"","background-repeat":"repeat","background-position":"center center","background-size":"auto","background-attachment":"scroll","background-type":"","background-media":"","overlay-type":"","overlay-color":"","overlay-opacity":"","overlay-gradient":""},"tablet":{"background-color":"var(--ast-global-color-5)","background-image":"","background-repeat":"repeat","background-position":"center center","background-size":"auto","background-attachment":"scroll","background-type":"","background-media":"","overlay-type":"","overlay-color":"","overlay-opacity":"","overlay-gradient":""},"mobile":{"background-color":"var(--ast-global-color-5)","background-image":"","background-repeat":"repeat","background-position":"center center","background-size":"auto","background-attachment":"scroll","background-type":"","background-media":"","overlay-type":"","overlay-color":"","overlay-opacity":"","overlay-gradient":""}},"footnotes":""},"class_list":["post-8215","page","type-page","status-publish","hentry"],"post_mailing_queue_ids":[],"_links":{"self":[{"href":"https:\/\/serveiseducatius.xtec.cat\/baixllobregat3\/wp-json\/wp\/v2\/pages\/8215","targetHints":{"allow":["GET"]}}],"collection":[{"href":"https:\/\/serveiseducatius.xtec.cat\/baixllobregat3\/wp-json\/wp\/v2\/pages"}],"about":[{"href":"https:\/\/serveiseducatius.xtec.cat\/baixllobregat3\/wp-json\/wp\/v2\/types\/page"}],"author":[{"embeddable":true,"href":"https:\/\/serveiseducatius.xtec.cat\/baixllobregat3\/wp-json\/wp\/v2\/users\/5"}],"replies":[{"embeddable":true,"href":"https:\/\/serveiseducatius.xtec.cat\/baixllobregat3\/wp-json\/wp\/v2\/comments?post=8215"}],"version-history":[{"count":5,"href":"https:\/\/serveiseducatius.xtec.cat\/baixllobregat3\/wp-json\/wp\/v2\/pages\/8215\/revisions"}],"predecessor-version":[{"id":11719,"href":"https:\/\/serveiseducatius.xtec.cat\/baixllobregat3\/wp-json\/wp\/v2\/pages\/8215\/revisions\/11719"}],"up":[{"embeddable":true,"href":"https:\/\/serveiseducatius.xtec.cat\/baixllobregat3\/wp-json\/wp\/v2\/pages\/338"}],"wp:attachment":[{"href":"https:\/\/serveiseducatius.xtec.cat\/baixllobregat3\/wp-json\/wp\/v2\/media?parent=8215"}],"curies":[{"name":"wp","href":"https:\/\/api.w.org\/{rel}","templated":true}]}}