{"id":8208,"date":"2016-05-10T10:48:00","date_gmt":"2016-05-10T09:48:00","guid":{"rendered":"http:\/\/serveiseducatius.xtec.cat\/baixllobregat3\/?page_id=8208"},"modified":"2016-05-10T10:49:25","modified_gmt":"2016-05-10T09:49:25","slug":"escoles-concertades-2","status":"publish","type":"page","link":"https:\/\/serveiseducatius.xtec.cat\/baixllobregat3\/comunitat\/centres-educatius\/escoles-concertades-2\/","title":{"rendered":"Escoles concertades"},"content":{"rendered":"<p>Escoles concertades<\/p>\n<table>\n<tbody>\n<tr>\n<td><strong>NOM<\/strong><\/td>\n<td><strong>TEL\u00c8FON<\/strong><\/td>\n<td><strong>FAX<\/strong><\/td>\n<td><strong>CORREU ELECTR\u00d2NIC<\/strong><\/td>\n<td><strong>ADRE\u00c7A<\/strong><\/td>\n<td><strong>LOCALITAT<\/strong><\/td>\n<\/tr>\n<tr>\n<td><span style=\"font-weight: 400;\">Balmes I<\/span><\/td>\n<td><span style=\"font-weight: 400;\">936400933<\/span><\/td>\n<td><span style=\"font-weight: 400;\">936306681<\/span><\/td>\n<td><span style=\"font-weight: 400;\"><a href=\"mailto:balmes1@ibalmes.org\">balmes1@ibalmes.org<\/a><\/span><\/td>\n<td><span style=\"font-weight: 400;\">Av. General Prim, 126<\/span><\/td>\n<td><span style=\"font-weight: 400;\">Sant Boi de Llobregat<\/span><\/td>\n<\/tr>\n<tr>\n<td><span style=\"font-weight: 400;\">Balmes II<\/span><\/td>\n<td><span style=\"font-weight: 400;\">936400420<\/span><\/td>\n<td><span style=\"font-weight: 400;\">936306597<\/span><\/td>\n<td><span style=\"font-weight: 400;\"><a href=\"mailto:balmes2@ibalmes.org\">balmes2@ibalmes.org<\/a><\/span><\/td>\n<td><span style=\"font-weight: 400;\">C\/ Eucaliptus, 33<\/span><\/td>\n<td><span style=\"font-weight: 400;\">Sant Boi de Llobregat<\/span><\/td>\n<\/tr>\n<tr>\n<td><span style=\"font-weight: 400;\">Balmes II UME<\/span><\/td>\n<td><span style=\"font-weight: 400;\">936400420<\/span><\/td>\n<td><span style=\"font-weight: 400;\">936306597<\/span><\/td>\n<td><span style=\"font-weight: 400;\"><a href=\"mailto:ume@ibalmes.org\">ume@ibalmes.org<\/a><\/span><\/td>\n<td><span style=\"font-weight: 400;\">C\/ Ac\u00e0cia, 56<\/span><\/td>\n<td><span style=\"font-weight: 400;\">Sant Boi de Llobregat<\/span><\/td>\n<\/tr>\n<tr>\n<td><span style=\"font-weight: 400;\">Joan Bardina<\/span><\/td>\n<td><span style=\"font-weight: 400;\">936400851<\/span><\/td>\n<td><span style=\"font-weight: 400;\">936400851<\/span><\/td>\n<td><span style=\"font-weight: 400;\"><a href=\"mailto:a8025484@xtec.cat\">a8025484@xtec.cat<\/a><\/span><\/td>\n<td><span style=\"font-weight: 400;\">C\/ Mari\u00e0 Fortuny, 16-18<\/span><\/td>\n<td><span style=\"font-weight: 400;\">Sant Boi de Llobregat<\/span><\/td>\n<\/tr>\n<tr>\n<td><span style=\"font-weight: 400;\">Llor<\/span><\/td>\n<td><span style=\"font-weight: 400;\">936406000<\/span><\/td>\n<td><span style=\"font-weight: 400;\">936304140<\/span><\/td>\n<td><span style=\"font-weight: 400;\"><a href=\"mailto:fundaciollor@telefonica.net\">fundaciollor@telefonica.net<\/a><\/span><\/td>\n<td><span style=\"font-weight: 400;\">C\/ Llu\u00eds Companys, 50<\/span><\/td>\n<td><span style=\"font-weight: 400;\">Sant Boi de Llobregat<\/span><\/td>\n<\/tr>\n<tr>\n<td><span style=\"font-weight: 400;\">Mare de D\u00e9u dels Dolors<\/span><\/td>\n<td><span style=\"font-weight: 400;\">936401106<\/span><\/td>\n<td><span style=\"font-weight: 400;\">936302954<\/span><\/td>\n<td><span style=\"font-weight: 400;\"><a href=\"mailto:a8025541@xtec.cat\">a8025541@xtec.cat<\/a><\/span><\/td>\n<td><span style=\"font-weight: 400;\">C\/ Salvador Allende, 6<\/span><\/td>\n<td><span style=\"font-weight: 400;\">Sant Boi de Llobregat<\/span><\/td>\n<\/tr>\n<tr>\n<td><span style=\"font-weight: 400;\">Mol\u00ed Nou<\/span><\/td>\n<td><span style=\"font-weight: 400;\">936401834<\/span><\/td>\n<td><span style=\"font-weight: 400;\">936401834<\/span><\/td>\n<td><span style=\"font-weight: 400;\"><a href=\"mailto:a8025538@xtec.cat\">a8025538@xtec.cat<\/a><\/span><\/td>\n<td><span style=\"font-weight: 400;\">C\/ Joan Maragall, 5-11<\/span><\/td>\n<td><span style=\"font-weight: 400;\">Sant Boi de Llobregat<\/span><\/td>\n<\/tr>\n<tr>\n<td><span style=\"font-weight: 400;\">Pedag\u00f2gium Cos<\/span><\/td>\n<td><span style=\"font-weight: 400;\">936401066<\/span><\/td>\n<td><span style=\"font-weight: 400;\">936401066<\/span><\/td>\n<td><span style=\"font-weight: 400;\"><a href=\"mailto:a8025496@xtec.cat\">a8025496@xtec.cat<\/a><\/span><\/td>\n<td><span style=\"font-weight: 400;\">C\/ Mari\u00e0 Fortuny, 75<\/span><\/td>\n<td><span style=\"font-weight: 400;\">Sant Boi de Llobregat<\/span><\/td>\n<\/tr>\n<tr>\n<td><span style=\"font-weight: 400;\">Sagrat Cor Vedruna<\/span><\/td>\n<td><span style=\"font-weight: 400;\">936400318<\/span><\/td>\n<td><span style=\"font-weight: 400;\">936306132<\/span><\/td>\n<td><span style=\"font-weight: 400;\"><a href=\"mailto:a8025459@xtec.cat\">a8025459@xtec.cat<\/a><\/span><\/td>\n<td><span style=\"font-weight: 400;\">C\/ Llu\u00eds Castells, 20<\/span><\/td>\n<td><span style=\"font-weight: 400;\">Sant Boi de Llobregat<\/span><\/td>\n<\/tr>\n<tr>\n<td><span style=\"font-weight: 400;\">Sant Josep <\/span><\/td>\n<td><span style=\"font-weight: 400;\">936300530<\/span><\/td>\n<td><span style=\"font-weight: 400;\">936304405<\/span><\/td>\n<td><span style=\"font-weight: 400;\"><a href=\"mailto:info@santjosep.com\">info@santjosep.com<\/a><\/span><\/td>\n<td><span style=\"font-weight: 400;\">Av. Can Carreras, 16-18<\/span><\/td>\n<td><span style=\"font-weight: 400;\">Sant Boi de Llobregat<\/span><\/td>\n<\/tr>\n<tr>\n<td><span style=\"font-weight: 400;\">Santo Tom\u00e1s<\/span><\/td>\n<td><span style=\"font-weight: 400;\">936400486<\/span><\/td>\n<td><\/td>\n<td><span style=\"font-weight: 400;\"><a href=\"mailto:a8044181@xtec.cat\">a8044181@xtec.cat<\/a><\/span><\/td>\n<td><span style=\"font-weight: 400;\">C\/ Eusebi G\u00fcell, 31-35<\/span><\/td>\n<td><span style=\"font-weight: 400;\">Sant Boi de Llobregat<\/span><\/td>\n<\/tr>\n<\/tbody>\n<\/table>\n","protected":false},"excerpt":{"rendered":"<p>Escoles concertades NOM TEL\u00c8FON FAX CORREU ELECTR\u00d2NIC ADRE\u00c7A LOCALITAT Balmes I 936400933 936306681 balmes1@ibalmes.org Av. General Prim, 126 Sant Boi de Llobregat Balmes II 936400420 936306597 balmes2@ibalmes.org C\/ Eucaliptus, 33 Sant Boi de Llobregat Balmes II UME 936400420 936306597 ume@ibalmes.org C\/ Ac\u00e0cia, 56 Sant Boi de Llobregat Joan Bardina 936400851 936400851 a8025484@xtec.cat C\/ Mari\u00e0 Fortuny, [&hellip;]<\/p>\n","protected":false},"author":5,"featured_media":0,"parent":338,"menu_order":0,"comment_status":"closed","ping_status":"closed","template":"","meta":{"_bbp_topic_count":0,"_bbp_reply_count":0,"_bbp_total_topic_count":0,"_bbp_total_reply_count":0,"_bbp_voice_count":0,"_bbp_anonymous_reply_count":0,"_bbp_topic_count_hidden":0,"_bbp_reply_count_hidden":0,"_bbp_forum_subforum_count":0,"site-sidebar-layout":"default","site-content-layout":"","ast-site-content-layout":"","site-content-style":"default","site-sidebar-style":"default","ast-global-header-display":"","ast-banner-title-visibility":"","ast-main-header-display":"","ast-hfb-above-header-display":"","ast-hfb-below-header-display":"","ast-hfb-mobile-header-display":"","site-post-title":"","ast-breadcrumbs-content":"","ast-featured-img":"","footer-sml-layout":"","theme-transparent-header-meta":"","adv-header-id-meta":"","stick-header-meta":"","header-above-stick-meta":"","header-main-stick-meta":"","header-below-stick-meta":"","astra-migrate-meta-layouts":"default","ast-page-background-enabled":"default","ast-page-background-meta":{"desktop":{"background-color":"var(--ast-global-color-4)","background-image":"","background-repeat":"repeat","background-position":"center center","background-size":"auto","background-attachment":"scroll","background-type":"","background-media":"","overlay-type":"","overlay-color":"","overlay-opacity":"","overlay-gradient":""},"tablet":{"background-color":"","background-image":"","background-repeat":"repeat","background-position":"center center","background-size":"auto","background-attachment":"scroll","background-type":"","background-media":"","overlay-type":"","overlay-color":"","overlay-opacity":"","overlay-gradient":""},"mobile":{"background-color":"","background-image":"","background-repeat":"repeat","background-position":"center center","background-size":"auto","background-attachment":"scroll","background-type":"","background-media":"","overlay-type":"","overlay-color":"","overlay-opacity":"","overlay-gradient":""}},"ast-content-background-meta":{"desktop":{"background-color":"var(--ast-global-color-5)","background-image":"","background-repeat":"repeat","background-position":"center center","background-size":"auto","background-attachment":"scroll","background-type":"","background-media":"","overlay-type":"","overlay-color":"","overlay-opacity":"","overlay-gradient":""},"tablet":{"background-color":"var(--ast-global-color-5)","background-image":"","background-repeat":"repeat","background-position":"center center","background-size":"auto","background-attachment":"scroll","background-type":"","background-media":"","overlay-type":"","overlay-color":"","overlay-opacity":"","overlay-gradient":""},"mobile":{"background-color":"var(--ast-global-color-5)","background-image":"","background-repeat":"repeat","background-position":"center center","background-size":"auto","background-attachment":"scroll","background-type":"","background-media":"","overlay-type":"","overlay-color":"","overlay-opacity":"","overlay-gradient":""}},"footnotes":""},"class_list":["post-8208","page","type-page","status-publish","hentry"],"post_mailing_queue_ids":[],"_links":{"self":[{"href":"https:\/\/serveiseducatius.xtec.cat\/baixllobregat3\/wp-json\/wp\/v2\/pages\/8208","targetHints":{"allow":["GET"]}}],"collection":[{"href":"https:\/\/serveiseducatius.xtec.cat\/baixllobregat3\/wp-json\/wp\/v2\/pages"}],"about":[{"href":"https:\/\/serveiseducatius.xtec.cat\/baixllobregat3\/wp-json\/wp\/v2\/types\/page"}],"author":[{"embeddable":true,"href":"https:\/\/serveiseducatius.xtec.cat\/baixllobregat3\/wp-json\/wp\/v2\/users\/5"}],"replies":[{"embeddable":true,"href":"https:\/\/serveiseducatius.xtec.cat\/baixllobregat3\/wp-json\/wp\/v2\/comments?post=8208"}],"version-history":[{"count":3,"href":"https:\/\/serveiseducatius.xtec.cat\/baixllobregat3\/wp-json\/wp\/v2\/pages\/8208\/revisions"}],"predecessor-version":[{"id":8214,"href":"https:\/\/serveiseducatius.xtec.cat\/baixllobregat3\/wp-json\/wp\/v2\/pages\/8208\/revisions\/8214"}],"up":[{"embeddable":true,"href":"https:\/\/serveiseducatius.xtec.cat\/baixllobregat3\/wp-json\/wp\/v2\/pages\/338"}],"wp:attachment":[{"href":"https:\/\/serveiseducatius.xtec.cat\/baixllobregat3\/wp-json\/wp\/v2\/media?parent=8208"}],"curies":[{"name":"wp","href":"https:\/\/api.w.org\/{rel}","templated":true}]}}