{"id":416,"date":"2015-11-25T15:58:53","date_gmt":"2015-11-25T14:58:53","guid":{"rendered":"http:\/\/serveiseducatius.xtec.cat\/baixllobregat3\/?page_id=416"},"modified":"2019-11-19T11:13:35","modified_gmt":"2019-11-19T10:13:35","slug":"formacio","status":"publish","type":"page","link":"https:\/\/serveiseducatius.xtec.cat\/baixllobregat3\/formacio\/","title":{"rendered":"Formaci\u00f3"},"content":{"rendered":"<p>Les modalitats de formaci\u00f3 en centre s\u00f3n:<\/p>\n<ol>\n<li><strong>Assessorament en centre<\/strong><\/li>\n<\/ol>\n<p><span style=\"font-family: inherit; font-size: 1em; line-height: 1.6;\">Modalitat formativa amb intervenci\u00f3 d\u2019un professional extern que s\u2019adre\u00e7a a la majoria del claustre o a un col\u00b7lectiu d\u2019un centre.<\/span><\/p>\n<ul>\n<li>Format presencial.<\/li>\n<li>T\u00e9 una durada no inferior a 20 hores, amb dues terceres parts amb la persona formadora i la resta, de treball aut\u00f2nom al centre.<\/li>\n<\/ul>\n<p><sub>(Al curs 17-18, aquesta modalitat no pot comportar cost econ\u00f2mic al servei educatiu)<\/sub><\/p>\n<ol start=\"2\">\n<li><strong>Formaci\u00f3 interna de centre (FIC)<br \/>\n<\/strong><\/li>\n<\/ol>\n<p>Modalitat formativa que t\u00e9 lloc dins de cada centre educatiu, i s\u2019adre\u00e7a a la majoria del claustre o a un col\u00b7lectiu d\u2019un centre.<\/p>\n<ul>\n<li>\u00c9s liderat i dinamitzat per un equip de coordinaci\u00f3 format per tres persones del centre entre les quals almenys una \u00e9s de l\u2019equip directiu.<\/li>\n<li>En el cas d&#8217;una FIC d&#8217;tinerari guiat t\u00e9 una durada de 45 hores amb 30 hores de presencialitat de les persones participants i 15 hores de treball intern per realitzar les tasques planificades en relaci\u00f3 amb l\u2019aprofitament i la transfer\u00e8ncia immediata a l\u2019aula o al centre.En el cas d&#8217;una FIC d&#8217;tinerari guiat t\u00e9 una durada de 45 hores amb 30 hores de presencialitat de les persones participants i 15 hores de treball intern per realitzar les tasques planificades en relaci\u00f3 amb l\u2019aprofitament i la transfer\u00e8ncia immediata a l\u2019aula o al centre.<\/li>\n<li>En el cas d&#8217;una FIC d&#8217;tinerari propi t\u00e9 una durada de 30 hores amb 20 hores de presencialitat de les persones participants i 10 hores de treball intern per realitzar les tasques planificades en relaci\u00f3 amb l\u2019aprofitament i la transfer\u00e8ncia immediata a l\u2019aula o al centr<\/li>\n<\/ul>\n<ol start=\"3\">\n<li><strong>Taller a centre<\/strong><\/li>\n<\/ol>\n<p>Modalitat formativa de car\u00e0cter concret i pr\u00e0ctic orientat a la millora d\u2019alguna compet\u00e8ncia professional del professorat.\u00a0S\u2019adre\u00e7a a la majoria del claustre o a un col\u00b7lectiu d\u2019un centre.<\/p>\n<ul>\n<li>Format presencial.<\/li>\n<li>T\u00e9 una durada m\u00e0xima de 15 hores, amb dues terceres parts amb la persona formadora i la resta, de treball aut\u00f2nom al centre.<\/li>\n<li>En general, el taller \u00e9s impartit per un professional expert que certificar\u00e0 com a formador\/a.\u00a0Pot ser una proposta de taller a c\u00e0rrec d\u2019un formador del propi de centre.<\/li>\n<\/ul>\n<p><sub>(aquesta modalitat no pot comportar cost econ\u00f2mic al servei educatiu)<\/sub><\/p>\n<p><a href=\"http:\/\/serveiseducatius.xtec.cat\/baixllobregat3\/wp-content\/uploads\/usu1182\/2017\/04\/modalitats.pdf\" target=\"_blank\" rel=\"noopener noreferrer\">M\u00e9s informaci\u00f3<\/a> detallada sobre les modalitats de formaci\u00f3 en centre<\/p>\n<p>&nbsp;<\/p>\n","protected":false},"excerpt":{"rendered":"<p>Les modalitats de formaci\u00f3 en centre s\u00f3n: Assessorament en centre Modalitat formativa amb intervenci\u00f3 d\u2019un professional extern que s\u2019adre\u00e7a a la majoria del claustre o a un col\u00b7lectiu d\u2019un centre. Format presencial. T\u00e9 una durada no inferior a 20 hores, amb dues terceres parts amb la persona formadora i la resta, de treball aut\u00f2nom al [&hellip;]<\/p>\n","protected":false},"author":1,"featured_media":0,"parent":0,"menu_order":0,"comment_status":"closed","ping_status":"closed","template":"","meta":{"_bbp_topic_count":0,"_bbp_reply_count":0,"_bbp_total_topic_count":0,"_bbp_total_reply_count":0,"_bbp_voice_count":0,"_bbp_anonymous_reply_count":0,"_bbp_topic_count_hidden":0,"_bbp_reply_count_hidden":0,"_bbp_forum_subforum_count":0,"site-sidebar-layout":"default","site-content-layout":"","ast-site-content-layout":"","site-content-style":"default","site-sidebar-style":"default","ast-global-header-display":"","ast-banner-title-visibility":"","ast-main-header-display":"","ast-hfb-above-header-display":"","ast-hfb-below-header-display":"","ast-hfb-mobile-header-display":"","site-post-title":"","ast-breadcrumbs-content":"","ast-featured-img":"","footer-sml-layout":"","theme-transparent-header-meta":"","adv-header-id-meta":"","stick-header-meta":"","header-above-stick-meta":"","header-main-stick-meta":"","header-below-stick-meta":"","astra-migrate-meta-layouts":"default","ast-page-background-enabled":"default","ast-page-background-meta":{"desktop":{"background-color":"var(--ast-global-color-4)","background-image":"","background-repeat":"repeat","background-position":"center center","background-size":"auto","background-attachment":"scroll","background-type":"","background-media":"","overlay-type":"","overlay-color":"","overlay-opacity":"","overlay-gradient":""},"tablet":{"background-color":"","background-image":"","background-repeat":"repeat","background-position":"center center","background-size":"auto","background-attachment":"scroll","background-type":"","background-media":"","overlay-type":"","overlay-color":"","overlay-opacity":"","overlay-gradient":""},"mobile":{"background-color":"","background-image":"","background-repeat":"repeat","background-position":"center center","background-size":"auto","background-attachment":"scroll","background-type":"","background-media":"","overlay-type":"","overlay-color":"","overlay-opacity":"","overlay-gradient":""}},"ast-content-background-meta":{"desktop":{"background-color":"var(--ast-global-color-5)","background-image":"","background-repeat":"repeat","background-position":"center center","background-size":"auto","background-attachment":"scroll","background-type":"","background-media":"","overlay-type":"","overlay-color":"","overlay-opacity":"","overlay-gradient":""},"tablet":{"background-color":"var(--ast-global-color-5)","background-image":"","background-repeat":"repeat","background-position":"center center","background-size":"auto","background-attachment":"scroll","background-type":"","background-media":"","overlay-type":"","overlay-color":"","overlay-opacity":"","overlay-gradient":""},"mobile":{"background-color":"var(--ast-global-color-5)","background-image":"","background-repeat":"repeat","background-position":"center center","background-size":"auto","background-attachment":"scroll","background-type":"","background-media":"","overlay-type":"","overlay-color":"","overlay-opacity":"","overlay-gradient":""}},"footnotes":""},"class_list":["post-416","page","type-page","status-publish","hentry"],"post_mailing_queue_ids":[],"_links":{"self":[{"href":"https:\/\/serveiseducatius.xtec.cat\/baixllobregat3\/wp-json\/wp\/v2\/pages\/416","targetHints":{"allow":["GET"]}}],"collection":[{"href":"https:\/\/serveiseducatius.xtec.cat\/baixllobregat3\/wp-json\/wp\/v2\/pages"}],"about":[{"href":"https:\/\/serveiseducatius.xtec.cat\/baixllobregat3\/wp-json\/wp\/v2\/types\/page"}],"author":[{"embeddable":true,"href":"https:\/\/serveiseducatius.xtec.cat\/baixllobregat3\/wp-json\/wp\/v2\/users\/1"}],"replies":[{"embeddable":true,"href":"https:\/\/serveiseducatius.xtec.cat\/baixllobregat3\/wp-json\/wp\/v2\/comments?post=416"}],"version-history":[{"count":4,"href":"https:\/\/serveiseducatius.xtec.cat\/baixllobregat3\/wp-json\/wp\/v2\/pages\/416\/revisions"}],"predecessor-version":[{"id":9742,"href":"https:\/\/serveiseducatius.xtec.cat\/baixllobregat3\/wp-json\/wp\/v2\/pages\/416\/revisions\/9742"}],"wp:attachment":[{"href":"https:\/\/serveiseducatius.xtec.cat\/baixllobregat3\/wp-json\/wp\/v2\/media?parent=416"}],"curies":[{"name":"wp","href":"https:\/\/api.w.org\/{rel}","templated":true}]}}