{"id":318,"date":"2015-11-24T18:18:24","date_gmt":"2015-11-24T17:18:24","guid":{"rendered":"http:\/\/serveiseducatius.xtec.cat\/baixllobregat3\/?page_id=318"},"modified":"2023-11-28T16:32:29","modified_gmt":"2023-11-28T15:32:29","slug":"on-som","status":"publish","type":"page","link":"https:\/\/serveiseducatius.xtec.cat\/baixllobregat3\/el-servei-educatiu\/on-som\/","title":{"rendered":"On som"},"content":{"rendered":"<div>\n<p>La seu del Servei Educatiu est\u00e0 ubicada a la Ctra Santa Creu de Calafell 6 (entre C\/ Sant Joan Bosco i C\/ Moss\u00e8n Pere Tarr\u00e8s) de Sant Boi de Llobregat (08830)<\/p>\n<p>Contacte:<\/p>\n<p><strong><u>Tel\u00e8fons:<\/u><\/strong><\/p>\n<p>CRP\u00a0\u00a0\u00a0\u00a0\u00a0\u00a0\u00a0\u00a0\u00a0\u00a0\u00a0\u00a0\u00a0\u00a0 935541721<br \/>\nCREDA\u00a0 \u00a0 \u00a0 \u00a0 \u00a0 935541722<br \/>\nEAP\u00a0\u00a0\u00a0 \u00a0\u00a0 \u00a0\u00a0\u00a0\u00a0\u00a0\u00a0\u00a0 935541722<br \/>\nLIC\u00a0\u00a0 \u00a0\u00a0\u00a0 \u00a0 \u00a0\u00a0\u00a0\u00a0\u00a0\u00a0\u00a0 935541721<\/p>\n<p><strong><u>Adreces electr\u00f2niques:<\/u><\/strong><\/p>\n<p><strong>CRP<\/strong>: a8930033<span class=\"atwho-query\">@xtec.cat<\/span><\/p>\n<p><strong>EAP: <\/strong>a8900300@xtec.cat<\/p>\n<p><strong>SE: \u00a0\u00a0<\/strong>a8870308@xtec.cat<\/p>\n<p><strong><u>Transports p\u00fablics per arribar:<\/u><\/strong><\/p>\n<p><strong>Bus L70<\/strong> (Pla\u00e7a Espanya-Sant Boi)\u00a0 <strong><br \/>\nBus L82 &#8211; L85 <\/strong>(L&#8217;Hospitalet\/Cornell\u00e0 &#8211; Gav\u00e0)<strong><br \/>\nSB1 <\/strong>(urb\u00e0 Sant Boi)\u00a0<strong><br \/>\nFGC<\/strong> parada<strong> Sant Boi<\/strong><\/p>\n<p><span style=\"text-decoration: underline;\"><strong>Coordenades:<\/strong><\/span><\/p>\n<p>41.340071, 2.047324\u200e<\/p>\n<p>+41\u00ba 20&#8242; 24.26&#8243; , + 2\u00ba 2&#8242; 50.37&#8243;<\/p>\n<\/div>\n<p><iframe loading=\"lazy\" style=\"border: 0;\" src=\"https:\/\/www.google.com\/maps\/embed?pb=!1m18!1m12!1m3!1d2995.5629515509195!2d2.045146215701725!3d41.34011610688666!2m3!1f0!2f0!3f0!3m2!1i1024!2i768!4f13.1!3m3!1m2!1s0x12a49c0b2ecfe40d%3A0xf5c14ef33aaf3dac!2sCRP+Baix+Llobregat+III!5e0!3m2!1sca!2ses!4v1459953622557\" width=\"600\" height=\"450\" frameborder=\"0\" allowfullscreen=\"allowfullscreen\"><\/iframe><\/p>\n","protected":false},"excerpt":{"rendered":"<p>La seu del Servei Educatiu est\u00e0 ubicada a la Ctra Santa Creu de Calafell 6 (entre C\/ Sant Joan Bosco i C\/ Moss\u00e8n Pere Tarr\u00e8s) de Sant Boi de Llobregat (08830) Contacte: Tel\u00e8fons: CRP\u00a0\u00a0\u00a0\u00a0\u00a0\u00a0\u00a0\u00a0\u00a0\u00a0\u00a0\u00a0\u00a0\u00a0 935541721 CREDA\u00a0 \u00a0 \u00a0 \u00a0 \u00a0 935541722 EAP\u00a0\u00a0\u00a0 \u00a0\u00a0 \u00a0\u00a0\u00a0\u00a0\u00a0\u00a0\u00a0 935541722 LIC\u00a0\u00a0 \u00a0\u00a0\u00a0 \u00a0 \u00a0\u00a0\u00a0\u00a0\u00a0\u00a0\u00a0 935541721 Adreces electr\u00f2niques: CRP: a8930033@xtec.cat EAP: [&hellip;]<\/p>\n","protected":false},"author":1,"featured_media":0,"parent":806,"menu_order":50,"comment_status":"closed","ping_status":"closed","template":"page-templates\/side-menu.php","meta":{"_bbp_topic_count":0,"_bbp_reply_count":0,"_bbp_total_topic_count":0,"_bbp_total_reply_count":0,"_bbp_voice_count":0,"_bbp_anonymous_reply_count":0,"_bbp_topic_count_hidden":0,"_bbp_reply_count_hidden":0,"_bbp_forum_subforum_count":0,"site-sidebar-layout":"default","site-content-layout":"","ast-site-content-layout":"","site-content-style":"default","site-sidebar-style":"default","ast-global-header-display":"","ast-banner-title-visibility":"","ast-main-header-display":"","ast-hfb-above-header-display":"","ast-hfb-below-header-display":"","ast-hfb-mobile-header-display":"","site-post-title":"","ast-breadcrumbs-content":"","ast-featured-img":"","footer-sml-layout":"","theme-transparent-header-meta":"","adv-header-id-meta":"","stick-header-meta":"","header-above-stick-meta":"","header-main-stick-meta":"","header-below-stick-meta":"","astra-migrate-meta-layouts":"default","ast-page-background-enabled":"default","ast-page-background-meta":{"desktop":{"background-color":"var(--ast-global-color-4)","background-image":"","background-repeat":"repeat","background-position":"center center","background-size":"auto","background-attachment":"scroll","background-type":"","background-media":"","overlay-type":"","overlay-color":"","overlay-opacity":"","overlay-gradient":""},"tablet":{"background-color":"","background-image":"","background-repeat":"repeat","background-position":"center center","background-size":"auto","background-attachment":"scroll","background-type":"","background-media":"","overlay-type":"","overlay-color":"","overlay-opacity":"","overlay-gradient":""},"mobile":{"background-color":"","background-image":"","background-repeat":"repeat","background-position":"center center","background-size":"auto","background-attachment":"scroll","background-type":"","background-media":"","overlay-type":"","overlay-color":"","overlay-opacity":"","overlay-gradient":""}},"ast-content-background-meta":{"desktop":{"background-color":"var(--ast-global-color-5)","background-image":"","background-repeat":"repeat","background-position":"center center","background-size":"auto","background-attachment":"scroll","background-type":"","background-media":"","overlay-type":"","overlay-color":"","overlay-opacity":"","overlay-gradient":""},"tablet":{"background-color":"var(--ast-global-color-5)","background-image":"","background-repeat":"repeat","background-position":"center center","background-size":"auto","background-attachment":"scroll","background-type":"","background-media":"","overlay-type":"","overlay-color":"","overlay-opacity":"","overlay-gradient":""},"mobile":{"background-color":"var(--ast-global-color-5)","background-image":"","background-repeat":"repeat","background-position":"center center","background-size":"auto","background-attachment":"scroll","background-type":"","background-media":"","overlay-type":"","overlay-color":"","overlay-opacity":"","overlay-gradient":""}},"footnotes":""},"class_list":["post-318","page","type-page","status-publish","hentry"],"post_mailing_queue_ids":[],"_links":{"self":[{"href":"https:\/\/serveiseducatius.xtec.cat\/baixllobregat3\/wp-json\/wp\/v2\/pages\/318","targetHints":{"allow":["GET"]}}],"collection":[{"href":"https:\/\/serveiseducatius.xtec.cat\/baixllobregat3\/wp-json\/wp\/v2\/pages"}],"about":[{"href":"https:\/\/serveiseducatius.xtec.cat\/baixllobregat3\/wp-json\/wp\/v2\/types\/page"}],"author":[{"embeddable":true,"href":"https:\/\/serveiseducatius.xtec.cat\/baixllobregat3\/wp-json\/wp\/v2\/users\/1"}],"replies":[{"embeddable":true,"href":"https:\/\/serveiseducatius.xtec.cat\/baixllobregat3\/wp-json\/wp\/v2\/comments?post=318"}],"version-history":[{"count":5,"href":"https:\/\/serveiseducatius.xtec.cat\/baixllobregat3\/wp-json\/wp\/v2\/pages\/318\/revisions"}],"predecessor-version":[{"id":12857,"href":"https:\/\/serveiseducatius.xtec.cat\/baixllobregat3\/wp-json\/wp\/v2\/pages\/318\/revisions\/12857"}],"up":[{"embeddable":true,"href":"https:\/\/serveiseducatius.xtec.cat\/baixllobregat3\/wp-json\/wp\/v2\/pages\/806"}],"wp:attachment":[{"href":"https:\/\/serveiseducatius.xtec.cat\/baixllobregat3\/wp-json\/wp\/v2\/media?parent=318"}],"curies":[{"name":"wp","href":"https:\/\/api.w.org\/{rel}","templated":true}]}}