{"id":13747,"date":"2026-01-06T15:06:42","date_gmt":"2026-01-06T14:06:42","guid":{"rendered":"https:\/\/serveiseducatius.xtec.cat\/baixllobregat3\/?page_id=13747"},"modified":"2026-01-24T20:39:06","modified_gmt":"2026-01-24T19:39:06","slug":"biblioteca-escolar","status":"publish","type":"page","link":"https:\/\/serveiseducatius.xtec.cat\/baixllobregat3\/dinamitzacio\/biblioteca-escolar\/","title":{"rendered":"Biblioteca escolar"},"content":{"rendered":"\n<div class=\"wp-block-getwid-tabs\" data-active-tab=\"0\"><ul class=\"wp-block-getwid-tabs__nav-links\"><\/ul>\n<div class=\"wp-block-getwid-tabs__nav-link\"><span class=\"wp-block-getwid-tabs__title-wrapper\"><a href=\"#\"><span class=\"wp-block-getwid-tabs__title\">Introducci\u00f3<\/span><\/a><\/span><\/div><div class=\"wp-block-getwid-tabs__tab-content-wrapper\"><div class=\"wp-block-getwid-tabs__tab-content\">\n<p><\/p>\n<\/div><\/div>\n\n\n\n<div class=\"wp-block-getwid-tabs__nav-link\"><span class=\"wp-block-getwid-tabs__title-wrapper\"><a href=\"#\"><span class=\"wp-block-getwid-tabs__title\">Publicacions educatives <\/span><\/a><\/span><\/div><div class=\"wp-block-getwid-tabs__tab-content-wrapper\"><div class=\"wp-block-getwid-tabs__tab-content\">\n<p class=\"has-text-align-center\"><\/p>\n<\/div><\/div>\n\n\n\n<div class=\"wp-block-getwid-tabs__nav-link\"><span class=\"wp-block-getwid-tabs__title-wrapper\"><a href=\"#\"><span class=\"wp-block-getwid-tabs__title\">Recomanacions lectores<\/span><\/a><\/span><\/div><div class=\"wp-block-getwid-tabs__tab-content-wrapper\"><div class=\"wp-block-getwid-tabs__tab-content\">\n<p><\/p>\n\n\n\n<figure class=\"wp-block-table is-style-stripes has-small-font-size\"><table class=\"has-fixed-layout\"><tbody><tr><td class=\"has-text-align-center\" data-align=\"center\"><\/td><td class=\"has-text-align-center\" data-align=\"center\"><\/td><\/tr><tr><td class=\"has-text-align-center\" data-align=\"center\"><\/td><td class=\"has-text-align-center\" data-align=\"center\"><\/td><\/tr><tr><td class=\"has-text-align-center\" data-align=\"center\"><\/td><td class=\"has-text-align-center\" data-align=\"center\"><\/td><\/tr><tr><td class=\"has-text-align-center\" data-align=\"center\"><\/td><td class=\"has-text-align-center\" data-align=\"center\"><\/td><\/tr><tr><td class=\"has-text-align-center\" data-align=\"center\"><\/td><td class=\"has-text-align-center\" data-align=\"center\"><\/td><\/tr><tr><td class=\"has-text-align-center\" data-align=\"center\"><\/td><td class=\"has-text-align-center\" data-align=\"center\"><\/td><\/tr><tr><td class=\"has-text-align-center\" data-align=\"center\"><\/td><td class=\"has-text-align-center\" data-align=\"center\"><\/td><\/tr><\/tbody><\/table><\/figure>\n<\/div><\/div>\n\n\n\n<div class=\"wp-block-getwid-tabs__nav-link\"><span class=\"wp-block-getwid-tabs__title-wrapper\"><a href=\"#\"><span class=\"wp-block-getwid-tabs__title\">EP\u00e8rgam<\/span><\/a><\/span><\/div><div class=\"wp-block-getwid-tabs__tab-content-wrapper\"><div class=\"wp-block-getwid-tabs__tab-content\">\n<p><\/p>\n<\/div><\/div>\n<\/div>\n\n\n\n<hr class=\"wp-block-separator has-alpha-channel-opacity is-style-default\"\/>\n\n\n\n<p class=\"has-large-font-size\">Not\u00edcies de Biblioteques escolars.<\/p>\n\n\n\n<hr class=\"wp-block-separator has-alpha-channel-opacity is-style-default\"\/>\n\n\n        <div class=\"wp-block-getwid-custom-post-type custom-post-type-post has-layout-grid\">\n            <div class=\"wp-block-getwid-custom-post-type__wrapper getwid-columns getwid-columns-3\">\n                \t\t\t\t\t\t\t\t<div class='wp-block-getwid-custom-post-type__post'>\n\t\t\t\t\t\t\t\t\t\n<h3 class=\"wp-block-getwid-template-post-title\"><a class=\"wp-block-getwid-template-post-title__link\" href=\"https:\/\/serveiseducatius.xtec.cat\/baixllobregat3\/portada\/projecte-edtwomendays\/\">Projecte Edtwomendays<\/a><\/h3>\n\n<figure style=\"aspect-ratio:auto; padding-right:var(--wp--preset--spacing--30);padding-left:var(--wp--preset--spacing--30);margin-top:0;margin-bottom:0;margin-left:0;margin-right:0;\" class=\"wp-block-post-featured-image\"><img loading=\"lazy\" decoding=\"async\" width=\"300\" height=\"81\" src=\"https:\/\/serveiseducatius.xtec.cat\/baixllobregat3\/wp-content\/uploads\/usu1182\/2025\/03\/edt-e1741777794536.png\" class=\"attachment-post-thumbnail size-post-thumbnail wp-post-image\" alt=\"\" style=\"border-radius:20px;border-style:none;border-width:0px;width:100%;height:100%;object-fit:contain;\" \/><\/figure>\n\n\n<div class=\"wp-block-getwid-template-post-content is-excerpt\" ><p>Des del Servei de Programes i Projectes de Foment dels Ensenyaments Professionals, ens fan arribar aquesta proposta d&#8217;activitat que fa\u00a0l&#8217;Institut\u00a0Escola del Treball de Barcelona per potenciar les professions t\u00e8cniques entre les nenes de prim\u00e0ria. Edtwomendays,\u00a0el projecte que impulsa el talent femen\u00ed des de l&#8217;Escola del Treball de Barcelona,\u00a0\u00a0ofereix tallers en les instal\u00b7lacions del centre, adre\u00e7ats&hellip;<\/p><\/div>\n\n\n\n<div class=\"wp-block-getwid-template-post-button wp-block-button\" >\n    <a href=\"https:\/\/serveiseducatius.xtec.cat\/baixllobregat3\/portada\/projecte-edtwomendays\/\"  class=\"wp-block-button__link\" >\n\t\tLlegeix m\u00e9s\t<\/a>\n<\/div>\n\n\n\n<div class=\"wp-block-getwid-template-post-meta has-direction-row\" >\n    \n<div class=\"wp-block-getwid-template-post-author\" >\n    \t\t<i class=\"fas fa-user \"\n\t\t\t\t\t><\/i>\n\t\t    <a href=\"https:\/\/serveiseducatius.xtec.cat\/baixllobregat3\/author\/cverdug\/\">\n\t\tEdici\u00f3 CRP\t<\/a>\n<\/div>\n\n\n<div class=\"wp-block-getwid-template-post-date\" >\n    <time datetime=\"2025-03-12T12:10:04+01:00\">\t\t\t<i class=\"fas fa-calendar \"\n\t\t\t\t\t\t><\/i>\n\t\t\t\t<a href=\"https:\/\/serveiseducatius.xtec.cat\/baixllobregat3\/2025\/03\/12\/\">12\/03\/2025<\/a>\n\t<\/time>\n<\/div>\n\n\n<div class=\"wp-block-getwid-template-post-categories has-divider\" >\n    \t\t<i class=\"fas fa-folder-open \"\n\t\t\t\t\t><\/i>\n\t    <a href=\"https:\/\/serveiseducatius.xtec.cat\/baixllobregat3\/categoria\/dinamitzacio\/coeducacio\/\" rel=\"category tag\">Coeducaci\u00f3<\/a>, <a href=\"https:\/\/serveiseducatius.xtec.cat\/baixllobregat3\/categoria\/portada\/\" rel=\"category tag\">Portada SE<\/a><\/div>\n\n\n\n\n<\/div>\n\n\n\n<p><\/p>\n\t\t\t\t\t\t\t\t<\/div>\n\t\t\t\t\t\t\t\t\t\t\t\t\t\t\t<div class='wp-block-getwid-custom-post-type__post'>\n\t\t\t\t\t\t\t\t\t\n<h3 class=\"wp-block-getwid-template-post-title\"><a class=\"wp-block-getwid-template-post-title__link\" href=\"https:\/\/serveiseducatius.xtec.cat\/baixllobregat3\/portada\/proposta-dactivitat-en-el-marc-del-8m\/\">8M 2024. L&#8217;opressi\u00f3 vers la dona des del seu naixement.<\/a><\/h3>\n\n<figure style=\"aspect-ratio:auto; padding-right:var(--wp--preset--spacing--30);padding-left:var(--wp--preset--spacing--30);margin-top:0;margin-bottom:0;margin-left:0;margin-right:0;\" class=\"wp-block-post-featured-image\"><img loading=\"lazy\" decoding=\"async\" width=\"150\" height=\"118\" src=\"https:\/\/serveiseducatius.xtec.cat\/baixllobregat3\/wp-content\/uploads\/usu1182\/2024\/03\/8M-e1710845363770.png\" class=\"attachment-post-thumbnail size-post-thumbnail wp-post-image\" alt=\"\" style=\"border-radius:20px;border-style:none;border-width:0px;width:100%;height:100%;object-fit:contain;\" \/><\/figure>\n\n\n<div class=\"wp-block-getwid-template-post-content is-excerpt\" ><p>Des del Seminari de coeducaci\u00f3 i Perspectiva de G\u00e8nere, vam preparar una proposta d&#8217;activitat en el marc del 8M. La proposta ha tingut com a objectiu reflexionar i visibilitzar les opressions a les quals s\u00f3n sotmeses les nenes i dones des del seu naixement. Han participat una vintena de centres de la zona educativa i&hellip;<\/p><\/div>\n\n\n\n<div class=\"wp-block-getwid-template-post-button wp-block-button\" >\n    <a href=\"https:\/\/serveiseducatius.xtec.cat\/baixllobregat3\/portada\/proposta-dactivitat-en-el-marc-del-8m\/\"  class=\"wp-block-button__link\" >\n\t\tLlegeix m\u00e9s\t<\/a>\n<\/div>\n\n\n\n<div class=\"wp-block-getwid-template-post-meta has-direction-row\" >\n    \n<div class=\"wp-block-getwid-template-post-author\" >\n    \t\t<i class=\"fas fa-user \"\n\t\t\t\t\t><\/i>\n\t\t    <a href=\"https:\/\/serveiseducatius.xtec.cat\/baixllobregat3\/author\/cverdug\/\">\n\t\tEdici\u00f3 CRP\t<\/a>\n<\/div>\n\n\n<div class=\"wp-block-getwid-template-post-date\" >\n    <time datetime=\"2024-03-08T09:22:51+01:00\">\t\t\t<i class=\"fas fa-calendar \"\n\t\t\t\t\t\t><\/i>\n\t\t\t\t<a href=\"https:\/\/serveiseducatius.xtec.cat\/baixllobregat3\/2024\/03\/08\/\">08\/03\/2024<\/a>\n\t<\/time>\n<\/div>\n\n\n<div class=\"wp-block-getwid-template-post-categories has-divider\" >\n    \t\t<i class=\"fas fa-folder-open \"\n\t\t\t\t\t><\/i>\n\t    <a href=\"https:\/\/serveiseducatius.xtec.cat\/baixllobregat3\/categoria\/dinamitzacio\/coeducacio\/\" rel=\"category tag\">Coeducaci\u00f3<\/a>, <a href=\"https:\/\/serveiseducatius.xtec.cat\/baixllobregat3\/categoria\/portada\/\" rel=\"category tag\">Portada SE<\/a><\/div>\n\n\n<div class=\"wp-block-getwid-template-post-tags has-divider\" >\n\t<i class=\"fas fa-tags \"\n\t\t\t\t><\/i>\n\t<a href=\"https:\/\/serveiseducatius.xtec.cat\/baixllobregat3\/tag\/8m_zebll3\/\" rel=\"tag\">#8M_ZEBLL3<\/a><\/div>\n\n\n<\/div>\n\n\n\n<p><\/p>\n\t\t\t\t\t\t\t\t<\/div>\n\t\t\t\t\t\t\t\t\t\t\t\t\t\t\t<div class='wp-block-getwid-custom-post-type__post'>\n\t\t\t\t\t\t\t\t\t\n<h3 class=\"wp-block-getwid-template-post-title\"><a class=\"wp-block-getwid-template-post-title__link\" href=\"https:\/\/serveiseducatius.xtec.cat\/baixllobregat3\/portada\/dia-internacional-de-les-dones\/\">Dia Internacional de les Dones<\/a><\/h3>\n\n<figure style=\"aspect-ratio:auto; padding-right:var(--wp--preset--spacing--30);padding-left:var(--wp--preset--spacing--30);margin-top:0;margin-bottom:0;margin-left:0;margin-right:0;\" class=\"wp-block-post-featured-image\"><img loading=\"lazy\" decoding=\"async\" width=\"150\" height=\"150\" src=\"https:\/\/serveiseducatius.xtec.cat\/baixllobregat3\/wp-content\/uploads\/usu1182\/2024\/03\/553x553-dia-internacional-dones-24.png_1595044798-e1709627024813.png\" class=\"attachment-post-thumbnail size-post-thumbnail wp-post-image\" alt=\"\" style=\"border-radius:20px;border-style:none;border-width:0px;width:100%;height:100%;object-fit:contain;\" \/><\/figure>\n\n\n<div class=\"wp-block-getwid-template-post-content is-excerpt\" ><p>Per avan\u00e7ar cap a un futur equitatiu i sostenible, cal comptar amb les nenes i les dones i garantir-los l\u2019oportunitat d\u2019aprendre i liderar en totes les activitats humanes. Des del Departament d\u2019Educaci\u00f3, en el Dia Internacional de les Dones, ens sumem al missatge d\u2019ONU Dones:\u00a0&#8220;Invertim en dones. Accelerem\u00a0el progr\u00e9s&#8220;\u00a0i proposem activitats per sensibilitzar l\u2019alumnat i&hellip;<\/p><\/div>\n\n\n\n<div class=\"wp-block-getwid-template-post-button wp-block-button\" >\n    <a href=\"https:\/\/serveiseducatius.xtec.cat\/baixllobregat3\/portada\/dia-internacional-de-les-dones\/\"  class=\"wp-block-button__link\" >\n\t\tLlegeix m\u00e9s\t<\/a>\n<\/div>\n\n\n\n<div class=\"wp-block-getwid-template-post-meta has-direction-row\" >\n    \n<div class=\"wp-block-getwid-template-post-author\" >\n    \t\t<i class=\"fas fa-user \"\n\t\t\t\t\t><\/i>\n\t\t    <a href=\"https:\/\/serveiseducatius.xtec.cat\/baixllobregat3\/author\/cverdug\/\">\n\t\tEdici\u00f3 CRP\t<\/a>\n<\/div>\n\n\n<div class=\"wp-block-getwid-template-post-date\" >\n    <time datetime=\"2024-03-05T09:27:20+01:00\">\t\t\t<i class=\"fas fa-calendar \"\n\t\t\t\t\t\t><\/i>\n\t\t\t\t<a href=\"https:\/\/serveiseducatius.xtec.cat\/baixllobregat3\/2024\/03\/05\/\">05\/03\/2024<\/a>\n\t<\/time>\n<\/div>\n\n\n<div class=\"wp-block-getwid-template-post-categories has-divider\" >\n    \t\t<i class=\"fas fa-folder-open \"\n\t\t\t\t\t><\/i>\n\t    <a href=\"https:\/\/serveiseducatius.xtec.cat\/baixllobregat3\/categoria\/dinamitzacio\/coeducacio\/\" rel=\"category tag\">Coeducaci\u00f3<\/a>, <a href=\"https:\/\/serveiseducatius.xtec.cat\/baixllobregat3\/categoria\/dinamitzacio\/\" rel=\"category tag\">Dinamitzaci\u00f3<\/a>, <a href=\"https:\/\/serveiseducatius.xtec.cat\/baixllobregat3\/categoria\/portada\/\" rel=\"category tag\">Portada SE<\/a><\/div>\n\n\n<div class=\"wp-block-getwid-template-post-tags has-divider\" >\n\t<i class=\"fas fa-tags \"\n\t\t\t\t><\/i>\n\t<a href=\"https:\/\/serveiseducatius.xtec.cat\/baixllobregat3\/tag\/8m\/\" rel=\"tag\">#8m<\/a>, <a href=\"https:\/\/serveiseducatius.xtec.cat\/baixllobregat3\/tag\/les-escoles-lliures-de-violencies\/\" rel=\"tag\">les escoles lliures de viol\u00e8ncies<\/a><\/div>\n\n\n<\/div>\n\n\n\n<p><\/p>\n\t\t\t\t\t\t\t\t<\/div>\n\t\t\t\t\t\t\t\t\t\t\t\t\t\t\t<div class='wp-block-getwid-custom-post-type__post'>\n\t\t\t\t\t\t\t\t\t\n<h3 class=\"wp-block-getwid-template-post-title\"><a class=\"wp-block-getwid-template-post-title__link\" href=\"https:\/\/serveiseducatius.xtec.cat\/baixllobregat3\/portada\/6a-edicio-de-100tifiques\/\">6a edici\u00f3 de 100t\u00edfiques<\/a><\/h3>\n\n<figure style=\"aspect-ratio:auto; padding-right:var(--wp--preset--spacing--30);padding-left:var(--wp--preset--spacing--30);margin-top:0;margin-bottom:0;margin-left:0;margin-right:0;\" class=\"wp-block-post-featured-image\"><img loading=\"lazy\" decoding=\"async\" width=\"288\" height=\"52\" src=\"https:\/\/serveiseducatius.xtec.cat\/baixllobregat3\/wp-content\/uploads\/usu1182\/2023\/12\/100-tifiques-52.png\" class=\"attachment-post-thumbnail size-post-thumbnail wp-post-image\" alt=\"\" style=\"border-radius:20px;border-style:none;border-width:0px;width:100%;height:100%;object-fit:contain;\" srcset=\"https:\/\/serveiseducatius.xtec.cat\/baixllobregat3\/wp-content\/uploads\/usu1182\/2023\/12\/100-tifiques-52.png 288w, https:\/\/serveiseducatius.xtec.cat\/baixllobregat3\/wp-content\/uploads\/usu1182\/2023\/12\/100-tifiques-52-200x36.png 200w, https:\/\/serveiseducatius.xtec.cat\/baixllobregat3\/wp-content\/uploads\/usu1182\/2023\/12\/100-tifiques-52-120x22.png 120w\" sizes=\"auto, (max-width: 288px) 100vw, 288px\" \/><\/figure>\n\n\n<div class=\"wp-block-getwid-template-post-content is-excerpt\" ><p>Apunta\u2019t a la\u00a06a edici\u00f3 de #100t\u00edfiques Enguany se celebra el dimecres 7 de febrer del 2024 Un any m\u00e9s, la\u00a0Fundaci\u00f3 Catalana per a la Recerca i la Innovaci\u00f3 (FCRI)\u00a0i el\u00a0Barcelona Institute of Science and Technology (BIST), en col\u00b7laboraci\u00f3 amb el Departament d&#8217;Educaci\u00f3, us conviden a participar al programa #100t\u00edfiques, per tal d&#8217;inspirar nens i nenes&hellip;<\/p><\/div>\n\n\n\n<div class=\"wp-block-getwid-template-post-button wp-block-button\" >\n    <a href=\"https:\/\/serveiseducatius.xtec.cat\/baixllobregat3\/portada\/6a-edicio-de-100tifiques\/\"  class=\"wp-block-button__link\" >\n\t\tLlegeix m\u00e9s\t<\/a>\n<\/div>\n\n\n\n<div class=\"wp-block-getwid-template-post-meta has-direction-row\" >\n    \n<div class=\"wp-block-getwid-template-post-author\" >\n    \t\t<i class=\"fas fa-user \"\n\t\t\t\t\t><\/i>\n\t\t    <a href=\"https:\/\/serveiseducatius.xtec.cat\/baixllobregat3\/author\/cverdug\/\">\n\t\tEdici\u00f3 CRP\t<\/a>\n<\/div>\n\n\n<div class=\"wp-block-getwid-template-post-date\" >\n    <time datetime=\"2023-12-12T10:28:31+01:00\">\t\t\t<i class=\"fas fa-calendar \"\n\t\t\t\t\t\t><\/i>\n\t\t\t\t<a href=\"https:\/\/serveiseducatius.xtec.cat\/baixllobregat3\/2023\/12\/12\/\">12\/12\/2023<\/a>\n\t<\/time>\n<\/div>\n\n\n<div class=\"wp-block-getwid-template-post-categories has-divider\" >\n    \t\t<i class=\"fas fa-folder-open \"\n\t\t\t\t\t><\/i>\n\t    <a href=\"https:\/\/serveiseducatius.xtec.cat\/baixllobregat3\/categoria\/dinamica-educativa\/steam\/\" rel=\"category tag\">\u00c0mbit STEAM<\/a>, <a href=\"https:\/\/serveiseducatius.xtec.cat\/baixllobregat3\/categoria\/dinamitzacio\/coeducacio\/\" rel=\"category tag\">Coeducaci\u00f3<\/a>, <a href=\"https:\/\/serveiseducatius.xtec.cat\/baixllobregat3\/categoria\/portada\/\" rel=\"category tag\">Portada SE<\/a><\/div>\n\n\n<div class=\"wp-block-getwid-template-post-tags has-divider\" >\n\t<i class=\"fas fa-tags \"\n\t\t\t\t><\/i>\n\t<a href=\"https:\/\/serveiseducatius.xtec.cat\/baixllobregat3\/tag\/ciencia\/\" rel=\"tag\">ci\u00e8ncia<\/a>, <a href=\"https:\/\/serveiseducatius.xtec.cat\/baixllobregat3\/tag\/dones-cientifiques\/\" rel=\"tag\">dones cient\u00edfiques<\/a><\/div>\n\n\n<\/div>\n\n\n\n<p><\/p>\n\t\t\t\t\t\t\t\t<\/div>\n\t\t\t\t\t\t\t\t\t\t\t\t\t\t\t<div class='wp-block-getwid-custom-post-type__post'>\n\t\t\t\t\t\t\t\t\t\n<h3 class=\"wp-block-getwid-template-post-title\"><a class=\"wp-block-getwid-template-post-title__link\" href=\"https:\/\/serveiseducatius.xtec.cat\/baixllobregat3\/portada\/guia-de-recomanacions-lectores-estiu-2023\/\">Guia de Recomanacions Lectores. Estiu 2023.<\/a><\/h3>\n\n<figure style=\"aspect-ratio:auto; padding-right:var(--wp--preset--spacing--30);padding-left:var(--wp--preset--spacing--30);margin-top:0;margin-bottom:0;margin-left:0;margin-right:0;\" class=\"wp-block-post-featured-image\"><img loading=\"lazy\" decoding=\"async\" width=\"1160\" height=\"695\" src=\"https:\/\/serveiseducatius.xtec.cat\/baixllobregat3\/wp-content\/uploads\/usu1182\/2023\/06\/Captura.png\" class=\"attachment-post-thumbnail size-post-thumbnail wp-post-image\" alt=\"\" style=\"border-radius:20px;border-style:none;border-width:0px;width:100%;height:100%;object-fit:contain;\" srcset=\"https:\/\/serveiseducatius.xtec.cat\/baixllobregat3\/wp-content\/uploads\/usu1182\/2023\/06\/Captura.png 1160w, https:\/\/serveiseducatius.xtec.cat\/baixllobregat3\/wp-content\/uploads\/usu1182\/2023\/06\/Captura-200x120.png 200w, https:\/\/serveiseducatius.xtec.cat\/baixllobregat3\/wp-content\/uploads\/usu1182\/2023\/06\/Captura-600x359.png 600w, https:\/\/serveiseducatius.xtec.cat\/baixllobregat3\/wp-content\/uploads\/usu1182\/2023\/06\/Captura-120x72.png 120w, https:\/\/serveiseducatius.xtec.cat\/baixllobregat3\/wp-content\/uploads\/usu1182\/2023\/06\/Captura-768x460.png 768w\" sizes=\"auto, (max-width: 1160px) 100vw, 1160px\" \/><\/figure>\n\n\n<div class=\"wp-block-getwid-template-post-content is-excerpt\" ><p>Us apropem la Guia de Recomanacions Lectores per a aquest estiu que hem creat en el marc del Seminari de Dinamitzaci\u00f3 de Biblioteques Escolars. Aquest curs hem comptat amb la participaci\u00f3 de centres de Santa Coloma de Cervell\u00f3, Sant Boi i Esplugues. A partir de diferents propostes de les persones participants al seminari, hem organitzat&hellip;<\/p><\/div>\n\n\n\n<div class=\"wp-block-getwid-template-post-button wp-block-button\" >\n    <a href=\"https:\/\/serveiseducatius.xtec.cat\/baixllobregat3\/portada\/guia-de-recomanacions-lectores-estiu-2023\/\"  class=\"wp-block-button__link\" >\n\t\tLlegeix m\u00e9s\t<\/a>\n<\/div>\n\n\n\n<div class=\"wp-block-getwid-template-post-meta has-direction-row\" >\n    \n<div class=\"wp-block-getwid-template-post-author\" >\n    \t\t<i class=\"fas fa-user \"\n\t\t\t\t\t><\/i>\n\t\t    <a href=\"https:\/\/serveiseducatius.xtec.cat\/baixllobregat3\/author\/carles-catalan\/\">\n\t\t.Edici\u00f3 CRP.\t<\/a>\n<\/div>\n\n\n<div class=\"wp-block-getwid-template-post-date\" >\n    <time datetime=\"2023-06-19T10:48:29+02:00\">\t\t\t<i class=\"fas fa-calendar \"\n\t\t\t\t\t\t><\/i>\n\t\t\t\t<a href=\"https:\/\/serveiseducatius.xtec.cat\/baixllobregat3\/2023\/06\/19\/\">19\/06\/2023<\/a>\n\t<\/time>\n<\/div>\n\n\n<div class=\"wp-block-getwid-template-post-categories has-divider\" >\n    \t\t<i class=\"fas fa-folder-open \"\n\t\t\t\t\t><\/i>\n\t    <a href=\"https:\/\/serveiseducatius.xtec.cat\/baixllobregat3\/categoria\/activitats-de-centre\/\" rel=\"category tag\">Activitats de centre<\/a>, <a href=\"https:\/\/serveiseducatius.xtec.cat\/baixllobregat3\/categoria\/dinamitzacio\/ambitlinguistic\/\" rel=\"category tag\">\u00c0mbit ling\u00fc\u00edstic<\/a>, <a href=\"https:\/\/serveiseducatius.xtec.cat\/baixllobregat3\/categoria\/dinamitzacio\/biblioteca-escolar\/\" rel=\"category tag\">Biblioteca escolar<\/a>, <a href=\"https:\/\/serveiseducatius.xtec.cat\/baixllobregat3\/categoria\/dinamitzacio\/coeducacio\/\" rel=\"category tag\">Coeducaci\u00f3<\/a>, <a href=\"https:\/\/serveiseducatius.xtec.cat\/baixllobregat3\/categoria\/comunitat\/\" rel=\"category tag\">Comunitat<\/a>, <a href=\"https:\/\/serveiseducatius.xtec.cat\/baixllobregat3\/categoria\/sebll3\/se_crp\/\" rel=\"category tag\">CRP<\/a>, <a href=\"https:\/\/serveiseducatius.xtec.cat\/baixllobregat3\/categoria\/dinamitzacio\/\" rel=\"category tag\">Dinamitzaci\u00f3<\/a>, <a href=\"https:\/\/serveiseducatius.xtec.cat\/baixllobregat3\/categoria\/sebll3\/se_elic\/\" rel=\"category tag\">ELIC<\/a>, <a href=\"https:\/\/serveiseducatius.xtec.cat\/baixllobregat3\/categoria\/portada\/\" rel=\"category tag\">Portada SE<\/a>, <a href=\"https:\/\/serveiseducatius.xtec.cat\/baixllobregat3\/categoria\/recursos\/r_espailinguistic\/\" rel=\"category tag\">R.Espai Ling\u00fc\u00edstic<\/a>, <a href=\"https:\/\/serveiseducatius.xtec.cat\/baixllobregat3\/categoria\/sebll3\/\" rel=\"category tag\">SEBLL3<\/a><\/div>\n\n\n\n\n<\/div>\n\n\n\n<p><\/p>\n\t\t\t\t\t\t\t\t<\/div>\n\t\t\t\t\t\t\t            <\/div>\n\n                    <\/div>\n        ","protected":false},"excerpt":{"rendered":"<p>Not\u00edcies de Biblioteques escolars.<\/p>\n","protected":false},"author":29,"featured_media":1194,"parent":13693,"menu_order":0,"comment_status":"closed","ping_status":"closed","template":"","meta":{"_bbp_topic_count":0,"_bbp_reply_count":0,"_bbp_total_topic_count":0,"_bbp_total_reply_count":0,"_bbp_voice_count":0,"_bbp_anonymous_reply_count":0,"_bbp_topic_count_hidden":0,"_bbp_reply_count_hidden":0,"_bbp_forum_subforum_count":0,"site-sidebar-layout":"left-sidebar","site-content-layout":"","ast-site-content-layout":"normal-width-container","site-content-style":"default","site-sidebar-style":"default","ast-global-header-display":"","ast-banner-title-visibility":"","ast-main-header-display":"","ast-hfb-above-header-display":"","ast-hfb-below-header-display":"","ast-hfb-mobile-header-display":"","site-post-title":"","ast-breadcrumbs-content":"","ast-featured-img":"","footer-sml-layout":"","theme-transparent-header-meta":"","adv-header-id-meta":"","stick-header-meta":"","header-above-stick-meta":"","header-main-stick-meta":"","header-below-stick-meta":"","astra-migrate-meta-layouts":"set","ast-page-background-enabled":"default","ast-page-background-meta":{"desktop":{"background-color":"var(--ast-global-color-4)","background-image":"","background-repeat":"repeat","background-position":"center center","background-size":"auto","background-attachment":"scroll","background-type":"","background-media":"","overlay-type":"","overlay-color":"","overlay-opacity":"","overlay-gradient":""},"tablet":{"background-color":"","background-image":"","background-repeat":"repeat","background-position":"center center","background-size":"auto","background-attachment":"scroll","background-type":"","background-media":"","overlay-type":"","overlay-color":"","overlay-opacity":"","overlay-gradient":""},"mobile":{"background-color":"","background-image":"","background-repeat":"repeat","background-position":"center center","background-size":"auto","background-attachment":"scroll","background-type":"","background-media":"","overlay-type":"","overlay-color":"","overlay-opacity":"","overlay-gradient":""}},"ast-content-background-meta":{"desktop":{"background-color":"var(--ast-global-color-5)","background-image":"","background-repeat":"repeat","background-position":"center center","background-size":"auto","background-attachment":"scroll","background-type":"","background-media":"","overlay-type":"","overlay-color":"","overlay-opacity":"","overlay-gradient":""},"tablet":{"background-color":"var(--ast-global-color-5)","background-image":"","background-repeat":"repeat","background-position":"center center","background-size":"auto","background-attachment":"scroll","background-type":"","background-media":"","overlay-type":"","overlay-color":"","overlay-opacity":"","overlay-gradient":""},"mobile":{"background-color":"var(--ast-global-color-5)","background-image":"","background-repeat":"repeat","background-position":"center center","background-size":"auto","background-attachment":"scroll","background-type":"","background-media":"","overlay-type":"","overlay-color":"","overlay-opacity":"","overlay-gradient":""}},"footnotes":""},"class_list":["post-13747","page","type-page","status-publish","has-post-thumbnail","hentry"],"post_mailing_queue_ids":[],"_links":{"self":[{"href":"https:\/\/serveiseducatius.xtec.cat\/baixllobregat3\/wp-json\/wp\/v2\/pages\/13747","targetHints":{"allow":["GET"]}}],"collection":[{"href":"https:\/\/serveiseducatius.xtec.cat\/baixllobregat3\/wp-json\/wp\/v2\/pages"}],"about":[{"href":"https:\/\/serveiseducatius.xtec.cat\/baixllobregat3\/wp-json\/wp\/v2\/types\/page"}],"author":[{"embeddable":true,"href":"https:\/\/serveiseducatius.xtec.cat\/baixllobregat3\/wp-json\/wp\/v2\/users\/29"}],"replies":[{"embeddable":true,"href":"https:\/\/serveiseducatius.xtec.cat\/baixllobregat3\/wp-json\/wp\/v2\/comments?post=13747"}],"version-history":[{"count":6,"href":"https:\/\/serveiseducatius.xtec.cat\/baixllobregat3\/wp-json\/wp\/v2\/pages\/13747\/revisions"}],"predecessor-version":[{"id":13965,"href":"https:\/\/serveiseducatius.xtec.cat\/baixllobregat3\/wp-json\/wp\/v2\/pages\/13747\/revisions\/13965"}],"up":[{"embeddable":true,"href":"https:\/\/serveiseducatius.xtec.cat\/baixllobregat3\/wp-json\/wp\/v2\/pages\/13693"}],"wp:featuredmedia":[{"embeddable":true,"href":"https:\/\/serveiseducatius.xtec.cat\/baixllobregat3\/wp-json\/wp\/v2\/media\/1194"}],"wp:attachment":[{"href":"https:\/\/serveiseducatius.xtec.cat\/baixllobregat3\/wp-json\/wp\/v2\/media?parent=13747"}],"curies":[{"name":"wp","href":"https:\/\/api.w.org\/{rel}","templated":true}]}}