{"id":1314,"date":"2018-09-03T10:23:40","date_gmt":"2018-09-03T08:23:40","guid":{"rendered":"http:\/\/serveiseducatius.xtec.cat\/baixllobregat3\/?page_id=1314"},"modified":"2025-09-05T12:32:42","modified_gmt":"2025-09-05T10:32:42","slug":"calendari-pfz","status":"publish","type":"page","link":"https:\/\/serveiseducatius.xtec.cat\/baixllobregat3\/formacio\/calendari-pfz\/","title":{"rendered":"Calendari PFZ"},"content":{"rendered":"<h4>Calendari Pla de Formaci\u00f3 de Zona. Curs 2021\/2022<\/h4>\n<table class=\"table\" style=\"width: 44.4825%; height: 247px;\">\n<tbody>\n<tr style=\"height: 33px;\">\n<td style=\"height: 33px; width: 95.5954%;\"><b>Proc\u00e9s<\/b><\/td>\n<\/tr>\n<tr style=\"height: 33px;\">\n<td style=\"height: 33px; width: 95.5954%;\">Detecci\u00f3 de necessitats<\/td>\n<\/tr>\n<tr style=\"height: 49px;\">\n<td style=\"height: 49px; width: 95.5954%;\">Vist-i-plau de la Inspecci\u00f3\u00a0a les activitats demanades en la modalitat de <i>Formaci\u00f3 a centre<\/i><\/td>\n<\/tr>\n<tr style=\"height: 33px;\">\n<td style=\"height: 33px; width: 95.5954%;\">Comissi\u00f3 PFZ de ZE BLL3:\u00a0Valoraci\u00f3 i aprovaci\u00f3\u00a0de les demandes rebudes.<\/td>\n<\/tr>\n<tr style=\"height: 33px;\">\n<td style=\"height: 33px; width: 95.5954%;\">Confirmaci\u00f3 de les activitats<\/td>\n<\/tr>\n<tr style=\"height: 33px;\">\n<td style=\"height: 33px; width: 95.5954%;\">Publicaci\u00f3\u00a0de les activitats aprovades<\/td>\n<\/tr>\n<tr style=\"height: 33px;\">\n<td style=\"height: 33px; width: 95.5954%;\">Inscripci\u00f3\u00a0del professorat a les activitats<\/td>\n<\/tr>\n<\/tbody>\n<\/table>\n<p><strong>Inscripcions \u00a0<\/strong><\/p>\n<table class=\"table\" style=\"height: 177px; width: 733px;\" width=\"747\">\n<tbody>\n<tr>\n<td style=\"width: 173px;\"><strong>Per\u00edodes d&#8217;inscripci\u00f3<\/strong><\/td>\n<td style=\"width: 182px; text-align: center;\"><strong>Sol\u00b7licitud de pla\u00e7a<\/strong><\/td>\n<td style=\"width: 202px; text-align: center;\"><strong>Consulta d\u2019adjudicacions<\/strong><\/td>\n<td style=\"width: 176px; text-align: center;\"><strong>Inici de les activitats<\/strong><\/td>\n<\/tr>\n<tr>\n<td style=\"width: 173px;\">Primer torn<\/td>\n<td style=\"width: 182px; text-align: center;\">del 5 al 21 de setembre<\/td>\n<td style=\"width: 202px; text-align: center;\">7 d\u2019octubre<\/td>\n<td style=\"width: 176px; text-align: center;\">a partir del 13 d&#8217;octubre<\/td>\n<\/tr>\n<tr>\n<td style=\"width: 173px;\">Segon torn<\/td>\n<td style=\"width: 182px; text-align: center;\">del 7 al 15 de gener<\/td>\n<td style=\"width: 202px; text-align: center;\">30 de gener<\/td>\n<td style=\"width: 176px; text-align: center;\">a partir del 6 de febrer<\/td>\n<\/tr>\n<tr>\n<td style=\"width: 173px;\">Formaci\u00f3 d&#8217;estiu<\/td>\n<td style=\"width: 182px; text-align: center;\">del 14 al 28 de maig<\/td>\n<td style=\"width: 202px; text-align: center;\">16 de juny<\/td>\n<td style=\"width: 176px; text-align: center;\">a partir de l&#8217;1 de juliol<\/td>\n<\/tr>\n<\/tbody>\n<\/table>\n<p>La inscripci\u00f3 a les activitats de formaci\u00f3\u00a0\u00a0<strong>es realitzar\u00e0 individualment identificant-se com usuari\/a XTEC<\/strong>, excepte als seminaris de coordinaci\u00f3 o altres activitats que impliquin l\u2019assignaci\u00f3 per part de la direcci\u00f3 del centre; aquestes\u00a0<strong>les haur\u00e0 de realitzar la direcci\u00f3 del centre o persona autoritzada identificant-se com usuari\/a XTEC<\/strong>\u00a0a traves de l\u2019enlla\u00e7\u00a0<a href=\"http:\/\/xtec.gencat.cat\/ca\/formacio\/la-meva-formacio\/inscripcio-direccions\/\" target=\"_blank\" rel=\"noopener noreferrer\">Inscripci\u00f3 Direcci\u00f3<\/a>\u00a0que tamb\u00e9 trobareu a la\u00a0<a href=\"http:\/\/xtec.gencat.cat\/ca\/formacio\/\" target=\"_blank\" rel=\"noopener noreferrer\">secci\u00f3 de Formaci\u00f3 del portal de la XTEC<\/a><\/p>\n","protected":false},"excerpt":{"rendered":"<p>Calendari Pla de Formaci\u00f3 de Zona. Curs 2021\/2022 Proc\u00e9s Detecci\u00f3 de necessitats Vist-i-plau de la Inspecci\u00f3\u00a0a les activitats demanades en la modalitat de Formaci\u00f3 a centre Comissi\u00f3 PFZ de ZE BLL3:\u00a0Valoraci\u00f3 i aprovaci\u00f3\u00a0de les demandes rebudes. Confirmaci\u00f3 de les activitats Publicaci\u00f3\u00a0de les activitats aprovades Inscripci\u00f3\u00a0del professorat a les activitats Inscripcions \u00a0 Per\u00edodes d&#8217;inscripci\u00f3 Sol\u00b7licitud de [&hellip;]<\/p>\n","protected":false},"author":1,"featured_media":0,"parent":416,"menu_order":0,"comment_status":"closed","ping_status":"closed","template":"","meta":{"_bbp_topic_count":0,"_bbp_reply_count":0,"_bbp_total_topic_count":0,"_bbp_total_reply_count":0,"_bbp_voice_count":0,"_bbp_anonymous_reply_count":0,"_bbp_topic_count_hidden":0,"_bbp_reply_count_hidden":0,"_bbp_forum_subforum_count":0,"site-sidebar-layout":"default","site-content-layout":"","ast-site-content-layout":"","site-content-style":"default","site-sidebar-style":"default","ast-global-header-display":"","ast-banner-title-visibility":"","ast-main-header-display":"","ast-hfb-above-header-display":"","ast-hfb-below-header-display":"","ast-hfb-mobile-header-display":"","site-post-title":"","ast-breadcrumbs-content":"","ast-featured-img":"","footer-sml-layout":"","theme-transparent-header-meta":"","adv-header-id-meta":"","stick-header-meta":"","header-above-stick-meta":"","header-main-stick-meta":"","header-below-stick-meta":"","astra-migrate-meta-layouts":"default","ast-page-background-enabled":"default","ast-page-background-meta":{"desktop":{"background-color":"var(--ast-global-color-4)","background-image":"","background-repeat":"repeat","background-position":"center center","background-size":"auto","background-attachment":"scroll","background-type":"","background-media":"","overlay-type":"","overlay-color":"","overlay-opacity":"","overlay-gradient":""},"tablet":{"background-color":"","background-image":"","background-repeat":"repeat","background-position":"center center","background-size":"auto","background-attachment":"scroll","background-type":"","background-media":"","overlay-type":"","overlay-color":"","overlay-opacity":"","overlay-gradient":""},"mobile":{"background-color":"","background-image":"","background-repeat":"repeat","background-position":"center center","background-size":"auto","background-attachment":"scroll","background-type":"","background-media":"","overlay-type":"","overlay-color":"","overlay-opacity":"","overlay-gradient":""}},"ast-content-background-meta":{"desktop":{"background-color":"var(--ast-global-color-5)","background-image":"","background-repeat":"repeat","background-position":"center center","background-size":"auto","background-attachment":"scroll","background-type":"","background-media":"","overlay-type":"","overlay-color":"","overlay-opacity":"","overlay-gradient":""},"tablet":{"background-color":"var(--ast-global-color-5)","background-image":"","background-repeat":"repeat","background-position":"center center","background-size":"auto","background-attachment":"scroll","background-type":"","background-media":"","overlay-type":"","overlay-color":"","overlay-opacity":"","overlay-gradient":""},"mobile":{"background-color":"var(--ast-global-color-5)","background-image":"","background-repeat":"repeat","background-position":"center center","background-size":"auto","background-attachment":"scroll","background-type":"","background-media":"","overlay-type":"","overlay-color":"","overlay-opacity":"","overlay-gradient":""}},"footnotes":""},"class_list":["post-1314","page","type-page","status-publish","hentry"],"post_mailing_queue_ids":[],"_links":{"self":[{"href":"https:\/\/serveiseducatius.xtec.cat\/baixllobregat3\/wp-json\/wp\/v2\/pages\/1314","targetHints":{"allow":["GET"]}}],"collection":[{"href":"https:\/\/serveiseducatius.xtec.cat\/baixllobregat3\/wp-json\/wp\/v2\/pages"}],"about":[{"href":"https:\/\/serveiseducatius.xtec.cat\/baixllobregat3\/wp-json\/wp\/v2\/types\/page"}],"author":[{"embeddable":true,"href":"https:\/\/serveiseducatius.xtec.cat\/baixllobregat3\/wp-json\/wp\/v2\/users\/1"}],"replies":[{"embeddable":true,"href":"https:\/\/serveiseducatius.xtec.cat\/baixllobregat3\/wp-json\/wp\/v2\/comments?post=1314"}],"version-history":[{"count":5,"href":"https:\/\/serveiseducatius.xtec.cat\/baixllobregat3\/wp-json\/wp\/v2\/pages\/1314\/revisions"}],"predecessor-version":[{"id":13581,"href":"https:\/\/serveiseducatius.xtec.cat\/baixllobregat3\/wp-json\/wp\/v2\/pages\/1314\/revisions\/13581"}],"up":[{"embeddable":true,"href":"https:\/\/serveiseducatius.xtec.cat\/baixllobregat3\/wp-json\/wp\/v2\/pages\/416"}],"wp:attachment":[{"href":"https:\/\/serveiseducatius.xtec.cat\/baixllobregat3\/wp-json\/wp\/v2\/media?parent=1314"}],"curies":[{"name":"wp","href":"https:\/\/api.w.org\/{rel}","templated":true}]}}