{"id":10864,"date":"2020-06-21T21:56:44","date_gmt":"2020-06-21T19:56:44","guid":{"rendered":"http:\/\/serveiseducatius.xtec.cat\/baixllobregat3\/?page_id=10864"},"modified":"2021-01-13T11:43:23","modified_gmt":"2021-01-13T10:43:23","slug":"cita-previa","status":"publish","type":"page","link":"https:\/\/serveiseducatius.xtec.cat\/baixllobregat3\/cita-previa\/","title":{"rendered":"CITA PR\u00c8VIA"},"content":{"rendered":"<p>Posem a disposici\u00f3 de les fam\u00edlies el servei de cita pr\u00e8via per tal de poder realitzar la signatura dels informes t\u00e8cnics d&#8217;escolaritzaci\u00f3, si s&#8217;escau. Preguem que es <span style=\"text-decoration: underline;\">posin en contacte amb el seu referent de centre<\/span>, a trav\u00e9s :<\/p>\n<ul>\n<li>correu electr\u00f2nic EAP: <strong><a href=\"mailto:a8900300@xtec.cat\" target=\"_blank\" rel=\"noopener noreferrer\">a8900300@xtec.cat<\/a><\/strong><\/li>\n<li>tel\u00e8fon <strong>93 554 17 20<\/strong> ( de dilluns a divendres de 9 a 14h)<\/li>\n<\/ul>\n<p>per tal de poder agendar la visita el dia d&#8217;atenci\u00f3 presencial d&#8217;aquest professional, si \u00e9s possible.<\/p>\n<p>En el moment de realitzar la reserva de cita pr\u00e8via en l\u00ednia cal tenir en compte que cal omplir totes les dades sol\u00b7licitades i en\u00a0 l&#8217;<strong>apartat d&#8217;observacions<\/strong> cal informar de les seg\u00fcents dades:<\/p>\n<ul>\n<li>NOM del seu fill o la seva filla.<\/li>\n<li>CENTRE educatiu on actualment est\u00e0 escolaritzat.<\/li>\n<\/ul>\n<p><a href=\"https:\/\/aplicacions.gestioeducativa.gencat.cat\/pls\/apex\/f?p=CITA_PREVIA:4::::4:P4_TIPUS_CALENDARI,P4_DOMINI:01_Titols,08900300\" target=\"_blank\" rel=\"noopener noreferrer\"><img loading=\"lazy\" decoding=\"async\" class=\"alignleft\" style=\"border-style: dotted;\" src=\"https:\/\/serveiseducatius.xtec.cat\/baixllobregat3\/wp-content\/uploads\/usu1182\/2020\/06\/Cita_Pr\u00e8via.jpg\" alt=\"Cita Pr\u00e8via\" width=\"290\" height=\"174\" \/><\/a><\/p>\n<p>&nbsp;<\/p>\n<p><a href=\"https:\/\/aplicacions.gestioeducativa.gencat.cat\/pls\/apex\/f?p=CITA_PREVIA:4::::4:P4_TIPUS_CALENDARI,P4_DOMINI:01_Titols,08900300\" target=\"_blank\" rel=\"noopener noreferrer\">Acc\u00e9s a gesti\u00f3 de CITA PR\u00c8VIA<\/a><\/p>\n<p>&nbsp;<\/p>\n<p>&nbsp;<\/p>\n<p><strong>Recordi que per l&#8217;atenci\u00f3 presencial: <\/strong><\/p>\n<ul>\n<li>\u00c9s obligatori l&#8217;\u00fas de mascareta.<\/li>\n<li>L&#8217;atenci\u00f3 \u00e9s individualitzada.<\/li>\n<li>S&#8217;atendr\u00e0 nom\u00e9s amb cita pr\u00e8via.<\/li>\n<li>Temperatura corporal inferior a 37&#8217;5\u00baC<\/li>\n<\/ul>\n<p><img loading=\"lazy\" decoding=\"async\" class=\"alignnone size-full wp-image-11005\" src=\"https:\/\/serveiseducatius.xtec.cat\/baixllobregat3\/wp-content\/uploads\/usu1182\/2020\/09\/CondCitaPr\u00e8via_Temp.jpg\" alt=\"\" width=\"285\" height=\"65\" srcset=\"https:\/\/serveiseducatius.xtec.cat\/baixllobregat3\/wp-content\/uploads\/usu1182\/2020\/09\/CondCitaPr\u00e8via_Temp.jpg 285w, https:\/\/serveiseducatius.xtec.cat\/baixllobregat3\/wp-content\/uploads\/usu1182\/2020\/09\/CondCitaPr\u00e8via_Temp-120x27.jpg 120w, https:\/\/serveiseducatius.xtec.cat\/baixllobregat3\/wp-content\/uploads\/usu1182\/2020\/09\/CondCitaPr\u00e8via_Temp-200x46.jpg 200w\" sizes=\"auto, (max-width: 285px) 100vw, 285px\" \/><\/p>\n<p>&nbsp;<\/p>\n<p><strong>Requisits d&#8217;acc\u00e9s a les instal\u00b7lacions del SE BLL3<\/strong><\/p>\n<ul>\n<li>Abs\u00e8ncia de simptomatologia compatible amb la COVID-19 (febre, tos, dificultat respirat\u00f2ria, malestar, diarrea&#8230;) o amb qualsevol altre quadre infecci\u00f3s.<\/li>\n<\/ul>\n<ul>\n<li>No \u00e9s convenient l\u2019entrada a les instal\u00b7lacions dels serveis educatius per a aquelles persones convivents o amb contacte estret amb una persona que tingui diagn\u00f2stic positiu confirmat o simptomatologia compatible en els 14 dies anteriors.<\/li>\n<\/ul>\n<p>&nbsp;<\/p>\n<p>&nbsp;<\/p>\n","protected":false},"excerpt":{"rendered":"<p>Posem a disposici\u00f3 de les fam\u00edlies el servei de cita pr\u00e8via per tal de poder realitzar la signatura dels informes t\u00e8cnics d&#8217;escolaritzaci\u00f3, si s&#8217;escau. Preguem que es posin en contacte amb el seu referent de centre, a trav\u00e9s : correu electr\u00f2nic EAP: a8900300@xtec.cat tel\u00e8fon 93 554 17 20 ( de dilluns a divendres de 9 [&hellip;]<\/p>\n","protected":false},"author":29,"featured_media":0,"parent":0,"menu_order":0,"comment_status":"closed","ping_status":"closed","template":"","meta":{"_bbp_topic_count":0,"_bbp_reply_count":0,"_bbp_total_topic_count":0,"_bbp_total_reply_count":0,"_bbp_voice_count":0,"_bbp_anonymous_reply_count":0,"_bbp_topic_count_hidden":0,"_bbp_reply_count_hidden":0,"_bbp_forum_subforum_count":0,"site-sidebar-layout":"default","site-content-layout":"","ast-site-content-layout":"","site-content-style":"default","site-sidebar-style":"default","ast-global-header-display":"","ast-banner-title-visibility":"","ast-main-header-display":"","ast-hfb-above-header-display":"","ast-hfb-below-header-display":"","ast-hfb-mobile-header-display":"","site-post-title":"","ast-breadcrumbs-content":"","ast-featured-img":"","footer-sml-layout":"","theme-transparent-header-meta":"","adv-header-id-meta":"","stick-header-meta":"","header-above-stick-meta":"","header-main-stick-meta":"","header-below-stick-meta":"","astra-migrate-meta-layouts":"default","ast-page-background-enabled":"default","ast-page-background-meta":{"desktop":{"background-color":"var(--ast-global-color-4)","background-image":"","background-repeat":"repeat","background-position":"center center","background-size":"auto","background-attachment":"scroll","background-type":"","background-media":"","overlay-type":"","overlay-color":"","overlay-opacity":"","overlay-gradient":""},"tablet":{"background-color":"","background-image":"","background-repeat":"repeat","background-position":"center center","background-size":"auto","background-attachment":"scroll","background-type":"","background-media":"","overlay-type":"","overlay-color":"","overlay-opacity":"","overlay-gradient":""},"mobile":{"background-color":"","background-image":"","background-repeat":"repeat","background-position":"center center","background-size":"auto","background-attachment":"scroll","background-type":"","background-media":"","overlay-type":"","overlay-color":"","overlay-opacity":"","overlay-gradient":""}},"ast-content-background-meta":{"desktop":{"background-color":"var(--ast-global-color-5)","background-image":"","background-repeat":"repeat","background-position":"center center","background-size":"auto","background-attachment":"scroll","background-type":"","background-media":"","overlay-type":"","overlay-color":"","overlay-opacity":"","overlay-gradient":""},"tablet":{"background-color":"var(--ast-global-color-5)","background-image":"","background-repeat":"repeat","background-position":"center center","background-size":"auto","background-attachment":"scroll","background-type":"","background-media":"","overlay-type":"","overlay-color":"","overlay-opacity":"","overlay-gradient":""},"mobile":{"background-color":"var(--ast-global-color-5)","background-image":"","background-repeat":"repeat","background-position":"center center","background-size":"auto","background-attachment":"scroll","background-type":"","background-media":"","overlay-type":"","overlay-color":"","overlay-opacity":"","overlay-gradient":""}},"footnotes":""},"class_list":["post-10864","page","type-page","status-publish","hentry"],"post_mailing_queue_ids":[],"_links":{"self":[{"href":"https:\/\/serveiseducatius.xtec.cat\/baixllobregat3\/wp-json\/wp\/v2\/pages\/10864","targetHints":{"allow":["GET"]}}],"collection":[{"href":"https:\/\/serveiseducatius.xtec.cat\/baixllobregat3\/wp-json\/wp\/v2\/pages"}],"about":[{"href":"https:\/\/serveiseducatius.xtec.cat\/baixllobregat3\/wp-json\/wp\/v2\/types\/page"}],"author":[{"embeddable":true,"href":"https:\/\/serveiseducatius.xtec.cat\/baixllobregat3\/wp-json\/wp\/v2\/users\/29"}],"replies":[{"embeddable":true,"href":"https:\/\/serveiseducatius.xtec.cat\/baixllobregat3\/wp-json\/wp\/v2\/comments?post=10864"}],"version-history":[{"count":3,"href":"https:\/\/serveiseducatius.xtec.cat\/baixllobregat3\/wp-json\/wp\/v2\/pages\/10864\/revisions"}],"predecessor-version":[{"id":11261,"href":"https:\/\/serveiseducatius.xtec.cat\/baixllobregat3\/wp-json\/wp\/v2\/pages\/10864\/revisions\/11261"}],"wp:attachment":[{"href":"https:\/\/serveiseducatius.xtec.cat\/baixllobregat3\/wp-json\/wp\/v2\/media?parent=10864"}],"curies":[{"name":"wp","href":"https:\/\/api.w.org\/{rel}","templated":true}]}}