{"id":7387,"date":"2025-10-30T16:54:48","date_gmt":"2025-10-30T15:54:48","guid":{"rendered":"https:\/\/serveiseducatius.xtec.cat\/baixllobregat2\/?page_id=7387"},"modified":"2026-03-12T11:20:42","modified_gmt":"2026-03-12T10:20:42","slug":"eap","status":"publish","type":"page","link":"https:\/\/serveiseducatius.xtec.cat\/baixllobregat2\/eap\/","title":{"rendered":"EAP"},"content":{"rendered":"\n<p>L&#8217; <strong>Equip d\u2019Atenci\u00f3 Psicopedag\u00f2gica<\/strong> dona suport als centres educatius i al professorat en la resposta educativa a la variabilitat de l\u2019alumnat i en relaci\u00f3 amb els alumnes que presenten necessitats educatives espec\u00edfiques, aix\u00ed com a les seves fam\u00edlies.<\/p>\n\n\n\n<p>S\u2019adre\u00e7a als centres educatius: equips directius, professorat i professionals implicats en l\u2019atenci\u00f3 a l\u2019alumnat amb dificultats o amb necessitats educatives espec\u00edfiques; alumnat i les seves fam\u00edlies, i el treball a la seva zona d\u2019actuaci\u00f3 posant la mirada en l\u2019eliminaci\u00f3 de les barreres.<\/p>\n\n\n\n<p>Les seves funcions s\u00f3n:<\/p>\n\n\n\n<ul class=\"wp-block-list\">\n<li>Identificaci\u00f3 i avaluaci\u00f3 de les necessitats especials dels alumnes.<\/li>\n<\/ul>\n\n\n\n<ul class=\"wp-block-list\">\n<li>Assessorament als Plans Individualitzats.<\/li>\n<\/ul>\n\n\n\n<ul class=\"wp-block-list\">\n<li>Assessorament sobre aspectes psicopedag\u00f2gics i d\u2019atenci\u00f3 a la diversitat de necessitats de l\u2019alumnat.<\/li>\n<\/ul>\n\n\n\n<ul class=\"wp-block-list\">\n<li>Orientaci\u00f3 acad\u00e8mica i professional a l\u2019alumnat, fam\u00edlies i equips docents.<\/li>\n<\/ul>\n\n\n\n<ul class=\"wp-block-list\">\n<li>Col\u00b7laboraci\u00f3 amb els serveis socials i sanitaris.<\/li>\n<\/ul>\n\n\n\n<p><strong>Professionals adscrits a l\u2019EAP<\/strong><br><\/p>\n\n\n\n<p>\u2013 Raquel Aros (<strong>directora<\/strong>)<br>\u2013 Carme \u00c1lvarez<br>\u2013 Manuela Cordero<br>\u2013 Cristina Duran<br>\u2013 Maria Figueres<br>\u2013 Laia Marc\u00e8<br>\u2013 Gisela Matas<br>\u2013 Maria Porcel<br>\u2013 Gemma Ruiz<br>\u2013 Helena Valero<br>\u2013 Elisabet Vela<br>\u2013 Victoria Villatoro<\/p>\n\n\n\n<p><strong>Treballadores Socials<\/strong> <br>\u2013 Eva Moya<br>\u2013 Bea Zancada<br><\/p>\n\n\n\n<p><\/p>\n\n\n\n<p><\/p>\n\n\n\n<p><\/p>\n\n\n\n<p><\/p>\n\n\n\n<p><\/p>\n\n\n\n<p><\/p>\n","protected":false},"excerpt":{"rendered":"<p>L&#8217; Equip d\u2019Atenci\u00f3 Psicopedag\u00f2gica dona suport als centres educatius i al professorat en la resposta educativa a la variabilitat de l\u2019alumnat i en relaci\u00f3 amb els alumnes que presenten necessitats educatives espec\u00edfiques, aix\u00ed com a les seves fam\u00edlies. S\u2019adre\u00e7a als centres educatius: equips directius, professorat i professionals implicats en l\u2019atenci\u00f3 a l\u2019alumnat amb dificultats o [&hellip;]<\/p>\n","protected":false},"author":1,"featured_media":0,"parent":0,"menu_order":0,"comment_status":"closed","ping_status":"close","template":"","meta":{"_bbp_topic_count":0,"_bbp_reply_count":0,"_bbp_total_topic_count":0,"_bbp_total_reply_count":0,"_bbp_voice_count":0,"_bbp_anonymous_reply_count":0,"_bbp_topic_count_hidden":0,"_bbp_reply_count_hidden":0,"_bbp_forum_subforum_count":0,"site-sidebar-layout":"default","site-content-layout":"","ast-site-content-layout":"default","site-content-style":"default","site-sidebar-style":"default","ast-global-header-display":"","ast-banner-title-visibility":"","ast-main-header-display":"","ast-hfb-above-header-display":"","ast-hfb-below-header-display":"","ast-hfb-mobile-header-display":"","site-post-title":"","ast-breadcrumbs-content":"","ast-featured-img":"","footer-sml-layout":"","theme-transparent-header-meta":"","adv-header-id-meta":"","stick-header-meta":"","header-above-stick-meta":"","header-main-stick-meta":"","header-below-stick-meta":"","astra-migrate-meta-layouts":"set","ast-page-background-enabled":"default","ast-page-background-meta":{"desktop":{"background-color":"var(--ast-global-color-4)","background-image":"","background-repeat":"repeat","background-position":"center center","background-size":"auto","background-attachment":"scroll","background-type":"","background-media":"","overlay-type":"","overlay-color":"","overlay-opacity":"","overlay-gradient":""},"tablet":{"background-color":"","background-image":"","background-repeat":"repeat","background-position":"center center","background-size":"auto","background-attachment":"scroll","background-type":"","background-media":"","overlay-type":"","overlay-color":"","overlay-opacity":"","overlay-gradient":""},"mobile":{"background-color":"","background-image":"","background-repeat":"repeat","background-position":"center center","background-size":"auto","background-attachment":"scroll","background-type":"","background-media":"","overlay-type":"","overlay-color":"","overlay-opacity":"","overlay-gradient":""}},"ast-content-background-meta":{"desktop":{"background-color":"var(--ast-global-color-5)","background-image":"","background-repeat":"repeat","background-position":"center center","background-size":"auto","background-attachment":"scroll","background-type":"","background-media":"","overlay-type":"","overlay-color":"","overlay-opacity":"","overlay-gradient":""},"tablet":{"background-color":"var(--ast-global-color-5)","background-image":"","background-repeat":"repeat","background-position":"center center","background-size":"auto","background-attachment":"scroll","background-type":"","background-media":"","overlay-type":"","overlay-color":"","overlay-opacity":"","overlay-gradient":""},"mobile":{"background-color":"var(--ast-global-color-5)","background-image":"","background-repeat":"repeat","background-position":"center center","background-size":"auto","background-attachment":"scroll","background-type":"","background-media":"","overlay-type":"","overlay-color":"","overlay-opacity":"","overlay-gradient":""}},"footnotes":""},"class_list":["post-7387","page","type-page","status-publish","hentry"],"post_mailing_queue_ids":[],"_links":{"self":[{"href":"https:\/\/serveiseducatius.xtec.cat\/baixllobregat2\/wp-json\/wp\/v2\/pages\/7387","targetHints":{"allow":["GET"]}}],"collection":[{"href":"https:\/\/serveiseducatius.xtec.cat\/baixllobregat2\/wp-json\/wp\/v2\/pages"}],"about":[{"href":"https:\/\/serveiseducatius.xtec.cat\/baixllobregat2\/wp-json\/wp\/v2\/types\/page"}],"author":[{"embeddable":true,"href":"https:\/\/serveiseducatius.xtec.cat\/baixllobregat2\/wp-json\/wp\/v2\/users\/1"}],"replies":[{"embeddable":true,"href":"https:\/\/serveiseducatius.xtec.cat\/baixllobregat2\/wp-json\/wp\/v2\/comments?post=7387"}],"version-history":[{"count":6,"href":"https:\/\/serveiseducatius.xtec.cat\/baixllobregat2\/wp-json\/wp\/v2\/pages\/7387\/revisions"}],"predecessor-version":[{"id":7616,"href":"https:\/\/serveiseducatius.xtec.cat\/baixllobregat2\/wp-json\/wp\/v2\/pages\/7387\/revisions\/7616"}],"wp:attachment":[{"href":"https:\/\/serveiseducatius.xtec.cat\/baixllobregat2\/wp-json\/wp\/v2\/media?parent=7387"}],"curies":[{"name":"wp","href":"https:\/\/api.w.org\/{rel}","templated":true}]}}