{"id":7385,"date":"2025-10-30T16:54:19","date_gmt":"2025-10-30T15:54:19","guid":{"rendered":"https:\/\/serveiseducatius.xtec.cat\/baixllobregat2\/?page_id=7385"},"modified":"2025-11-05T12:07:57","modified_gmt":"2025-11-05T11:07:57","slug":"creda","status":"publish","type":"page","link":"https:\/\/serveiseducatius.xtec.cat\/baixllobregat2\/creda\/","title":{"rendered":"CREDA"},"content":{"rendered":"\n<p>En el marc d\u2019actuaci\u00f3 del\u00a0<strong>CREDA<\/strong>\u00a0establert pel Departament d\u2019Educaci\u00f3 de la Generalitat de Catalunya, amb la finalitat d\u2019afavorir l\u2019\u00e8xit escolar i l\u2019equitat als alumnes amb dificultats d\u2019audici\u00f3 i\/o llenguatge que interfereixen en el seu desenvolupament personal, social i curricular, les seves actuacions s\u00f3n:<\/p>\n\n\n\n<ul class=\"wp-block-list\">\n<li>Orientaci\u00f3 de la intervenci\u00f3 a partir de les necessitats educatives que les dificultats auditives, ling\u00fc\u00edstiques i\/o comunicatives generen en els alumnes.<\/li>\n\n\n\n<li>Orientaci\u00f3 de l\u2019atenci\u00f3 en el marc de l\u2019escola inclusiva i a partir de l\u2019\u00fas de recursos propis del centre i el suport al professorat.<\/li>\n\n\n\n<li>Organitzaci\u00f3 de la resposta educativa i l\u2019atenci\u00f3 del CREDA als alumnes amb dificultats auditives i\/o ling\u00fc\u00edstiques a partir de les compet\u00e8ncies dels alumnes i de les necessitats ling\u00fc\u00edstiques i educatives espec\u00edfiques que cal compensar.<\/li>\n\n\n\n<li>Reserva de l\u2019atenci\u00f3 a c\u00e0rrec d\u2019especialistes dels CREDA quan les dificultats auditives, ling\u00fc\u00edstiques i\/o comunicatives dels alumnes els dificulten l\u2019acc\u00e9s al curr\u00edculum.<\/li>\n<\/ul>\n\n\n\n<p><strong>Professionals adscrits<br><\/strong><br>\u2013 Anna Flores<br>\u2013 Cristina Jim\u00e9nez<br>\u2013 Ana Laguna<br>\u2013 Elena Mar\u00edn<br>\u2013 Sonia del Moral<br>\u2013 Judit Mota<br>\u2013 Aida Moya<\/p>\n\n\n\n<p><a href=\"http:\/\/xtec.gencat.cat\/ca\/serveis\/see\/creda\">M\u00e9s informaci\u00f3 (XTEC)<\/a><\/p>\n\n\n\n<p><\/p>\n","protected":false},"excerpt":{"rendered":"<p>En el marc d\u2019actuaci\u00f3 del\u00a0CREDA\u00a0establert pel Departament d\u2019Educaci\u00f3 de la Generalitat de Catalunya, amb la finalitat d\u2019afavorir l\u2019\u00e8xit escolar i l\u2019equitat als alumnes amb dificultats d\u2019audici\u00f3 i\/o llenguatge que interfereixen en el seu desenvolupament personal, social i curricular, les seves actuacions s\u00f3n: Professionals adscrits\u2013 Anna Flores\u2013 Cristina Jim\u00e9nez\u2013 Ana Laguna\u2013 Elena Mar\u00edn\u2013 Sonia del Moral\u2013 [&hellip;]<\/p>\n","protected":false},"author":1,"featured_media":0,"parent":0,"menu_order":0,"comment_status":"closed","ping_status":"close","template":"","meta":{"_bbp_topic_count":0,"_bbp_reply_count":0,"_bbp_total_topic_count":0,"_bbp_total_reply_count":0,"_bbp_voice_count":0,"_bbp_anonymous_reply_count":0,"_bbp_topic_count_hidden":0,"_bbp_reply_count_hidden":0,"_bbp_forum_subforum_count":0,"site-sidebar-layout":"default","site-content-layout":"","ast-site-content-layout":"default","site-content-style":"default","site-sidebar-style":"default","ast-global-header-display":"","ast-banner-title-visibility":"","ast-main-header-display":"","ast-hfb-above-header-display":"","ast-hfb-below-header-display":"","ast-hfb-mobile-header-display":"","site-post-title":"","ast-breadcrumbs-content":"","ast-featured-img":"","footer-sml-layout":"","theme-transparent-header-meta":"","adv-header-id-meta":"","stick-header-meta":"","header-above-stick-meta":"","header-main-stick-meta":"","header-below-stick-meta":"","astra-migrate-meta-layouts":"set","ast-page-background-enabled":"default","ast-page-background-meta":{"desktop":{"background-color":"var(--ast-global-color-4)","background-image":"","background-repeat":"repeat","background-position":"center center","background-size":"auto","background-attachment":"scroll","background-type":"","background-media":"","overlay-type":"","overlay-color":"","overlay-opacity":"","overlay-gradient":""},"tablet":{"background-color":"","background-image":"","background-repeat":"repeat","background-position":"center center","background-size":"auto","background-attachment":"scroll","background-type":"","background-media":"","overlay-type":"","overlay-color":"","overlay-opacity":"","overlay-gradient":""},"mobile":{"background-color":"","background-image":"","background-repeat":"repeat","background-position":"center center","background-size":"auto","background-attachment":"scroll","background-type":"","background-media":"","overlay-type":"","overlay-color":"","overlay-opacity":"","overlay-gradient":""}},"ast-content-background-meta":{"desktop":{"background-color":"var(--ast-global-color-5)","background-image":"","background-repeat":"repeat","background-position":"center center","background-size":"auto","background-attachment":"scroll","background-type":"","background-media":"","overlay-type":"","overlay-color":"","overlay-opacity":"","overlay-gradient":""},"tablet":{"background-color":"var(--ast-global-color-5)","background-image":"","background-repeat":"repeat","background-position":"center center","background-size":"auto","background-attachment":"scroll","background-type":"","background-media":"","overlay-type":"","overlay-color":"","overlay-opacity":"","overlay-gradient":""},"mobile":{"background-color":"var(--ast-global-color-5)","background-image":"","background-repeat":"repeat","background-position":"center center","background-size":"auto","background-attachment":"scroll","background-type":"","background-media":"","overlay-type":"","overlay-color":"","overlay-opacity":"","overlay-gradient":""}},"footnotes":""},"class_list":["post-7385","page","type-page","status-publish","hentry"],"post_mailing_queue_ids":[],"_links":{"self":[{"href":"https:\/\/serveiseducatius.xtec.cat\/baixllobregat2\/wp-json\/wp\/v2\/pages\/7385","targetHints":{"allow":["GET"]}}],"collection":[{"href":"https:\/\/serveiseducatius.xtec.cat\/baixllobregat2\/wp-json\/wp\/v2\/pages"}],"about":[{"href":"https:\/\/serveiseducatius.xtec.cat\/baixllobregat2\/wp-json\/wp\/v2\/types\/page"}],"author":[{"embeddable":true,"href":"https:\/\/serveiseducatius.xtec.cat\/baixllobregat2\/wp-json\/wp\/v2\/users\/1"}],"replies":[{"embeddable":true,"href":"https:\/\/serveiseducatius.xtec.cat\/baixllobregat2\/wp-json\/wp\/v2\/comments?post=7385"}],"version-history":[{"count":3,"href":"https:\/\/serveiseducatius.xtec.cat\/baixllobregat2\/wp-json\/wp\/v2\/pages\/7385\/revisions"}],"predecessor-version":[{"id":7444,"href":"https:\/\/serveiseducatius.xtec.cat\/baixllobregat2\/wp-json\/wp\/v2\/pages\/7385\/revisions\/7444"}],"wp:attachment":[{"href":"https:\/\/serveiseducatius.xtec.cat\/baixllobregat2\/wp-json\/wp\/v2\/media?parent=7385"}],"curies":[{"name":"wp","href":"https:\/\/api.w.org\/{rel}","templated":true}]}}