{"id":608,"date":"2019-09-23T10:04:51","date_gmt":"2019-09-23T08:04:51","guid":{"rendered":"http:\/\/serveiseducatius.xtec.cat\/se-baixllobregat2\/?page_id=608"},"modified":"2025-11-05T11:56:53","modified_gmt":"2025-11-05T10:56:53","slug":"horari-i-calendari","status":"publish","type":"page","link":"https:\/\/serveiseducatius.xtec.cat\/baixllobregat2\/horari-i-calendari\/","title":{"rendered":"Horari i calendari"},"content":{"rendered":"\n<p class=\"has-medium-font-size\">De dilluns a divendres<\/p>\n\n\n\n<figure class=\"wp-block-table alignfull is-style-stripes has-medium-font-size\"><table><tbody><tr><td class=\"has-text-align-center\" data-align=\"center\">1 al 7 de setembre<\/td><td class=\"has-text-align-center\" data-align=\"center\">8 de setembre al 7 de juny<\/td><td class=\"has-text-align-center\" data-align=\"center\">8 de juny al 15 de juliol<\/td><td class=\"has-text-align-center\" data-align=\"center\">16 de juliol al 31 d&#8217;agost<\/td><\/tr><tr><td class=\"has-text-align-center\" data-align=\"center\"><br><br>Mat\u00ed: de<strong> 9<\/strong>&nbsp;a <strong>14 <\/strong>h<br>Tarda:<strong style=\"font-family: inherit; font-size: inherit; color: var(--ast-global-color-3);\"> tancat<\/strong><br><br><\/td><td class=\"has-text-align-center\" data-align=\"center\"><br>Mat\u00ed: de<strong> 9<\/strong> a <strong>14&nbsp;<\/strong>h<br>Tarda: de <strong>15 <\/strong>a<strong> 17 h<\/strong><br><\/td><td class=\"has-text-align-center\" data-align=\"center\"><br>Mat\u00ed: de<strong> 9<\/strong>&nbsp;a <strong>14 <\/strong>h<br>Tarda:<strong> tancat<\/strong><br><\/td><td class=\"has-text-align-center\" data-align=\"center\"><strong>Tancat&nbsp;<\/strong><\/td><\/tr><\/tbody><\/table><\/figure>\n\n\n\n<p class=\"has-medium-font-size\">El nostre servei educatiu romandr\u00e0 tancat al p\u00fablic, a part dels per\u00edodes de vacances escolars i dels dies de festes laborals oficials a Catalunya, els seg\u00fcents dies de festa local i de lliure disposici\u00f3:<\/p>\n\n\n\n<ul class=\"wp-block-list\"><\/ul>\n\n\n\n<figure class=\"wp-block-table\"><table class=\"has-ast-global-color-0-background-color has-background has-border-color has-white-border-color has-fixed-layout\"><tbody><tr><td><strong>Primer Trimestre<\/strong><\/td><\/tr><\/tbody><\/table><\/figure>\n\n\n\n<ul class=\"wp-block-list\">\n<li class=\"has-medium-font-size\" style=\"padding-top:0;padding-right:0;padding-bottom:0;padding-left:0\">11 de setembre (Festiu)<\/li>\n\n\n\n<li class=\"has-medium-font-size\" style=\"padding-top:0;padding-right:0;padding-bottom:0;padding-left:0\">31 d&#8217;octubre de 2025 (Festa de lliure disposici\u00f3)<\/li>\n\n\n\n<li class=\"has-medium-font-size\" style=\"padding-top:0;padding-right:0;padding-bottom:0;padding-left:0\">1 de novembre de 2025 (Festiu)<\/li>\n\n\n\n<li class=\"has-medium-font-size\" style=\"padding-top:0;padding-right:0;padding-bottom:0;padding-left:0\">5 de desembre de 2025 (Festa de lliure disposici\u00f3)<\/li>\n\n\n\n<li class=\"has-medium-font-size\">8 de desembre de 2025 (Festiu)<\/li>\n\n\n\n<li class=\"has-medium-font-size\" style=\"padding-top:0;padding-bottom:0\">15 de desembre de 2025 (Festa local)<\/li>\n\n\n\n<li class=\"has-medium-font-size\" style=\"padding-top:0;padding-right:0;padding-bottom:0;padding-left:0\">Del<strong> 22 de desembre de 2025 <\/strong>al<strong> 7 de gener de 2026 <\/strong>(Vacances de Nadal)<\/li>\n<\/ul>\n\n\n\n<p><\/p>\n\n\n\n<p><\/p>\n\n\n\n<figure class=\"wp-block-table\"><table class=\"has-ast-global-color-0-background-color has-background has-border-color has-white-border-color has-fixed-layout\"><tbody><tr><td><strong>Segon Trimestre<\/strong><\/td><\/tr><\/tbody><\/table><\/figure>\n\n\n\n<ul class=\"wp-block-list\">\n<li class=\"has-medium-font-size\" style=\"padding-top:0;padding-right:0;padding-bottom:0;padding-left:0\">16 de febrer de 2026 (Festa de lliure disposici\u00f3)<\/li>\n\n\n\n<li class=\"has-medium-font-size\" style=\"padding-top:0;padding-right:0;padding-bottom:0;padding-left:0\">Del<strong> 30 de mar\u00e7 al 6 d&#8217;abril de 2026 <\/strong>(Vacances de Setmana Santa)<\/li>\n<\/ul>\n\n\n\n<p><\/p>\n\n\n\n<p><\/p>\n\n\n\n<figure class=\"wp-block-table\"><table class=\"has-ast-global-color-0-background-color has-background has-border-color has-white-border-color has-fixed-layout\"><tbody><tr><td><strong>Tercer Trimestre<\/strong><\/td><\/tr><\/tbody><\/table><\/figure>\n\n\n\n<ul class=\"wp-block-list\">\n<li class=\"has-medium-font-size\">30 d&#8217;abril de 2026 (Festa de lliure disposici\u00f3)<\/li>\n\n\n\n<li class=\"has-medium-font-size\" style=\"padding-top:0;padding-right:0;padding-bottom:0;padding-left:0\">1 de maig de 2026 (Festiu)<\/li>\n\n\n\n<li class=\"has-medium-font-size\">25 de maig de 2026 (Festa de lliure disposici\u00f3)<\/li>\n\n\n\n<li class=\"has-medium-font-size\" style=\"padding-top:0;padding-right:0;padding-bottom:0;padding-left:0\">24 de juny de 2026 (Festiu)<\/li>\n\n\n\n<li class=\"has-medium-font-size\" style=\"padding-top:0;padding-right:0;padding-bottom:0;padding-left:0\">29 de juny de 2026 (Festa local)<\/li>\n<\/ul>\n\n\n\n<p><\/p>\n","protected":false},"excerpt":{"rendered":"<p>De dilluns a divendres 1 al 7 de setembre 8 de setembre al 7 de juny 8 de juny al 15 de juliol 16 de juliol al 31 d&#8217;agost Mat\u00ed: de 9&nbsp;a 14 hTarda: tancat Mat\u00ed: de 9 a 14&nbsp;hTarda: de 15 a 17 h Mat\u00ed: de 9&nbsp;a 14 hTarda: tancat Tancat&nbsp; El nostre servei [&hellip;]<\/p>\n","protected":false},"author":1,"featured_media":0,"parent":0,"menu_order":30,"comment_status":"closed","ping_status":"closed","template":"","meta":{"_bbp_topic_count":0,"_bbp_reply_count":0,"_bbp_total_topic_count":0,"_bbp_total_reply_count":0,"_bbp_voice_count":0,"_bbp_anonymous_reply_count":0,"_bbp_topic_count_hidden":0,"_bbp_reply_count_hidden":0,"_bbp_forum_subforum_count":0,"site-sidebar-layout":"default","site-content-layout":"","ast-site-content-layout":"default","site-content-style":"default","site-sidebar-style":"default","ast-global-header-display":"","ast-banner-title-visibility":"","ast-main-header-display":"","ast-hfb-above-header-display":"","ast-hfb-below-header-display":"","ast-hfb-mobile-header-display":"","site-post-title":"","ast-breadcrumbs-content":"","ast-featured-img":"","footer-sml-layout":"","theme-transparent-header-meta":"","adv-header-id-meta":"","stick-header-meta":"","header-above-stick-meta":"","header-main-stick-meta":"","header-below-stick-meta":"","astra-migrate-meta-layouts":"set","ast-page-background-enabled":"default","ast-page-background-meta":{"desktop":{"background-color":"var(--ast-global-color-4)","background-image":"","background-repeat":"repeat","background-position":"center center","background-size":"auto","background-attachment":"scroll","background-type":"","background-media":"","overlay-type":"","overlay-color":"","overlay-opacity":"","overlay-gradient":""},"tablet":{"background-color":"","background-image":"","background-repeat":"repeat","background-position":"center center","background-size":"auto","background-attachment":"scroll","background-type":"","background-media":"","overlay-type":"","overlay-color":"","overlay-opacity":"","overlay-gradient":""},"mobile":{"background-color":"","background-image":"","background-repeat":"repeat","background-position":"center center","background-size":"auto","background-attachment":"scroll","background-type":"","background-media":"","overlay-type":"","overlay-color":"","overlay-opacity":"","overlay-gradient":""}},"ast-content-background-meta":{"desktop":{"background-color":"var(--ast-global-color-5)","background-image":"","background-repeat":"repeat","background-position":"center center","background-size":"auto","background-attachment":"scroll","background-type":"","background-media":"","overlay-type":"","overlay-color":"","overlay-opacity":"","overlay-gradient":""},"tablet":{"background-color":"var(--ast-global-color-5)","background-image":"","background-repeat":"repeat","background-position":"center center","background-size":"auto","background-attachment":"scroll","background-type":"","background-media":"","overlay-type":"","overlay-color":"","overlay-opacity":"","overlay-gradient":""},"mobile":{"background-color":"var(--ast-global-color-5)","background-image":"","background-repeat":"repeat","background-position":"center center","background-size":"auto","background-attachment":"scroll","background-type":"","background-media":"","overlay-type":"","overlay-color":"","overlay-opacity":"","overlay-gradient":""}},"footnotes":""},"class_list":["post-608","page","type-page","status-publish","hentry"],"post_mailing_queue_ids":[],"_links":{"self":[{"href":"https:\/\/serveiseducatius.xtec.cat\/baixllobregat2\/wp-json\/wp\/v2\/pages\/608","targetHints":{"allow":["GET"]}}],"collection":[{"href":"https:\/\/serveiseducatius.xtec.cat\/baixllobregat2\/wp-json\/wp\/v2\/pages"}],"about":[{"href":"https:\/\/serveiseducatius.xtec.cat\/baixllobregat2\/wp-json\/wp\/v2\/types\/page"}],"author":[{"embeddable":true,"href":"https:\/\/serveiseducatius.xtec.cat\/baixllobregat2\/wp-json\/wp\/v2\/users\/1"}],"replies":[{"embeddable":true,"href":"https:\/\/serveiseducatius.xtec.cat\/baixllobregat2\/wp-json\/wp\/v2\/comments?post=608"}],"version-history":[{"count":6,"href":"https:\/\/serveiseducatius.xtec.cat\/baixllobregat2\/wp-json\/wp\/v2\/pages\/608\/revisions"}],"predecessor-version":[{"id":7440,"href":"https:\/\/serveiseducatius.xtec.cat\/baixllobregat2\/wp-json\/wp\/v2\/pages\/608\/revisions\/7440"}],"wp:attachment":[{"href":"https:\/\/serveiseducatius.xtec.cat\/baixllobregat2\/wp-json\/wp\/v2\/media?parent=608"}],"curies":[{"name":"wp","href":"https:\/\/api.w.org\/{rel}","templated":true}]}}