{"id":414,"date":"2024-07-15T15:58:37","date_gmt":"2024-07-15T13:58:37","guid":{"rendered":"http:\/\/serveiseducatius.xtec.cat\/se-baixllobregat2\/?page_id=414"},"modified":"2025-07-15T12:20:44","modified_gmt":"2025-07-15T10:20:44","slug":"pla-de-formacio-de-zona-pfz","status":"publish","type":"page","link":"https:\/\/serveiseducatius.xtec.cat\/baixllobregat2\/formacio\/pla-de-formacio-de-zona-pfz\/","title":{"rendered":"Pla de formaci\u00f3 de zona (PFZ). Proc\u00e9s general"},"content":{"rendered":"\n<figure class=\"wp-block-image alignright\"><a href=\"http:\/\/serveiseducatius.xtec.cat\/se-baixllobregat2\/wp-content\/uploads\/usu760\/2015\/11\/pfz.jpg\"><img loading=\"lazy\" decoding=\"async\" width=\"258\" height=\"195\" src=\"http:\/\/serveiseducatius.xtec.cat\/se-baixllobregat2\/wp-content\/uploads\/usu760\/2015\/11\/pfz.jpg\" alt=\"pfz\" class=\"wp-image-422\" srcset=\"https:\/\/serveiseducatius.xtec.cat\/baixllobregat2\/wp-content\/uploads\/usu760\/2015\/11\/pfz.jpg 258w, https:\/\/serveiseducatius.xtec.cat\/baixllobregat2\/wp-content\/uploads\/usu760\/2015\/11\/pfz-200x150.jpg 200w\" sizes=\"auto, (max-width: 258px) 100vw, 258px\" \/><\/a><\/figure>\n\n\n\n<p class=\"has-small-font-size\" style=\"padding-top:var(--wp--preset--spacing--20);padding-right:0;padding-bottom:var(--wp--preset--spacing--20);padding-left:0\">El Departament d\u2019Educaci\u00f3 estableix un conjunt de l\u00ednies de formaci\u00f3 permanent per donar resposta a les necessitats de formaci\u00f3 permanent dels centres educatius i dels docents de Catalunya. <strong>El Pla de Formaci\u00f3 de Zona (PFZ) del Baix Llobregat II<\/strong> \u00e9s la planificaci\u00f3 pel que fa a les poblacions de <strong>Begues, Gav\u00e0, Sant Climent de Llobregat i Viladecans<\/strong>, de la formaci\u00f3 permanent del professorat, la qual incorpora les activitats de formaci\u00f3 en centre i altres activitats adre\u00e7ades a tot el professorat de la zona. El professorat hi participa a trav\u00e9s del proc\u00e9s de detecci\u00f3 de necessitats i mitjan\u00e7ant la seva representaci\u00f3 en la comissi\u00f3 del PFZ.<\/p>\n\n\n\n<h4 class=\"wp-block-heading has-large-font-size\">Calendari d&#8217;inscripcions &#8211; Curs 25-26<\/h4>\n\n\n\n<figure class=\"wp-block-table is-style-stripes has-medium-font-size\"><table><tbody><tr><td><strong>Per\u00edodes d&#8217;inscripci\u00f3<\/strong><\/td><td><strong>Sol\u00b7licitud de pla\u00e7a<\/strong><\/td><td><strong>Consulta d\u2019adjudicacions<\/strong><\/td><td><strong>Inici de les activitats<\/strong><\/td><\/tr><tr><td>Primer torn<\/td><td>del 5 al 21 de setembre<\/td><td>7 d\u2019octubre<\/td><td>a partir del 13 d&#8217;octubre<\/td><\/tr><tr><td>Segon torn<\/td><td>del 7 al 15 de gener<\/td><td>30 de gener<\/td><td>a partir del 5 de febrer<\/td><\/tr><tr><td>Formaci\u00f3 d&#8217;estiu<\/td><td>del 14 al 28 de maig<\/td><td>16 de juny<\/td><td>a partir de l&#8217;1 de juliol<\/td><\/tr><\/tbody><\/table><\/figure>\n\n\n\n<h4 class=\"wp-block-heading has-large-font-size\">Adjudicacions<\/h4>\n\n\n\n<p class=\"has-medium-font-size\" style=\"padding-top:var(--wp--preset--spacing--20);padding-bottom:var(--wp--preset--spacing--20)\">Podreu consultar-les a <a href=\"http:\/\/xtec.gencat.cat\/ca\/formacio\/la-meva-formacio\/les-meves-activitats\/\" target=\"_blank\" rel=\"noopener noreferrer\">les meves activitats<\/a> a partir de la data de consulta d&#8217;adjudicacions.<br>En el proc\u00e9s d&#8217;adjudicaci\u00f3 de places es tindran en compte els criteris espec\u00edfics associats a les activitats formatives, la prioritzaci\u00f3 de les demandes realitzades dins els terminis i d&#8217;altres criteris establerts (per exemple, tenir un \u00edndex d\u2019assist\u00e8ncia ponderada a les activitats formatives en els darrers tres anys superior al 50%, prioritat del professorat en actiu en un centre docent).<\/p>\n\n\n\n<h4 class=\"wp-block-heading has-large-font-size\">Inici de les activitats<\/h4>\n\n\n\n<p class=\"has-medium-font-size\" style=\"padding-top:var(--wp--preset--spacing--20);padding-bottom:var(--wp--preset--spacing--20)\">A partir de la data establerta per l&#8217;inici de les activitats, s&#8217;iniciaran segons calendari fixat per a cadascuna d&#8217;elles pel mateix centre o comunicat per la persona formadora o el CRP<\/p>\n\n\n\n<p class=\"has-medium-font-size\"><strong>ATENCI\u00d3!<br><\/strong>Les dades que apareixen publicades en algunes de les activitats formatives (lloc de realitzaci\u00f3, dia d&#8217;inici, horari&#8230;) s\u00f3n provisionals a l&#8217;espera de confirmaci\u00f3 per part del formador\/a o el centre on s&#8217;ha de dur a terme.<\/p>\n\n\n\n<h4 class=\"wp-block-heading has-large-font-size\">Final de les activitats i certificacions<\/h4>\n\n\n\n<p class=\"has-medium-font-size\" style=\"padding-top:var(--wp--preset--spacing--20);padding-bottom:var(--wp--preset--spacing--20)\">Cada activitat formativa finalitza una vegada acabades les diferents tasques previstes per part de la persona formadora i dels participants. Aquestes tasques inclouen en el cas d&#8217;activitats amb una part no presencial, el lliurament al formador\/a de documentaci\u00f3 justificativa de la feina feta, i tamb\u00e9 la realitzaci\u00f3 d&#8217;una enquesta valorativa.<br>Posteriorment, la persona formadora mitjan\u00e7ant l&#8217;aplicatiu <a href=\"https:\/\/aplicacions.gestioeducativa.gencat.cat\/pls\/gtaf\/inici\" target=\"_blank\" rel=\"noreferrer noopener\">GTAF<\/a> ha de gestionar una part de la documentaci\u00f3 corresponent (control assist\u00e8ncia, actes&#8230;) i emplenar\/entregar al CRP la documentaci\u00f3 necess\u00e0ria (mem\u00f2ria\/informe final, graelles de control d&#8217;assist\u00e8ncia i acta).<br>Finalment, el CRP tanca definitivament l&#8217;activitat i es tramita a SSCC per a l&#8217;emissi\u00f3 de les certificacions.<br>Acabat tot el proc\u00e9s, les certificacions personals es poden consultar i descarregar als<a href=\"http:\/\/xtec.gencat.cat\/ca\/formacio\/la-meva-formacio\/els-meus-certificats\/\" target=\"_blank\" rel=\"noreferrer noopener\">&nbsp;meus certificats<\/a><\/p>\n\n\n\n<div>\u00a0<\/div>\n\n\n\n<p><\/p>\n","protected":false},"excerpt":{"rendered":"<p>El Departament d\u2019Educaci\u00f3 estableix un conjunt de l\u00ednies de formaci\u00f3 permanent per donar resposta a les necessitats de formaci\u00f3 permanent dels centres educatius i dels docents de Catalunya. El Pla de Formaci\u00f3 de Zona (PFZ) del Baix Llobregat II \u00e9s la planificaci\u00f3 pel que fa a les poblacions de Begues, Gav\u00e0, Sant Climent de Llobregat [&hellip;]<\/p>\n","protected":false},"author":1,"featured_media":0,"parent":416,"menu_order":1,"comment_status":"closed","ping_status":"closed","template":"","meta":{"_bbp_topic_count":0,"_bbp_reply_count":0,"_bbp_total_topic_count":0,"_bbp_total_reply_count":0,"_bbp_voice_count":0,"_bbp_anonymous_reply_count":0,"_bbp_topic_count_hidden":0,"_bbp_reply_count_hidden":0,"_bbp_forum_subforum_count":0,"site-sidebar-layout":"default","site-content-layout":"","ast-site-content-layout":"default","site-content-style":"default","site-sidebar-style":"default","ast-global-header-display":"","ast-banner-title-visibility":"","ast-main-header-display":"","ast-hfb-above-header-display":"","ast-hfb-below-header-display":"","ast-hfb-mobile-header-display":"","site-post-title":"","ast-breadcrumbs-content":"","ast-featured-img":"","footer-sml-layout":"","theme-transparent-header-meta":"","adv-header-id-meta":"","stick-header-meta":"","header-above-stick-meta":"","header-main-stick-meta":"","header-below-stick-meta":"","astra-migrate-meta-layouts":"set","ast-page-background-enabled":"default","ast-page-background-meta":{"desktop":{"background-color":"var(--ast-global-color-4)","background-image":"","background-repeat":"repeat","background-position":"center center","background-size":"auto","background-attachment":"scroll","background-type":"","background-media":"","overlay-type":"","overlay-color":"","overlay-opacity":"","overlay-gradient":""},"tablet":{"background-color":"","background-image":"","background-repeat":"repeat","background-position":"center center","background-size":"auto","background-attachment":"scroll","background-type":"","background-media":"","overlay-type":"","overlay-color":"","overlay-opacity":"","overlay-gradient":""},"mobile":{"background-color":"","background-image":"","background-repeat":"repeat","background-position":"center center","background-size":"auto","background-attachment":"scroll","background-type":"","background-media":"","overlay-type":"","overlay-color":"","overlay-opacity":"","overlay-gradient":""}},"ast-content-background-meta":{"desktop":{"background-color":"var(--ast-global-color-5)","background-image":"","background-repeat":"repeat","background-position":"center center","background-size":"auto","background-attachment":"scroll","background-type":"","background-media":"","overlay-type":"","overlay-color":"","overlay-opacity":"","overlay-gradient":""},"tablet":{"background-color":"var(--ast-global-color-5)","background-image":"","background-repeat":"repeat","background-position":"center center","background-size":"auto","background-attachment":"scroll","background-type":"","background-media":"","overlay-type":"","overlay-color":"","overlay-opacity":"","overlay-gradient":""},"mobile":{"background-color":"var(--ast-global-color-5)","background-image":"","background-repeat":"repeat","background-position":"center center","background-size":"auto","background-attachment":"scroll","background-type":"","background-media":"","overlay-type":"","overlay-color":"","overlay-opacity":"","overlay-gradient":""}},"footnotes":""},"class_list":["post-414","page","type-page","status-publish","hentry"],"post_mailing_queue_ids":[],"_links":{"self":[{"href":"https:\/\/serveiseducatius.xtec.cat\/baixllobregat2\/wp-json\/wp\/v2\/pages\/414","targetHints":{"allow":["GET"]}}],"collection":[{"href":"https:\/\/serveiseducatius.xtec.cat\/baixllobregat2\/wp-json\/wp\/v2\/pages"}],"about":[{"href":"https:\/\/serveiseducatius.xtec.cat\/baixllobregat2\/wp-json\/wp\/v2\/types\/page"}],"author":[{"embeddable":true,"href":"https:\/\/serveiseducatius.xtec.cat\/baixllobregat2\/wp-json\/wp\/v2\/users\/1"}],"replies":[{"embeddable":true,"href":"https:\/\/serveiseducatius.xtec.cat\/baixllobregat2\/wp-json\/wp\/v2\/comments?post=414"}],"version-history":[{"count":6,"href":"https:\/\/serveiseducatius.xtec.cat\/baixllobregat2\/wp-json\/wp\/v2\/pages\/414\/revisions"}],"predecessor-version":[{"id":7178,"href":"https:\/\/serveiseducatius.xtec.cat\/baixllobregat2\/wp-json\/wp\/v2\/pages\/414\/revisions\/7178"}],"up":[{"embeddable":true,"href":"https:\/\/serveiseducatius.xtec.cat\/baixllobregat2\/wp-json\/wp\/v2\/pages\/416"}],"wp:attachment":[{"href":"https:\/\/serveiseducatius.xtec.cat\/baixllobregat2\/wp-json\/wp\/v2\/media?parent=414"}],"curies":[{"name":"wp","href":"https:\/\/api.w.org\/{rel}","templated":true}]}}