{"id":338,"date":"2015-11-24T18:40:49","date_gmt":"2015-11-24T17:40:49","guid":{"rendered":"http:\/\/serveiseducatius.xtec.cat\/se-baixllobregat2\/?page_id=338"},"modified":"2026-03-12T11:34:31","modified_gmt":"2026-03-12T10:34:31","slug":"centres-educatius","status":"publish","type":"page","link":"https:\/\/serveiseducatius.xtec.cat\/baixllobregat2\/centres-educatius\/","title":{"rendered":"Centres educatius"},"content":{"rendered":"\n<p>Podeu consultar les dades de tots els Centres Educatius de la zona del Servei Educatiu del Baix Llobregat II que correspon a les poblacions de <strong><em>Begues. Gav\u00e0, Sant Climent de Llobregat i Viladecans<\/em><\/strong>. Consulta el <a href=\"https:\/\/www.google.com\/maps\/d\/u\/0\/viewer?mid=1qWkXHmd-9y6AS8Rjbc2fHycJDIKoKPs&amp;ll=41.30375924948936%2C1.9730633500000216&amp;z=13\">Mapa de la Zona Educativa<\/a>.<\/p>\n\n\n\n<figure class=\"wp-block-table has-medium-font-size\"><table class=\"has-fixed-layout\" style=\"border-style:none;border-width:0px\"><tbody><tr><td><a href=\"#Begues\" data-type=\"internal\" data-id=\"#Begues\">Begues<\/a><\/td><td><a href=\"#Gava\">Gav\u00e0<\/a><\/td><td><a href=\"#Sant_Climent\">Sant Climent de Llobregat<\/a><\/td><td class=\"has-text-align-center\" data-align=\"center\"><a href=\"#Viladecans\" data-type=\"internal\" data-id=\"#Viladecans\">Viladecans<\/a><\/td><\/tr><\/tbody><\/table><\/figure>\n\n\n\n<p><\/p>\n\n\n\n<p id=\"Begues\"><strong>Begues<\/strong><\/p>\n\n\n\n<figure class=\"wp-block-table is-style-stripes\"><table><tbody><tr><td><strong>Centre \/ Web<\/strong><\/td><td><strong>Codi<\/strong><\/td><td><strong>Adre\u00e7a<\/strong><\/td><td><strong>Tel\u00e8fon<\/strong><\/td><td><strong>Correu<\/strong><\/td><\/tr><tr><td><a href=\"https:\/\/www.begues.cat\/temes\/educacio-i-formacio\/llar-dinfants-el-guinyol.html\" target=\"_blank\" rel=\"noreferrer noopener\">LLAR Guinyol<\/a><\/td><td>08054137<\/td><td>Anselm Clav\u00e9, s\/n<\/td><td>936391166<\/td><td>elguinyol@begues.cat<\/td><\/tr><tr><td><a href=\"http:\/\/www.escolasantcristofor.org\/\" target=\"_blank\" rel=\"noreferrer noopener\">Escola Sant Crist\u00f2for<\/a><\/td><td>08014589<\/td><td>Jacint Verdaguer, 2<\/td><td>936390748<\/td><td>a8014589@xtec.cat<\/td><\/tr><tr><td><a href=\"https:\/\/agora.xtec.cat\/insbegues\/\" target=\"_blank\" rel=\"noreferrer noopener\">Institut de Begues<\/a><\/td><td>08064908<\/td><td>Cam\u00ed Ral, 149<\/td><td>936392622<\/td><td>a8064908@xtec.cat<\/td><\/tr><tr><td><a href=\"https:\/\/www.begues.manyanet.org\/\" target=\"_blank\" rel=\"noreferrer noopener\">Col\u00b7legi Sant Llu\u00eds de Pla<\/a><\/td><td>08014590<\/td><td>Sant Climent, 8<\/td><td>936390011<\/td><td>a8071020@xtec.cat<\/td><\/tr><\/tbody><\/table><\/figure>\n\n\n\n<p id=\"Gava\"><strong>Gav\u00e0 &#8211; Llars d&#8217;infants<\/strong><\/p>\n\n\n\n<figure class=\"wp-block-table is-style-stripes\"><table><tbody><tr><td><strong>Centre \/ Web<\/strong><\/td><td><strong>Codi<\/strong><\/td><td><strong>Adre\u00e7a<\/strong><\/td><td><strong>Tel\u00e8fon<\/strong><\/td><td><strong>Correu<\/strong><\/td><\/tr><tr><td><a href=\"https:\/\/www.llarjoseppallach.cat\/\" target=\"_blank\" rel=\"noreferrer noopener\">LLAR Josep Pallach<\/a><\/td><td>08047881<\/td><td>Sant Mart\u00ed, 33<\/td><td>936627752<\/td><td>a8047881@xtec.cat<\/td><\/tr><tr><td><a href=\"https:\/\/www.rosauraterrades.cat\/\" target=\"_blank\" rel=\"noreferrer noopener\">LLAR Rosaura Terrades<\/a><\/td><td>08047893<\/td><td>Riera de Sant Lloren\u00e7, s\/n<\/td><td>936627902<\/td><td>info@rosauraterrades.cat<\/td><\/tr><tr><td><a href=\"http:\/\/www.monpetitgava.org\/\" target=\"_blank\" rel=\"noreferrer noopener\">LLAR El M\u00f3n Petit<\/a><\/td><td>08060824<\/td><td>Montflorit, 148<\/td><td>936625557<\/td><td>&nbsp;&nbsp;info@monpetitgava.org<\/td><\/tr><tr><td><a href=\"https:\/\/escolaelguirigall.com\/\" target=\"_blank\" rel=\"noreferrer noopener\">LLAR El Guirigall<\/a><\/td><td>08069201<\/td><td>Salvador Lluch,9-11<\/td><td>936389990<\/td><td>gava@escolaelguirigall.com<\/td><\/tr><tr><td><a href=\"http:\/\/www.elsmenutsdelapineda.com\/\" target=\"_blank\" rel=\"noreferrer noopener\">LLAR Els menuts de la Pineda<\/a><\/td><td>08071640<\/td><td>Josep Llu\u00eds Sert, 1<\/td><td>936330414<\/td><td>info@elsmenutsdelapineda.com<\/td><\/tr><tr><td><a href=\"https:\/\/gimbebe.es\/ca\/cat\/\" target=\"_blank\" rel=\"noreferrer noopener\">LLAR Gimbeb\u00e9<\/a><\/td><td>08057795<\/td><td>Llan\u00e7\u00e0, 3<\/td><td>936331238<\/td><td>gimbebe@gimbebe.es<\/td><\/tr><tr><td><a href=\"https:\/\/illadelspetits.com\/\" target=\"_blank\" rel=\"noreferrer noopener\">LLAR Illa dels petits<\/a><\/td><td>&nbsp;<\/td><td>Sant Pere, 58<\/td><td>931735872<\/td><td>&nbsp;info@illadelspetits.com<\/td><\/tr><tr><td><a href=\"https:\/\/mgmontessorigava.com\/\" target=\"_blank\" rel=\"noreferrer noopener\">LLAR Morning Glory Montessori<\/a><\/td><td>&nbsp;<\/td><td>Carrer del Centre, 7<\/td><td>936621247<\/td><td>mgmontessorigava@gmail.com<\/td><\/tr><tr><td><a href=\"http:\/\/www.patufetgava.com\/\" target=\"_blank\" rel=\"noreferrer noopener\">LLAR Patufet<\/a><\/td><td>08040631<\/td><td>Salvador Lluch, 27<\/td><td>936626601<\/td><td>a8040631@xtec.cat<\/td><\/tr><\/tbody><\/table><\/figure>\n\n\n\n<p><strong>Gav\u00e0 &#8211; Centres p\u00fablics d&#8217;infantil i prim\u00e0ria<\/strong><\/p>\n\n\n\n<figure class=\"wp-block-table is-style-stripes\"><table><tbody><tr><td><strong>Centre\/web<\/strong><\/td><td><strong>Codi<\/strong><\/td><td><strong>Adre\u00e7a<\/strong><\/td><td><strong>Tel\u00e8fon<\/strong><\/td><td><strong>Correu<\/strong><\/td><\/tr><tr><td><a href=\"https:\/\/agora.xtec.cat\/iegavamar\/\" target=\"_blank\" rel=\"noreferrer noopener\">Institut-Escola Gav\u00e0 Mar<\/a><\/td><td>08061075<\/td><td>Tellinaire, 59-61<\/td><td>936451845<\/td><td>a8075293@xtec.cat<\/td><\/tr><tr><td><a href=\"https:\/\/agora.xtec.cat\/ceipjmarch\/\" target=\"_blank\" rel=\"noreferrer noopener\">Escola Jacme March<\/a><\/td><td>08017360<\/td><td>Sant Pere, 114<\/td><td>936620197<\/td><td>a8017360@xtec.cat<\/td><\/tr><tr><td><a href=\"https:\/\/agora.xtec.cat\/escolajuansalamero\/\" target=\"_blank\" rel=\"noreferrer noopener\">Escola Juan Salamero<\/a><\/td><td>08017505<\/td><td>Pompeu Fabra, s\/n<\/td><td>936623450<\/td><td>a8017505@xtec.cat<\/td><\/tr><tr><td><a href=\"https:\/\/agora.xtec.cat\/ceip-eramprunya\/\" target=\"_blank\" rel=\"noreferrer noopener\">Escola L&#8217;Erampruny\u00e0<\/a><\/td><td>08032658<\/td><td>L&#8217;Erampruny\u00e0, 1<\/td><td>936624553<\/td><td>a8032658@xtec.cat<\/td><\/tr><tr><td><a href=\"http:\/\/www.marcellimoragas.cat\/\" target=\"_blank\" rel=\"noreferrer noopener\">Escola Marcel\u00b7l\u00ed Moragas<\/a><\/td><td>08037991<\/td><td>Pep Ventura, 13<\/td><td>936628251<\/td><td>a8037991@xtec.cat<\/td><\/tr><tr><td><a href=\"https:\/\/agora.xtec.cat\/escolasalvadorlluch\/\" target=\"_blank\" rel=\"noreferrer noopener\">Escola Salvador Lluch<\/a><\/td><td>08017359<\/td><td>Sant Joan, 31<\/td><td>936620685<\/td><td>escolasalvadorlluch@xtec.cat<\/td><\/tr><\/tbody><\/table><\/figure>\n\n\n\n<p><strong>Gav\u00e0 &#8211; Centres p\u00fablics de secund\u00e0ria<\/strong><\/p>\n\n\n\n<figure class=\"wp-block-table is-style-stripes\"><table><tbody><tr><td><strong>Centre\/web<\/strong><\/td><td><strong>Codi<\/strong><\/td><td><strong>Adre\u00e7a<\/strong><\/td><td><strong>Tel\u00e8fon<\/strong><\/td><td><strong>Correu<\/strong><\/td><\/tr><tr><td><a href=\"https:\/\/agora.xtec.cat\/iegavamar\/\" target=\"_blank\" rel=\"noreferrer noopener\">Institut-Escola Gav\u00e0 Mar<\/a><\/td><td>08061075<\/td><td>Tellinaire, 59-61<\/td><td>936451845<\/td><td>a8075293@xtec.cat<\/td><\/tr><tr><td><a href=\"http:\/\/www.insbruguers.cat\/\" target=\"_blank\" rel=\"noreferrer noopener\">Institut de Bruguers<\/a><\/td><td>08017530<\/td><td>Jaume I, 4<\/td><td>936625059<\/td><td>insbruguers@xtec.cat<\/td><\/tr><tr><td><a href=\"https:\/\/ieselcalamot.com\/\" target=\"_blank\" rel=\"noreferrer noopener\">Institut El Calamot<\/a><\/td><td>08041866<\/td><td>Joan Carles I, 62<\/td><td>936334450<\/td><td>ieselcalamot@xtec.cat<\/td><\/tr><\/tbody><\/table><\/figure>\n\n\n\n<p><strong>Gav\u00e0 &#8211; Centres concertats i privats<\/strong><\/p>\n\n\n\n<figure class=\"wp-block-table is-style-stripes\"><table><tbody><tr><td><strong>Centre\/web<\/strong><\/td><td><strong>Codi<\/strong><\/td><td><strong>Adre\u00e7a<\/strong><\/td><td><strong>Tel\u00e8fon<\/strong><\/td><td><strong>Correu<\/strong><\/td><\/tr><tr><td><a href=\"https:\/\/www.bonsoleil.es\/\" target=\"_blank\" rel=\"noreferrer noopener\">Col\u00b7legi Bon Soleil<\/a><\/td><td>08039136<\/td><td>Cam\u00ed de la Pava, 15<\/td><td>936331358<\/td><td>courrier@bonsoleil.es<\/td><\/tr><tr><td><a href=\"http:\/\/www.immaculadaconcepcio.org\/\" target=\"_blank\" rel=\"noreferrer noopener\">Col\u00b7legi Immaculada Concepci\u00f3<\/a><\/td><td>08017402<\/td><td>Pl. de L&#8217;Esgl\u00e9sia, 1<\/td><td>936620436<\/td><td>secretaria@immaculadaconcepcio.org<\/td><\/tr><tr><td><a href=\"https:\/\/www.safagava.edu\/\" target=\"_blank\" rel=\"noreferrer noopener\">Col\u00b7legi Sagrada Fam\u00eclia<\/a><\/td><td>08017384<\/td><td>Pompeu Fabra, 126\/130<\/td><td>936381833<\/td><td>contacto@safagava.edu<\/td><\/tr><tr><td><a href=\"http:\/\/www.sanpedrogava.com\/\" target=\"_blank\" rel=\"noreferrer noopener\">Col\u00b7legi San Pedro<\/a><\/td><td>08017438<\/td><td>Montflorit, 138<\/td><td>936626353<\/td><td>a8017438@xtec.cat<\/td><\/tr><tr><td><a href=\"https:\/\/home.santoangel.org\/\" target=\"_blank\" rel=\"noreferrer noopener\">Col\u00b7legi&nbsp;Santo Angel<\/a><\/td><td>08017451<\/td><td>Av.&nbsp;de les B\u00f2viles, s\/n<\/td><td>936380481<\/td><td>santoangel@santoangel.org<\/td><\/tr><\/tbody><\/table><\/figure>\n\n\n\n<p><strong>Gav\u00e0 &#8211; Altres centres<\/strong><a name=\"Begues\"><\/a><\/p>\n\n\n\n<figure class=\"wp-block-table is-style-stripes\"><table><tbody><tr><td><strong>Centre\/web<\/strong><\/td><td><strong>Codi<\/strong><\/td><td><strong>Adre\u00e7a<\/strong><\/td><td><strong>Tel\u00e8fon<\/strong><\/td><td><strong>Correu<\/strong><\/td><\/tr><tr><td><a href=\"https:\/\/agora.xtec.cat\/cee-mariafelipduran-gava\/\" target=\"_blank\" rel=\"noreferrer noopener\">EM Maria Felip<\/a><\/td><td>08033781<\/td><td>Erampruny\u00e0, 44<\/td><td>936620604<\/td><td>a8033781@xtec.cat<\/td><\/tr><tr><td><a href=\"https:\/\/agora.xtec.cat\/afaeramprunya-adults-gava\/\" target=\"_blank\" rel=\"noreferrer noopener\">CFA Gav\u00e0<\/a><\/td><td>08062471<\/td><td>Sarri\u00e0, 5<\/td><td>936620704<\/td><td>a8062471@xtec.cat<\/td><\/tr><tr><td><a href=\"https:\/\/www.escolesnuria.cat\/ca\/\" target=\"_blank\" rel=\"noreferrer noopener\">CEFP Acad\u00e8mia N\u00faria<\/a><\/td><td>08031976<\/td><td>Montflorit, 47<\/td><td>936622113<\/td><td>a8031976@xtec.cat<\/td><\/tr><\/tbody><\/table><\/figure>\n\n\n\n<p id=\"Sant_Climent\"><strong>Sant Climent de Llobregat<\/strong><a name=\"Begues\"><\/a><\/p>\n\n\n\n<figure class=\"wp-block-table is-style-stripes\"><table><tbody><tr><td><strong>Centre\/Web<\/strong><\/td><td><strong>Codi<\/strong><\/td><td><strong>Adre\u00e7a<\/strong><\/td><td><strong>Tel\u00e8fon<\/strong><\/td><td><strong>Correu<\/strong><\/td><\/tr><tr><td><a href=\"https:\/\/www.santclimentdellobregat.cat\/el-municipi\/guia-del-municipi\/equipaments\/escola-bressol-sant-climent.html\" target=\"_blank\" rel=\"noreferrer noopener\">LLAR Sant Climent<\/a><\/td><td>08046116<\/td><td>Cam\u00ed del Mar\u00ed, 1<\/td><td>936584006<\/td><td>a8046116@xtec.cat<\/td><\/tr><tr><td><a href=\"https:\/\/agora.xtec.cat\/ceipsantcliment\/\" target=\"_blank\" rel=\"noreferrer noopener\">Escola Sant Climent<\/a><\/td><td>08025812<\/td><td>Cam\u00ed de la Camagriga, 1<\/td><td>936473696<\/td><td>&nbsp;a8025812@xtec.cat<\/td><\/tr><\/tbody><\/table><\/figure>\n\n\n\n<p id=\"Viladecans\"><strong>Viladecans &#8211; Llars d&#8217;infant<\/strong><a name=\"Begues\"><\/a><\/p>\n\n\n\n<figure class=\"wp-block-table is-style-stripes\"><table><tbody><tr><td><strong>Centre\/Web<\/strong><\/td><td><strong>Codi<\/strong><\/td><td><strong>Adre\u00e7a<\/strong><\/td><td><strong>Tel\u00e8fon<\/strong><\/td><td><strong>Correu<\/strong><\/td><\/tr><tr><td><a href=\"http:\/\/llardinfantselganxet.com\/\" target=\"_blank\" rel=\"noreferrer noopener\">LLAR Ganxet<\/a><\/td><td>08610800<\/td><td>Jaume Abril, 45<\/td><td>936583255<\/td><td>contacte@llardinfantselganxet.com<\/td><\/tr><tr><td><a href=\"https:\/\/www.escolainfantilpamipipa.com\/\" target=\"_blank\" rel=\"noreferrer noopener\">Pam i Pipa LLAR<\/a><\/td><td>08057412<\/td><td>Gav\u00e0, 32<\/td><td>936583432<\/td><td>escolainfantilpamipipa@gmail.com<\/td><\/tr><tr><td><a href=\"https:\/\/pidelsnoopy.com\/\" target=\"_blank\" rel=\"noreferrer noopener\">LLAR Pi de L&#8217;Snoopy<\/a><\/td><td>08054472<\/td><td>Verge de Montserrat,&nbsp; 86<\/td><td>936587501<\/td><td>pidelsnoopy@gmail.com<\/td><\/tr><tr><td><a href=\"https:\/\/www.viladecans.cat\/ca\/escola-bressol-municipal-la-ginesta-1\" target=\"_blank\" rel=\"noreferrer noopener\">EBM La Ginesta<\/a><\/td><td>08065101<\/td><td>Can Palmer, 123<\/td><td>936586676<\/td><td>ebressol_laginesta@viladecans.cat<\/td><\/tr><tr><td><a href=\"https:\/\/www.viladecans.cat\/ca\/escola-bressol-municipal-la-marina-1\" target=\"_blank\" rel=\"noreferrer noopener\">EBM La Marina<\/a><\/td><td>00000011<\/td><td>Germans gabrielistes, 9<\/td><td>936591883<\/td><td>ebressol_lamarina@viladecans.cat<\/td><\/tr><tr><td><a href=\"https:\/\/www.viladecans.cat\/ca\/escola-bressol-municipal-la-muntanyeta-1\" target=\"_blank\" rel=\"noreferrer noopener\">EBM La Muntanyeta<\/a><\/td><td>08065111<\/td><td>Miramar, s \/ n<\/td><td>936591548<\/td><td>ebressol_lamuntanyeta@viladecans.cat<\/td><\/tr><tr><td><a href=\"https:\/\/www.viladecans.cat\/ca\/escola-bressol-municipal-la-pineda-1\" target=\"_blank\" rel=\"noreferrer noopener\">EBM La Pineda<\/a><\/td><td>08070465<\/td><td>Mari\u00e0 Sanjuan, 2<\/td><td>936379600<\/td><td>ebressol_lapineda@viladecans.cat<\/td><\/tr><\/tbody><\/table><\/figure>\n\n\n\n<p><strong>Viladecans &#8211; Centres p\u00fablics d&#8217;infantil i prim\u00e0ria<\/strong><a name=\"Begues\"><\/a><\/p>\n\n\n\n<figure class=\"wp-block-table is-style-stripes\"><table><tbody><tr><td><strong>Centre\/Web<\/strong><\/td><td><strong>Codi<\/strong><\/td><td><strong>Adre\u00e7a<\/strong><\/td><td><strong>Tel\u00e8fon<\/strong><\/td><td><strong>Correu<\/strong><\/td><\/tr><tr><td><a href=\"https:\/\/agora.xtec.cat\/ceipangelaroca\/\" target=\"_blank\" rel=\"noreferrer noopener\">Escola \u00c0ngela Roca<\/a><\/td><td>08031083<\/td><td>Sant Antoni, 13<\/td><td>936371275<\/td><td>a8031083@xtec.cat<\/td><\/tr><tr><td><a href=\"https:\/\/agora.xtec.cat\/ceip-canpalmer\/\" target=\"_blank\" rel=\"noreferrer noopener\">Escola Can Palmer<\/a><\/td><td>08042834<\/td><td>Llu\u00eds More del Castillo,&nbsp; 22<\/td><td>936581981<\/td><td>a8042834@xtec.cat<\/td><\/tr><tr><td><a href=\"https:\/\/agora.xtec.cat\/escoladoctortrueta\/\" target=\"_blank\" rel=\"noreferrer noopener\">Escola Doctor Trueta<\/a><\/td><td>08032762<\/td><td>Pompeu Fabra, 1<\/td><td>936582638<\/td><td>a8032762@xtec.cat<\/td><\/tr><tr><td><a href=\"https:\/\/agora.xtec.cat\/escolaelgarrofer\/\" target=\"_blank\" rel=\"noreferrer noopener\">Escola El Garrofer<\/a><\/td><td>08031204<\/td><td>Dos de Maig, 39<\/td><td>936580934<\/td><td>escolaelgarrofer@xtec.cat<\/td><\/tr><tr><td><a href=\"https:\/\/agora.xtec.cat\/ceipamatitarga\/\" target=\"_blank\" rel=\"noreferrer noopener\">Escola Germans Amat Targa<\/a><\/td><td>08039380<\/td><td>Roureda, s \/ n<\/td><td>936589653<\/td><td>a8039380@xtec.cat<\/td><\/tr><tr><td><a href=\"https:\/\/agora.xtec.cat\/escolamartamata-viladecans\/\" target=\"_blank\" rel=\"noreferrer noopener\">Escola Marta Mata<\/a><\/td><td>08059721<\/td><td>Can Tries, 2<\/td><td>936588377<\/td><td>a8059721@xtec.cat<\/td><\/tr><tr><td><a href=\"https:\/\/agora.xtec.cat\/ceip-miquelmartipol-viladecans\/\" target=\"_blank\" rel=\"noreferrer noopener\">Escola Mart\u00ed i Pol<\/a><\/td><td>08062948<\/td><td>Jocs Ol\u00edmpics, 7<\/td><td>936357660<\/td><td>a8062948@xtec.cat<\/td><\/tr><tr><td><a href=\"https:\/\/agora.xtec.cat\/escolamontserratina\/\" target=\"_blank\" rel=\"noreferrer noopener\">Escola Montserratina<\/a><\/td><td>08031101<\/td><td>Garrofer,&nbsp;69<\/td><td>936377701<\/td><td>a8031101@xtec.cat<\/td><\/tr><tr><td><a href=\"https:\/\/agora.xtec.cat\/ceip-paucasals-viladecans\/\" target=\"_blank\" rel=\"noreferrer noopener\">Escola Pau Casals<\/a><\/td><td>08032750<\/td><td>Antonio Machado, s \/ n<\/td><td>936582512<\/td><td>a8032750@xtec.cat<\/td><\/tr><tr><td><a href=\"https:\/\/agora.xtec.cat\/escolaenxaneta\/\" target=\"_blank\" rel=\"noreferrer noopener\">Escola Enxaneta<\/a><\/td><td>08071020<\/td><td>Remolar, 3<\/td><td>936378952<\/td><td>a8071020@xtec.cat<\/td><\/tr><\/tbody><\/table><\/figure>\n\n\n\n<p><strong>Viladecans &#8211; Centres p\u00fablics de secund\u00e0ria<\/strong><a name=\"Begues\"><\/a><\/p>\n\n\n\n<figure class=\"wp-block-table is-style-stripes\"><table><tbody><tr><td><strong>Centre\/Web<\/strong><\/td><td><strong>Codi<\/strong><\/td><td><strong>Adre\u00e7a<\/strong><\/td><td><strong>Tel\u00e8fon<\/strong><\/td><td><strong>Correu<\/strong><\/td><\/tr><tr><td><a href=\"https:\/\/agora.xtec.cat\/iesdesales\/\" target=\"_blank\" rel=\"noreferrer noopener\">Institut de Sales<\/a><\/td><td>08034621<\/td><td>Antonio Machado, 43<\/td><td>\u00a0936582012<\/td><td>a8034621@xtec.cat<\/td><\/tr><tr><td><a href=\"https:\/\/agora.xtec.cat\/institutmestres\/\" target=\"_blank\" rel=\"noreferrer noopener\">Institut Josep Mestres i Busquets<\/a><\/td><td>08053364<\/td><td>Ferran i Clua, 19<\/td><td>936580884<\/td><td>admin@institutmestres.com<\/td><\/tr><tr><td><a href=\"https:\/\/agora.xtec.cat\/iesmiramar\/\" target=\"_blank\" rel=\"noreferrer noopener\">Institut Miramar<\/a><\/td><td>08045860<\/td><td>Av. Miramar, s\/n<\/td><td>936474335<\/td><td>a8045860@xtec.cat<\/td><\/tr><tr><td><a href=\"https:\/\/agora.xtec.cat\/iestorreroja\/\" target=\"_blank\" rel=\"noreferrer noopener\">Institut Torre Roja<\/a><\/td><td>08031228<\/td><td>Jocs Ol\u00edmpics, 8<\/td><td>936373700<\/td><td>iestorreroja@xtec.cat<\/td><\/tr><tr><td><a href=\"https:\/\/institutjosefinacastellvi.cat\/\" target=\"_blank\" rel=\"noreferrer noopener\">Institut Josefina Castellv\u00ed<\/a><\/td><td>08068495<\/td><td>Remolar 3<\/td><td>627766559<\/td><td>a8068495@xtec.cat<\/td><\/tr><tr><td><a href=\"https:\/\/agora.xtec.cat\/insviladecans6\/\" target=\"_blank\" rel=\"noreferrer noopener\">Institut-Escola de Viladecans<\/a><\/td><td>08077289<\/td><td>Jocs Ol\u00edmpics, 11<\/td><td>936372048<\/td><td>a8077289@xtec.cat<\/td><\/tr><\/tbody><\/table><\/figure>\n\n\n\n<p><strong>Viladecans &#8211; Centres concertats<\/strong><\/p>\n\n\n\n<figure class=\"wp-block-table is-style-stripes\"><table><tbody><tr><td><strong>Centre\/Web<\/strong><\/td><td><strong>Codi<\/strong><\/td><td><strong>Adre\u00e7a<\/strong><\/td><td><strong>Tel\u00e8fon<\/strong><\/td><td><strong>Correu<\/strong><\/td><\/tr><tr><td><a href=\"https:\/\/goarviladecans.creixen.coop\/\" target=\"_blank\" rel=\"noreferrer noopener\">Col\u00b7legi Goar<\/a><\/td><td>08032555<\/td><td>Circumval\u00b7laci\u00f3, 50<\/td><td>936582538<\/td><td>escolagoar@escolagoar.cat<\/td><\/tr><tr><td><a href=\"https:\/\/www.sagradafamiliaviladecans.com\/\" target=\"_blank\" rel=\"noreferrer noopener\">Col\u00b7legi Sagrada Fam\u00edlia<\/a><\/td><td>08031150<\/td><td>Estrella, 1<\/td><td>936580899<\/td><td>direccio@sagradafamiliaviladecans.com<\/td><\/tr><tr><td><a href=\"http:\/\/viladecans.gabrielistas.org\/\" target=\"_blank\" rel=\"noreferrer noopener\">Col\u00b7legi Sant Gabriel<\/a><\/td><td>08031231<\/td><td>Germans Gabrielistes, 22<\/td><td>936581750<\/td><td>centre@sgviladecans.org<\/td><\/tr><tr><td><a href=\"https:\/\/www.colegiosantotomas.cat\/\" target=\"_blank\" rel=\"noreferrer noopener\">Col\u00b7legi de Santo Tom\u00e1s<\/a><\/td><td>08031125<\/td><td>Batllori, 28-30<\/td><td>936580787<\/td><td>info@colegiosantotomas.cat<\/td><\/tr><tr><td><a href=\"https:\/\/www.escolateide.cat\/\" target=\"_blank\" rel=\"noreferrer noopener\">Col\u00b7legi del Teide<\/a><\/td><td>08043553<\/td><td>Rosa, 18<\/td><td>936581953<\/td><td>secretaria@escolateide.cat<\/td><\/tr><\/tbody><\/table><\/figure>\n\n\n\n<p><strong>Viladecans &#8211; Altres centres<\/strong><\/p>\n\n\n\n<figure class=\"wp-block-table is-style-stripes\"><table><tbody><tr><td><strong>Centre\/Web<\/strong><\/td><td><strong>Codi<\/strong><\/td><td><strong>Adre\u00e7a<\/strong><\/td><td><strong>Tel\u00e8fon<\/strong><\/td><td><strong>Correu<\/strong><\/td><\/tr><tr><td><a href=\"https:\/\/agora.xtec.cat\/cfaedeliahernandez\/\" target=\"_blank\" rel=\"noreferrer noopener\">CFA Ed\u00e8lia Hern\u00e1ndez<\/a><\/td><td>08060137<\/td><td>Santiago Rusi\u00f1ol i Prats, 2<\/td><td>936586451<\/td><td>a8060137@xtec.cat<\/td><\/tr><tr><td><a href=\"http:\/\/www.eoiviladecans.com\/\" target=\"_blank\" rel=\"noreferrer noopener\">EOI Viladecans<\/a><\/td><td>08066887<\/td><td>Mare de D\u00e9u de Montserrat, 132-134 Baixos<\/td><td>936357422<\/td><td>consultes@eoiviladecans.com<\/td><\/tr><\/tbody><\/table><\/figure>\n\n\n","protected":false},"excerpt":{"rendered":"<p>Podeu consultar les dades de tots els Centres Educatius de la zona del Servei Educatiu del Baix Llobregat II que correspon a les poblacions de Begues. Gav\u00e0, Sant Climent de Llobregat i Viladecans. Consulta el Mapa de la Zona Educativa. Begues Gav\u00e0 Sant Climent de Llobregat Viladecans Begues Centre \/ Web Codi Adre\u00e7a Tel\u00e8fon Correu [&hellip;]<\/p>\n","protected":false},"author":1,"featured_media":0,"parent":0,"menu_order":10,"comment_status":"closed","ping_status":"closed","template":"","meta":{"_bbp_topic_count":0,"_bbp_reply_count":0,"_bbp_total_topic_count":0,"_bbp_total_reply_count":0,"_bbp_voice_count":0,"_bbp_anonymous_reply_count":0,"_bbp_topic_count_hidden":0,"_bbp_reply_count_hidden":0,"_bbp_forum_subforum_count":0,"site-sidebar-layout":"default","site-content-layout":"","ast-site-content-layout":"default","site-content-style":"default","site-sidebar-style":"default","ast-global-header-display":"","ast-banner-title-visibility":"","ast-main-header-display":"","ast-hfb-above-header-display":"","ast-hfb-below-header-display":"","ast-hfb-mobile-header-display":"","site-post-title":"","ast-breadcrumbs-content":"","ast-featured-img":"","footer-sml-layout":"","theme-transparent-header-meta":"","adv-header-id-meta":"","stick-header-meta":"","header-above-stick-meta":"","header-main-stick-meta":"","header-below-stick-meta":"","astra-migrate-meta-layouts":"set","ast-page-background-enabled":"default","ast-page-background-meta":{"desktop":{"background-color":"var(--ast-global-color-4)","background-image":"","background-repeat":"repeat","background-position":"center center","background-size":"auto","background-attachment":"scroll","background-type":"","background-media":"","overlay-type":"","overlay-color":"","overlay-opacity":"","overlay-gradient":""},"tablet":{"background-color":"","background-image":"","background-repeat":"repeat","background-position":"center center","background-size":"auto","background-attachment":"scroll","background-type":"","background-media":"","overlay-type":"","overlay-color":"","overlay-opacity":"","overlay-gradient":""},"mobile":{"background-color":"","background-image":"","background-repeat":"repeat","background-position":"center center","background-size":"auto","background-attachment":"scroll","background-type":"","background-media":"","overlay-type":"","overlay-color":"","overlay-opacity":"","overlay-gradient":""}},"ast-content-background-meta":{"desktop":{"background-color":"var(--ast-global-color-5)","background-image":"","background-repeat":"repeat","background-position":"center center","background-size":"auto","background-attachment":"scroll","background-type":"","background-media":"","overlay-type":"","overlay-color":"","overlay-opacity":"","overlay-gradient":""},"tablet":{"background-color":"var(--ast-global-color-5)","background-image":"","background-repeat":"repeat","background-position":"center center","background-size":"auto","background-attachment":"scroll","background-type":"","background-media":"","overlay-type":"","overlay-color":"","overlay-opacity":"","overlay-gradient":""},"mobile":{"background-color":"var(--ast-global-color-5)","background-image":"","background-repeat":"repeat","background-position":"center center","background-size":"auto","background-attachment":"scroll","background-type":"","background-media":"","overlay-type":"","overlay-color":"","overlay-opacity":"","overlay-gradient":""}},"footnotes":""},"class_list":["post-338","page","type-page","status-publish","hentry"],"post_mailing_queue_ids":[],"_links":{"self":[{"href":"https:\/\/serveiseducatius.xtec.cat\/baixllobregat2\/wp-json\/wp\/v2\/pages\/338","targetHints":{"allow":["GET"]}}],"collection":[{"href":"https:\/\/serveiseducatius.xtec.cat\/baixllobregat2\/wp-json\/wp\/v2\/pages"}],"about":[{"href":"https:\/\/serveiseducatius.xtec.cat\/baixllobregat2\/wp-json\/wp\/v2\/types\/page"}],"author":[{"embeddable":true,"href":"https:\/\/serveiseducatius.xtec.cat\/baixllobregat2\/wp-json\/wp\/v2\/users\/1"}],"replies":[{"embeddable":true,"href":"https:\/\/serveiseducatius.xtec.cat\/baixllobregat2\/wp-json\/wp\/v2\/comments?post=338"}],"version-history":[{"count":6,"href":"https:\/\/serveiseducatius.xtec.cat\/baixllobregat2\/wp-json\/wp\/v2\/pages\/338\/revisions"}],"predecessor-version":[{"id":7617,"href":"https:\/\/serveiseducatius.xtec.cat\/baixllobregat2\/wp-json\/wp\/v2\/pages\/338\/revisions\/7617"}],"wp:attachment":[{"href":"https:\/\/serveiseducatius.xtec.cat\/baixllobregat2\/wp-json\/wp\/v2\/media?parent=338"}],"curies":[{"name":"wp","href":"https:\/\/api.w.org\/{rel}","templated":true}]}}